{"id":62,"date":"2017-10-17T21:26:30","date_gmt":"2017-10-17T20:26:30","guid":{"rendered":"http:\/\/873.gvs.arnes.si\/visja\/?page_id=62"},"modified":"2023-09-03T18:17:34","modified_gmt":"2023-09-03T16:17:34","slug":"zakoni-in-predpisi-pomembni-za-vss","status":"publish","type":"page","link":"https:\/\/www.hvu.si\/visja\/zakoni-in-predpisi-pomembni-za-vss\/","title":{"rendered":"Zakoni in predpisi, pomembni za VS\u0160"},"content":{"rendered":"<p style=\"text-align: justify;\"><span style=\"font-family: book antiqua, palatino, serif; font-size: 14pt;\">Veljavni predpisi za podro\u010dje vi\u0161je\u0161olskega izobra\u017eevanja so javno dostopni v uradnih listih Republike Slovenije oz. na spletnih straneh Ministrstva za izobra\u017eevanje, znanost in \u0161port (<a href=\"http:\/\/www.mizs.gov.si\/si\/zakonodaja_in_dokumenti\/veljavni_predpisi_s_podrocja_izobrazevanja\/visjesolsko_izobrazevanje\/\">http:\/\/www.mizs.gov.si\/si\/zakonodaja_in_dokumenti\/veljavni_predpisi_s_podrocja_izobrazevanja\/visjesolsko_izobrazevanje\/<\/a>).<\/span><\/p>\n<p style=\"text-align: justify;\"><span style=\"font-family: book antiqua, palatino, serif; font-size: 14pt;\">Nekateri pravilniki so objavljeni na spletnih straneh \u0161ole, drugi so dostopni pri vodstvu \u0161ole.<\/span><\/p>\n<h3 style=\"text-align: justify;\"><span style=\"font-family: book antiqua, palatino, serif; font-size: 18pt;\">Najpomembnej\u0161a zakonodaja s podro\u010dja vzgoje in izobra\u017eevanja na VS\u0160:<\/span><\/h3>\n<ul style=\"text-align: justify;\">\n<li><span style=\"font-family: book antiqua, palatino, serif; font-size: 14pt;\"><strong>Zakon o vi\u0161jem strokovnem izobra\u017eevanju<\/strong> (ZVSI), Ul. RS \u0161t. 86\/04, Ul. RS \u0161t. 100\/13 (<a href=\"https:\/\/www.uradni-list.si\/glasilo-uradni-list-rs\/vsebina\/2004-01-3840?sop=2004-01-3840\">https:\/\/www.uradni-list.si\/glasilo-uradni-list-rs\/vsebina\/2004-01-3840?sop=2004-01-3840<\/a> in <a href=\"https:\/\/www.uradni-list.si\/glasilo-uradni-list-rs\/vsebina\/2013-01-3603?sop=2013-01-3603\">https:\/\/www.uradni-list.si\/glasilo-uradni-list-rs\/vsebina\/2013-01-3603?sop=2013-01-3603<\/a> ).<\/span><\/li>\n<li><span style=\"font-family: book antiqua, palatino, serif; font-size: 14pt;\">Pravilnik o ocenjevanju znanja v vi\u0161jih strokovnih \u0161olah, Ul. RS \u0161t. 71\/2009, str. 9602-9604 (<a href=\"https:\/\/www.uradni-list.si\/glasilo-uradni-list-rs\/vsebina\/2009-01-3152?sop=2009-01-3152\">https:\/\/www.uradni-list.si\/glasilo-uradni-list-rs\/vsebina\/2009-01-3152?sop=2009-01-3152<\/a>).<\/span><\/li>\n<li><span style=\"font-family: book antiqua, palatino, serif; font-size: 14pt;\">Poslovnik kakovosti VS\u0160.<\/span><\/li>\n<\/ul>\n<h3 style=\"text-align: justify;\"><span style=\"font-family: book antiqua, palatino, serif; font-size: 18pt;\">Druga pomembna zakonodaja:<\/span><\/h3>\n<h4 style=\"text-align: justify;\"><span style=\"font-family: book antiqua, palatino, serif; font-size: 14pt;\">Zakon in predpisi s podro\u010dja varnosti in zdravja pri delu:<\/span><\/h4>\n<ul style=\"text-align: justify;\">\n<li><span style=\"font-family: book antiqua, palatino, serif; font-size: 14pt;\">Zakon o varnosti in zdravju pri delu,<\/span><\/li>\n<li><span style=\"font-family: book antiqua, palatino, serif; font-size: 14pt;\">Pravilnik o varnosti in zdravju pri uporabi delovne opreme,<\/span><\/li>\n<li><span style=\"font-family: book antiqua, palatino, serif; font-size: 14pt;\">Pravilnik o osebni varovalni opremi, ki jo delavci uporabljajo pri delu,<\/span><\/li>\n<li><span style=\"font-family: book antiqua, palatino, serif; font-size: 14pt;\">Pravilnik o zahtevah za zagotavljanje varnosti in zdravja delavcev na delovnih mestih,<\/span><\/li>\n<li><span style=\"font-family: book antiqua, palatino, serif; font-size: 14pt;\">Pravilnik o varnostnih znakih,<\/span><\/li>\n<li><span style=\"font-family: book antiqua, palatino, serif; font-size: 14pt;\">Izjavo o varnosti \u0160ole za hortikulturo in vizualne umetnosti Celje,<\/span><\/li>\n<li><span style=\"font-family: book antiqua, palatino, serif; font-size: 14pt;\">Po\u017earni red \u0160ole za hortikulturo in vizualne umetnosti Celje.<\/span><\/li>\n<\/ul>\n<h4 style=\"text-align: justify;\"><span style=\"font-family: book antiqua, palatino, serif; font-size: 14pt;\">Drugi zakoni in predpisi:<\/span><\/h4>\n<ul style=\"text-align: justify;\">\n<li><span style=\"font-family: book antiqua, palatino, serif; font-size: 14pt;\">Zakon o organizaciji in financiranju vzgoje in izobra\u017eevanja (Uradni list RS, \u0161t. <a href=\"http:\/\/www.uradni-list.si\/1\/objava.jsp?sop=2007-01-0718\">16\/07<\/a> \u2013 uradno pre\u010di\u0161\u010deno besedilo, <a href=\"http:\/\/www.uradni-list.si\/1\/objava.jsp?sop=2008-01-1460\">36\/08<\/a>, <a href=\"http:\/\/www.uradni-list.si\/1\/objava.jsp?sop=2009-01-2871\">58\/09<\/a>, <a href=\"http:\/\/www.uradni-list.si\/1\/objava.jsp?sop=2009-21-3033\">64\/09 \u2013 popr.<\/a>, <a href=\"http:\/\/www.uradni-list.si\/1\/objava.jsp?sop=2009-21-3051\">65\/09 \u2013 popr.<\/a>, <a href=\"http:\/\/www.uradni-list.si\/1\/objava.jsp?sop=2011-01-0821\">20\/11<\/a>, <a href=\"http:\/\/www.uradni-list.si\/1\/objava.jsp?sop=2012-01-1700\">40\/12<\/a> \u2013 ZUJF, <a href=\"http:\/\/www.uradni-list.si\/1\/objava.jsp?sop=2012-01-2410\">57\/12<\/a> \u2013 ZPCP-2D, <a href=\"http:\/\/www.uradni-list.si\/1\/objava.jsp?sop=2015-01-1934\">47\/15<\/a>, <a href=\"http:\/\/www.uradni-list.si\/1\/objava.jsp?sop=2016-01-1999\">46\/16<\/a>, <a href=\"http:\/\/www.uradni-list.si\/1\/objava.jsp?sop=2016-21-2169\">49\/16 \u2013 popr.<\/a> In <a href=\"http:\/\/www.uradni-list.si\/1\/objava.jsp?sop=2017-01-1324\">25\/17<\/a> \u2013 ZVaj)<\/span><\/li>\n<li><span style=\"font-family: book antiqua, palatino, serif; font-size: 14pt;\">Pravilnikom o javnih listinah Ur.l. RS, \u0161t. 83\/08, 30\/10 in 39\/16 (<a href=\"http:\/\/www.pisrs.si\/Pis.web\/pregledPredpisa?id=PRAV9158\">http:\/\/www.pisrs.si\/Pis.web\/pregledPredpisa?id=PRAV9158<\/a> )<\/span><\/li>\n<li><span style=\"font-family: book antiqua, palatino, serif; font-size: 14pt;\">Uredba o poslovanju organov javne uprave z dokumentarnim gradivom, Ul. RS 4\/93, 71\/94, 23\/96, 47\/97, 23\/99, 119\/00 in 30\/01 (<a href=\"https:\/\/www.uradni-list.si\/glasilo-uradni-list-rs\/vsebina\/2001-01-4535?sop=2001-01-4535\">https:\/\/www.uradni-list.si\/glasilo-uradni-list-rs\/vsebina\/2001-01-4535?sop=2001-01-4535<\/a> ),<\/span><\/li>\n<li><span style=\"font-family: book antiqua, palatino, serif; font-size: 14pt;\">Zakon o varstvu osebnih podatkov, Ur. l. RS 94\/2007 (<a href=\"https:\/\/www.uradni-list.si\/glasilo-uradni-list-rs\/vsebina\/2007-01-4690?sop=2007-01-4690\">https:\/\/www.uradni-list.si\/glasilo-uradni-list-rs\/vsebina\/2007-01-4690?sop=2007-01-4690<\/a>),<\/span><\/li>\n<li><span style=\"font-family: book antiqua, palatino, serif; font-size: 14pt;\">interna Pravila o varovanju osebnih podatkov in zbirk podatkov.<\/span><\/li>\n<\/ul>\n<hr \/>\n<h3 style=\"text-align: justify;\"><span style=\"font-family: book antiqua, palatino, serif; font-size: 18pt;\">Bonton<\/span><\/h3>\n<h4 style=\"text-align: justify;\"><span style=\"font-family: book antiqua, palatino, serif; font-size: 14pt;\">Mo\u010d prvega vtisa<\/span><\/h4>\n<p style=\"text-align: justify;\"><span style=\"font-family: book antiqua, palatino, serif; font-size: 14pt;\">Nikoli ne boste imeli druge prilo\u017enosti, da napravite prvi vtis, ki je nedvomno pomemben, vendar gotovo ne tako, da nam naslednji\u010d ne bi bilo treba paziti na vedenje.<\/span><\/p>\n<p style=\"text-align: justify;\"><span style=\"font-family: book antiqua, palatino, serif; font-size: 14pt;\">Pri prvem vtisu so pomembni zunanja podoba (kak\u0161ni smo videti \u2013 pravila obla\u010denja), po\u010dutje (kako nastopamo) in govor (kako govorimo). Najpomembnej\u0161i \u017eivljenjski trenutki, kot so nastop pred izpitno komisijo, pogovor za zaposlitev, prvi dan na novem delovnem mestu, prvi obisk pri za nas pomembni osebi, prvo sre\u010danje z delodajalci, lahko bistveno odlo\u010dajo o na\u0161i prihodnosti.<\/span><\/p>\n<p style=\"text-align: justify;\"><span style=\"font-family: book antiqua, palatino, serif; font-size: 14pt;\">(Vsebina je povzeta iz knjige Protokol \u2013 Simfonija forme in vsebine Seminarja poslovni protokol za vrhunska sre\u010danje Ksenije Benedetti).<\/span><\/p>\n<p style=\"text-align: justify;\"><span style=\"font-family: book antiqua, palatino, serif; font-size: 14pt;\">Poleg zunanjega vidika so pomembni \u0161e prijaznost, nasmeh, ljubeznivost.<\/span><\/p>\n<h4 style=\"text-align: justify;\"><span style=\"font-family: book antiqua, palatino, serif; font-size: 14pt;\">Pozdravljanje<\/span><\/h4>\n<p style=\"text-align: justify;\"><span style=\"font-family: book antiqua, palatino, serif; font-size: 14pt;\">Naj bo vljudno in olikano, saj je izraz spo\u0161tovanja do drugega.<\/span><\/p>\n<p style=\"text-align: justify;\"><span style=\"font-family: book antiqua, palatino, serif; font-size: 14pt;\">Nekaj osnovnih pravil pozdravljanja:<\/span><\/p>\n<ul style=\"text-align: justify;\">\n<li><span style=\"font-family: book antiqua, palatino, serif; font-size: 14pt;\">mlaj\u0161a oseba pozdravi prva,<\/span><\/li>\n<li><span style=\"font-family: book antiqua, palatino, serif; font-size: 14pt;\">mlaj\u0161a oseba se vedno prva predstavi starej\u0161i,<\/span><\/li>\n<li><span style=\"font-family: book antiqua, palatino, serif; font-size: 14pt;\">mo\u0161ki pozdravi \u017eensko,<\/span><\/li>\n<li><span style=\"font-family: book antiqua, palatino, serif; font-size: 14pt;\">pri predstavljanju \u2013 seznanjanju gledamo sogovornika v o\u010di,<\/span><\/li>\n<li><span style=\"font-family: book antiqua, palatino, serif; font-size: 14pt;\">pozdravi tisti, ki vstopi v prostor.<\/span><\/li>\n<\/ul>\n<h4 style=\"text-align: justify;\"><span style=\"font-family: book antiqua, palatino, serif; font-size: 14pt;\">Zamujanje in pred\u010dasno odhajanje<\/span><\/h4>\n<p style=\"text-align: justify;\"><span style=\"font-family: book antiqua, palatino, serif; font-size: 14pt;\">Na predavanja in vaje hodite pravo\u010dasno. Pred\u010dasno zapu\u0161\u010danje le-teh naj bo izjemoma oziroma ob opravi\u010dljivih vzrokih. V primeru pred\u010dasnega odhoda storite to v \u010dasu odmora.<\/span><\/p>\n<h4 style=\"text-align: justify;\"><span style=\"font-family: book antiqua, palatino, serif; font-size: 14pt;\">Vikanje in tikanje<\/span><\/h4>\n<p style=\"text-align: justify;\"><span style=\"font-family: book antiqua, palatino, serif; font-size: 14pt;\">Bonton v poslovnem svetu je naklonjen vikanju in zato to na\u010delo upo\u0161tevamo tudi na na\u0161i Vi\u0161ji strokovni \u0161oli.<\/span><\/p>\n<h4 style=\"text-align: justify;\"><span style=\"font-family: book antiqua, palatino, serif; font-size: 14pt;\">Pravila uporabe mobilnega telefona<\/span><\/h4>\n<p style=\"text-align: justify;\"><span style=\"font-family: book antiqua, palatino, serif; font-size: 14pt;\">\u00a0Mobilni telefoni so danes nujno komunikacijsko sredstvo. Njihova uporaba pa ima dolo\u010dena pravila:<\/span><\/p>\n<ul style=\"text-align: justify;\">\n<li><span style=\"font-family: book antiqua, palatino, serif; font-size: 14pt;\">med izvajanjem izobra\u017eevalnega procesa je uporaba prepovedana,<\/span><\/li>\n<li><span style=\"font-family: book antiqua, palatino, serif; font-size: 14pt;\">pogovarjamo se na mestih, kjer ne motimo drugih<\/span><\/li>\n<\/ul>\n<h4 style=\"text-align: justify;\"><span style=\"font-family: book antiqua, palatino, serif; font-size: 14pt;\">Pravila kajenja<\/span><\/h4>\n<p style=\"text-align: justify;\"><span style=\"font-family: book antiqua, palatino, serif; font-size: 14pt;\">V prostorih \u0161ole, na ograjenih \u0161olskih povr\u0161inah in povsod, kjer se izvaja u\u010dni proces, je kajenje strogo prepovedano.<\/span><\/p>\n<h4 style=\"text-align: justify;\"><span style=\"font-family: book antiqua, palatino, serif; font-size: 14pt;\">Splo\u0161no o urejenost<\/span><\/h4>\n<p style=\"text-align: justify;\"><span style=\"font-family: book antiqua, palatino, serif; font-size: 14pt;\">S primerno obleko in spo\u0161tljivim odnosom do dela stopate na pot odgovorne osebe<\/span><\/p>\n<p style=\"text-align: justify;\"><span style=\"font-family: book antiqua, palatino, serif; font-size: 14pt;\">To pomeni, da:<\/span><\/p>\n<ul>\n<li style=\"text-align: justify;\"><span style=\"font-family: book antiqua, palatino, serif; font-size: 14pt;\">skrbite za osebno higieno,<\/span><\/li>\n<li style=\"text-align: justify;\"><span style=\"font-family: book antiqua, palatino, serif; font-size: 14pt;\">ne uporabljate vsiljivih vonjev kozmeti\u010dnih izdelkov.<\/span><\/li>\n<\/ul>\n","protected":false},"excerpt":{"rendered":"<p>Veljavni predpisi za podro\u010dje vi\u0161je\u0161olskega izobra\u017eevanja so javno dostopni v uradnih listih Republike Slovenije oz. na spletnih straneh Ministrstva za izobra\u017eevanje, znanost in \u0161port (http:\/\/www.mizs.gov.si\/si\/zakonodaja_in_dokumenti\/veljavni_predpisi_s_podrocja_izobrazevanja\/visjesolsko_izobrazevanje\/). Nekateri pravilniki so objavljeni na [&hellip;]<\/p>\n","protected":false},"author":1,"featured_media":0,"parent":0,"menu_order":0,"comment_status":"closed","ping_status":"closed","template":"","meta":{"footnotes":""},"class_list":["post-62","page","type-page","status-publish","hentry"],"_links":{"self":[{"href":"https:\/\/www.hvu.si\/visja\/wp-json\/wp\/v2\/pages\/62","targetHints":{"allow":["GET"]}}],"collection":[{"href":"https:\/\/www.hvu.si\/visja\/wp-json\/wp\/v2\/pages"}],"about":[{"href":"https:\/\/www.hvu.si\/visja\/wp-json\/wp\/v2\/types\/page"}],"author":[{"embeddable":true,"href":"https:\/\/www.hvu.si\/visja\/wp-json\/wp\/v2\/users\/1"}],"replies":[{"embeddable":true,"href":"https:\/\/www.hvu.si\/visja\/wp-json\/wp\/v2\/comments?post=62"}],"version-history":[{"count":6,"href":"https:\/\/www.hvu.si\/visja\/wp-json\/wp\/v2\/pages\/62\/revisions"}],"predecessor-version":[{"id":2592,"href":"https:\/\/www.hvu.si\/visja\/wp-json\/wp\/v2\/pages\/62\/revisions\/2592"}],"wp:attachment":[{"href":"https:\/\/www.hvu.si\/visja\/wp-json\/wp\/v2\/media?parent=62"}],"curies":[{"name":"wp","href":"https:\/\/api.w.org\/{rel}","templated":true}]}}