{"id":575,"date":"2018-05-28T09:04:27","date_gmt":"2018-05-28T07:04:27","guid":{"rendered":"http:\/\/873.gvs.arnes.si\/visja\/?page_id=575"},"modified":"2026-02-05T09:18:21","modified_gmt":"2026-02-05T08:18:21","slug":"vpis-v-studij","status":"publish","type":"page","link":"https:\/\/www.hvu.si\/visja\/vpis-v-studij\/","title":{"rendered":"Prijava in vpis na vi\u0161jo strokovno \u0161olo"},"content":{"rendered":"<p style=\"text-align: justify\"><span style=\"font-family: book antiqua, palatino, serif;font-size: 14pt\"><strong>Vljudno vabljeni na vpis na na\u0161o Vi\u0161jo strokovno \u0161olo <\/strong><\/span><\/p>\n<p style=\"text-align: justify\"><span style=\"font-family: book antiqua, palatino, serif;font-size: 14pt\"><strong>V program: FOTOGRAFIJA, HORTIKULTURA ali SNOVANJE VIZUALNIH KOMUNIKACIJ IN TR\u017dENJA<\/strong><\/span><\/p>\n<table style=\"width: 96.2538%\" border=\"1\" cellspacing=\"0\" cellpadding=\"5\">\n<tbody>\n<tr>\n<td style=\"width: 24.9374%\" width=\"151\"><span style=\"font-family: book antiqua, palatino, serif;font-size: 14pt\"><strong>Program<\/strong><\/span><\/td>\n<td style=\"width: 15.7891%\" width=\"151\"><span style=\"font-family: book antiqua, palatino, serif;font-size: 14pt\"><strong>Redni \u0161tudij<\/strong><\/span><\/td>\n<td style=\"width: 13.733%\" width=\"151\"><span style=\"font-family: book antiqua, palatino, serif;font-size: 14pt\"><strong>Izredni \u0161tudij<\/strong><\/span><\/td>\n<td style=\"width: 41.8483%\" colspan=\"2\" width=\"151\"><span style=\"font-family: book antiqua, palatino, serif;font-size: 14pt\"><strong>Dodatna vpisna mesta za tuje dr\u017eavljane<\/strong><\/span><\/td>\n<\/tr>\n<tr>\n<td style=\"width: 24.9374%\"><span style=\"font-family: book antiqua, palatino, serif;font-size: 14pt\"><strong>Fotografija<\/strong><\/span><\/td>\n<td style=\"width: 15.7891%\"><span style=\"font-family: book antiqua, palatino, serif;font-size: 14pt\"><strong>35<\/strong><\/span><\/td>\n<td style=\"width: 13.733%\"><span style=\"font-family: book antiqua, palatino, serif;font-size: 14pt\"><strong>20<\/strong><\/span><\/td>\n<td style=\"width: 22.3061%\"><span style=\"font-family: book antiqua, palatino, serif;font-size: 14pt\"><strong>1 (redni)<\/strong><\/span><\/td>\n<td style=\"width: 19.5422%\"><span style=\"font-family: book antiqua, palatino, serif;font-size: 14pt\"><strong>2 (izredni)<\/strong><\/span><\/td>\n<\/tr>\n<tr>\n<td style=\"width: 24.9374%\" width=\"151\"><span style=\"font-family: book antiqua, palatino, serif;font-size: 14pt\"><strong>Hortikultura <\/strong><\/span><\/td>\n<td style=\"width: 15.7891%\" width=\"151\"><span style=\"font-family: book antiqua, palatino, serif;font-size: 14pt\"><strong>35<\/strong><\/span><\/td>\n<td style=\"width: 13.733%\" width=\"151\"><span style=\"font-family: book antiqua, palatino, serif;font-size: 14pt\"><strong>20<\/strong><\/span><\/td>\n<td style=\"width: 22.3061%\" width=\"151\"><span style=\"font-family: book antiqua, palatino, serif;font-size: 14pt\"><strong>1 (redni)<\/strong><\/span><\/td>\n<td style=\"width: 19.5422%\"><span style=\"font-family: book antiqua, palatino, serif;font-size: 14pt\"><strong>2 (izredni)<\/strong><\/span><\/td>\n<\/tr>\n<tr>\n<td style=\"width: 24.9374%\" width=\"151\"><span style=\"font-family: book antiqua, palatino, serif;font-size: 14pt\"><strong>Snovanje vizualnih komunikacij in tr\u017eenja<\/strong><\/span><\/td>\n<td style=\"width: 15.7891%\" width=\"151\"><span style=\"font-family: book antiqua, palatino, serif;font-size: 14pt\"><strong>35<\/strong><\/span><\/td>\n<td style=\"width: 13.733%\" width=\"151\"><span style=\"font-family: book antiqua, palatino, serif;font-size: 14pt\"><strong>20<\/strong><\/span><\/td>\n<td style=\"width: 22.3061%\" width=\"151\"><span style=\"font-family: book antiqua, palatino, serif;font-size: 14pt\"><strong>1 (redni)<\/strong><\/span><\/td>\n<td style=\"width: 19.5422%\"><span style=\"font-family: book antiqua, palatino, serif;font-size: 14pt\"><strong>2 (izredni)<\/strong><\/span><\/td>\n<\/tr>\n<\/tbody>\n<\/table>\n<p style=\"text-align: justify\"><span style=\"font-family: book antiqua, palatino, serif;font-size: 14pt\"><strong>Prvi prijavni rok<\/strong> za vpis v novo \u0161tudijsko leto <strong>2026\/27<\/strong>\u00a0bo potekal <strong>od 18. februarja do 18. marca 2026<\/strong>, z elektronskim prijavnim obrazcem na spletni strani <a href=\"https:\/\/visjesolska.si\/\">Vi\u0161je\u0161olske prijavne slu\u017ebe<\/a>.\u00a0<\/span><\/p>\n<p style=\"text-align: justify\"><span style=\"font-family: book antiqua, palatino, serif;font-size: 14pt\">Vi\u0161je\u0161olska prijavna slu\u017eba bo <strong>22. julija 2026<\/strong> kandidate, ki ste se za vpis prijavili s prvo prijavo,\u00a0 seznanila z izidom izbirnega postopka. Sklepe o rezultatu boste prejeli po elektronski po\u0161ti. <strong>Vpis <\/strong>sprejetih kandidatov bo potekal na Vi\u0161ji strokovni \u0161oli do <strong>19. avgusta 2026<\/strong>. O natan\u010dnem datumu vas obvestimo po elektronski po\u0161ti.<\/span><\/p>\n<p><span style=\"font-family: 'book antiqua', palatino, serif;font-size: 14pt\">Podatki o prostih mestih po izvedenem vpisu 1. prijavnega roka bodo objavljeni <strong>20. avgusta 2026<\/strong>.<\/span><\/p>\n<p style=\"text-align: justify\"><span style=\"font-family: book antiqua, palatino, serif;font-size: 14pt\"><strong>Drugi prijavni rok<\/strong> bo potekal <strong>od 21. do 27. avgusta 2026<\/strong>. Prijavili se boste z elektronskim prijavnim obrazcem na spletni strani <a href=\"https:\/\/visjesolska.si\/\">Vi\u0161je\u0161olske prijavne slu\u017ebe<\/a>.\u00a0<\/span><\/p>\n<p style=\"text-align: justify\"><span style=\"font-family: book antiqua, palatino, serif;font-size: 14pt\">Vi\u0161je\u0161olska prijavna slu\u017eba bo do <strong>22. septembra 2026<\/strong>\u00a0kandidate, ki se boste za vpis prijavili z drugo prijavo, pisno seznanila z izidom izbirnega postopka. <strong>Vpis <\/strong>sprejetih kandidatov v drugem prijavnem roku bo potekal na Vi\u0161ji strokovni \u0161oli do <strong>1. oktobra 2026.\u00a0<\/strong><\/span><\/p>\n<p style=\"text-align: justify\"><span style=\"font-family: book antiqua, palatino, serif;font-size: 14pt\"><strong>Vpis v IZREDNI \u0161tudij:<\/strong>\u00a0<\/span><br \/>\n<span style=\"font-family: book antiqua, palatino, serif;font-size: 14pt\">Za izredni \u0161tudij se prijavljate in vpisujete po enakem postopku in v enakih rokih kot za redni \u0161tudij. Na \u0161e prosta vpisna mesta za izredni \u0161tudij se boste lahko po drugem prijavnem roku vpisali neposredno na vi\u0161jo strokovno \u0161olo do <strong>9. oktobra 2026<\/strong>, po predhodnem dogovoru v referatu za \u0161tudentske zadeve.<\/span><\/p>\n<p style=\"text-align: justify\"><span style=\"font-family: book antiqua, palatino, serif;font-size: 14pt\">Informacije o prijavi in vpisu bodo na voljo tudi v Razpisu za vpis v vi\u0161je strokovno izobra\u017eevanje (objavljen do 2. februarja 2026).\u00a0<\/span><\/p>\n<p style=\"text-align: justify\"><span style=\"font-family: book antiqua, palatino, serif;font-size: 14pt\">Za dodatna pojasnila smo vam z veseljem na voljo na Vi\u0161ji strokovni \u0161oli \u0160ole za hortikulturo in vizualne umetnosti Celje, v referatu za \u0161tudentske zadeve, po telefonu 03 428 59 08 ali po e-po\u0161ti <a href=\"mailto:referat@hvu.si\">referat@hvu.si<\/a>.<\/span><\/p>\n<h3 style=\"text-align: justify\"><span style=\"font-family: book antiqua, palatino, serif;font-size: 14pt\">Pogoji za vpis<\/span><\/h3>\n<p style=\"text-align: justify\"><span style=\"font-family: book antiqua, palatino, serif;font-size: 14pt\">V vi\u0161je\u0161olski \u0161tudij se lahko vpi\u0161e, kdor:<\/span><\/p>\n<ul style=\"text-align: justify\">\n<li><span style=\"font-family: book antiqua, palatino, serif;font-size: 14pt\">je opravil splo\u0161no oziroma poklicno maturo oziroma je kon\u010dal temu ustrezno izobra\u017eevanje po prej\u0161njih predpisih,<\/span><\/li>\n<li><span style=\"font-family: book antiqua, palatino, serif;font-size: 14pt\">ima opravljen mojstrski, delovodski ali poslovodski izpit, tri leta delovnih izku\u0161enj in je opravil preizkus znanja iz splo\u0161noizobra\u017eevalnih predmetov v obsegu, ki je dolo\u010den za poklicno maturo v srednjem strokovnem izobra\u017eevanju.<\/span><\/li>\n<\/ul>\n<p style=\"text-align: justify\"><span style=\"font-size: 14pt\"><strong><span style=\"font-family: 'book antiqua', palatino, serif\">Dodatni pogoji za vpis na \u0161tudij FOTOGRAFIJE<\/span><\/strong><\/span><\/p>\n<ul>\n<li><span style=\"font-size: 14pt;font-family: 'book antiqua', palatino, serif\">kandidat predlo\u017ei predstavitveno mapo s fotografskimi deli (portfolio), s katerimi dokazuje poznavanje in obvladovanje osnovnih tehnik snemanja in fotografskega videnja ter oblikovanja. Kandidat v mapi predstavi 4 razli\u010dne tematske sklope iz spektra fotografskih podro\u010djih in jih zagovarja v obliki razgovora pred komisijo.<\/span><\/li>\n<\/ul>\n<p><span style=\"font-family: 'book antiqua', palatino, serif;font-size: 14pt\"><strong>Dodatni datumi za vpis na \u0161tudij FOTOGRAFIJE<\/strong><\/span><\/p>\n<ul>\n<li><span style=\"font-family: 'book antiqua', palatino, serif;font-size: 14pt\">do <strong>12. junija 2026<\/strong> &#8211; obvestilo o datumu preizkusa (za 1. prijavni rok)<\/span><\/li>\n<li><span style=\"font-family: 'book antiqua', palatino, serif;font-size: 14pt\"><strong>22. junij &#8211; 6. julij<\/strong> 2026 &#8211; preizkus posebne nadarjenosti<\/span><\/li>\n<li><span style=\"font-family: 'book antiqua', palatino, serif;font-size: 14pt\">do <strong>4. septembra 2026<\/strong> &#8211; obvestilo o datumu preizkusa (za 2. prijavni rok)<\/span><\/li>\n<\/ul>\n","protected":false},"excerpt":{"rendered":"<p>Vljudno vabljeni na vpis na na\u0161o Vi\u0161jo strokovno \u0161olo V program: FOTOGRAFIJA, HORTIKULTURA ali SNOVANJE VIZUALNIH KOMUNIKACIJ IN TR\u017dENJA Program Redni \u0161tudij Izredni \u0161tudij Dodatna vpisna mesta za tuje dr\u017eavljane [&hellip;]<\/p>\n","protected":false},"author":1,"featured_media":0,"parent":0,"menu_order":0,"comment_status":"closed","ping_status":"closed","template":"","meta":{"footnotes":""},"class_list":["post-575","page","type-page","status-publish","hentry"],"_links":{"self":[{"href":"https:\/\/www.hvu.si\/visja\/wp-json\/wp\/v2\/pages\/575","targetHints":{"allow":["GET"]}}],"collection":[{"href":"https:\/\/www.hvu.si\/visja\/wp-json\/wp\/v2\/pages"}],"about":[{"href":"https:\/\/www.hvu.si\/visja\/wp-json\/wp\/v2\/types\/page"}],"author":[{"embeddable":true,"href":"https:\/\/www.hvu.si\/visja\/wp-json\/wp\/v2\/users\/1"}],"replies":[{"embeddable":true,"href":"https:\/\/www.hvu.si\/visja\/wp-json\/wp\/v2\/comments?post=575"}],"version-history":[{"count":26,"href":"https:\/\/www.hvu.si\/visja\/wp-json\/wp\/v2\/pages\/575\/revisions"}],"predecessor-version":[{"id":4018,"href":"https:\/\/www.hvu.si\/visja\/wp-json\/wp\/v2\/pages\/575\/revisions\/4018"}],"wp:attachment":[{"href":"https:\/\/www.hvu.si\/visja\/wp-json\/wp\/v2\/media?parent=575"}],"curies":[{"name":"wp","href":"https:\/\/api.w.org\/{rel}","templated":true}]}}