{"id":516,"date":"2018-05-26T23:05:45","date_gmt":"2018-05-26T22:05:45","guid":{"rendered":"http:\/\/873.gvs.arnes.si\/visja\/?page_id=516"},"modified":"2018-05-26T23:05:45","modified_gmt":"2018-05-26T22:05:45","slug":"catalogue-of-training-for-erasmus-students","status":"publish","type":"page","link":"https:\/\/www.hvu.si\/visja\/catalogue-of-training-for-erasmus-students\/","title":{"rendered":"Catalogue of training for Erasmus students"},"content":{"rendered":"<table class=\" aligncenter\" style=\"height: 167px;\" border=\"0\" width=\"738\">\n<tbody>\n<tr>\n<td style=\"width: 285px;\"><img loading=\"lazy\" decoding=\"async\" class=\"alignnone size-full wp-image-498\" src=\"http:\/\/873.gvs.arnes.si\/visja\/wp-content\/uploads\/sites\/3\/2018\/05\/erasmus_logo.jpg\" alt=\"\" width=\"285\" height=\"100\" \/><\/td>\n<td style=\"width: 100px;\"><img loading=\"lazy\" decoding=\"async\" class=\"alignnone size-full wp-image-445\" src=\"http:\/\/873.gvs.arnes.si\/visja\/wp-content\/uploads\/sites\/3\/2018\/05\/cmepius_sl.jpg\" alt=\"\" width=\"100\" height=\"133\" \/><\/td>\n<td style=\"width: 330px;\"><img loading=\"lazy\" decoding=\"async\" class=\"alignnone size-full wp-image-11\" src=\"http:\/\/873.gvs.arnes.si\/visja\/wp-content\/uploads\/sites\/3\/2017\/10\/Logotip_horizont_tiskovine_m.png\" alt=\"\" width=\"330\" height=\"150\" srcset=\"https:\/\/www.hvu.si\/visja\/wp-content\/uploads\/sites\/3\/2017\/10\/Logotip_horizont_tiskovine_m.png 330w, https:\/\/www.hvu.si\/visja\/wp-content\/uploads\/sites\/3\/2017\/10\/Logotip_horizont_tiskovine_m-300x136.png 300w\" sizes=\"(max-width: 330px) 100vw, 330px\" \/><\/td>\n<\/tr>\n<\/tbody>\n<\/table>\n<table class=\"aligncenter\" style=\"height: 109px;\" border=\"1\" width=\"632\" cellspacing=\"0\" cellpadding=\"0\">\n<tbody>\n<tr style=\"height: 24px;\">\n<td style=\"height: 24px; text-align: center; width: 300px;\" valign=\"top\"><strong>Module\/subject<\/strong><\/td>\n<td style=\"height: 24px; text-align: center; width: 187px;\" valign=\"top\"><strong>Number of lessons<\/strong><\/td>\n<td style=\"height: 24px; text-align: center; width: 134px;\" valign=\"top\"><strong>Credit points<\/strong><\/td>\n<\/tr>\n<tr style=\"height: 29px;\">\n<td style=\"height: 29px; width: 300px; text-align: left;\" valign=\"top\">Design and planning of plants<\/td>\n<td style=\"height: 29px; text-align: center; width: 187px;\" valign=\"top\">354<\/td>\n<td style=\"height: 29px; text-align: center; width: 134px;\" valign=\"top\">22<\/td>\n<\/tr>\n<tr style=\"height: 19px;\">\n<td style=\"height: 19px; width: 300px;\" valign=\"top\">Planting and maintenance of green areas<\/td>\n<td style=\"height: 19px; text-align: center; width: 187px;\" valign=\"top\">124<\/td>\n<td style=\"height: 19px; text-align: center; width: 134px;\" valign=\"top\">10<\/td>\n<\/tr>\n<tr style=\"height: 24px;\">\n<td style=\"height: 24px; width: 300px;\" valign=\"top\">Practical training<\/td>\n<td style=\"height: 24px; text-align: center; width: 187px;\" valign=\"top\">400<\/td>\n<td style=\"height: 24px; text-align: center; width: 134px;\" valign=\"top\">13<\/td>\n<\/tr>\n<\/tbody>\n<\/table>\n<p style=\"text-align: justify;\">Students may select one or more subjects or a module. In case of reduced number of lessons for the module\/subject evaluation could be reduced in appropriate percentage.<\/p>\n<p style=\"text-align: justify;\">Slovenski \u0161tudenti za izobra\u017eevanje in usposabljanje v tujini lahko pridobijo po predhodnem dogovoru in uskladitvi predmetov ali modulov ustrezno \u0161tevilo kreditnih to\u010dk. V prilogi diplome se vpi\u0161e izobra\u017eevanje in usposabljanje v tujini. Omogo\u010dena je tudi objava strokovnega \u010dlanka.<\/p>\n<p style=\"text-align: justify;\">Incoming students, who choose a subject or module, get the credits valued certificate of education and training. If they reduce the number of planned hours, the number of credit points is correspondingly reduced.<\/p>\n<p>&nbsp;<\/p>\n","protected":false},"excerpt":{"rendered":"<p>Module\/subject Number of lessons Credit points Design and planning of plants 354 22 Planting and maintenance of green areas 124 10 Practical training 400 13 Students may select one or [&hellip;]<\/p>\n","protected":false},"author":1,"featured_media":0,"parent":0,"menu_order":0,"comment_status":"closed","ping_status":"closed","template":"","meta":{"footnotes":""},"class_list":["post-516","page","type-page","status-publish","hentry"],"_links":{"self":[{"href":"https:\/\/www.hvu.si\/visja\/wp-json\/wp\/v2\/pages\/516","targetHints":{"allow":["GET"]}}],"collection":[{"href":"https:\/\/www.hvu.si\/visja\/wp-json\/wp\/v2\/pages"}],"about":[{"href":"https:\/\/www.hvu.si\/visja\/wp-json\/wp\/v2\/types\/page"}],"author":[{"embeddable":true,"href":"https:\/\/www.hvu.si\/visja\/wp-json\/wp\/v2\/users\/1"}],"replies":[{"embeddable":true,"href":"https:\/\/www.hvu.si\/visja\/wp-json\/wp\/v2\/comments?post=516"}],"version-history":[{"count":1,"href":"https:\/\/www.hvu.si\/visja\/wp-json\/wp\/v2\/pages\/516\/revisions"}],"predecessor-version":[{"id":517,"href":"https:\/\/www.hvu.si\/visja\/wp-json\/wp\/v2\/pages\/516\/revisions\/517"}],"wp:attachment":[{"href":"https:\/\/www.hvu.si\/visja\/wp-json\/wp\/v2\/media?parent=516"}],"curies":[{"name":"wp","href":"https:\/\/api.w.org\/{rel}","templated":true}]}}