{"id":499,"date":"2018-05-26T22:56:43","date_gmt":"2018-05-26T21:56:43","guid":{"rendered":"http:\/\/873.gvs.arnes.si\/visja\/?page_id=499"},"modified":"2024-01-15T09:36:54","modified_gmt":"2024-01-15T08:36:54","slug":"erasmus-listina","status":"publish","type":"page","link":"https:\/\/www.hvu.si\/visja\/erasmus-listina\/","title":{"rendered":"Erasmus strategija"},"content":{"rendered":"<table class=\" aligncenter\" style=\"height: 163px;width: 786px;border-collapse: collapse\" border=\"0\">\n<tbody>\n<tr>\n<td style=\"width: 334px\"><img loading=\"lazy\" decoding=\"async\" class=\"alignnone size-full wp-image-498\" src=\"http:\/\/873.gvs.arnes.si\/visja\/wp-content\/uploads\/sites\/3\/2018\/05\/erasmus_logo.jpg\" alt=\"\" width=\"285\" height=\"100\" \/><\/td>\n<td style=\"width: 117.067px\"><img loading=\"lazy\" decoding=\"async\" class=\"alignnone size-full wp-image-445\" src=\"http:\/\/873.gvs.arnes.si\/visja\/wp-content\/uploads\/sites\/3\/2018\/05\/cmepius_sl.jpg\" alt=\"\" width=\"100\" height=\"133\" \/><\/td>\n<td style=\"width: 324.933px\"><img loading=\"lazy\" decoding=\"async\" class=\"alignnone size-full wp-image-11\" src=\"http:\/\/873.gvs.arnes.si\/visja\/wp-content\/uploads\/sites\/3\/2017\/10\/Logotip_horizont_tiskovine_m.png\" alt=\"\" width=\"330\" height=\"150\" srcset=\"https:\/\/www.hvu.si\/visja\/wp-content\/uploads\/sites\/3\/2017\/10\/Logotip_horizont_tiskovine_m.png 330w, https:\/\/www.hvu.si\/visja\/wp-content\/uploads\/sites\/3\/2017\/10\/Logotip_horizont_tiskovine_m-300x136.png 300w\" sizes=\"(max-width: 330px) 100vw, 330px\" \/><\/td>\n<\/tr>\n<\/tbody>\n<\/table>\n<p style=\"text-align: justify\"><span style=\"font-family: verdana, geneva, sans-serif\">Institucionalna strategija sodelovanja Vi\u0161je strokovne \u0161ole, \u0160ole za hortikulturo in vizualne umetnosti Celje v mednarodnih projektih Erasmus + je pripravljena v skladu s strate\u0161kimi usmeritvami Vi\u0161je strokovne \u0161ole in temeljnimi na\u010deli in prioritetami novega programskega obdobja Listine Erasmus za terciarno izobra\u017eevanje (ECHE), ki dolo\u010da splo\u0161ni okvir kakovosti za evropsko in mednarodno sodelovanje ustanove, ki sodeluje v programu.<\/span><\/p>\n<p style=\"text-align: justify\"><span style=\"font-family: verdana, geneva, sans-serif\">Institucionalna strategija sodelovanja VS\u0160, \u0160HVU Celje v Erasmus + se nana\u0161a na programsko obdobje 2020-2027.<\/span><\/p>\n<p style=\"text-align: justify\"><span style=\"font-family: verdana, geneva, sans-serif\">\u0160ola za hortikulturo in vizualne umetnosti Celje je strokovna izobra\u017eevalna in\u0161titucija s podro\u010dja hortikulture in vizualnih komunikacij. Izobra\u017eevanje pri nas poteka tako na sekundarni, kot tudi terciarni ravni. Izobra\u017eevalna programa na terciarni ravni sta Hortikultura in Snovanje vizualnih komunikacij in tr\u017eenja. Dvoletni vi\u0161je\u0161olski program Hortikultura daje poseben poudarek varovanju okolja in ekolo\u0161ki pridelavi rastlin, ki so namenjene prehrani, okrasne zelnate in lesnate rastline pa urejanju notranjega in zunanjega bivalnega okolja. Program je usklajen s potrebami na trgu in \u0161tudentom zagotavlja pridobivanje specialnih znanj in s tem ve\u010djo konkuren\u010dnost na trgu dela, kar je tudi na\u0161 glavni cilj, saj z zagotavljanjem trdnih partnerskih odnosov s podjetji in drugimi ustanovami omogo\u010damo prenos teoreti\u010dnih znanj v prakso, hkrati pa je usklajen z evropskimi standardi. Dvoletni \u0161tudijski program Snovanje vizualnih komunikacij in tr\u017eenja spodbuja marketin\u0161ke dejavnosti in varovanje okolja z uporabo naravi prijaznih materialov in recikliranjem.<\/span><\/p>\n<p style=\"text-align: justify\"><span style=\"font-family: verdana, geneva, sans-serif\">Strategija internacionalizacije \u0160ole za hortikulture in vizualne umetnosti Celje, Vi\u0161je strokovne \u0161ole pri razvoju mobilnosti sledi usmeritvam, zapisanim v Dolgoro\u010dnem razvojnem planu in viziji Vi\u0161je strokovne \u0161ole. Strategija na tem podro\u010dju \u0161e posebej izpostavlja razvijanje in izvajanje kakovostnega in mednarodno usmerjenega izobra\u017eevanja ter spodbujanje raziskovanja in njegove mednarodne vpetosti. Vi\u0161ja strokovna \u0161ola \u017eeli postati mednarodno uveljavljena kakovostna in dru\u017ebeno odgovorna vi\u0161ja strokovna \u0161ola.<\/span><\/p>\n<p style=\"text-align: justify\"><span style=\"font-family: verdana, geneva, sans-serif\">V okviru mednarodne mre\u017ee \u0161ol smo povezani s partnerskimi organizacijami, kjer lahko na\u0161i \u0161tudentje opravljajo prakti\u010dno usposabljanje v skladu s \u0161tudijskim programom. Imamo dobre osebne odnose z ljudmi v partnerskih organizacijah v tujini, kar zagotavlja kakovostno sodelovanje v smislu komunikacije, s tem pa primernih pogojev za delo \u0161tudentov, zagotavljanju dobrega mentorstva, pomo\u010d pri urejanju namestitve in navezovanju stikov z drugimi partnerskimi organizacijami. Partnerske \u0161ole v tujini nam pomagajo pri navezovanju stikov s podjetji v tujini ravno tako kot tudi na\u0161i predavatelji, ki se udele\u017eujejo mednarodnih tekmovanj, sejmov, konferenc in drugih sre\u010danj v tujini. \u0160tudent si lahko v tujini tudi sam izbere podjetje in v tem primeru \u0161ola nave\u017ee stik z mentorjem, s katerim uskladita \u0161tudijske zahteve za prakti\u010dno usposabljanje in mo\u017enosti in \u017eelje podjetja. Enako ravnamo tudi pri mobilnosti osebja.<\/span><\/p>\n<p style=\"text-align: justify\"><span style=\"font-family: verdana, geneva, sans-serif\">Tudi v prihodnjem obdobju bomo krepili mednarodno osnovano usposabljanje in izobra\u017eevanje ter raziskovanje, prav tako pa interdisciplinarnost v izobra\u017eevanju. Pomemben je prenos dobrih praks od drugod v lokalno okolje, Savinjsko regijo in na obmo\u010dje dr\u017eave, zato bomo spodbujali aktivno dr\u017eavljanstvo odhajajo\u010dih \u0161tudentov in osebja pri mobilnosti, prav tako pa vklju\u010devanje in gostovanje tujcev v vi\u0161je\u0161olske aktivnosti, npr. pri izobra\u017eevanju in usposabljanju, strokovnih posvetih, delavnicah.<\/span><\/p>\n<p style=\"text-align: justify\"><span style=\"font-family: verdana, geneva, sans-serif\">Na Vi\u0161ji strokovni \u0161oli \u017eelimo obstoje\u010da sodobno zasnovana programa nadgraditi z mo\u017enostjo izvedbe dolo\u010denih \u0161tudijskih obveznosti s konzultacijami v angle\u0161kem jeziku in v e-okolju, pri \u010demer nam bodo mobilnosti v veliko korist. Posamezne aktivnosti v obliki sre\u010danj in z mo\u017enostjo sklepanj novih partnerstev za nadaljnji prenos znanja in dobrih praks ter izobra\u017eevanje in raziskovanje \u017eelimo ohraniti kot \u010dlani mednarodnih zvez Flornet in Florint in jih tudi nadgrajevati. \u0160iriti \u017eelimo svojo mednarodno mre\u017eo partnerskih institucij (\u0161ol, delovnih organizacij, botani\u010dnih vrtov, domov za ostarele \u2026) v okviru mobilnosti in skupnih partnerskih projektov. Predvsem predavateljem in drugemu osebju Vi\u0161je strokovne \u0161ole \u017eelimo omogo\u010diti dostop do mednarodnega znanja na klju\u010dnih \u0161tudijskih podro\u010djih, saj bomo s tem krepili kakovostno izobra\u017eevanje v obeh programih. Vklju\u010diti \u017eelimo tudi dose\u017eke \u0161tudentov in diplomantov, pridobljenih na mobilnostih in preko raziskovalno-razvojnih projektov. Trudili se bomo za vzpostavitev delovanja alumni kluba tistih oseb, ki so bile ali bodo udele\u017eene v mobilnostih ter prenos njihovih na novo pridobljenih znanj na mlaj\u0161e generacije, predvsem pa pri promociji mobilnosti, raziskovalnega duha in aktivnega dr\u017eavljanstva. Doprinos vi\u0161ji strokovni \u0161oli je doprinos poslovnemu okolju na\u0161ih strokovnih podro\u010dij in splo\u0161nemu gospodarstvu, saj \u017eelimo zagotavljati trajnost projektnih rezultatov. Osebje in \u0161tudenti bodo tudi v prihodnje imeli poslanstvo varovanja okolja, v skladu s \u0161tudijskim programom in novimi smernicami okolju prijaznih praks, prav tako v vseh dejavnostih, povezanih s programi mobilnosti.<\/span><\/p>\n<p style=\"text-align: justify\"><span style=\"font-family: verdana, geneva, sans-serif\">V skladu z na\u010deli Erasmus + mobilnosti in razvojno-raziskovalnih projektov ter vizijo vi\u0161je strokovne \u0161ole bomo delovali v smeri implementacije digitalne tehnologije vzgojno izobra\u017eevalnega procesa in upravljanja mobilnosti v skladu s tehni\u010dnimi standardi pobude Erasmus Without Paper in Evropske \u0161tudentske izkaznice, usklajene s predvideno \u010dasovnico.<\/span><\/p>\n<p style=\"text-align: justify\"><span style=\"font-family: verdana, geneva, sans-serif\">Osebje in \u0161tudente bomo v okviru promocijskih dejavnosti motivirali za mobilnosti in sodelovanje v razvojno \u2013raziskovalnih projektih Erasmus +. Posebno bomo spodbujali k udele\u017ebi v programe posameznike z manj prilo\u017enostmi. Kot najpomembnej\u0161i cilj mobilnih aktivnostih je zagotavljanje kakovosti izvedbe mobilnosti, povezanih z vsebinami \u0161tudijskega programa in s tem razvojem \u0161ole, pove\u010danju \u0161tevila \u0161tudentov in osebja, vklju\u010denega v mobilnostne izku\u0161nje v dr\u017eavah EU kot tudi tistih, ki niso vklju\u010dene v EU. Pomemben vidik je tudi zagotavljanje administrativne podpore udele\u017eencem mobilnosti, dostopnost informacij o mo\u017enostih, ki so na voljo, navezovanju kontaktov s partnerji v tujini (pomo\u010d pri iskanju primerne namestitve), pomo\u010d pri pripravi udele\u017eencev na mobilnost (urejanju zavarovanja in vizuma, jezikovna in druga priprava), urejanje in potrjevanje sporazumov pred vklju\u010devanjem v mobilnost, upo\u0161tevanje dolo\u010denih kriterijev za izbor kandidatov in predvsem transparentno delovanje v celoti.<\/span><\/p>\n<p style=\"text-align: justify\"><span style=\"font-family: verdana, geneva, sans-serif\">V \u010dasu mobilnosti bomo na\u0161e odhajajo\u010de udele\u017eence sproti spremljali, morebitne prihajajo\u010de pa enakopravno vklju\u010dili v akademsko in vsakdanje \u017eivljenje, jim zagotovili pomo\u010d mentorjev, jezikovno pomo\u010d in drugo potrebno podporo.<\/span><\/p>\n<p style=\"text-align: justify\"><span style=\"font-family: verdana, geneva, sans-serif\">Po zaklju\u010dku mobilnosti bomo prihajajo\u010dim aktivnim udele\u017eencem mobilnosti zagotovili priznavanje mobilnosti, na\u0161im odhajajo\u010dim pa bomo po evalvaciji tudi priznali mobilnost. \u0160tudenti bodo dobili priznanje z dokumentom ob diplomi, prav tako pa jim bo ob usposabljanju v tujih delovnih organizacijah v \u010dasu mobilnosti priznano prakti\u010dno izobra\u017eevanje v celoti, to\u010dkovano s 13 kreditnimi to\u010dkami. Sodelovanje \u0161tudentov pri projektih KA2 bilo priznano pri nas v obsegu 5 kreditnih to\u010dk oz. kot prosto izbirni predmet. Osebje bo lahko dokument o priznani mobilnosti ali aktivno sodelovanje v projektih KA2 koristilo pri napredovanju v nazive, predavatelji pa za pridobitev ali podalj\u0161anje habilitacije. \u0160tudenti in osebje bodo lahko sodelovali na vsakoletnih strokovnih konferencah z referati s strokovnih podro\u010dij, za katere so bili udele\u017eeni na mobilnosti in jih bodo lahko koristili kot reference pri zaposlitvi (\u0161tudenti) ali za napredovanje v nazive oz. pri habilitaciji (osebje).<\/span><\/p>\n<p style=\"text-align: justify\"><span style=\"font-family: verdana, geneva, sans-serif\">Na\u0161 namen je tudi v bodo\u010de zagotavljati kakovostno mobilnost \u0161tudentov z namenom opravljanja prakse in nam sorodnih strokovnih predmetov, kot tudi zagotavljanje kakovostne mobilnosti osebja z namenom pou\u010devanja ter prenosa dobrih praks. Z vidika pridobljenih izku\u0161enj, strokovnega znanja, izbolj\u0161anja znanja tujega jezika, fleksibilnost vklapljanja v tuje socialno okolje so projekti mobilnosti velikega pomena, tako za posameznika kot tudi za razvoj in prepoznavnost \u0161ole doma kot v tujini.<\/span><\/p>\n","protected":false},"excerpt":{"rendered":"<p>Institucionalna strategija sodelovanja Vi\u0161je strokovne \u0161ole, \u0160ole za hortikulturo in vizualne umetnosti Celje v mednarodnih projektih Erasmus + je pripravljena v skladu s strate\u0161kimi usmeritvami Vi\u0161je strokovne \u0161ole in temeljnimi [&hellip;]<\/p>\n","protected":false},"author":1,"featured_media":0,"parent":0,"menu_order":0,"comment_status":"closed","ping_status":"closed","template":"","meta":{"footnotes":""},"class_list":["post-499","page","type-page","status-publish","hentry"],"_links":{"self":[{"href":"https:\/\/www.hvu.si\/visja\/wp-json\/wp\/v2\/pages\/499","targetHints":{"allow":["GET"]}}],"collection":[{"href":"https:\/\/www.hvu.si\/visja\/wp-json\/wp\/v2\/pages"}],"about":[{"href":"https:\/\/www.hvu.si\/visja\/wp-json\/wp\/v2\/types\/page"}],"author":[{"embeddable":true,"href":"https:\/\/www.hvu.si\/visja\/wp-json\/wp\/v2\/users\/1"}],"replies":[{"embeddable":true,"href":"https:\/\/www.hvu.si\/visja\/wp-json\/wp\/v2\/comments?post=499"}],"version-history":[{"count":4,"href":"https:\/\/www.hvu.si\/visja\/wp-json\/wp\/v2\/pages\/499\/revisions"}],"predecessor-version":[{"id":2729,"href":"https:\/\/www.hvu.si\/visja\/wp-json\/wp\/v2\/pages\/499\/revisions\/2729"}],"wp:attachment":[{"href":"https:\/\/www.hvu.si\/visja\/wp-json\/wp\/v2\/media?parent=499"}],"curies":[{"name":"wp","href":"https:\/\/api.w.org\/{rel}","templated":true}]}}