{"id":492,"date":"2018-05-26T22:53:02","date_gmt":"2018-05-26T21:53:02","guid":{"rendered":"http:\/\/873.gvs.arnes.si\/visja\/?page_id=492"},"modified":"2018-05-26T22:53:02","modified_gmt":"2018-05-26T21:53:02","slug":"kljucni-ukrep-2","status":"publish","type":"page","link":"https:\/\/www.hvu.si\/visja\/kljucni-ukrep-2\/","title":{"rendered":"Klju\u010dni ukrep 2"},"content":{"rendered":"<div id=\"mainmiddle-expand\">\n<div id=\"content\">\n<div id=\"content-shift\">\n<div id=\"component\" class=\"floatbox\">\n<div id=\"system\" class=\"\">\n<div class=\"item\">\n<h3 class=\"content\">Sodelovanje za inovacije in izmenjavo dobrih praks<\/h3>\n<div class=\"content\">KA2 omogo\u010da projektno sodelovanje oz. inovativna partnerstva med organizacijami s podro\u010dja izobra\u017eevanja, usposabljanja in mladine kot tudi podjetji, javnimi organi in organizacijami, aktivnimi na razli\u010dnih podro\u010djih izobra\u017eevanja, z namenom visoke kakovosti pou\u010devanja, usposabljanja, u\u010denja in mladinskega dela, modernizacije institucij in inovacije dru\u017ebe.<\/p>\n<p style=\"text-align: justify;\">Aktivnosti znotraj KA2 prina\u0161ajo pozitivne in dolgotrajne u\u010dinke na sodelujo\u010de organizacije, politi\u010dne sisteme in tudi posameznike, ki so neposredno ali posredno vklju\u010deni v projekte. Projekti naj bi na sistemski ravni spro\u017eili modernizacijo in okrepili sisteme izobra\u017eevanja, usposabljanja in mladine za odzivanje na sedanje izzive\u00a0 (zaposljivost, gospodarska stabilnost in rast, aktivno sodelovanje v dru\u017ebi).<br \/>\nNamen aktivnosti je spodbuditi razvoj, prenos in izvajanje inovativnih praks na organizacijski, lokalni, regionalni, nacionalni in <strong>evropski ravni<\/strong>.<br \/>\nProjekti lahko naslavljajo posamezno podro\u010dje izobra\u017eevanja (\u0161olsko, poklicno in strokovno, terciarno, izobra\u017eevanje odraslih, mladi) ali ve\u010d sektorjev.<\/p>\n<p style=\"text-align: justify;\">KA2 nudi mo\u017enosti sodelovanja na decentralizirani ravni v sodelovanju z nacionalno agencijo in centralizirano v sodelovanju z Izvr\u0161no agencijo na evropski ravni.<\/p>\n<p><strong>Akcije v okviru KA 2<\/strong><\/p>\n<h3>Decentralizirane akcije:<\/h3>\n<ul>\n<li><strong>strate\u0161ka partnerstva<\/strong> na podro\u010dju izobra\u017eevanja, usposabljanja in mladine.<\/li>\n<\/ul>\n<h3>Centralizirane akcije:<\/h3>\n<ul>\n<li>koalicije znanja;<\/li>\n<li>koalicije sektorskih spretnosti;<\/li>\n<li>krepitev zmogljivosti institucij na podro\u010dju terciarnega izobra\u017eevanja in mladine.<\/li>\n<\/ul>\n<\/div>\n<\/div>\n<\/div>\n<\/div>\n<\/div>\n<\/div>\n<\/div>\n","protected":false},"excerpt":{"rendered":"<p>Sodelovanje za inovacije in izmenjavo dobrih praks KA2 omogo\u010da projektno sodelovanje oz. inovativna partnerstva med organizacijami s podro\u010dja izobra\u017eevanja, usposabljanja in mladine kot tudi podjetji, javnimi organi in organizacijami, aktivnimi [&hellip;]<\/p>\n","protected":false},"author":1,"featured_media":0,"parent":0,"menu_order":0,"comment_status":"closed","ping_status":"closed","template":"","meta":{"footnotes":""},"class_list":["post-492","page","type-page","status-publish","hentry"],"_links":{"self":[{"href":"https:\/\/www.hvu.si\/visja\/wp-json\/wp\/v2\/pages\/492","targetHints":{"allow":["GET"]}}],"collection":[{"href":"https:\/\/www.hvu.si\/visja\/wp-json\/wp\/v2\/pages"}],"about":[{"href":"https:\/\/www.hvu.si\/visja\/wp-json\/wp\/v2\/types\/page"}],"author":[{"embeddable":true,"href":"https:\/\/www.hvu.si\/visja\/wp-json\/wp\/v2\/users\/1"}],"replies":[{"embeddable":true,"href":"https:\/\/www.hvu.si\/visja\/wp-json\/wp\/v2\/comments?post=492"}],"version-history":[{"count":1,"href":"https:\/\/www.hvu.si\/visja\/wp-json\/wp\/v2\/pages\/492\/revisions"}],"predecessor-version":[{"id":493,"href":"https:\/\/www.hvu.si\/visja\/wp-json\/wp\/v2\/pages\/492\/revisions\/493"}],"wp:attachment":[{"href":"https:\/\/www.hvu.si\/visja\/wp-json\/wp\/v2\/media?parent=492"}],"curies":[{"name":"wp","href":"https:\/\/api.w.org\/{rel}","templated":true}]}}