{"id":465,"date":"2018-05-26T22:29:51","date_gmt":"2018-05-26T21:29:51","guid":{"rendered":"http:\/\/873.gvs.arnes.si\/visja\/?page_id=465"},"modified":"2018-05-26T22:47:19","modified_gmt":"2018-05-26T21:47:19","slug":"interflora-flower-cup-2015","status":"publish","type":"page","link":"https:\/\/www.hvu.si\/visja\/interflora-flower-cup-2015\/","title":{"rendered":"Interflora flower Cup 2015"},"content":{"rendered":"<div class=\"content\">\n<p style=\"text-align: justify;\">4. INTERFLORA FLOWER CUP 2015, svetovni pokal v foristiki se je odvijal od \u010detrtka 11. junija do nedelje 15. junija 2015 v glavnem mestu Nem\u010dije na Glashaus Arena v Berlinu .<\/p>\n<p style=\"text-align: justify;\">Mojca Sodin in Ana Soto\u0161ek sva si tekmovanje ogledali v okviru projekta ERASMUS+.<\/p>\n<p style=\"text-align: justify;\">Tekmovalo je 26 tekmovalcev iz prav toliko dr\u017eav.<\/p>\n<p style=\"text-align: justify;\">Ogledali sva si priprave na tekmovanje in tekmovanje v 6. kategorijah.<\/p>\n<p style=\"text-align: justify;\">Gospod Simon Ogrizek sekretar Florinta, ki je bil tudi predsednik tehn\u010dnega komiteja, nama je predstavil delo komiteja. Tehni\u010dni komite skrbi za varno, pravilno in pravi\u010dno tekmovanje.<\/p>\n<p style=\"text-align: justify;\">Izdelke na tekmovanju in vpogled v sojenje nama je predstavil predsednik \u0161est\u010dlanske sodni\u0161ke ekipe.<\/p>\n<p style=\"text-align: justify;\">Sodi se po 100 to\u010dkovnem sistemu Florinta, sodniki pa imajo Florintovo licenco za sodnike. Sodniki se izobra\u017eujejo na ve\u010durnih te\u010dajih, kjer usklajujejo kriterije po katerih se ocenjuje povsod po Evropi, pa tudi drugje.<\/p>\n<p style=\"text-align: justify;\">!00 to\u010dkovni sistem sojenja se uporablja tudi na dr\u017eavnih in mednarodnih tekmovanjih, ki se jih udele\u017eujemo z na\u0161imi dijaki in \u0161tudenti. Seznaniti se s kriteriji sodnikov, je velika izku\u0161nja, ki bo pripomogla k dobri pripravi, tekmovalcev, kakor tudi organizaciji pri pouku cvetli\u010darjev.<\/p>\n<p style=\"text-align: right;\">Ana Soto\u0161ek<\/p>\n<table class=\"aligncenter\" style=\"height: 600px; width: 400px; border-collapse: collapse;\" border=\"0\">\n<tbody>\n<tr style=\"height: 24px;\">\n<td style=\"width: 100%; height: 24px;\">\n<div  uk-slideshow=\"animation: fade;autoplay: true ;autoplay-interval: 4000;min-height: 300\">\n\n    <div class=\"uk-position-relative uk-visible-toggle\">\n\n        <ul class=\"uk-slideshow-items \" >\n        \n            <li>\n\n                \n                                        <div class=\"uk-position-cover uk-animation-kenburns uk-animation-reverse uk-transform-origin-center-left\">\n                    \n                        <img decoding=\"async\" src=\"\/visja\/wp-content\/uploads\/sites\/3\/2018\/05\/berlin01.jpg\" alt=\"Berlin01\" uk-cover>\n                                        <\/div>\n                    \n                    \n                    \n                \n            <\/li>\n\n        \n            <li>\n\n                \n                                        <div class=\"uk-position-cover uk-animation-kenburns uk-animation-reverse uk-transform-origin-top-right\">\n                    \n                        <img decoding=\"async\" src=\"\/visja\/wp-content\/uploads\/sites\/3\/2018\/05\/berlin02.jpg\" alt=\"Berlin02\" uk-cover>\n                                        <\/div>\n                    \n                    \n                    \n                \n            <\/li>\n\n        \n            <li>\n\n                \n                                        <div class=\"uk-position-cover uk-animation-kenburns uk-animation-reverse uk-transform-origin-bottom-left\">\n                    \n                        <img decoding=\"async\" src=\"\/visja\/wp-content\/uploads\/sites\/3\/2018\/05\/berlin03-1.jpg\" alt=\"Berlin03\" uk-cover>\n                                        <\/div>\n                    \n                    \n                    \n                \n            <\/li>\n\n        \n            <li>\n\n                \n                                        <div class=\"uk-position-cover uk-animation-kenburns uk-animation-reverse uk-transform-origin-top-center\">\n                    \n                        <img decoding=\"async\" src=\"\/visja\/wp-content\/uploads\/sites\/3\/2018\/05\/berlin04-1.jpg\" alt=\"Berlin04\" uk-cover>\n                                        <\/div>\n                    \n                    \n                    \n                \n            <\/li>\n\n        \n            <li>\n\n                \n                                        <div class=\"uk-position-cover uk-animation-kenburns uk-animation-reverse uk-transform-origin-\">\n                    \n                        <img decoding=\"async\" src=\"\/visja\/wp-content\/uploads\/sites\/3\/2018\/05\/berlin05-1.jpg\" alt=\"Berlin05\" uk-cover>\n                                        <\/div>\n                    \n                    \n                    \n                \n            <\/li>\n\n        \n            <li>\n\n                \n                                        <div class=\"uk-position-cover uk-animation-kenburns uk-animation-reverse uk-transform-origin-bottom-right\">\n                    \n                        <img decoding=\"async\" src=\"\/visja\/wp-content\/uploads\/sites\/3\/2018\/05\/berlin07-1.jpg\" alt=\"Berlin07\" uk-cover>\n                                        <\/div>\n                    \n                    \n                    \n                \n            <\/li>\n\n                <\/ul>\n\n                <div class=\"uk-slidenav-container uk-position-top-left uk-position-small uk-hidden-hover uk-light\">\n            <a href=\"#\" uk-slidenav-previous uk-slideshow-item=\"previous\"><\/a>\n            <a href=\"#\" uk-slidenav-next uk-slideshow-item=\"next\"><\/a>\n        <\/div>\n        \n                <div class=\"uk-overlay uk-position-bottom\">\n            \n<ul class=\"uk-thumbnav uk-flex-center\" uk-margin>\n    <li uk-slideshow-item=\"0\"><a href=\"#\"><img loading=\"lazy\" decoding=\"async\" src=\"\/visja\/wp-content\/plugins\/widgetkit\/cache\/berlin01-d65c1f94bbd568ed7c4f97d4c4be3e72.jpg\" alt=\"Berlin01\" width=\"50\" height=\"50\"><\/a><\/li>\n    <li uk-slideshow-item=\"1\"><a href=\"#\"><img loading=\"lazy\" decoding=\"async\" src=\"\/visja\/wp-content\/plugins\/widgetkit\/cache\/berlin02-d52ee0ea7795168d69170c14ba791eb8.jpg\" alt=\"Berlin02\" width=\"50\" height=\"50\"><\/a><\/li>\n    <li uk-slideshow-item=\"2\"><a href=\"#\"><img loading=\"lazy\" decoding=\"async\" src=\"\/visja\/wp-content\/plugins\/widgetkit\/cache\/berlin03-1-a6743adf557dde5c688b13920afacbee.jpg\" alt=\"Berlin03\" width=\"50\" height=\"50\"><\/a><\/li>\n    <li uk-slideshow-item=\"3\"><a href=\"#\"><img loading=\"lazy\" decoding=\"async\" src=\"\/visja\/wp-content\/plugins\/widgetkit\/cache\/berlin04-1-efc24bb1e62666062af0abecc85a3fc0.jpg\" alt=\"Berlin04\" width=\"50\" height=\"50\"><\/a><\/li>\n    <li uk-slideshow-item=\"4\"><a href=\"#\"><img loading=\"lazy\" decoding=\"async\" src=\"\/visja\/wp-content\/plugins\/widgetkit\/cache\/berlin05-1-2c8397f7a9182984facbaaa588e899b4.jpg\" alt=\"Berlin05\" width=\"50\" height=\"50\"><\/a><\/li>\n    <li uk-slideshow-item=\"5\"><a href=\"#\"><img loading=\"lazy\" decoding=\"async\" src=\"\/visja\/wp-content\/plugins\/widgetkit\/cache\/berlin07-1-25c716585ee45e340ff15b020b4bf258.jpg\" alt=\"Berlin07\" width=\"50\" height=\"50\"><\/a><\/li>\n<\/ul>\n        <\/div>\n        \n    <\/div>\n\n    \n<\/div>\n<\/td>\n<\/tr>\n<\/tbody>\n<\/table>\n<\/div>\n","protected":false},"excerpt":{"rendered":"<p>4. INTERFLORA FLOWER CUP 2015, svetovni pokal v foristiki se je odvijal od \u010detrtka 11. junija do nedelje 15. junija 2015 v glavnem mestu Nem\u010dije na Glashaus Arena v Berlinu [&hellip;]<\/p>\n","protected":false},"author":1,"featured_media":0,"parent":0,"menu_order":0,"comment_status":"closed","ping_status":"closed","template":"","meta":{"footnotes":""},"class_list":["post-465","page","type-page","status-publish","hentry"],"_links":{"self":[{"href":"https:\/\/www.hvu.si\/visja\/wp-json\/wp\/v2\/pages\/465","targetHints":{"allow":["GET"]}}],"collection":[{"href":"https:\/\/www.hvu.si\/visja\/wp-json\/wp\/v2\/pages"}],"about":[{"href":"https:\/\/www.hvu.si\/visja\/wp-json\/wp\/v2\/types\/page"}],"author":[{"embeddable":true,"href":"https:\/\/www.hvu.si\/visja\/wp-json\/wp\/v2\/users\/1"}],"replies":[{"embeddable":true,"href":"https:\/\/www.hvu.si\/visja\/wp-json\/wp\/v2\/comments?post=465"}],"version-history":[{"count":4,"href":"https:\/\/www.hvu.si\/visja\/wp-json\/wp\/v2\/pages\/465\/revisions"}],"predecessor-version":[{"id":489,"href":"https:\/\/www.hvu.si\/visja\/wp-json\/wp\/v2\/pages\/465\/revisions\/489"}],"wp:attachment":[{"href":"https:\/\/www.hvu.si\/visja\/wp-json\/wp\/v2\/media?parent=465"}],"curies":[{"name":"wp","href":"https:\/\/api.w.org\/{rel}","templated":true}]}}