{"id":450,"date":"2018-05-26T22:22:54","date_gmt":"2018-05-26T21:22:54","guid":{"rendered":"http:\/\/873.gvs.arnes.si\/visja\/?page_id=450"},"modified":"2018-05-26T22:22:54","modified_gmt":"2018-05-26T21:22:54","slug":"kljucni-ukrep-1","status":"publish","type":"page","link":"https:\/\/www.hvu.si\/visja\/kljucni-ukrep-1\/","title":{"rendered":"Klju\u010dni ukrep 1"},"content":{"rendered":"<div class=\"content\">\n<h2 class=\"introtext\" style=\"text-align: justify;\">U\u010dna mobilnost posameznikov<\/h2>\n<p style=\"text-align: justify;\">KA1 omogo\u010da udele\u017eencem izku\u0161njo v tujini, ki jim prina\u0161a pozitivne in dolgoro\u010dne u\u010dinke za njihov osebni in strokovni razvoj. Spodbuja mobilnosti posameznikov, tako\u00a0 mladih \u2013 za namen \u0161tudija, usposabljanja, prostovoljnega dela kot tudi vseh strokovnih delavcev, vklju\u010denih v proces izobra\u017eevanja na razli\u010dnih nivojih \u2013 za namen pou\u010devanja, izobra\u017eevanja, usposabljanja ali \u0161tudijskega obiska.<\/p>\n<p style=\"text-align: justify;\">Glavni cilj projektov mobilnosti je omogo\u010diti udele\u017eencem pridobitev znanja, spretnosti in izku\u0161enj, ki prina\u0161ajo dodano vrednost njihovem izobra\u017eevanju ali delu doma.<\/p>\n<p style=\"text-align: justify;\">Poleg neposrednih vplivov na posameznike naj bi aktivnosti znotraj KA1 prinesle pozitivne spremembe in razvojne premike tudi na institucijah, ki so v projekte vklju\u010dene ter ne nazadnje inovacije in reforme samih sistemov izobra\u017eevanja. Projekti bodo namre\u010d pripomogli k:<\/p>\n<ul style=\"text-align: justify;\">\n<li>izbolj\u0161anju mednarodnega sodelovanja in delovanja v mednarodnem okolju;<\/li>\n<li>iskanju novih metod, praks in na\u010dinov izobra\u017eevanja mladih in odraslih;<\/li>\n<li>kreiranju sinergij in ume\u0161\u010danju dobrih praks v delovanje organizacij.<\/li>\n<\/ul>\n<p style=\"text-align: justify;\">KA1 nudi mo\u017enosti sodelovanja na decentralizirani ravni v sodelovanju z nacionalno agencijo in centralizirano v sodelovanju z Izvr\u0161no agencijo na evropski ravni.<\/p>\n<h2 style=\"text-align: justify;\"><strong>Akcije v okviru KA1<\/strong><\/h2>\n<h3 style=\"text-align: justify;\"><strong>Decentralizirane akcije<\/strong><\/h3>\n<ul style=\"text-align: justify;\">\n<li>Projekti mobilnosti za \u0161tudente z namenom \u0161tudija ali usposabljanja<\/li>\n<li>Projekti poklicnega usposabljanja za dijake srednjih poklicnih in strokovnih \u0161ol<\/li>\n<li>Mladinske izmenjave<\/li>\n<li>Evropska prostovoljna slu\u017eba<\/li>\n<li>Projekti usposabljanja strokovnega osebja na vseh podro\u010djih izobra\u017eevanja usposabljanja in mladih<\/li>\n<\/ul>\n<h3 style=\"text-align: justify;\">Centralizirane akcije<\/h3>\n<ul>\n<li style=\"text-align: justify;\">Jamstvena shema posojil za magistrski \u0161tudij<\/li>\n<li style=\"text-align: justify;\">Skupni magistrski \u0161tudijski programi<\/li>\n<li style=\"text-align: justify;\">Projekti velikega obsega na podro\u010dju evropske prostovoljne slu\u017ebe<\/li>\n<\/ul>\n<\/div>\n","protected":false},"excerpt":{"rendered":"<p>U\u010dna mobilnost posameznikov KA1 omogo\u010da udele\u017eencem izku\u0161njo v tujini, ki jim prina\u0161a pozitivne in dolgoro\u010dne u\u010dinke za njihov osebni in strokovni razvoj. Spodbuja mobilnosti posameznikov, tako\u00a0 mladih \u2013 za namen [&hellip;]<\/p>\n","protected":false},"author":1,"featured_media":0,"parent":0,"menu_order":0,"comment_status":"closed","ping_status":"closed","template":"","meta":{"footnotes":""},"class_list":["post-450","page","type-page","status-publish","hentry"],"_links":{"self":[{"href":"https:\/\/www.hvu.si\/visja\/wp-json\/wp\/v2\/pages\/450","targetHints":{"allow":["GET"]}}],"collection":[{"href":"https:\/\/www.hvu.si\/visja\/wp-json\/wp\/v2\/pages"}],"about":[{"href":"https:\/\/www.hvu.si\/visja\/wp-json\/wp\/v2\/types\/page"}],"author":[{"embeddable":true,"href":"https:\/\/www.hvu.si\/visja\/wp-json\/wp\/v2\/users\/1"}],"replies":[{"embeddable":true,"href":"https:\/\/www.hvu.si\/visja\/wp-json\/wp\/v2\/comments?post=450"}],"version-history":[{"count":1,"href":"https:\/\/www.hvu.si\/visja\/wp-json\/wp\/v2\/pages\/450\/revisions"}],"predecessor-version":[{"id":451,"href":"https:\/\/www.hvu.si\/visja\/wp-json\/wp\/v2\/pages\/450\/revisions\/451"}],"wp:attachment":[{"href":"https:\/\/www.hvu.si\/visja\/wp-json\/wp\/v2\/media?parent=450"}],"curies":[{"name":"wp","href":"https:\/\/api.w.org\/{rel}","templated":true}]}}