{"id":440,"date":"2018-05-26T21:56:44","date_gmt":"2018-05-26T20:56:44","guid":{"rendered":"http:\/\/873.gvs.arnes.si\/visja\/?page_id=440"},"modified":"2018-05-26T21:56:44","modified_gmt":"2018-05-26T20:56:44","slug":"predavateljski-zbor-snovanje-vizualnih-komunikacij-in-trzenja","status":"publish","type":"page","link":"https:\/\/www.hvu.si\/visja\/predavateljski-zbor-snovanje-vizualnih-komunikacij-in-trzenja\/","title":{"rendered":"Predavateljski zbor &#8211; Snovanje vizualnih komunikacij in tr\u017eenja"},"content":{"rendered":"\n\n    <div id=\"wk-grid725\" class=\"uk-child-width-1-3 uk-grid-small uk-grid-match uk-text-left \" uk-height-match=\"target: &gt; div &gt; .uk-panel, &gt; div &gt; .uk-card; row: true\" uk-grid  uk-scrollspy=\"cls: uk-animation-slide-top; target: &gt; div &gt; .uk-panel, &gt; div &gt; .uk-card; delay: 200\">\n\n    \n        <div>\n            <div class=\"uk-card uk-card-primary\">\n\n                \n                \n                \n                                        <div class=\"uk-card-body\">\n                    \n                                                <div class=\"uk-margin uk-text-center\">\n                            \n<img loading=\"lazy\" decoding=\"async\" src=\"\/visja\/wp-content\/uploads\/sites\/3\/2018\/06\/image19.jpg\" alt=\"Veronika Cvetko\" width=\"300\" height=\"300\">                        <\/div>\n                        \n                                                <h3 class=\"uk-panel uk-margin-remove-top\">\n\n                                                            Veronika Cvetko                            \n                            \n                        <\/h3>\n                        \n                        \n                                                <div class=\"uk-margin\"><p><span style=\"font-size: 12pt; font-family: book antiqua, palatino, serif;\"><a href=\"mailto:veronika.cvetko@gmail.com\">veronika.cvetko@gmail.com<\/a>,<\/span><br \/><span style=\"font-size: 12pt; font-family: book antiqua, palatino, serif;\"><a href=\"mailto:veronika.cvetko@hvu.si\"> veronika.cvetko@hvu.si<\/a><\/span><\/p>\n<hr \/>\n<p><span style=\"font-size: 12pt; font-family: book antiqua, palatino, serif;\">Komercialno poslovanje \u2013 LV<br \/>Ekonomika in mened\u017ement podjetja \u2013 LV<br \/>Osnove tr\u017eenja \u2013 SV, LV<\/span><\/p>\n<hr \/>\n<p><span style=\"font-size: 12pt; font-family: book antiqua, palatino, serif;\">Govorilne ure: ponedeljek 9.30-10.15 h v u\u010dilnici 50 oz. v zbornici<\/span><\/p><\/div>\n                        \n                        \n                                        <\/div>\n                    \n                \n            <\/div>\n        <\/div>\n\n    \n        <div>\n            <div class=\"uk-card uk-card-primary\">\n\n                \n                \n                \n                                        <div class=\"uk-card-body\">\n                    \n                                                <div class=\"uk-margin uk-text-center\">\n                            \n<img loading=\"lazy\" decoding=\"async\" src=\"\/visja\/wp-content\/uploads\/sites\/3\/2021\/04\/profilna_slika1.png\" alt=\"Andreja D\u017eaku\u0161i\u010d\" width=\"300\" height=\"300\">                        <\/div>\n                        \n                                                <h3 class=\"uk-panel uk-margin-remove-top\">\n\n                                                            Andreja D\u017eaku\u0161i\u010d                            \n                            \n                        <\/h3>\n                        \n                        \n                                                <div class=\"uk-margin\"><p><span style=\"font-size: 12pt; font-family: book antiqua, palatino, serif;\"><a href=\"mailto:dzakusic.andreja@gmail.com\">dzakusic.andreja@gmail.com<\/a><\/span><\/p>\n<hr \/>\n<p><span style=\"font-size: 12pt; font-family: book antiqua, palatino, serif;\">Upravljanje projektov \u2013 P, SV<\/span><br \/><span style=\"font-size: 12pt; font-family: book antiqua, palatino, serif;\">Vizualne komunikacije in multimedija \u2013 LV<\/span><\/p>\n<hr \/>\n<p><span style=\"font-family: book antiqua, palatino, serif; font-size: 12pt;\">Govorilne ure po dogovoru ali po telefonu\u00a0 (041 531 284)<\/span><\/p><\/div>\n                        \n                        \n                                        <\/div>\n                    \n                \n            <\/div>\n        <\/div>\n\n    \n        <div>\n            <div class=\"uk-card uk-card-primary\">\n\n                \n                \n                \n                                        <div class=\"uk-card-body\">\n                    \n                                                <div class=\"uk-margin uk-text-center\">\n                            \n<img loading=\"lazy\" decoding=\"async\" src=\"\/visja\/wp-content\/uploads\/sites\/3\/2021\/04\/profilna_slika1.png\" alt=\"Janko \u010cak\u0161\" width=\"300\" height=\"300\">                        <\/div>\n                        \n                                                <h3 class=\"uk-panel uk-margin-remove-top\">\n\n                                                            Janko \u010cak\u0161                            \n                            \n                        <\/h3>\n                        \n                        \n                                                <div class=\"uk-margin\"><p><a href=\"mailto:janko.caks@gmail.com\"><span style=\"font-family: book antiqua, palatino, serif;\"><span style=\"font-size: 16px;\">janko.caks@gmail.com<\/span><\/span><\/a><\/p>\n<hr \/>\n<p><span style=\"font-size: 12pt; font-family: book antiqua, palatino, serif;\">Ekonomika in mened\u017ement podjetja &ndash; P<\/span><\/p>\n<hr \/>\n<p><span style=\"font-size: 12pt; font-family: book antiqua, palatino, serif;\">Govorilne ure po dogovoru<\/span><\/p><\/div>\n                        \n                        \n                                        <\/div>\n                    \n                \n            <\/div>\n        <\/div>\n\n    \n        <div>\n            <div class=\"uk-card uk-card-primary\">\n\n                \n                \n                \n                                        <div class=\"uk-card-body\">\n                    \n                                                <div class=\"uk-margin uk-text-center\">\n                            \n<img loading=\"lazy\" decoding=\"async\" src=\"\/visja\/wp-content\/uploads\/sites\/3\/2018\/06\/image16-1.jpg\" alt=\"Zdenka Grlica\" width=\"300\" height=\"300\">                        <\/div>\n                        \n                                                <h3 class=\"uk-panel uk-margin-remove-top\">\n\n                                                            Zdenka Grlica                            \n                            \n                        <\/h3>\n                        \n                        \n                                                <div class=\"uk-margin\"><p><span style=\"font-size: 12pt; font-family: book antiqua, palatino, serif;\"><a href=\"mailto:zdenka.grlica@t-1.si\">zdenka.grlica@t-1.si<\/a><\/span><\/p>\n<hr \/>\n<p><span style=\"font-size: 12pt; font-family: book antiqua, palatino, serif;\">Upravljanje s prodajnim prostorom \u2013 P, SV, LV<\/span><br \/><span style=\"font-size: 12pt; font-family: book antiqua, palatino, serif;\">Pospe\u0161evanje prodaje \u2013 P, SV, LV<\/span><\/p>\n<hr \/>\n<p><span style=\"font-size: 12pt; font-family: book antiqua, palatino, serif;\">Govorilne ure po dogovoru<\/span><\/p><\/div>\n                        \n                        \n                                        <\/div>\n                    \n                \n            <\/div>\n        <\/div>\n\n    \n        <div>\n            <div class=\"uk-card uk-card-primary\">\n\n                \n                \n                \n                                        <div class=\"uk-card-body\">\n                    \n                                                <div class=\"uk-margin uk-text-center\">\n                            \n<img loading=\"lazy\" decoding=\"async\" src=\"\/visja\/wp-content\/uploads\/sites\/3\/2018\/06\/image15.jpg\" alt=\"Lidija Oblak\" width=\"300\" height=\"300\">                        <\/div>\n                        \n                                                <h3 class=\"uk-panel uk-margin-remove-top\">\n\n                                                            Lidija Oblak                            \n                            \n                        <\/h3>\n                        \n                        \n                                                <div class=\"uk-margin\"><p><span style=\"font-size: 12pt; font-family: book antiqua, palatino, serif;\"><a href=\"mailto:lidija.oblak@hvu.si\">lidija.oblak@hvu.si<\/a><\/span><\/p>\n<hr \/>\n<p><span style=\"font-size: 12pt; font-family: book antiqua, palatino, serif;\">Strokovna terminologija v tujem jeziku \u2013 nem\u0161\u010dina \u2013 P, LV<br \/>Prakti\u010dno izobra\u017eevanje \u2013 organizatorica<\/span><\/p>\n<hr \/>\n<p><span style=\"font-size: 12pt; font-family: book antiqua, palatino, serif;\">Govorilne ure po dogovoru<\/span><\/p><\/div>\n                        \n                        \n                                        <\/div>\n                    \n                \n            <\/div>\n        <\/div>\n\n    \n        <div>\n            <div class=\"uk-card uk-card-primary\">\n\n                \n                \n                \n                                        <div class=\"uk-card-body\">\n                    \n                                                <div class=\"uk-margin uk-text-center\">\n                            \n<img loading=\"lazy\" decoding=\"async\" src=\"\/visja\/wp-content\/uploads\/sites\/3\/2021\/04\/petra.jpg\" alt=\"Petra Pi\u017emoht\" width=\"300\" height=\"300\">                        <\/div>\n                        \n                                                <h3 class=\"uk-panel uk-margin-remove-top\">\n\n                                                            Petra Pi\u017emoht                            \n                            \n                        <\/h3>\n                        \n                        \n                                                <div class=\"uk-margin\"><p><span style=\"font-size: 12pt; font-family: book antiqua, palatino, serif;\"><a href=\"mailto:petra.pizmoht@gmail.com\">petra.pizmoht@gmail.com<\/a><\/span><br \/><span style=\"font-size: 12pt; font-family: book antiqua, palatino, serif;\"><a href=\"mailto:petra.pizmoht@hvu.si\">petra.pizmoht@hvu.si<\/a><\/span><\/p>\n<hr \/>\n<p><span style=\"font-size: 12pt; font-family: book antiqua, palatino, serif;\">Vizualne komunikacije in multimedija \u2013 P<\/span><br \/><span style=\"font-size: 12pt; font-family: book antiqua, palatino, serif;\">Tehnike in materiali \u2013 P, LV<\/span><br \/><span style=\"font-size: 12pt; font-family: book antiqua, palatino, serif;\">Recikliranje \u2013 P, LV<\/span><br \/><span style=\"font-size: 12pt; font-family: book antiqua, palatino, serif;\">Snovanje dekoracij interierja in eksterierja \u2013 LV<\/span><\/p>\n<hr \/>\n<p><span style=\"font-size: 12pt; font-family: book antiqua, palatino, serif;\">Govorilne ure po dogovoru<\/span><\/p><\/div>\n                        \n                        \n                                        <\/div>\n                    \n                \n            <\/div>\n        <\/div>\n\n    \n        <div>\n            <div class=\"uk-card uk-card-primary\">\n\n                \n                \n                \n                                        <div class=\"uk-card-body\">\n                    \n                                                <div class=\"uk-margin uk-text-center\">\n                            \n<img loading=\"lazy\" decoding=\"async\" src=\"\/visja\/wp-content\/uploads\/sites\/3\/2021\/04\/profilna_slika1.png\" alt=\"Jadranka Seles\" width=\"300\" height=\"300\">                        <\/div>\n                        \n                                                <h3 class=\"uk-panel uk-margin-remove-top\">\n\n                                                            Jadranka Seles                            \n                            \n                        <\/h3>\n                        \n                        \n                                                <div class=\"uk-margin\"><p><span style=\"font-size: 12pt; font-family: book antiqua, palatino, serif;\"><a href=\"mailto:jadranka.seles@hvu.si\">jadranka.seles@hvu.si<\/a><\/span><\/p>\n<hr \/>\n<p><span style=\"font-size: 12pt; font-family: book antiqua, palatino, serif;\">Poslovno sporazumevanje in vodenje \u2013 P, SV, LV<br \/><\/span><\/p>\n<hr \/>\n<p><span style=\"font-size: 12pt; font-family: book antiqua, palatino, serif;\">Govorilne ure: pol ure pred predavanji in po dogovoru<\/span><\/p><\/div>\n                        \n                        \n                                        <\/div>\n                    \n                \n            <\/div>\n        <\/div>\n\n    \n        <div>\n            <div class=\"uk-card uk-card-primary\">\n\n                \n                \n                \n                                        <div class=\"uk-card-body\">\n                    \n                                                <div class=\"uk-margin uk-text-center\">\n                            \n<img loading=\"lazy\" decoding=\"async\" src=\"\/visja\/wp-content\/uploads\/sites\/3\/2021\/04\/profilna_slika1.png\" alt=\"Ingrid Slapnik\" width=\"300\" height=\"300\">                        <\/div>\n                        \n                                                <h3 class=\"uk-panel uk-margin-remove-top\">\n\n                                                            Ingrid Slapnik                            \n                            \n                        <\/h3>\n                        \n                        \n                                                <div class=\"uk-margin\"><p><span style=\"font-size: 12pt; font-family: book antiqua, palatino, serif;\"><a href=\"mailto:ingrid.slapnik@ssgt.si\">ingrid.slapnik@ssgt.si<\/a><\/span><\/p>\n<hr \/>\n<p><span style=\"font-size: 12pt; font-family: book antiqua, palatino, serif;\">Interier \u2013 P, LV<\/span><br \/><span style=\"font-size: 12pt; font-family: book antiqua, palatino, serif;\">Teorija vizualne kulture \u2013 P, LV<\/span><\/p>\n<hr \/>\n<p><span style=\"font-size: 12pt; font-family: book antiqua, palatino, serif;\">Govorilne ure po dogovoru<\/span><\/p><\/div>\n                        \n                        \n                                        <\/div>\n                    \n                \n            <\/div>\n        <\/div>\n\n    \n        <div>\n            <div class=\"uk-card uk-card-primary\">\n\n                \n                \n                \n                                        <div class=\"uk-card-body\">\n                    \n                                                <div class=\"uk-margin uk-text-center\">\n                            \n<img loading=\"lazy\" decoding=\"async\" src=\"\/visja\/wp-content\/uploads\/sites\/3\/2021\/04\/profilna_slika1.png\" alt=\"Anka Rener Krem\u017ear\" width=\"300\" height=\"300\">                        <\/div>\n                        \n                                                <h3 class=\"uk-panel uk-margin-remove-top\">\n\n                                                            Anka Rener Krem\u017ear                            \n                            \n                        <\/h3>\n                        \n                        \n                                                <div class=\"uk-margin\"><p><span style=\"font-size: 12pt; font-family: book antiqua, palatino, serif;\"><a href=\"mailto:fajndizajn.anka@gmail.com\">fajndizajn.anka@gmail.com<\/a><\/span><\/p>\n<hr \/>\n<p><span style=\"font-size: 12pt; font-family: book antiqua, palatino, serif;\">Snovanje dekoracij interierja in eksterierja \u2013 P<br \/>Risanje in slikanje <br \/><\/span><\/p>\n<hr \/>\n<p><span style=\"font-size: 12pt; font-family: book antiqua, palatino, serif;\">Govorilne ure po dogovoru<\/span><\/p><\/div>\n                        \n                        \n                                        <\/div>\n                    \n                \n            <\/div>\n        <\/div>\n\n    \n        <div>\n            <div class=\"uk-card uk-card-primary\">\n\n                \n                \n                \n                                        <div class=\"uk-card-body\">\n                    \n                                                <div class=\"uk-margin uk-text-center\">\n                            \n<img loading=\"lazy\" decoding=\"async\" src=\"\/visja\/wp-content\/uploads\/sites\/3\/2021\/04\/profilna_slika1.png\" alt=\"Karmen Volav\u0161ek\" width=\"300\" height=\"300\">                        <\/div>\n                        \n                                                <h3 class=\"uk-panel uk-margin-remove-top\">\n\n                                                            Karmen Volav\u0161ek                            \n                            \n                        <\/h3>\n                        \n                        \n                                                <div class=\"uk-margin\"><p><span style=\"font-size: 12pt; font-family: book antiqua, palatino, serif;\"><a href=\"mailto:karmen.volavsek@gmail.com\">karmen.volavsek@gmail.com<\/a><\/span><\/p>\n<hr \/>\n<p><span style=\"font-size: 12pt; font-family: book antiqua, palatino, serif;\">Strokovna terminologija v tujem jeziku \u2013 angle\u0161\u010dina \u2013 P, LV<br \/>Stili skozi obdobja \u2013 P, LV<\/span><\/p>\n<hr \/>\n<p><span style=\"font-size: 12pt; font-family: book antiqua, palatino, serif;\">Govorilne ure: ponedeljek, 11.45-12.30 h in po dogovoru<\/span><\/p><\/div>\n                        \n                        \n                                        <\/div>\n                    \n                \n            <\/div>\n        <\/div>\n\n    \n        <div>\n            <div class=\"uk-card uk-card-primary\">\n\n                \n                \n                \n                                        <div class=\"uk-card-body\">\n                    \n                                                <div class=\"uk-margin uk-text-center\">\n                            \n<img loading=\"lazy\" decoding=\"async\" src=\"\/visja\/wp-content\/uploads\/sites\/3\/2021\/04\/profilna_slika1.png\" alt=\"Peter Vre\u010dar\" width=\"300\" height=\"300\">                        <\/div>\n                        \n                                                <h3 class=\"uk-panel uk-margin-remove-top\">\n\n                                                            Peter Vre\u010dar                            \n                            \n                        <\/h3>\n                        \n                        \n                                                <div class=\"uk-margin\"><p><span style=\"font-size: 12pt; font-family: book antiqua, palatino, serif;\"><a href=\"mailto:peter.vrecar@gmail.com\">peter.vrecar@gmail.com<\/a><\/span><\/p>\n<hr \/>\n<p><span style=\"font-size: 12pt; font-family: book antiqua, palatino, serif;\">Osnove tr\u017eenja \u2013 P<\/span><br \/><span style=\"font-size: 12pt; font-family: book antiqua, palatino, serif;\">Komercialno poslovanje \u2013 P<\/span><\/p>\n<hr \/>\n<p><span style=\"font-size: 12pt; font-family: book antiqua, palatino, serif;\">Govorilne ure po dogovoru<\/span><\/p><\/div>\n                        \n                        \n                                        <\/div>\n                    \n                \n            <\/div>\n        <\/div>\n\n    \n        <div>\n            <div class=\"uk-card uk-card-primary\">\n\n                \n                \n                \n                                        <div class=\"uk-card-body\">\n                    \n                                                <div class=\"uk-margin uk-text-center\">\n                            \n<img loading=\"lazy\" decoding=\"async\" src=\"\/visja\/wp-content\/uploads\/sites\/3\/2018\/06\/image8.jpg\" alt=\"Matej Zdovc\" width=\"300\" height=\"300\">                        <\/div>\n                        \n                                                <h3 class=\"uk-panel uk-margin-remove-top\">\n\n                                                            Matej Zdovc                            \n                            \n                        <\/h3>\n                        \n                        \n                                                <div class=\"uk-margin\"><p><span style=\"font-size: 12pt; font-family: book antiqua, palatino, serif;\"><a href=\"mailto:matej.zdovc@guest.arnes.si\">matej.zdovc@guest.arnes.si<\/a><\/span><\/p>\n<hr \/>\n<p><span style=\"font-size: 12pt; font-family: book antiqua, palatino, serif;\">Informatika in statisti\u010dne metode \u2013 P, LV<\/span><\/p>\n<hr \/>\n<p><span style=\"font-size: 12pt; font-family: book antiqua, palatino, serif;\">Govorilne ure po dogovoru<\/span><\/p><\/div>\n                        \n                        \n                                        <\/div>\n                    \n                \n            <\/div>\n        <\/div>\n\n    \n    <\/div>\n\n\n","protected":false},"excerpt":{"rendered":"","protected":false},"author":1,"featured_media":0,"parent":0,"menu_order":0,"comment_status":"closed","ping_status":"closed","template":"","meta":{"footnotes":""},"class_list":["post-440","page","type-page","status-publish","hentry"],"_links":{"self":[{"href":"https:\/\/www.hvu.si\/visja\/wp-json\/wp\/v2\/pages\/440","targetHints":{"allow":["GET"]}}],"collection":[{"href":"https:\/\/www.hvu.si\/visja\/wp-json\/wp\/v2\/pages"}],"about":[{"href":"https:\/\/www.hvu.si\/visja\/wp-json\/wp\/v2\/types\/page"}],"author":[{"embeddable":true,"href":"https:\/\/www.hvu.si\/visja\/wp-json\/wp\/v2\/users\/1"}],"replies":[{"embeddable":true,"href":"https:\/\/www.hvu.si\/visja\/wp-json\/wp\/v2\/comments?post=440"}],"version-history":[{"count":1,"href":"https:\/\/www.hvu.si\/visja\/wp-json\/wp\/v2\/pages\/440\/revisions"}],"predecessor-version":[{"id":441,"href":"https:\/\/www.hvu.si\/visja\/wp-json\/wp\/v2\/pages\/440\/revisions\/441"}],"wp:attachment":[{"href":"https:\/\/www.hvu.si\/visja\/wp-json\/wp\/v2\/media?parent=440"}],"curies":[{"name":"wp","href":"https:\/\/api.w.org\/{rel}","templated":true}]}}