{"id":3733,"date":"2025-09-25T23:29:24","date_gmt":"2025-09-25T21:29:24","guid":{"rendered":"https:\/\/www.hvu.si\/visja\/?page_id=3733"},"modified":"2025-09-25T23:29:24","modified_gmt":"2025-09-25T21:29:24","slug":"fotografija","status":"publish","type":"page","link":"https:\/\/www.hvu.si\/visja\/fotografija\/","title":{"rendered":"Fotografija"},"content":{"rendered":"<table style=\"width: 89.9191%\" border=\"1\" cellspacing=\"0\" cellpadding=\"3\">\n<tbody>\n<tr>\n<td style=\"width: 98.858%\" colspan=\"2\" width=\"604\">\n<div style=\"text-align: center\"><span style=\"font-family: 'book antiqua', palatino, serif\"><strong>\u00a0\u00a0\u00a0\u00a0\u00a0\u00a0\u00a0\u00a0 FOTOGRAFIJA\u00a0 1. letnik<\/strong><\/span><\/div>\n<\/td>\n<\/tr>\n<tr>\n<td style=\"width: 38.1766%\" width=\"160\">\n<div><span style=\"font-family: 'book antiqua', palatino, serif\">10.00 \u2013 11.15<\/span><\/div>\n<div><span style=\"font-family: 'book antiqua', palatino, serif\">Uvodna predstavitev<\/span><\/div>\n<div><span style=\"font-family: 'book antiqua', palatino, serif\">Predavalnica 25<\/span><\/div>\n<\/td>\n<td style=\"width: 60.6814%\" width=\"444\">\n<div><span style=\"font-family: 'book antiqua', palatino, serif\">11.30 \u2013 14.30<\/span><\/div>\n<div><span style=\"font-family: 'book antiqua', palatino, serif\">OBF<\/span><\/div>\n<div><span style=\"font-family: 'book antiqua', palatino, serif\">mag. Andreja D\u017eaku\u0161i\u010d<\/span><\/div>\n<div><span style=\"font-family: 'book antiqua', palatino, serif\">U\u010dilnica 48<\/span><\/div>\n<\/td>\n<\/tr>\n<\/tbody>\n<\/table>\n<p>&nbsp;<\/p>\n<p>&nbsp;<\/p>\n","protected":false},"excerpt":{"rendered":"<p>\u00a0\u00a0\u00a0\u00a0\u00a0\u00a0\u00a0\u00a0 FOTOGRAFIJA\u00a0 1. letnik 10.00 \u2013 11.15 Uvodna predstavitev Predavalnica 25 11.30 \u2013 14.30 OBF mag. Andreja D\u017eaku\u0161i\u010d U\u010dilnica 48 &nbsp; &nbsp;<\/p>\n","protected":false},"author":6,"featured_media":0,"parent":0,"menu_order":0,"comment_status":"closed","ping_status":"closed","template":"","meta":{"footnotes":""},"class_list":["post-3733","page","type-page","status-publish","hentry"],"_links":{"self":[{"href":"https:\/\/www.hvu.si\/visja\/wp-json\/wp\/v2\/pages\/3733","targetHints":{"allow":["GET"]}}],"collection":[{"href":"https:\/\/www.hvu.si\/visja\/wp-json\/wp\/v2\/pages"}],"about":[{"href":"https:\/\/www.hvu.si\/visja\/wp-json\/wp\/v2\/types\/page"}],"author":[{"embeddable":true,"href":"https:\/\/www.hvu.si\/visja\/wp-json\/wp\/v2\/users\/6"}],"replies":[{"embeddable":true,"href":"https:\/\/www.hvu.si\/visja\/wp-json\/wp\/v2\/comments?post=3733"}],"version-history":[{"count":1,"href":"https:\/\/www.hvu.si\/visja\/wp-json\/wp\/v2\/pages\/3733\/revisions"}],"predecessor-version":[{"id":3734,"href":"https:\/\/www.hvu.si\/visja\/wp-json\/wp\/v2\/pages\/3733\/revisions\/3734"}],"wp:attachment":[{"href":"https:\/\/www.hvu.si\/visja\/wp-json\/wp\/v2\/media?parent=3733"}],"curies":[{"name":"wp","href":"https:\/\/api.w.org\/{rel}","templated":true}]}}