{"id":3730,"date":"2025-09-25T23:26:39","date_gmt":"2025-09-25T21:26:39","guid":{"rendered":"https:\/\/www.hvu.si\/visja\/?page_id=3730"},"modified":"2025-09-25T23:26:39","modified_gmt":"2025-09-25T21:26:39","slug":"hortikultura","status":"publish","type":"page","link":"https:\/\/www.hvu.si\/visja\/hortikultura\/","title":{"rendered":"Hortikultura"},"content":{"rendered":"<table border=\"1\" cellspacing=\"0\" cellpadding=\"3\">\n<tbody>\n<tr>\n<td colspan=\"3\" width=\"604\">\n<div style=\"text-align: center\"><span style=\"font-family: 'book antiqua', palatino, serif\"><strong>\u00a0<\/strong><\/span><span style=\"font-family: 'book antiqua', palatino, serif\"><strong>HORTIKULTURA\u00a0\u00a0 1. letnik<\/strong><\/span><\/div>\n<\/td>\n<\/tr>\n<tr>\n<td width=\"160\">\n<div><span style=\"font-family: 'book antiqua', palatino, serif\">10.00 \u2013 11.15<\/span><\/div>\n<div><span style=\"font-family: 'book antiqua', palatino, serif\">Uvodna predstavitev<\/span><\/div>\n<div><span style=\"font-family: 'book antiqua', palatino, serif\">Predavalnica 25<\/span><\/div>\n<div>\u00a0<\/div>\n<\/td>\n<td width=\"217\">\n<div><span style=\"font-family: 'book antiqua', palatino, serif\">11.30 \u2013 13.00<\/span><\/div>\n<div><span style=\"font-family: 'book antiqua', palatino, serif\">KPO<\/span><\/div>\n<div><span style=\"font-family: 'book antiqua', palatino, serif\">Andreja Ger\u010der<\/span><\/div>\n<div><span style=\"font-family: 'book antiqua', palatino, serif\">U\u010dilnica 23<\/span><\/div>\n<\/td>\n<td width=\"226\">\n<div><span style=\"font-family: 'book antiqua', palatino, serif\">13.30 \u2013 15.00<\/span><\/div>\n<div><span style=\"font-family: 'book antiqua', palatino, serif\">VTH<\/span><\/div>\n<div><span style=\"font-family: 'book antiqua', palatino, serif\">Anja \u017du\u017eej Gobec<\/span><\/div>\n<div><span style=\"font-family: 'book antiqua', palatino, serif\">U\u010dilnica 23<\/span><\/div>\n<\/td>\n<\/tr>\n<\/tbody>\n<\/table>\n<p>&nbsp;<\/p>\n<table style=\"width: 64.0519%\" border=\"1\" cellspacing=\"0\" cellpadding=\"3\">\n<tbody>\n<tr>\n<td style=\"width: 72.5245%\" colspan=\"2\" width=\"604\">\n<div style=\"text-align: center\"><span style=\"font-family: 'book antiqua', palatino, serif\"><strong>HORTIKULTURA\u00a0\u00a0 2. letnik<\/strong><\/span><\/div>\n<\/td>\n<\/tr>\n<tr>\n<td style=\"width: 32.65%\" width=\"160\">\n<div><span style=\"font-family: 'book antiqua', palatino, serif\">9.30 \u2013 10.00<\/span><\/div>\n<div><span style=\"font-family: 'book antiqua', palatino, serif\">Uvodna predstavitev<\/span><\/div>\n<div><span style=\"font-family: 'book antiqua', palatino, serif\">U\u010dilnica 22<\/span><\/div>\n<\/td>\n<td style=\"width: 39.8745%\" width=\"444\">\n<div><span style=\"font-family: 'book antiqua', palatino, serif\">10.00 \u2013 13.00<\/span><\/div>\n<div><span style=\"font-family: 'book antiqua', palatino, serif\">PRI II \/ PDR<\/span><\/div>\n<div><span style=\"font-family: 'book antiqua', palatino, serif\">Barbara Pajk<\/span><\/div>\n<div><span style=\"font-family: 'book antiqua', palatino, serif\">U\u010dilnica 22<\/span><\/div>\n<\/td>\n<\/tr>\n<\/tbody>\n<\/table>\n","protected":false},"excerpt":{"rendered":"<p>\u00a0HORTIKULTURA\u00a0\u00a0 1. letnik 10.00 \u2013 11.15 Uvodna predstavitev Predavalnica 25 \u00a0 11.30 \u2013 13.00 KPO Andreja Ger\u010der U\u010dilnica 23 13.30 \u2013 15.00 VTH Anja \u017du\u017eej Gobec U\u010dilnica 23 &nbsp; HORTIKULTURA\u00a0\u00a0 [&hellip;]<\/p>\n","protected":false},"author":6,"featured_media":0,"parent":0,"menu_order":0,"comment_status":"closed","ping_status":"closed","template":"","meta":{"footnotes":""},"class_list":["post-3730","page","type-page","status-publish","hentry"],"_links":{"self":[{"href":"https:\/\/www.hvu.si\/visja\/wp-json\/wp\/v2\/pages\/3730","targetHints":{"allow":["GET"]}}],"collection":[{"href":"https:\/\/www.hvu.si\/visja\/wp-json\/wp\/v2\/pages"}],"about":[{"href":"https:\/\/www.hvu.si\/visja\/wp-json\/wp\/v2\/types\/page"}],"author":[{"embeddable":true,"href":"https:\/\/www.hvu.si\/visja\/wp-json\/wp\/v2\/users\/6"}],"replies":[{"embeddable":true,"href":"https:\/\/www.hvu.si\/visja\/wp-json\/wp\/v2\/comments?post=3730"}],"version-history":[{"count":1,"href":"https:\/\/www.hvu.si\/visja\/wp-json\/wp\/v2\/pages\/3730\/revisions"}],"predecessor-version":[{"id":3731,"href":"https:\/\/www.hvu.si\/visja\/wp-json\/wp\/v2\/pages\/3730\/revisions\/3731"}],"wp:attachment":[{"href":"https:\/\/www.hvu.si\/visja\/wp-json\/wp\/v2\/media?parent=3730"}],"curies":[{"name":"wp","href":"https:\/\/api.w.org\/{rel}","templated":true}]}}