{"id":33,"date":"2017-10-17T20:34:33","date_gmt":"2017-10-17T19:34:33","guid":{"rendered":"http:\/\/873.gvs.arnes.si\/visja\/?page_id=33"},"modified":"2025-01-07T17:43:16","modified_gmt":"2025-01-07T16:43:16","slug":"organi-visje-strokovne-sole","status":"publish","type":"page","link":"https:\/\/www.hvu.si\/visja\/organi-visje-strokovne-sole\/","title":{"rendered":"Organi Vi\u0161je strokovne \u0161ole"},"content":{"rendered":"<p style=\"text-align: justify\"><span style=\"font-family: book antiqua, palatino, serif;font-size: 14pt\">Organi VS\u0160 so:<\/span><\/p>\n<ul style=\"text-align: justify\">\n<li><span style=\"font-family: book antiqua, palatino, serif;font-size: 14pt\">Strate\u0161ki svet,<\/span><\/li>\n<li><span style=\"font-family: book antiqua, palatino, serif;font-size: 14pt\">Ravnatelj VS\u0160,<\/span><\/li>\n<li><span style=\"font-family: book antiqua, palatino, serif;font-size: 14pt\">Predavateljski zbor,<\/span><\/li>\n<li><span style=\"font-family: book antiqua, palatino, serif;font-size: 14pt\">Strokovni aktivi,<\/span><\/li>\n<li><span style=\"font-family: book antiqua, palatino, serif;font-size: 14pt\">\u0160tudijska komisija,<\/span><\/li>\n<li><span style=\"font-family: book antiqua, palatino, serif;font-size: 14pt\">Komisija za spremljanje in zagotavljanje kakovosti.<\/span><\/li>\n<\/ul>\n<h2 style=\"text-align: justify\"><span style=\"font-family: book antiqua, palatino, serif;font-size: 18pt\">Strate\u0161ki svet<\/span><\/h2>\n<p style=\"text-align: justify\"><span style=\"font-family: book antiqua, palatino, serif;font-size: 14pt\">Strate\u0161ki svet VS\u0160 sestavljajo predsednica, trije predavatelji VS\u0160, dva predstavnika Obrtno podjetni\u0161ke zbornice, dve \u0161tudentki in ena diplomantka.<\/span><\/p>\n<p style=\"text-align: justify\"><span style=\"font-family: book antiqua, palatino, serif;font-size: 14pt\">Opravlja naloge, ki mu jih nalaga 10. \u010dlen Zakona o vi\u0161jem strokovnem izobra\u017eevanju:<\/span><\/p>\n<ul style=\"text-align: justify\">\n<li><span style=\"font-family: book antiqua, palatino, serif;font-size: 14pt\">obravnava Letni delovni na\u010drt \u0161ole in spremlja realizacijo le-tega,<\/span><\/li>\n<li><span style=\"font-family: book antiqua, palatino, serif;font-size: 14pt\">obravnava Samoevalvacijsko poro\u010dilo za preteklo \u0161tudijsko leto,<\/span><\/li>\n<li><span style=\"font-family: book antiqua, palatino, serif;font-size: 14pt\">obravnava predlagan Finan\u010dni na\u010drt zavoda,<\/span><\/li>\n<li><span style=\"font-family: book antiqua, palatino, serif;font-size: 14pt\">obravnava poro\u010dila o \u0161tudijski problematiki oziroma zadeve, ki mu jih predlo\u017eijo Predavateljski zbor, \u0160tudijska komisija, Komisija za spremljanje in zagotavljanje kakovosti, \u0161olska in\u0161pekcija ali \u0161tudenti,<\/span><\/li>\n<li><span style=\"font-family: book antiqua, palatino, serif;font-size: 14pt\">sodeluje z vsemi organi \u0161ole in spremlja zagotavljanje kakovosti vi\u0161je\u0161olskega \u0161tudija.<\/span><\/li>\n<\/ul>\n<h2 style=\"text-align: justify\"><span style=\"font-family: book antiqua, palatino, serif;font-size: 18pt\">Ravnatelj<\/span><\/h2>\n<p style=\"text-align: justify\"><span style=\"font-family: book antiqua, palatino, serif;font-size: 14pt\">Ravnatelj VS\u0160 je Rafael Hrustel, univ. dipl. in\u017e. agr..<\/span><\/p>\n<h2 style=\"text-align: justify\"><span style=\"font-family: book antiqua, palatino, serif;font-size: 18pt\">Predavateljski zbor<\/span><\/h2>\n<p style=\"text-align: justify\"><span style=\"font-family: book antiqua, palatino, serif;font-size: 14pt\">Predavateljski zbor za redni in izredni \u0161tudij sestavljajo predavatelji, in\u0161truktorji in laboranti. V obeh programih jih je skupaj 27, nekateri med njimi so zunanji.<\/span><\/p>\n<h2 style=\"text-align: justify\"><span style=\"font-family: book antiqua, palatino, serif;font-size: 18pt\">Strokovni aktivi<\/span><\/h2>\n<p style=\"text-align: justify\"><span style=\"font-family: book antiqua, palatino, serif;font-size: 14pt\">Strokovne aktive, ki jih je na VS\u0160 \u0161est, sestavljajo predavatelji istega modula\/predmeta in predmetnih podro\u010dij. Strokovni aktiv obravnava problematiko modula\/predmeta in predmetnega podro\u010dja, usklajuje merila za ocenjevanje, daje predavateljskemu zboru predloge za izbolj\u0161anje \u0161tudijskega dela, obravnava pripombe \u0161tudentov VS\u0160 in opravlja druge strokovne naloge, dolo\u010dene z Letnim delovnim na\u010drtom.<\/span><\/p>\n<h2 style=\"text-align: justify\"><span style=\"font-family: book antiqua, palatino, serif;font-size: 18pt\">\u0160tudijska komisija<\/span><\/h2>\n<p style=\"text-align: justify\"><span style=\"font-family: book antiqua, palatino, serif;font-size: 14pt\">\u0160tudijsko komisijo sestavljajo 4 predavatelji in predsednica. \u010clane \u0160tudijske komisije imenuje predavateljski zbor za 4 leta in so lahko ponovno imenovani.<\/span><\/p>\n<p style=\"text-align: justify\"><span style=\"font-family: book antiqua, palatino, serif;font-size: 14pt\">\u0160tudijska komisija obravnava vpra\u0161anja glede vpisa \u0161tudentov in njihovega napredovanja v vi\u0161ji letnik. Obravnava vpra\u0161anja v zvezi s prilagajanjem in posodabljanja programa, ki ga izvaja VS\u0160. Predavateljski zbor lahko komisijo pooblasti tudi za druga dela povezana z izobra\u017eevalnim programom.<\/span><\/p>\n<h2 style=\"text-align: justify\"><span style=\"font-family: book antiqua, palatino, serif;font-size: 18pt\">Komisija za spremljanje in zagotavljanje kakovosti<\/span><\/h2>\n<p style=\"text-align: justify\"><span style=\"font-family: book antiqua, palatino, serif;font-size: 14pt\">Komisijo za spremljanje in zagotavljanje kakovosti sestavljajo predsednica, \u0161est \u010dlanov Predavateljskega zbora in dve \u0161tudentki.<\/span><\/p>\n<p style=\"text-align: justify\"><span style=\"font-family: book antiqua, palatino, serif;font-size: 14pt\">Komisija za spremljanje in zagotavljanje kakovosti opravlja naslednje naloge:<\/span><\/p>\n<ul>\n<li style=\"text-align: justify\"><span style=\"font-family: book antiqua, palatino, serif;font-size: 14pt\">ustvarja razmere za uveljavljanje in razvijanje kakovosti izobra\u017eevalnega dela na \u0161oli,<\/span><\/li>\n<li style=\"text-align: justify\"><span style=\"font-family: book antiqua, palatino, serif;font-size: 14pt\">vzpostavlja mehanizme za sprotno spremljanje in ocenjevanje kakovosti ter u\u010dinkovitosti dela na \u0161oli z dolo\u010ditvijo metod vrednotenja, subjektov evalvacije, z izbiro in\u0161trumentov in meril evalvacije in dolo\u010ditvijo vsebin evalvacije,<\/span><\/li>\n<li style=\"text-align: justify\"><span style=\"font-family: book antiqua, palatino, serif;font-size: 14pt\">na\u010drtuje, organizira in usklajuje spremljanje in zagotavljanje kakovosti na \u0161oli,<\/span><\/li>\n<li style=\"text-align: justify\"><span style=\"font-family: book antiqua, palatino, serif;font-size: 14pt\">sodeluje s Svetom za evalvacijo visokega \u0161olstva in opravi primerjanje z drugimi vi\u0161jimi strokovnimi \u0161olami doma in v tujini,<\/span><\/li>\n<li style=\"text-align: justify\"><span style=\"font-family: book antiqua, palatino, serif;font-size: 14pt\">spremlja zaposlitvene mo\u017enosti diplomantov in na podlagi odziva delodajalcev oblikuje predloge izbolj\u0161av,<\/span><\/li>\n<li style=\"text-align: justify\"><span style=\"font-family: book antiqua, palatino, serif;font-size: 14pt\">pripravlja evalvacijska poro\u010dila za obravnavo na Strate\u0161kem svetu oziroma Svetu Vi\u0161je strokovne \u0161ole in v Skupnosti vi\u0161jih strokovnih \u0161ol,<\/span><\/li>\n<li style=\"text-align: justify\"><span style=\"font-family: book antiqua, palatino, serif;font-size: 14pt\">pripravlja letna poro\u010dila o evalvaciji in samoevalvaciji za obravnavo na Svetu za evalvacijo v visokem \u0161olstvu in Komisiji za akreditacijo vi\u0161je\u0161olskih \u0161tudijskih programov.<\/span><\/li>\n<\/ul>\n","protected":false},"excerpt":{"rendered":"<p>Organi VS\u0160 so: Strate\u0161ki svet, Ravnatelj VS\u0160, Predavateljski zbor, Strokovni aktivi, \u0160tudijska komisija, Komisija za spremljanje in zagotavljanje kakovosti. Strate\u0161ki svet Strate\u0161ki svet VS\u0160 sestavljajo predsednica, trije predavatelji VS\u0160, dva [&hellip;]<\/p>\n","protected":false},"author":1,"featured_media":0,"parent":0,"menu_order":0,"comment_status":"closed","ping_status":"closed","template":"","meta":{"footnotes":""},"class_list":["post-33","page","type-page","status-publish","hentry"],"_links":{"self":[{"href":"https:\/\/www.hvu.si\/visja\/wp-json\/wp\/v2\/pages\/33","targetHints":{"allow":["GET"]}}],"collection":[{"href":"https:\/\/www.hvu.si\/visja\/wp-json\/wp\/v2\/pages"}],"about":[{"href":"https:\/\/www.hvu.si\/visja\/wp-json\/wp\/v2\/types\/page"}],"author":[{"embeddable":true,"href":"https:\/\/www.hvu.si\/visja\/wp-json\/wp\/v2\/users\/1"}],"replies":[{"embeddable":true,"href":"https:\/\/www.hvu.si\/visja\/wp-json\/wp\/v2\/comments?post=33"}],"version-history":[{"count":5,"href":"https:\/\/www.hvu.si\/visja\/wp-json\/wp\/v2\/pages\/33\/revisions"}],"predecessor-version":[{"id":3101,"href":"https:\/\/www.hvu.si\/visja\/wp-json\/wp\/v2\/pages\/33\/revisions\/3101"}],"wp:attachment":[{"href":"https:\/\/www.hvu.si\/visja\/wp-json\/wp\/v2\/media?parent=33"}],"curies":[{"name":"wp","href":"https:\/\/api.w.org\/{rel}","templated":true}]}}