{"id":30,"date":"2017-10-17T20:32:17","date_gmt":"2017-10-17T19:32:17","guid":{"rendered":"http:\/\/873.gvs.arnes.si\/visja\/?page_id=30"},"modified":"2025-01-27T17:56:59","modified_gmt":"2025-01-27T16:56:59","slug":"poslanstvo-vizija-vrednote-cilji","status":"publish","type":"page","link":"https:\/\/www.hvu.si\/visja\/poslanstvo-vizija-vrednote-cilji\/","title":{"rendered":"Poslanstvo, vizija, vrednote, cilji"},"content":{"rendered":"<h1><span style=\"font-family: book antiqua, palatino, serif; font-size: 24pt;\"><a href=\"\/visja\/wp-content\/uploads\/sites\/3\/2023\/05\/DRP_2023-27.pdf\"><span style=\"color: #800000;\">Dolgoro\u010dni razvojni program Vi\u0161je strokovne \u0161ole za obdobje 2023\u20132027<\/span><\/a><\/span><span style=\"font-family: book antiqua, palatino, serif; font-size: 24pt;\"> <a href=\"\/visja\/wp-content\/uploads\/sites\/3\/2023\/05\/DRP_2023-27.pdf\"><span style=\"color: #800000;\"><span style=\"font-size: 14pt;\">(dopolnjeno 2025)<\/span><\/span><\/a><\/span><\/h1>\n<h1 style=\"text-align: justify;\"><span style=\"font-family: book antiqua, palatino, serif; font-size: 18pt;\">Poslanstvo<\/span><\/h1>\n<p style=\"text-align: justify;\"><span style=\"font-family: book antiqua, palatino, serif; font-size: 14pt;\">Poslanstvo VS\u0160 je izobra\u017eevanje rednih \u0161tudentov in odraslih na vi\u0161je\u0161olskem nivoju in organiziranje ter izvajanje drugih oblik izobra\u017eevanja na podro\u010djih fotografije, \u00a0hortikulture in snovanja vizualnih komunikacij in tr\u017eenja<\/span><\/p>\n<p style=\"text-align: justify;\"><span style=\"font-family: book antiqua, palatino, serif; font-size: 14pt;\">Na\u0161e vodilo je, da je pedago\u0161ko izobra\u017eevalni proces v tesni povezavi z okoljem (bivanjskim, poslovnim in naravnim okoljem), kjer spodbujamo vse\u017eivljenjsko u\u010denje, zagotavljamo kakovost in ugodno delovno in bivanjsko klimo ter uporabljamo nove, moderne oblike izobra\u017eevanj in usposabljanj.<\/span><\/p>\n<h1 style=\"text-align: justify;\"><span style=\"font-family: book antiqua, palatino, serif; font-size: 18pt;\">Vizija<\/span><\/h1>\n<p style=\"text-align: justify;\"><span style=\"font-family: book antiqua, palatino, serif; font-size: 14pt;\">Vizija VS\u0160 je postati pomemben dejavnik razvoja, ki skupaj z gospodarstvom, drugimi \u0161olami, in\u0161titucijami na lokalnem, regionalnem, dr\u017eavnem in mednarodnem nivoju z razli\u010dnimi programi pokriva potrebe po formalnem in neformalnem izobra\u017eevanju s podro\u010dij fotografije, hortikulture in vizualnih komunikacij in tr\u017eenja. Dodati \u017eelimo nove izobra\u017eevalne programe, prilagojene tr\u017enim zahtevam, prav tako tudi nove programe usposabljanj za odrasle.<\/span><\/p>\n<p style=\"text-align: justify;\"><span style=\"font-family: book antiqua, palatino, serif; font-size: 14pt;\">\u017delimo nadaljevati pot poslovne odli\u010dnosti in ostati ugledna in priznana izobra\u017eevalna institucija.<\/span><\/p>\n<p style=\"text-align: justify;\"><span style=\"font-family: book antiqua, palatino, serif; font-size: 14pt;\">\u017delimo biti prepoznavni po inovativnosti, tehni\u010dnih znanjih, razvojnih projektih, vse\u017eivljenjskemu u\u010denju, kakovostnih pedago\u0161kih metodah na lokalni, nacionalni in mednarodni ravni, predvsem pa \u017eelimo biti \u0161e bolj vklju\u010deni v proces dela v gospodarstvu in imeti aktivno vlogo v okolju, kjer \u017eelimo ohraniti zaupanje v na\u0161e diplomante in zaposlene.<\/span><\/p>\n<h1 style=\"text-align: justify;\"><span style=\"font-family: book antiqua, palatino, serif; font-size: 18pt;\">Vrednote<\/span><\/h1>\n<p style=\"text-align: justify;\"><span style=\"font-family: book antiqua, palatino, serif; font-size: 14pt;\">Vrednote, ki jim dajemo posebno veljavo na na\u0161i \u0161oli, so:<\/span><\/p>\n<ul style=\"text-align: justify;\">\n<li><span style=\"font-family: book antiqua, palatino, serif; font-size: 14pt;\">znanje in inovativnost ter vztrajnost vseh dele\u017enikov v procesu izobra\u017eevanja,<\/span><\/li>\n<li><span style=\"font-family: book antiqua, palatino, serif; font-size: 14pt;\">spodbujanje kriti\u010dnosti, delavnosti in ustvarjalnosti ter samomotivacije za delo in \u0161tudij,<\/span><\/li>\n<li><span style=\"font-family: book antiqua, palatino, serif; font-size: 14pt;\">dobra in odprta komunikacija med izvajalci in udele\u017eenci izobra\u017eevanja,<\/span><\/li>\n<li><span style=\"font-family: book antiqua, palatino, serif; font-size: 14pt;\">visoka strokovna usposobljenost u\u010diteljev, interdisciplinarnost, aktualnost in fleksibilnost znanja (poslovna odli\u010dnost),<\/span><\/li>\n<li><span style=\"font-family: book antiqua, palatino, serif; font-size: 14pt;\">skrb za telesno in du\u0161evno zdravje delavcev \u0161ole, dijakov, \u0161tudentov in drugih udele\u017eencev izobra\u017eevanja,<\/span><\/li>\n<li><span style=\"font-family: book antiqua, palatino, serif; font-size: 14pt;\">dobri medsebojni odnosi, ki temeljijo na po\u0161tenosti, iskrenosti, spo\u0161tovanju, strpnosti in sprejemanju druga\u010dnosti,<\/span><\/li>\n<li><span style=\"font-family: book antiqua, palatino, serif; font-size: 14pt;\">spo\u0161tovanje naravne in kulturne dedi\u0161\u010dine, tradicije in modernih pristopov ter skrb za varstvo okolja in sonaraven, trajnostni razvoj.<\/span><\/li>\n<\/ul>\n<h1><span style=\"font-family: book antiqua, palatino, serif; font-size: 18pt;\"><strong>Klju\u010dne strategije VS\u0160<\/strong><\/span><\/h1>\n<ul>\n<li><span style=\"font-family: book antiqua, palatino, serif; font-size: 14pt;\">zagotavljanje visoke kakovosti VS\u0160,<\/span><\/li>\n<li><span style=\"font-family: book antiqua, palatino, serif; font-size: 14pt;\">lokalno, regionalno in nacionalno povezovanje z\u00a0 razli\u010dnimi in\u0161titucijami,<\/span><\/li>\n<li><span style=\"font-family: book antiqua, palatino, serif; font-size: 14pt;\">skrb za prepoznavnost VS\u0160 doma in v tujini,<\/span><\/li>\n<li><span style=\"font-family: book antiqua, palatino, serif; font-size: 14pt;\">zagotavljanje uporabnih prakti\u010dnih znanj,<\/span><\/li>\n<li><span style=\"font-family: book antiqua, palatino, serif; font-size: 14pt;\">individualizacija \u0161tudija,<\/span><\/li>\n<li><span style=\"font-family: book antiqua, palatino, serif; font-size: 14pt;\">razvoj novih vi\u0161je\u0161olskih \u0161tudijskih programov,<\/span><\/li>\n<li><span style=\"font-family: book antiqua, palatino, serif; font-size: 14pt;\">spodbujanje vse\u017eivljenjskega u\u010denja s ponudbo aktualnih strokovnih znanj za razli\u010dne ciljne skupine (dijake, \u0161tudente, diplomante in delodajalce).<\/span><\/li>\n<\/ul>\n<h1 style=\"text-align: justify;\"><span style=\"font-family: book antiqua, palatino, serif; font-size: 18pt;\">Cilji<\/span><\/h1>\n<p style=\"text-align: justify;\"><span style=\"font-family: book antiqua, palatino, serif; font-size: 14pt;\">Na\u0161i cilji so:<\/span><\/p>\n<ul style=\"text-align: justify;\">\n<li><span style=\"font-family: book antiqua, palatino, serif; font-size: 14pt;\">Izvajanje poklicnega in strokovnega izobra\u017eevanja, ki bo usklajeno s potrebami razvoja, v skladu z veljavno zakonodajo, vklju\u010dno z izvajanjem predpisanih ukrepov za zagotavljanje varnosti in zdravja pri delu, ter bo omogo\u010dalo uspe\u0161no in strokovno delo v procesih prestrukturiranja in prilagajanja hortikulture in vizualnih umetnosti sodobnim razvojnim te\u017enjam ter evropskim standardom,<\/span><\/li>\n<li><span style=\"font-family: book antiqua, palatino, serif; font-size: 14pt;\">skrb za ve\u010djo u\u010dno uspe\u0161nost in ustvarjanje spodbudnega u\u010dnega okolja,<\/span><\/li>\n<li><span style=\"font-family: book antiqua, palatino, serif; font-size: 14pt;\">povezava splo\u0161no-izobra\u017eevalnih in strokovnih predmetov ter prakti\u010dnega usposabljanja,<\/span><\/li>\n<li><span style=\"font-family: book antiqua, palatino, serif; font-size: 14pt;\">aktivno sodelovanje \u0161tudentov in u\u010diteljev v izobra\u017eevalnem procesu, sodelovanje z delodajalci in z drugo strokovno in lai\u010dno javnostjo v Sloveniji,<\/span><\/li>\n<li><span style=\"font-family: book antiqua, palatino, serif; font-size: 14pt;\">povezovanje s sorodnimi \u0161olami in delovnimi organizacijami v tujini,<\/span><\/li>\n<li><span style=\"font-family: book antiqua, palatino, serif; font-size: 14pt;\">izbolj\u0161anje stikov med u\u010ditelji, dijaki, \u0161tudenti in drugimi dele\u017eniki v izobra\u017eevalnem procesu ter krepitev medsebojnega zaupanja,<\/span><\/li>\n<li><span style=\"font-family: book antiqua, palatino, serif; font-size: 14pt;\">integracija mladine in odraslih s posebnimi potrebami v izobra\u017eevalno delo,<\/span><\/li>\n<li><span style=\"font-family: book antiqua, palatino, serif; font-size: 14pt;\">povezava VS\u0160 z okoljem na strokovnem, socialnem in dru\u017eabnem podro\u010dju ter obve\u0161\u010danje in poro\u010danje o \u0161olskih aktivnostih,<\/span><\/li>\n<li><span style=\"font-family: book antiqua, palatino, serif; font-size: 14pt;\">nadgrajevanje in povezovanje pedago\u0161kega procesa s projekti, razvojno raziskovalnimi aktivnostmi ter stalnimi usposabljanji strokovnega kadra,<\/span><\/li>\n<li><span style=\"font-family: book antiqua, palatino, serif; font-size: 14pt;\">zagotavljanje ustreznih materialnih in kadrovskih pogojev za uspe\u0161no delo in zagotavljanje kakovosti izobra\u017eevanja in dela,<\/span><\/li>\n<li><span style=\"font-family: book antiqua, palatino, serif; font-size: 14pt;\">razvijanje prijazne, uspe\u0161ne in zgleda vredne \u0161olske kulture,<\/span><\/li>\n<li><span style=\"font-family: book antiqua, palatino, serif; font-size: 14pt;\">skrb za bivanjsko, poslovno in naravno okolje, za izbolj\u0161anje le-tega ter sonaravni in trajnostni razvoj pode\u017eelja in mestnega okolja,<\/span><\/li>\n<li><span style=\"font-family: book antiqua, palatino, serif; font-size: 14pt;\">dvigovanje kakovosti VS\u0160 na vseh nivojih.<\/span><\/li>\n<\/ul>\n<p style=\"text-align: justify;\"><span style=\"font-family: book antiqua, palatino, serif; font-size: 14pt;\">V Letnem delovnem na\u010drtu Vi\u0161je strokovne \u0161ole so opisane naloge, ki jih bodo v tem \u0161tudijskem letu izpolnjevali predavatelji, in\u0161truktorji, laboranti in \u0161tudentke ter \u0161tudenti. Dolo\u010den del dejavnosti je skupen celotnemu zavodu in se tudi enotno izvaja.<\/span><\/p>\n<p style=\"text-align: justify;\"><span style=\"font-family: book antiqua, palatino, serif; font-size: 14pt;\">Vodstvo Vi\u0161je strokovne \u0161ole zavezujejo zakonsko dolo\u010dene obveznosti, ki posegajo na podro\u010dje zagotavljanja kakovosti izobra\u017eevalnega procesa.<\/span><\/p>\n<p style=\"text-align: justify;\"><span style=\"font-family: book antiqua, palatino, serif; font-size: 14pt;\">Pedago\u0161ki proces morajo spremljati sodobna didakti\u010dna sredstva, ki omogo\u010dajo uporabo sodobnih oblik in metod dela predavateljev, in\u0161truktorjev in laborantov.<\/span><\/p>\n<p style=\"text-align: justify;\"><span style=\"font-family: book antiqua, palatino, serif; font-size: 14pt;\">Upamo, da bo ob koncu \u0161tudijskega leta uresni\u010denih ve\u010dina na\u010drtovanih nalog in da bo kakovostno delo povezovalni element vseh, ki smo udele\u017eeni v izobra\u017eevalnem procesu.<\/span><\/p>\n","protected":false},"excerpt":{"rendered":"<p>Dolgoro\u010dni razvojni program Vi\u0161je strokovne \u0161ole za obdobje 2023\u20132027 (dopolnjeno 2025) Poslanstvo Poslanstvo VS\u0160 je izobra\u017eevanje rednih \u0161tudentov in odraslih na vi\u0161je\u0161olskem nivoju in organiziranje ter izvajanje drugih oblik izobra\u017eevanja [&hellip;]<\/p>\n","protected":false},"author":1,"featured_media":0,"parent":0,"menu_order":0,"comment_status":"closed","ping_status":"closed","template":"","meta":{"footnotes":""},"class_list":["post-30","page","type-page","status-publish","hentry"],"_links":{"self":[{"href":"https:\/\/www.hvu.si\/visja\/wp-json\/wp\/v2\/pages\/30","targetHints":{"allow":["GET"]}}],"collection":[{"href":"https:\/\/www.hvu.si\/visja\/wp-json\/wp\/v2\/pages"}],"about":[{"href":"https:\/\/www.hvu.si\/visja\/wp-json\/wp\/v2\/types\/page"}],"author":[{"embeddable":true,"href":"https:\/\/www.hvu.si\/visja\/wp-json\/wp\/v2\/users\/1"}],"replies":[{"embeddable":true,"href":"https:\/\/www.hvu.si\/visja\/wp-json\/wp\/v2\/comments?post=30"}],"version-history":[{"count":9,"href":"https:\/\/www.hvu.si\/visja\/wp-json\/wp\/v2\/pages\/30\/revisions"}],"predecessor-version":[{"id":3139,"href":"https:\/\/www.hvu.si\/visja\/wp-json\/wp\/v2\/pages\/30\/revisions\/3139"}],"wp:attachment":[{"href":"https:\/\/www.hvu.si\/visja\/wp-json\/wp\/v2\/media?parent=30"}],"curies":[{"name":"wp","href":"https:\/\/api.w.org\/{rel}","templated":true}]}}