{"id":264,"date":"2018-03-03T15:51:30","date_gmt":"2018-03-03T14:51:30","guid":{"rendered":"http:\/\/873.gvs.arnes.si\/visja\/?page_id=264"},"modified":"2025-01-27T20:16:52","modified_gmt":"2025-01-27T19:16:52","slug":"zaposlitvene-moznosti","status":"publish","type":"page","link":"https:\/\/www.hvu.si\/visja\/zaposlitvene-moznosti\/","title":{"rendered":"Zaposlitvene mo\u017enosti"},"content":{"rendered":"<h3 style=\"text-align: justify;\"><span style=\"font-family: book antiqua, palatino, serif; font-size: 18pt;\"><strong>\u0160tudij hortikulture<\/strong><\/span><\/h3>\n<p style=\"text-align: justify;\"><span style=\"font-family: book antiqua, palatino, serif; font-size: 14pt;\">Zaposlitvene mo\u017enosti diplomantov HORTIKULTURE so zelo razli\u010dne. Zaposlijo se lahko v vrtnarijah, ki pridelujejo vrtnine in okrasne zelnate rastline, v drevesnicah, v arboretumih in botani\u010dnih vrtovih, vrtnih centrih, cvetli\u010darnah, zdravili\u0161\u010dih, termah in drugih turisti\u010dnih podjetjih, komunalnih podjetjih, v javnih ob\u010dinskih ali dr\u017eavnih slu\u017ebah (npr. protokolarnih) ter zasebnih podjetjih za urejanje krajine, prostora in okolja, rekreacijskih in \u0161portnih zelenih povr\u0161in in kot samostojni podjetniki<\/span><\/p>\n<p style=\"text-align: justify;\"><span style=\"font-family: book antiqua, palatino, serif; font-size: 14pt;\">Zaposlitvene mo\u017enosti diplomantov HORTIKULTURE:<\/span><\/p>\n<ul style=\"text-align: justify;\">\n<li><span style=\"font-family: book antiqua, palatino, serif; font-size: 14pt;\">Zaposlitev v podjetjih ali javnih slu\u017ebah<\/span><\/li>\n<li><span style=\"font-family: book antiqua, palatino, serif; font-size: 14pt;\">Samostojna podjetni\u0161ka pot<\/span><\/li>\n<\/ul>\n<h4 style=\"text-align: justify;\"><span style=\"font-family: book antiqua, palatino, serif; font-size: 14pt;\"><strong>Mo\u017enosti in prilo\u017enosti na strokovnih podro\u010djih:<\/strong><\/span><\/h4>\n<ul style=\"text-align: justify;\">\n<li><span style=\"font-family: book antiqua, palatino, serif; font-size: 14pt;\">Pridelovanje vrtnin, okrasnih zenatih in lesnatih rastlin<\/span><\/li>\n<li><span style=\"font-family: book antiqua, palatino, serif; font-size: 14pt;\">Floristika<\/span><\/li>\n<li><span style=\"font-family: book antiqua, palatino, serif; font-size: 14pt;\">Krajinsko na\u010drtovanje in urejanje: vrtov, parkov, botan\u010dnih vrtov, arboretumov, trgov, razgledi\u0161\u010d, po\u010divali\u0161\u010d, teras, balkonov, kro\u017ei\u0161\u010d, parkiri\u0161\u010d, zelenih streh in sten, zakloni\u0161\u010d, suhozidov in skalnjakov, bre\u017ein in modelirih povr\u0161in, pokopali\u0161\u010d, grobov, ribnikov, jezer in potokov, ob\u010dinskih in dr\u017eavnih zgradb, zaporov in vzgojnih zavodov, vrtcev in \u0161ol, onesna\u017eenih in degradiranih povr\u0161in, bolnic, domov za ostarele, slepe in dementne, turisti\u010dnih objektov (hoteli, glampingi, wellnessi, kampi&#8230;), rekreacijskih in \u0161portnih povr\u0161in, \u010debelnjakov, hipodromov, pasjih \u0161ol, azilov za \u017eivali, itd.<\/span><\/li>\n<li><span style=\"font-family: book antiqua, palatino, serif; font-size: 14pt;\">Kombinacija z drugimi strokovnimi podro\u010dji, trgovska dejavnost in drugo<\/span><\/li>\n<\/ul>\n<h3 style=\"text-align: justify;\"><span style=\"font-family: book antiqua, palatino, serif; font-size: 18pt;\"><strong>\u0160tudij snovanja vizualnih komunikacij in tr\u017eenja<\/strong><\/span><\/h3>\n<p style=\"text-align: justify;\"><span style=\"font-family: book antiqua, palatino, serif; font-size: 14pt;\">Zaposlitvene mo\u017enosti diplomantov SNOVANJA VIZUALNIH KOMUNIKACIJ IN TR\u017dENJA so zelo razli\u010dne. Zaposlijo se lahko v kreativnih oblikovalskih, tr\u017eenjskih in proizvodnih podjetjih (npr. v grafi\u010dnih podjetjih, tiskarnah, trgovinah in trgovskih centrih, v turisti\u010dnih podjetjih, ogla\u0161evalskih in multimedijskih podjetjih), v lokalnih skupnostih in dr\u017eavnih in\u0161titucijah in kot samostojni podjetniki<\/span><\/p>\n<p style=\"text-align: justify;\"><span style=\"font-family: book antiqua, palatino, serif; font-size: 14pt;\">Zaposlitvene mo\u017enosti diplomantov SNOVANJA VIZUANIH KOMUNIKACIJ IN TR\u017dENJA:<\/span><\/p>\n<ul style=\"text-align: justify;\">\n<li><span style=\"font-family: book antiqua, palatino, serif; font-size: 14pt;\">Zaposlitev v podjetjih ali javnih slu\u017ebah<\/span><\/li>\n<li><span style=\"font-family: book antiqua, palatino, serif; font-size: 14pt;\">Samostojna podjetni\u0161ka pot<\/span><\/li>\n<\/ul>\n<h2><strong><span style=\"font-family: book antiqua, palatino, serif; font-size: 14pt;\">Mo\u017enosti in prilo\u017enosti na strokovnih podro\u010djih:<\/span><\/strong><\/h2>\n<ul>\n<li style=\"text-align: justify;\"><span style=\"font-family: book antiqua, palatino, serif; font-size: 14pt;\">Vizualne komunikacije in multimedija<\/span><\/li>\n<li style=\"text-align: justify;\"><span style=\"font-family: book antiqua, palatino, serif; font-size: 14pt;\">Snovanje dekoracij interierja in eksterierja<\/span><\/li>\n<li style=\"text-align: justify;\"><span style=\"font-family: book antiqua, palatino, serif; font-size: 14pt;\">Komercialna fotografija<\/span><\/li>\n<li style=\"text-align: justify;\"><span style=\"font-family: book antiqua, palatino, serif; font-size: 14pt;\">Risanje in slikanje<\/span><\/li>\n<li style=\"text-align: justify;\"><span style=\"font-family: book antiqua, palatino, serif; font-size: 14pt;\">Recikliranje v oblikovanju<\/span><\/li>\n<li style=\"text-align: justify;\"><span style=\"font-family: book antiqua, palatino, serif; font-size: 14pt;\">Pospe\u0161evanje prodaje, komercialno poslovanje, tr\u017eenje<\/span><\/li>\n<li style=\"text-align: justify;\"><span style=\"font-family: book antiqua, palatino, serif; font-size: 14pt;\">&#8230;<\/span><\/li>\n<\/ul>\n<h3 style=\"text-align: justify;\"><span style=\"font-family: book antiqua, palatino, serif; font-size: 18pt;\"><strong>\u0160tudij fotografije<\/strong><\/span><\/h3>\n<p style=\"text-align: justify;\"><span style=\"font-family: book antiqua, palatino, serif; font-size: 14pt;\">Zaposlitvene mo\u017enosti diplomantov FOTOGRAFIJE so zelo razli\u010dne. Zaposlijo se lahko v fotostudijih, fotolaboratorijih, v \u010dasopisnih podjetjih, v filmski produkciji, v kriminalisti\u010dnih slu\u017ebah, v medicini, v turizmu, v lokalnih skupnostih in dr\u017eavnih in\u0161titucijah in kot samostojni podjetniki<\/span><\/p>\n<p style=\"text-align: justify;\"><span style=\"font-family: book antiqua, palatino, serif; font-size: 14pt;\">Zaposlitvene mo\u017enosti diplomantov FOTOGRAFIJE:<\/span><\/p>\n<ul style=\"text-align: justify;\">\n<li><span style=\"font-family: book antiqua, palatino, serif; font-size: 14pt;\">Zaposlitev v podjetjih ali javnih slu\u017ebah<\/span><\/li>\n<li><span style=\"font-family: book antiqua, palatino, serif; font-size: 14pt;\">Samostojna podjetni\u0161ka pot<\/span><\/li>\n<\/ul>\n<h2 style=\"text-align: justify;\"><span style=\"font-family: book antiqua, palatino, serif; font-size: 14pt;\"><strong>Mo\u017enosti in prilo\u017enosti na strokovnih podro\u010djih:<\/strong><\/span><\/h2>\n<ul>\n<li style=\"text-align: justify;\"><span style=\"font-family: book antiqua, palatino, serif; font-size: 14pt;\">Kreativna, izpovedna in umetni\u0161ka fotografija<\/span><\/li>\n<li style=\"text-align: justify;\"><span style=\"font-family: book antiqua, palatino, serif; font-size: 14pt;\">Scenski posnetki<\/span><\/li>\n<li style=\"text-align: justify;\"><span style=\"font-family: book antiqua, palatino, serif; font-size: 14pt;\">Novinarska in reporta\u017ena fotografija<\/span><\/li>\n<li style=\"text-align: justify;\"><span style=\"font-family: book antiqua, palatino, serif; font-size: 14pt;\">Ureditev fotografij v tisku<\/span><\/li>\n<li style=\"text-align: justify;\"><span style=\"font-family: book antiqua, palatino, serif; font-size: 14pt;\">Slikovno gradivo za multimedijsko predstavitev<\/span><\/li>\n<li style=\"text-align: justify;\"><span style=\"font-family: book antiqua, palatino, serif; font-size: 14pt;\">Obdelava posnetkov notranje opreme, notranjost in zunanjost <\/span><span style=\"font-family: book antiqua, palatino, serif; font-size: 14pt;\">arhitekturnega objeta, krajinske in urbanisti\u010dne ureditve<\/span><\/li>\n<\/ul>\n","protected":false},"excerpt":{"rendered":"<p>\u0160tudij hortikulture Zaposlitvene mo\u017enosti diplomantov HORTIKULTURE so zelo razli\u010dne. Zaposlijo se lahko v vrtnarijah, ki pridelujejo vrtnine in okrasne zelnate rastline, v drevesnicah, v arboretumih in botani\u010dnih vrtovih, vrtnih centrih, [&hellip;]<\/p>\n","protected":false},"author":1,"featured_media":0,"parent":0,"menu_order":0,"comment_status":"closed","ping_status":"closed","template":"","meta":{"footnotes":""},"class_list":["post-264","page","type-page","status-publish","hentry"],"_links":{"self":[{"href":"https:\/\/www.hvu.si\/visja\/wp-json\/wp\/v2\/pages\/264","targetHints":{"allow":["GET"]}}],"collection":[{"href":"https:\/\/www.hvu.si\/visja\/wp-json\/wp\/v2\/pages"}],"about":[{"href":"https:\/\/www.hvu.si\/visja\/wp-json\/wp\/v2\/types\/page"}],"author":[{"embeddable":true,"href":"https:\/\/www.hvu.si\/visja\/wp-json\/wp\/v2\/users\/1"}],"replies":[{"embeddable":true,"href":"https:\/\/www.hvu.si\/visja\/wp-json\/wp\/v2\/comments?post=264"}],"version-history":[{"count":6,"href":"https:\/\/www.hvu.si\/visja\/wp-json\/wp\/v2\/pages\/264\/revisions"}],"predecessor-version":[{"id":3156,"href":"https:\/\/www.hvu.si\/visja\/wp-json\/wp\/v2\/pages\/264\/revisions\/3156"}],"wp:attachment":[{"href":"https:\/\/www.hvu.si\/visja\/wp-json\/wp\/v2\/media?parent=264"}],"curies":[{"name":"wp","href":"https:\/\/api.w.org\/{rel}","templated":true}]}}