{"id":2583,"date":"2023-09-03T18:15:56","date_gmt":"2023-09-03T16:15:56","guid":{"rendered":"https:\/\/www.hvu.si\/visja\/?page_id=2583"},"modified":"2023-09-03T18:15:56","modified_gmt":"2023-09-03T16:15:56","slug":"pravilniki","status":"publish","type":"page","link":"https:\/\/www.hvu.si\/visja\/pravilniki\/","title":{"rendered":"Pravilniki"},"content":{"rendered":"\n<ul class=\"uk-list uk-list-divider \">\n\n\n    <li>\n\n                <a class=\"uk-display-block uk-link-muted\" href=\"\/visja\/wp-content\/uploads\/sites\/3\/2023\/04\/Podos.pdf\">\n        \n                        <div class=\"uk-flex uk-flex-middle\">\n                <div class=\"uk-margin-right\">\n                    <img decoding=\"async\" src=\"\/visja\/wp-content\/uploads\/sites\/3\/2020\/02\/pdf_m.png\" alt=\"Pravila o odgovornosti \u0161tudentov, postopkih in na\u010dinu izrekanja ukrepov ter pravicah in dol\u017enostih \u0161tudentov v disciplinskem postopku\">                <\/div>\n                <div class=\"uk-flex-1\">\n            \n                <h3 class=\"uk-margin-remove\">Pravila o odgovornosti \u0161tudentov, postopkih in na\u010dinu izrekanja ukrepov ter pravicah in dol\u017enostih \u0161tudentov v disciplinskem postopku<\/h3>\n                            <\/div>\n            <\/div>\n            \n                <\/a>\n        \n    <\/li>\n\n\n    <li>\n\n                <a class=\"uk-display-block uk-link-muted\" href=\"\/visja\/wp-content\/uploads\/sites\/3\/2023\/04\/ppp.pdf\">\n        \n                        <div class=\"uk-flex uk-flex-middle\">\n                <div class=\"uk-margin-right\">\n                    <img decoding=\"async\" src=\"\/visja\/wp-content\/uploads\/sites\/3\/2020\/02\/pdf_m.png\" alt=\"Pravila o vedenju \u0161tudentov, predavateljev in spremljevalcev na strokovnih ekskurzijah in drugih izobra\u017eevalnih dejavnostih\">                <\/div>\n                <div class=\"uk-flex-1\">\n            \n                <h3 class=\"uk-margin-remove\">Pravila o vedenju \u0161tudentov, predavateljev in spremljevalcev na strokovnih ekskurzijah in drugih izobra\u017eevalnih dejavnostih<\/h3>\n                            <\/div>\n            <\/div>\n            \n                <\/a>\n        \n    <\/li>\n\n\n    <li>\n\n                <a class=\"uk-display-block uk-link-muted\" href=\"\/visja\/wp-content\/uploads\/sites\/3\/2023\/09\/pravilnik_za_posebne_potrebe.pdf\">\n        \n                        <div class=\"uk-flex uk-flex-middle\">\n                <div class=\"uk-margin-right\">\n                    <img decoding=\"async\" src=\"\/visja\/wp-content\/uploads\/sites\/3\/2020\/02\/pdf_m.png\" alt=\"Pravila o prilagajanju \u0161tudijskih obveznosti za \u0161tudente s posebnimi potrebami\">                <\/div>\n                <div class=\"uk-flex-1\">\n            \n                <h3 class=\"uk-margin-remove\">Pravila o prilagajanju \u0161tudijskih obveznosti za \u0161tudente s posebnimi potrebami<\/h3>\n                            <\/div>\n            <\/div>\n            \n                <\/a>\n        \n    <\/li>\n\n\n    <li>\n\n                <a class=\"uk-display-block uk-link-muted\" href=\"\/visja\/wp-content\/uploads\/sites\/3\/2023\/09\/pridobitev_statusa_za_posebne_potrebe.pdf\">\n        \n                        <div class=\"uk-flex uk-flex-middle\">\n                <div class=\"uk-margin-right\">\n                    <img decoding=\"async\" src=\"\/visja\/wp-content\/uploads\/sites\/3\/2020\/02\/pdf_m.png\" alt=\"Vloga za pridobitev posebnega statusa \u0161tudenta invalida oz. \u0161tudenta s posebnimi potrebami\">                <\/div>\n                <div class=\"uk-flex-1\">\n            \n                <h3 class=\"uk-margin-remove\">Vloga za pridobitev posebnega statusa \u0161tudenta invalida oz. \u0161tudenta s posebnimi potrebami<\/h3>\n                            <\/div>\n            <\/div>\n            \n                <\/a>\n        \n    <\/li>\n\n\n    <li>\n\n                <a class=\"uk-display-block uk-link-muted\" href=\"\/visja\/wp-content\/uploads\/sites\/3\/2023\/09\/pravilnik_status_sportnika.pdf\">\n        \n                        <div class=\"uk-flex uk-flex-middle\">\n                <div class=\"uk-margin-right\">\n                    <img decoding=\"async\" src=\"\/visja\/wp-content\/uploads\/sites\/3\/2020\/02\/pdf_m.png\" alt=\"Pravila o prilagajanju \u0161tudijskih obveznosti \u0161tudentom s posebnim statusom\">                <\/div>\n                <div class=\"uk-flex-1\">\n            \n                <h3 class=\"uk-margin-remove\">Pravila o prilagajanju \u0161tudijskih obveznosti \u0161tudentom s posebnim statusom<\/h3>\n                            <\/div>\n            <\/div>\n            \n                <\/a>\n        \n    <\/li>\n\n\n    <li>\n\n                <a class=\"uk-display-block uk-link-muted\" href=\"\/visja\/wp-content\/uploads\/sites\/3\/2023\/09\/Vloga_za_status_sportnika.pdf\">\n        \n                        <div class=\"uk-flex uk-flex-middle\">\n                <div class=\"uk-margin-right\">\n                    <img decoding=\"async\" src=\"\/visja\/wp-content\/uploads\/sites\/3\/2020\/02\/pdf_m.png\" alt=\"Vloga za pridobitev statusa \u0161portnika ali kulturnika ali drug status\">                <\/div>\n                <div class=\"uk-flex-1\">\n            \n                <h3 class=\"uk-margin-remove\">Vloga za pridobitev statusa \u0161portnika ali kulturnika ali drug status<\/h3>\n                            <\/div>\n            <\/div>\n            \n                <\/a>\n        \n    <\/li>\n\n\n    <li>\n\n                <a class=\"uk-display-block uk-link-muted\" href=\"\/visja\/wp-content\/uploads\/sites\/3\/2023\/09\/mnenje_sk.pdf\">\n        \n                        <div class=\"uk-flex uk-flex-middle\">\n                <div class=\"uk-margin-right\">\n                    <img decoding=\"async\" src=\"\/visja\/wp-content\/uploads\/sites\/3\/2020\/02\/pdf_m.png\" alt=\"Mnenje \u0161tudijske komisije - obrazec\">                <\/div>\n                <div class=\"uk-flex-1\">\n            \n                <h3 class=\"uk-margin-remove\">Mnenje \u0161tudijske komisije - obrazec<\/h3>\n                            <\/div>\n            <\/div>\n            \n                <\/a>\n        \n    <\/li>\n\n\n<\/ul>\n\n","protected":false},"excerpt":{"rendered":"","protected":false},"author":1,"featured_media":0,"parent":0,"menu_order":0,"comment_status":"closed","ping_status":"closed","template":"","meta":{"footnotes":""},"class_list":["post-2583","page","type-page","status-publish","hentry"],"_links":{"self":[{"href":"https:\/\/www.hvu.si\/visja\/wp-json\/wp\/v2\/pages\/2583","targetHints":{"allow":["GET"]}}],"collection":[{"href":"https:\/\/www.hvu.si\/visja\/wp-json\/wp\/v2\/pages"}],"about":[{"href":"https:\/\/www.hvu.si\/visja\/wp-json\/wp\/v2\/types\/page"}],"author":[{"embeddable":true,"href":"https:\/\/www.hvu.si\/visja\/wp-json\/wp\/v2\/users\/1"}],"replies":[{"embeddable":true,"href":"https:\/\/www.hvu.si\/visja\/wp-json\/wp\/v2\/comments?post=2583"}],"version-history":[{"count":2,"href":"https:\/\/www.hvu.si\/visja\/wp-json\/wp\/v2\/pages\/2583\/revisions"}],"predecessor-version":[{"id":2590,"href":"https:\/\/www.hvu.si\/visja\/wp-json\/wp\/v2\/pages\/2583\/revisions\/2590"}],"wp:attachment":[{"href":"https:\/\/www.hvu.si\/visja\/wp-json\/wp\/v2\/media?parent=2583"}],"curies":[{"name":"wp","href":"https:\/\/api.w.org\/{rel}","templated":true}]}}