{"id":232,"date":"2018-03-03T14:34:04","date_gmt":"2018-03-03T13:34:04","guid":{"rendered":"http:\/\/873.gvs.arnes.si\/visja\/?page_id=232"},"modified":"2018-11-19T20:49:07","modified_gmt":"2018-11-19T19:49:07","slug":"napredovanje-v-visji-letnik","status":"publish","type":"page","link":"https:\/\/www.hvu.si\/visja\/napredovanje-v-visji-letnik\/","title":{"rendered":"Napredovanje v vi\u0161ji letnik"},"content":{"rendered":"<p style=\"text-align: justify;\"><span style=\"font-family: book antiqua, palatino, serif; font-size: 14pt;\">V 2. letnik lahko napreduje \u0161tudent, \u010de je uspe\u0161no opravil obveznosti modulov, predmetov in prakti\u010dnega izobra\u017eevanja (vklju\u010dno z vajami, s seminarskimi nalogami, projekti, z izpiti\u2026) 1. letnika v obsegu najmanj 45 KT, pri tem mora v celoti opraviti obveznosti iz vaj in prakti\u010dnega izobra\u017eevanja.<\/span><\/p>\n<p style=\"text-align: justify;\"><span style=\"font-family: book antiqua, palatino, serif; font-size: 14pt;\">\u0160tudent rednega \u0161tudija, ki ni opravil vseh obveznosti \u0161tudijskega programa do konca \u0161tudijskega leta, lahko enkrat ponavlja letnik v istem \u0161tudijskem programu, \u010de opravi \u0161tudijske obveznosti in prakti\u010dno izobra\u017eevanje istega letnika v obsegu najmanj 20 kreditnih to\u010dk.<\/span><\/p>\n<p style=\"text-align: justify;\"><span style=\"font-family: book antiqua, palatino, serif; font-size: 14pt;\">Ponavljanje odobri \u0161tudijska komisija na podlagi pisne vloge \u0161tudenta.<\/span><\/p>\n<p style=\"text-align: justify;\"><span style=\"font-family: book antiqua, palatino, serif; font-size: 14pt;\"><em>\u0160tudenti izrednega \u0161tudija lahko v 2. ciklus napredujejo v programu ne glede na opravljene obveznosti v 1. ciklusu, razen prakti\u010dnega izobra\u017eevanja. Vpis v 3. ciklus je mogo\u010d po opravljenih vseh obveznostih 1. in 2. ciklusa.<\/em><\/span><\/p>\n","protected":false},"excerpt":{"rendered":"<p>V 2. letnik lahko napreduje \u0161tudent, \u010de je uspe\u0161no opravil obveznosti modulov, predmetov in prakti\u010dnega izobra\u017eevanja (vklju\u010dno z vajami, s seminarskimi nalogami, projekti, z izpiti\u2026) 1. letnika v obsegu najmanj [&hellip;]<\/p>\n","protected":false},"author":1,"featured_media":0,"parent":0,"menu_order":0,"comment_status":"closed","ping_status":"closed","template":"","meta":{"footnotes":""},"class_list":["post-232","page","type-page","status-publish","hentry"],"_links":{"self":[{"href":"https:\/\/www.hvu.si\/visja\/wp-json\/wp\/v2\/pages\/232","targetHints":{"allow":["GET"]}}],"collection":[{"href":"https:\/\/www.hvu.si\/visja\/wp-json\/wp\/v2\/pages"}],"about":[{"href":"https:\/\/www.hvu.si\/visja\/wp-json\/wp\/v2\/types\/page"}],"author":[{"embeddable":true,"href":"https:\/\/www.hvu.si\/visja\/wp-json\/wp\/v2\/users\/1"}],"replies":[{"embeddable":true,"href":"https:\/\/www.hvu.si\/visja\/wp-json\/wp\/v2\/comments?post=232"}],"version-history":[{"count":2,"href":"https:\/\/www.hvu.si\/visja\/wp-json\/wp\/v2\/pages\/232\/revisions"}],"predecessor-version":[{"id":830,"href":"https:\/\/www.hvu.si\/visja\/wp-json\/wp\/v2\/pages\/232\/revisions\/830"}],"wp:attachment":[{"href":"https:\/\/www.hvu.si\/visja\/wp-json\/wp\/v2\/media?parent=232"}],"curies":[{"name":"wp","href":"https:\/\/api.w.org\/{rel}","templated":true}]}}