{"id":210,"date":"2018-03-03T12:14:36","date_gmt":"2018-03-03T11:14:36","guid":{"rendered":"http:\/\/873.gvs.arnes.si\/visja\/?page_id=210"},"modified":"2023-05-19T09:05:09","modified_gmt":"2023-05-19T07:05:09","slug":"urniki","status":"publish","type":"page","link":"https:\/\/www.hvu.si\/visja\/urniki\/","title":{"rendered":"Urniki 2022\/2023"},"content":{"rendered":"<p><span style=\"font-family: book antiqua, palatino, serif; font-size: 14pt;\"><a href=\"http:\/\/www.hvu.si\/visja\/?page_id=206\">Hortikultura, redni \u0161tudij, 1. letnik<\/a><\/span><br \/>\n<span style=\"font-family: book antiqua, palatino, serif; font-size: 14pt;\"><a href=\"http:\/\/www.hvu.si\/visja\/?page_id=213\">Hortikultura, redni \u0161tudij, 2. letnik<\/a><\/span><br \/>\n<span style=\"font-family: book antiqua, palatino, serif; font-size: 14pt;\"><a href=\"http:\/\/www.hvu.si\/visja\/?page_id=218\">Snovanje vizualnih komunikacij in tr\u017eenja, redni \u0161tudij, 1. letnik<\/a><\/span><br \/>\n<span style=\"font-family: book antiqua, palatino, serif; font-size: 14pt;\"><a href=\"http:\/\/www.hvu.si\/visja\/?page_id=222\">Snovanje vizualnih komunikacij in tr\u017eenja, redni \u0161tudij, 2. letnik<\/a><\/span><\/p>\n","protected":false},"excerpt":{"rendered":"<p>Hortikultura, redni \u0161tudij, 1. letnik Hortikultura, redni \u0161tudij, 2. letnik Snovanje vizualnih komunikacij in tr\u017eenja, redni \u0161tudij, 1. letnik Snovanje vizualnih komunikacij in tr\u017eenja, redni \u0161tudij, 2. letnik<\/p>\n","protected":false},"author":1,"featured_media":0,"parent":0,"menu_order":0,"comment_status":"closed","ping_status":"closed","template":"","meta":{"footnotes":""},"class_list":["post-210","page","type-page","status-publish","hentry"],"_links":{"self":[{"href":"https:\/\/www.hvu.si\/visja\/wp-json\/wp\/v2\/pages\/210","targetHints":{"allow":["GET"]}}],"collection":[{"href":"https:\/\/www.hvu.si\/visja\/wp-json\/wp\/v2\/pages"}],"about":[{"href":"https:\/\/www.hvu.si\/visja\/wp-json\/wp\/v2\/types\/page"}],"author":[{"embeddable":true,"href":"https:\/\/www.hvu.si\/visja\/wp-json\/wp\/v2\/users\/1"}],"replies":[{"embeddable":true,"href":"https:\/\/www.hvu.si\/visja\/wp-json\/wp\/v2\/comments?post=210"}],"version-history":[{"count":9,"href":"https:\/\/www.hvu.si\/visja\/wp-json\/wp\/v2\/pages\/210\/revisions"}],"predecessor-version":[{"id":2521,"href":"https:\/\/www.hvu.si\/visja\/wp-json\/wp\/v2\/pages\/210\/revisions\/2521"}],"wp:attachment":[{"href":"https:\/\/www.hvu.si\/visja\/wp-json\/wp\/v2\/media?parent=210"}],"curies":[{"name":"wp","href":"https:\/\/api.w.org\/{rel}","templated":true}]}}