{"id":198,"date":"2018-03-03T11:15:16","date_gmt":"2018-03-03T10:15:16","guid":{"rendered":"http:\/\/873.gvs.arnes.si\/visja\/?page_id=198"},"modified":"2025-09-25T11:07:02","modified_gmt":"2025-09-25T09:07:02","slug":"za-studente","status":"publish","type":"page","link":"https:\/\/www.hvu.si\/visja\/za-studente\/","title":{"rendered":"Za \u0161tudente"},"content":{"rendered":"<ul>\n<li><a href=\"\/visja\/wp-content\/uploads\/sites\/3\/2025\/09\/VS-2025-26.pdf\"><span style=\"font-family: book antiqua, palatino, serif; font-size: 14pt;\">Vodnik za \u0161tudente<\/span><\/a><\/li>\n<li><span style=\"font-family: book antiqua, palatino, serif; font-size: 14pt;\"><a href=\"https:\/\/www.hvu.si\/visja\/?page_id=36\">\u0160tudijski koledar<\/a><\/span><\/li>\n<li><span style=\"font-family: book antiqua, palatino, serif; font-size: 14pt;\"><a href=\"https:\/\/www.hvu.si\/visja\/?page_id=210\">Urniki<\/a><\/span><\/li>\n<li><span style=\"font-family: book antiqua, palatino, serif; font-size: 14pt;\"><a href=\"https:\/\/www.hvu.si\/visja\/?page_id=267\">Predmetna podro\u010dja<\/a><\/span><\/li>\n<li><span style=\"font-family: book antiqua, palatino, serif; font-size: 14pt;\"><a href=\"https:\/\/www.hvu.si\/visja\/?page_id=232\">Napredovanje v vi\u0161ji letnik<\/a><\/span><\/li>\n<li><span style=\"font-family: book antiqua, palatino, serif; font-size: 14pt;\"><a href=\"https:\/\/www.hvu.si\/visja\/?page_id=235\">Priznavanje predhodno pridobljenega znanja<\/a><\/span><\/li>\n<li><span style=\"font-family: book antiqua, palatino, serif; font-size: 14pt;\"><a href=\"https:\/\/www.hvu.si\/visja\/?page_id=242\">Diplomski izpit<\/a><\/span><\/li>\n<li><span style=\"font-family: book antiqua, palatino, serif; font-size: 14pt;\"><a href=\"https:\/\/www.hvu.si\/visja\/?page_id=246\">Dokumenti za diplomo<\/a><\/span><\/li>\n<li><span style=\"font-family: book antiqua, palatino, serif; font-size: 14pt;\"><a href=\"https:\/\/www.hvu.si\/visja\/?page_id=264\">Zaposlitvene mo\u017enosti<\/a><\/span><\/li>\n<li><a href=\"https:\/\/www.hvu.si\/visja\/?page_id=328\"><span style=\"font-family: book antiqua, palatino, serif; font-size: 14pt;\">Karierni center<\/span><\/a><\/li>\n<\/ul>\n","protected":false},"excerpt":{"rendered":"<p>Vodnik za \u0161tudente \u0160tudijski koledar Urniki Predmetna podro\u010dja Napredovanje v vi\u0161ji letnik Priznavanje predhodno pridobljenega znanja Diplomski izpit Dokumenti za diplomo Zaposlitvene mo\u017enosti Karierni center<\/p>\n","protected":false},"author":1,"featured_media":0,"parent":0,"menu_order":0,"comment_status":"closed","ping_status":"closed","template":"","meta":{"footnotes":""},"class_list":["post-198","page","type-page","status-publish","hentry"],"_links":{"self":[{"href":"https:\/\/www.hvu.si\/visja\/wp-json\/wp\/v2\/pages\/198","targetHints":{"allow":["GET"]}}],"collection":[{"href":"https:\/\/www.hvu.si\/visja\/wp-json\/wp\/v2\/pages"}],"about":[{"href":"https:\/\/www.hvu.si\/visja\/wp-json\/wp\/v2\/types\/page"}],"author":[{"embeddable":true,"href":"https:\/\/www.hvu.si\/visja\/wp-json\/wp\/v2\/users\/1"}],"replies":[{"embeddable":true,"href":"https:\/\/www.hvu.si\/visja\/wp-json\/wp\/v2\/comments?post=198"}],"version-history":[{"count":23,"href":"https:\/\/www.hvu.si\/visja\/wp-json\/wp\/v2\/pages\/198\/revisions"}],"predecessor-version":[{"id":3718,"href":"https:\/\/www.hvu.si\/visja\/wp-json\/wp\/v2\/pages\/198\/revisions\/3718"}],"wp:attachment":[{"href":"https:\/\/www.hvu.si\/visja\/wp-json\/wp\/v2\/media?parent=198"}],"curies":[{"name":"wp","href":"https:\/\/api.w.org\/{rel}","templated":true}]}}