{"id":174,"date":"2018-03-02T21:57:35","date_gmt":"2018-03-02T20:57:35","guid":{"rendered":"http:\/\/873.gvs.arnes.si\/visja\/?page_id=174"},"modified":"2018-11-19T20:46:18","modified_gmt":"2018-11-19T19:46:18","slug":"izjava-o-kakovosti","status":"publish","type":"page","link":"https:\/\/www.hvu.si\/visja\/izjava-o-kakovosti\/","title":{"rendered":"Izjava o kakovosti"},"content":{"rendered":"<table style=\"width: 100%;\">\n<tbody>\n<tr>\n<td><span style=\"font-family: book antiqua, palatino, serif;\"><img loading=\"lazy\" decoding=\"async\" class=\" wp-image-11 alignnone\" src=\"http:\/\/873.gvs.arnes.si\/visja\/wp-content\/uploads\/sites\/3\/2017\/10\/Logotip_horizont_tiskovine_m.png\" alt=\"\" width=\"330\" height=\"150\" srcset=\"https:\/\/www.hvu.si\/visja\/wp-content\/uploads\/sites\/3\/2017\/10\/Logotip_horizont_tiskovine_m.png 330w, https:\/\/www.hvu.si\/visja\/wp-content\/uploads\/sites\/3\/2017\/10\/Logotip_horizont_tiskovine_m-300x136.png 300w\" sizes=\"(max-width: 330px) 100vw, 330px\" \/><\/span><\/p>\n<p style=\"text-align: justify;\"><span style=\"font-family: book antiqua, palatino, serif; font-size: 14pt;\">\u0160ola za hortikulturo in vizualne umetnosti Celje<\/span><br \/>\n<span style=\"font-family: book antiqua, palatino, serif; font-size: 14pt;\">Vi\u0161ja strokovna \u0161ola<\/span><br \/>\n<span style=\"font-family: book antiqua, palatino, serif; font-size: 14pt;\">Ljubljanska cesta 97<\/span><br \/>\n<span style=\"font-family: book antiqua, palatino, serif; font-size: 14pt;\">3000 Celje<\/span><\/p>\n<\/td>\n<td style=\"vertical-align: top; text-align: right;\"><span style=\"font-family: book antiqua, palatino, serif; font-size: 14pt;\">Celje, 11.10.2013<\/span><\/td>\n<\/tr>\n<\/tbody>\n<\/table>\n<p style=\"text-align: justify;\"><span style=\"font-family: book antiqua, palatino, serif; font-size: 14pt;\">\u0160ola za hortikulturo in vizualne umetnosti Celje, Vi\u0161ja strokovna \u0161ola, se zavezuje, da bo v procesu izobra\u017eevalnega dela, sistemati\u010dnega uvajanja novih znanj in prilagajanja razmeram na trgu, zlasti v gospodarstvu, skrbela za naslednje:<\/span><\/p>\n<ul style=\"text-align: justify;\">\n<li><span style=\"font-family: book antiqua, palatino, serif; font-size: 14pt;\">Vi\u0161ja strokovna \u0161ola bo z zaposlenimi in \u0161tudenti ob pomo\u010di mentorjev v podjetjih dosledno izvajala kakovostno izobra\u017eevanje, kjer se bo v procesu razvijanja izobra\u017eevalnega dela prilagajala sodobnim zahtevam izobra\u017eevanja, novim zahtevam trga in delodajalcev, ter vsem strokovnim novostim.<\/span><\/li>\n<li><span style=\"font-family: book antiqua, palatino, serif; font-size: 14pt;\">Vi\u0161ja strokovna \u0161ola bo z zaposlenimi in \u0161tudenti razvijala partnerske odnose z delodajalci, lokalno skupnostjo in \u0161ir\u0161im okoljem z namenom izbolj\u0161anja kakovosti izobra\u017eevanja, spodbujanja udele\u017eencev k aktivnemu, inovativnemu in ustvarjalnemu delu ter uspe\u0161nemu zaklju\u010dku \u0161olanja in pove\u010danju mo\u017enosti za zaposlitve \u0161tudentov. Prav tako bo razvijala povezave s partnerji iz tujine z namenom izmenjave znanj in izku\u0161enj \u0161tudentov in zaposlenih.<\/span><\/li>\n<li><span style=\"font-family: book antiqua, palatino, serif; font-size: 14pt;\">Vi\u0161ja strokovna \u0161ola bo spremljala zadovoljstvo udele\u017eencev v izobra\u017eevanju in na podlagi ugotovitev uvajala spremembe in izbolj\u0161ave.<\/span><\/li>\n<\/ul>\n<p style=\"text-align: justify;\"><span style=\"font-family: book antiqua, palatino, serif; font-size: 14pt;\">Prenovljeno izjavo o kakovosti VS\u0160 je sprejel Strate\u0161ki svet VS\u0160 oktobra 2013.<\/span><\/p>\n<table style=\"width: 100%;\">\n<tbody>\n<tr>\n<td width=\"423\"><span style=\"font-family: book antiqua, palatino, serif; font-size: 14pt;\">Predsednica in \u010dlanica Komisije za spremljanje in zagotavljanje kakovosti<\/span><\/td>\n<td style=\"text-align: right;\" width=\"191\"><span style=\"font-family: book antiqua, palatino, serif; font-size: 14pt;\">Ravnateljica VS\u0160<\/span><\/td>\n<\/tr>\n<tr>\n<td width=\"423\"><span style=\"font-family: book antiqua, palatino, serif; font-size: 14pt;\">Anja \u017du\u017eej Gobec, Barbara Pajk<\/span><\/td>\n<td style=\"text-align: right;\" width=\"191\"><span style=\"font-family: book antiqua, palatino, serif; font-size: 14pt;\">Nada Reber\u0161ek Natek<\/span><\/td>\n<\/tr>\n<\/tbody>\n<\/table>\n<p>&nbsp;<\/p>\n","protected":false},"excerpt":{"rendered":"<p>\u0160ola za hortikulturo in vizualne umetnosti Celje Vi\u0161ja strokovna \u0161ola Ljubljanska cesta 97 3000 Celje Celje, 11.10.2013 \u0160ola za hortikulturo in vizualne umetnosti Celje, Vi\u0161ja strokovna \u0161ola, se zavezuje, da [&hellip;]<\/p>\n","protected":false},"author":1,"featured_media":0,"parent":0,"menu_order":0,"comment_status":"closed","ping_status":"closed","template":"","meta":{"footnotes":""},"class_list":["post-174","page","type-page","status-publish","hentry"],"_links":{"self":[{"href":"https:\/\/www.hvu.si\/visja\/wp-json\/wp\/v2\/pages\/174","targetHints":{"allow":["GET"]}}],"collection":[{"href":"https:\/\/www.hvu.si\/visja\/wp-json\/wp\/v2\/pages"}],"about":[{"href":"https:\/\/www.hvu.si\/visja\/wp-json\/wp\/v2\/types\/page"}],"author":[{"embeddable":true,"href":"https:\/\/www.hvu.si\/visja\/wp-json\/wp\/v2\/users\/1"}],"replies":[{"embeddable":true,"href":"https:\/\/www.hvu.si\/visja\/wp-json\/wp\/v2\/comments?post=174"}],"version-history":[{"count":3,"href":"https:\/\/www.hvu.si\/visja\/wp-json\/wp\/v2\/pages\/174\/revisions"}],"predecessor-version":[{"id":827,"href":"https:\/\/www.hvu.si\/visja\/wp-json\/wp\/v2\/pages\/174\/revisions\/827"}],"wp:attachment":[{"href":"https:\/\/www.hvu.si\/visja\/wp-json\/wp\/v2\/media?parent=174"}],"curies":[{"name":"wp","href":"https:\/\/api.w.org\/{rel}","templated":true}]}}