{"id":140,"date":"2018-02-26T09:00:49","date_gmt":"2018-02-26T08:00:49","guid":{"rendered":"http:\/\/873.gvs.arnes.si\/visja\/?page_id=140"},"modified":"2025-01-30T09:37:42","modified_gmt":"2025-01-30T08:37:42","slug":"o-visji-strokovni-soli","status":"publish","type":"page","link":"https:\/\/www.hvu.si\/visja\/o-visji-strokovni-soli\/","title":{"rendered":"O Vi\u0161ji strokovni \u0161oli"},"content":{"rendered":"<p><span style=\"font-family: book antiqua, palatino, serif;font-size: 14pt\"><a href=\"https:\/\/www.hvu.si\/visja\/?page_id=30\">Poslanstvo, vizija, vrednote in cilji<\/a><\/span><br \/>\n<span style=\"font-family: book antiqua, palatino, serif;font-size: 14pt\"><a href=\"https:\/\/www.hvu.si\/visja\/?page_id=33\">Organi VS\u0160<\/a><\/span><br \/>\n<span style=\"font-family: book antiqua, palatino, serif;font-size: 14pt\"><a href=\"https:\/\/www.hvu.si\/visja\/?page_id=42\">Izobra\u017eevalni programi<\/a><\/span><br \/>\n<span style=\"font-family: book antiqua, palatino, serif;font-size: 14pt\"><a href=\"https:\/\/www.hvu.si\/visja\/?cat=20\">Alumni klub<\/a><\/span><br \/>\n<span style=\"font-family: book antiqua, palatino, serif;font-size: 14pt\"><a href=\"https:\/\/www.hvu.si\/visja\/?page_id=59\">Aktivnosti VS\u0160<\/a><\/span><br \/>\n<span style=\"font-family: book antiqua, palatino, serif;font-size: 14pt\"><a href=\"https:\/\/www.hvu.si\/visja\/?page_id=62\">Zakoni in predpisi<\/a><\/span><\/p>\n<p>&nbsp;<\/p>\n","protected":false},"excerpt":{"rendered":"<p>Poslanstvo, vizija, vrednote in cilji Organi VS\u0160 Izobra\u017eevalni programi Alumni klub Aktivnosti VS\u0160 Zakoni in predpisi &nbsp;<\/p>\n","protected":false},"author":1,"featured_media":0,"parent":0,"menu_order":0,"comment_status":"closed","ping_status":"closed","template":"","meta":{"footnotes":""},"class_list":["post-140","page","type-page","status-publish","hentry"],"_links":{"self":[{"href":"https:\/\/www.hvu.si\/visja\/wp-json\/wp\/v2\/pages\/140","targetHints":{"allow":["GET"]}}],"collection":[{"href":"https:\/\/www.hvu.si\/visja\/wp-json\/wp\/v2\/pages"}],"about":[{"href":"https:\/\/www.hvu.si\/visja\/wp-json\/wp\/v2\/types\/page"}],"author":[{"embeddable":true,"href":"https:\/\/www.hvu.si\/visja\/wp-json\/wp\/v2\/users\/1"}],"replies":[{"embeddable":true,"href":"https:\/\/www.hvu.si\/visja\/wp-json\/wp\/v2\/comments?post=140"}],"version-history":[{"count":13,"href":"https:\/\/www.hvu.si\/visja\/wp-json\/wp\/v2\/pages\/140\/revisions"}],"predecessor-version":[{"id":3170,"href":"https:\/\/www.hvu.si\/visja\/wp-json\/wp\/v2\/pages\/140\/revisions\/3170"}],"wp:attachment":[{"href":"https:\/\/www.hvu.si\/visja\/wp-json\/wp\/v2\/media?parent=140"}],"curies":[{"name":"wp","href":"https:\/\/api.w.org\/{rel}","templated":true}]}}