{"id":1330,"date":"2020-02-22T14:20:17","date_gmt":"2020-02-22T13:20:17","guid":{"rendered":"http:\/\/www.hvu.si\/visja\/?page_id=1330"},"modified":"2025-01-27T17:52:15","modified_gmt":"2025-01-27T16:52:15","slug":"nagovor-ravnateljice-visje-strokovne-sole","status":"publish","type":"page","link":"https:\/\/www.hvu.si\/visja\/nagovor-ravnateljice-visje-strokovne-sole\/","title":{"rendered":"Nagovor ravnatelja Vi\u0161je strokovne \u0161ole"},"content":{"rendered":"<p style=\"text-align: justify;\"><span style=\"font-family: 'book antiqua', palatino, serif; font-size: 14pt;\"><strong><img loading=\"lazy\" decoding=\"async\" class=\"size-full wp-image-3135 alignleft\" src=\"http:\/\/www.hvu.si\/visja\/wp-content\/uploads\/sites\/3\/2025\/01\/jelko.png\" alt=\"\" width=\"311\" height=\"403\" srcset=\"https:\/\/www.hvu.si\/visja\/wp-content\/uploads\/sites\/3\/2025\/01\/jelko.png 311w, https:\/\/www.hvu.si\/visja\/wp-content\/uploads\/sites\/3\/2025\/01\/jelko-232x300.png 232w\" sizes=\"(max-width: 311px) 100vw, 311px\" \/>Spo\u0161tovane \u0161tudentke, spo\u0161tovani \u0161tudenti, dragi sodelavci.<\/strong><\/span><\/p>\n<p style=\"text-align: justify;\"><span style=\"font-family: 'book antiqua', palatino, serif; font-size: 14pt;\">Za vas, \u0161tudentke in \u0161tudentje, se je za\u010delo novo \u0161tudijsko obdobje, ko ste prestopili prag vi\u0161je\u0161olskega izobra\u017eevanja oziroma vstopili v akademsko okolje.<\/span><\/p>\n<p style=\"text-align: justify;\"><span style=\"font-family: 'book antiqua', palatino, serif; font-size: 14pt;\">\u0160tudijska leta so \u010das za pridobivanje novih znanj, sklepanje prijateljstev in \u2013 ker se izobra\u017eujete na vi\u0161ji strokovni \u0161oli \u2013 tudi spoznavanju delodajalcev in pridobivanju dragocenih strokovnih izku\u0161enj. \u0160tudij prina\u0161a \u0161tevilne izzive, ki bodo vsestransko obogatili va\u0161a \u0161tudentska leta. Naj bodo va\u0161i cilji pri \u0161tudijskih dose\u017ekih ob na\u0161i usmeritvi skladni z va\u0161imi pri\u010dakovanji.<\/span><\/p>\n<p style=\"text-align: justify;\"><span style=\"font-family: 'book antiqua', palatino, serif; font-size: 14pt;\">Va\u0161 uspeh bo odvisen od vas samih in va\u0161e motivacije. Naj bodo va\u0161e \u017eelje usmerjene ne le v sprejemanje novih znanj, temve\u010d tudi v izgradnjo celovite in zrele osebnosti, ki bo po zaklju\u010dku \u0161tudija s ponosom premagovala izzive poklicne poti.<\/span><\/p>\n<p style=\"text-align: justify;\"><span style=\"font-family: 'book antiqua', palatino, serif; font-size: 14pt;\">Predavatelji in ostali sodelavci vi\u0161je strokovne \u0161ole vam bomo omogo\u010dili pridobivanje znanja in ve\u0161\u010din \u0161tudijskega programa, na katerega ste se vpisali. Poskrbeli bomo za razporeditev izpitnih rokov, ker si \u017eelimo, da napredujete v vi\u0161ji letnik in izdelate diplomsko nalogo. Zagovor diplomskega dela naj bo le zadnji korak pri va\u0161em izobra\u017eevanju in prvi korak na va\u0161 samostojni strokovni poti. Od vas pa pri\u010dakujemo spo\u0161tovanje, pripravljenost na sodelovanje ter odgovoren odnos do \u0161tudija.<\/span><\/p>\n<p style=\"text-align: justify;\"><span style=\"font-family: 'book antiqua', palatino, serif; font-size: 14pt;\">V primeru te\u017eav se brez zadr\u017ekov obrnite na predavatelja, strokovnega sodelavca, vodjo referata ali name osebno.<\/span><\/p>\n<p style=\"text-align: justify;\"><span style=\"font-family: 'book antiqua', palatino, serif; font-size: 14pt;\">Vsem zaposlenim na vi\u0161ji strokovni \u0161oli priporo\u010dam, da ohranite pedago\u0161ki optimizem. Razumeti morate, da so \u0161tudentje mlade osebnosti, ki \u017eelijo v \u017eivljenju uspeti. Pomagajmo jim, da bodo zrasli v pokon\u010dne in odgovorne posameznike, zato naj bo medsebojno sodelovanje tista vrednota, ki nas bo vodila k skupnemu cilju, na \u0161olskem hodniku sre\u010devati zadovoljne in uspe\u0161ne \u0161tudente.<\/span><\/p>\n<div style=\"text-align: right;\"><span style=\"font-family: 'book antiqua', palatino, serif;\">\u00a0\u00a0\u00a0\u00a0\u00a0\u00a0\u00a0\u00a0\u00a0\u00a0\u00a0\u00a0\u00a0\u00a0\u00a0\u00a0\u00a0\u00a0\u00a0\u00a0\u00a0\u00a0\u00a0\u00a0\u00a0\u00a0\u00a0\u00a0\u00a0\u00a0\u00a0\u00a0\u00a0\u00a0\u00a0\u00a0\u00a0\u00a0\u00a0\u00a0\u00a0\u00a0\u00a0\u00a0\u00a0\u00a0\u00a0\u00a0\u00a0\u00a0\u00a0\u00a0\u00a0\u00a0\u00a0\u00a0\u00a0\u00a0\u00a0\u00a0\u00a0\u00a0\u00a0\u00a0\u00a0\u00a0\u00a0\u00a0\u00a0\u00a0\u00a0\u00a0\u00a0\u00a0\u00a0\u00a0\u00a0\u00a0\u00a0\u00a0\u00a0\u00a0\u00a0\u00a0\u00a0\u00a0\u00a0\u00a0\u00a0\u00a0\u00a0\u00a0\u00a0\u00a0\u00a0\u00a0\u00a0\u00a0\u00a0\u00a0\u00a0\u00a0\u00a0\u00a0\u00a0\u00a0\u00a0\u00a0\u00a0\u00a0\u00a0\u00a0<span style=\"font-size: 14pt;\">\u00a0 Rafael Hrustel,<\/span><\/span><\/div>\n<div style=\"text-align: right;\"><span style=\"font-family: 'book antiqua', palatino, serif; font-size: 14pt;\">ravnatelj vi\u0161je strokovne \u0161ole<\/span><\/div>\n","protected":false},"excerpt":{"rendered":"<p>Spo\u0161tovane \u0161tudentke, spo\u0161tovani \u0161tudenti, dragi sodelavci. Za vas, \u0161tudentke in \u0161tudentje, se je za\u010delo novo \u0161tudijsko obdobje, ko ste prestopili prag vi\u0161je\u0161olskega izobra\u017eevanja oziroma vstopili v akademsko okolje. \u0160tudijska leta [&hellip;]<\/p>\n","protected":false},"author":1,"featured_media":0,"parent":0,"menu_order":0,"comment_status":"closed","ping_status":"closed","template":"","meta":{"footnotes":""},"class_list":["post-1330","page","type-page","status-publish","hentry"],"_links":{"self":[{"href":"https:\/\/www.hvu.si\/visja\/wp-json\/wp\/v2\/pages\/1330","targetHints":{"allow":["GET"]}}],"collection":[{"href":"https:\/\/www.hvu.si\/visja\/wp-json\/wp\/v2\/pages"}],"about":[{"href":"https:\/\/www.hvu.si\/visja\/wp-json\/wp\/v2\/types\/page"}],"author":[{"embeddable":true,"href":"https:\/\/www.hvu.si\/visja\/wp-json\/wp\/v2\/users\/1"}],"replies":[{"embeddable":true,"href":"https:\/\/www.hvu.si\/visja\/wp-json\/wp\/v2\/comments?post=1330"}],"version-history":[{"count":10,"href":"https:\/\/www.hvu.si\/visja\/wp-json\/wp\/v2\/pages\/1330\/revisions"}],"predecessor-version":[{"id":3137,"href":"https:\/\/www.hvu.si\/visja\/wp-json\/wp\/v2\/pages\/1330\/revisions\/3137"}],"wp:attachment":[{"href":"https:\/\/www.hvu.si\/visja\/wp-json\/wp\/v2\/media?parent=1330"}],"curies":[{"name":"wp","href":"https:\/\/api.w.org\/{rel}","templated":true}]}}