{"id":88,"date":"2018-01-28T22:17:12","date_gmt":"2018-01-28T21:17:12","guid":{"rendered":"http:\/\/873.gvs.arnes.si\/srednja\/?page_id=88"},"modified":"2021-06-30T10:17:00","modified_gmt":"2021-06-30T08:17:00","slug":"obsolske-dejavnosti","status":"publish","type":"page","link":"https:\/\/www.hvu.si\/srednja\/?page_id=88","title":{"rendered":"Ob\u0161olske dejavnosti"},"content":{"rendered":"<ul>\n<li><a href=\"http:\/\/www.hvu.si\/srednja\/?cat=11\"><span style=\"font-family: book antiqua, palatino, serif;font-size: 14pt\">Dose\u017eki dijakov<\/span><\/a><\/li>\n<li><a href=\"http:\/\/www.hvu.si\/srednja\/?p=148\"><span style=\"font-family: book antiqua, palatino, serif;font-size: 14pt\">Kro\u017eki na \u0161oli<\/span><\/a><\/li>\n<li><span style=\"font-family: book antiqua, palatino, serif;font-size: 14pt\"><a href=\"http:\/\/www.hvu.si\/srednja\/?p=126\">Dija\u0161ka skupnost<\/a><br \/>\n<\/span><\/li>\n<li><span style=\"font-family: book antiqua, palatino, serif;font-size: 14pt\"><a href=\"https:\/\/www.hvu.si\/srednja\/?page_id=618\">Razredni \u010dasopis<\/a><br \/>\n<\/span><\/li>\n<\/ul>\n","protected":false},"excerpt":{"rendered":"<p>Dose\u017eki dijakov Kro\u017eki na \u0161oli Dija\u0161ka skupnost Razredni \u010dasopis<\/p>\n","protected":false},"author":1,"featured_media":0,"parent":0,"menu_order":0,"comment_status":"closed","ping_status":"closed","template":"","meta":{"footnotes":""},"class_list":["post-88","page","type-page","status-publish","hentry"],"_links":{"self":[{"href":"https:\/\/www.hvu.si\/srednja\/index.php?rest_route=\/wp\/v2\/pages\/88","targetHints":{"allow":["GET"]}}],"collection":[{"href":"https:\/\/www.hvu.si\/srednja\/index.php?rest_route=\/wp\/v2\/pages"}],"about":[{"href":"https:\/\/www.hvu.si\/srednja\/index.php?rest_route=\/wp\/v2\/types\/page"}],"author":[{"embeddable":true,"href":"https:\/\/www.hvu.si\/srednja\/index.php?rest_route=\/wp\/v2\/users\/1"}],"replies":[{"embeddable":true,"href":"https:\/\/www.hvu.si\/srednja\/index.php?rest_route=%2Fwp%2Fv2%2Fcomments&post=88"}],"version-history":[{"count":9,"href":"https:\/\/www.hvu.si\/srednja\/index.php?rest_route=\/wp\/v2\/pages\/88\/revisions"}],"predecessor-version":[{"id":2532,"href":"https:\/\/www.hvu.si\/srednja\/index.php?rest_route=\/wp\/v2\/pages\/88\/revisions\/2532"}],"wp:attachment":[{"href":"https:\/\/www.hvu.si\/srednja\/index.php?rest_route=%2Fwp%2Fv2%2Fmedia&parent=88"}],"curies":[{"name":"wp","href":"https:\/\/api.w.org\/{rel}","templated":true}]}}