{"id":6806,"date":"2024-12-12T10:06:52","date_gmt":"2024-12-12T09:06:52","guid":{"rendered":"https:\/\/www.hvu.si\/srednja\/?page_id=6806"},"modified":"2025-04-07T12:19:07","modified_gmt":"2025-04-07T10:19:07","slug":"solska-pravila","status":"publish","type":"page","link":"https:\/\/www.hvu.si\/srednja\/?page_id=6806","title":{"rendered":"\u0160olska pravila"},"content":{"rendered":"<ul>\n<li><strong><span style=\"font-family: verdana, geneva, sans-serif;font-size: 12pt\"><a href=\"http:\/\/www.hvu.si\/srednja\/wp-content\/uploads\/sites\/2\/2024\/12\/Pravila-o-hisnem-redu-SHVU-Celje.pdf\" target=\"_blank\" rel=\"noopener\">Pravila o hi\u0161nem redu \u0160ole za hortikulturo in vizualne umetnosti Celje<\/a><\/span><\/strong><\/li>\n<li><strong><span style=\"font-family: verdana, geneva, sans-serif;font-size: 12pt\"><a href=\"http:\/\/www.hvu.si\/srednja\/wp-content\/uploads\/sites\/2\/2024\/12\/Pravila-solske-prehrane-SHVU-Celje-september-2024.pdf\" target=\"_blank\" rel=\"noopener\">Pravila \u0161olske prehrane \u0160ole za hortikulturo in vizualne umetnosti Celje<\/a><\/span><\/strong><\/li>\n<li><strong><span style=\"font-family: verdana, geneva, sans-serif;font-size: 12pt\"><a href=\"http:\/\/www.hvu.si\/srednja\/wp-content\/uploads\/sites\/2\/2024\/12\/Solska-pravila-o-ocenjevanju-znanja-na-Soli-za-hort.-in-viz.-umet.-Celje-november-2024-1.pdf\" target=\"_blank\" rel=\"noopener\">\u0160olska pravila o ocenjevanju znanja na \u0160oli za hortikulturo in vizualne umetnosti Celje<\/a><\/span><\/strong><\/li>\n<li><strong><span style=\"font-family: verdana, geneva, sans-serif;font-size: 12pt\"><a href=\"http:\/\/www.hvu.si\/srednja\/wp-content\/uploads\/sites\/2\/2025\/04\/Pravilnik-o-Valentinovem-tekmovanju.pdf\">Pravilnik o Valentinovem tekmovanju<\/a><\/span><\/strong><\/li>\n<\/ul>\n","protected":false},"excerpt":{"rendered":"<p>Pravila o hi\u0161nem redu \u0160ole za hortikulturo in vizualne umetnosti Celje Pravila \u0161olske prehrane \u0160ole za hortikulturo in vizualne umetnosti Celje \u0160olska pravila o ocenjevanju znanja na \u0160oli za hortikulturo in vizualne umetnosti Celje Pravilnik o Valentinovem tekmovanju<\/p>\n","protected":false},"author":1,"featured_media":6796,"parent":0,"menu_order":0,"comment_status":"closed","ping_status":"closed","template":"","meta":{"footnotes":""},"class_list":["post-6806","page","type-page","status-publish","has-post-thumbnail","hentry"],"_links":{"self":[{"href":"https:\/\/www.hvu.si\/srednja\/index.php?rest_route=\/wp\/v2\/pages\/6806","targetHints":{"allow":["GET"]}}],"collection":[{"href":"https:\/\/www.hvu.si\/srednja\/index.php?rest_route=\/wp\/v2\/pages"}],"about":[{"href":"https:\/\/www.hvu.si\/srednja\/index.php?rest_route=\/wp\/v2\/types\/page"}],"author":[{"embeddable":true,"href":"https:\/\/www.hvu.si\/srednja\/index.php?rest_route=\/wp\/v2\/users\/1"}],"replies":[{"embeddable":true,"href":"https:\/\/www.hvu.si\/srednja\/index.php?rest_route=%2Fwp%2Fv2%2Fcomments&post=6806"}],"version-history":[{"count":4,"href":"https:\/\/www.hvu.si\/srednja\/index.php?rest_route=\/wp\/v2\/pages\/6806\/revisions"}],"predecessor-version":[{"id":7170,"href":"https:\/\/www.hvu.si\/srednja\/index.php?rest_route=\/wp\/v2\/pages\/6806\/revisions\/7170"}],"wp:featuredmedia":[{"embeddable":true,"href":"https:\/\/www.hvu.si\/srednja\/index.php?rest_route=\/wp\/v2\/media\/6796"}],"wp:attachment":[{"href":"https:\/\/www.hvu.si\/srednja\/index.php?rest_route=%2Fwp%2Fv2%2Fmedia&parent=6806"}],"curies":[{"name":"wp","href":"https:\/\/api.w.org\/{rel}","templated":true}]}}