{"id":604,"date":"2018-10-28T08:57:49","date_gmt":"2018-10-28T07:57:49","guid":{"rendered":"http:\/\/873.gvs.arnes.si\/srednja\/?page_id=604"},"modified":"2025-06-19T07:17:39","modified_gmt":"2025-06-19T05:17:39","slug":"sslosne-informacije-o-poklicni-maturi","status":"publish","type":"page","link":"https:\/\/www.hvu.si\/srednja\/?page_id=604","title":{"rendered":"Splo\u0161ne informacije o poklicni maturi"},"content":{"rendered":"<p><span style=\"font-family: verdana, geneva, sans-serif\"><span style=\"color: #ff0000\"><strong><u>Poklicna matura<\/u><\/strong><\/span> se opravlja po zaklju\u010denem srednjem strokovnem ali poklicno tehni\u0161kem izobra\u017eevanju. Z opravljeno poklicno maturo pridobi posameznik srednjo strokovno izobrazbo, ki omogo\u010da zaposlitev ali nadaljevanje \u0161tudija v vi\u0161jih in visokih programih.<\/span><\/p>\n<p><span style=\"font-family: verdana, geneva, sans-serif\">Opravlja se v treh rokih: spomladanskem, jesenskem in zimskem. Praviloma opravlja dijak vse izpite v istem \u00a0roku.<\/span><\/p>\n<p><span style=\"font-family: verdana, geneva, sans-serif\">Izpiti so sestavljeni iz pisnega in ustnega izpita, razen \u010detrtega predmeta, ki zajema izdelavo izdelka, projektno nalogo, predstavitev in zagovor naloge.<\/span><\/p>\n<p><span style=\"font-family: verdana, geneva, sans-serif\"><strong><u>POKLICNA MATURA SE OPRAVLJA IZ \u0160TIRIH PREDMETOV:<\/u><\/strong><\/span><\/p>\n<ol>\n<li><span style=\"font-family: verdana, geneva, sans-serif\"><strong><u> PREDMET:<\/u><\/strong> SLOVEN\u0160\u010cINA<\/span><\/li>\n<li><span style=\"font-family: verdana, geneva, sans-serif\"><strong><u>PREDMET:<\/u><\/strong> z njim dijak izka\u017ee temeljno strokovno znanje. Sestavljen je iz tem enega ali ve\u010d obveznih strokovnih predmetov.<\/span><\/li>\n<\/ol>\n<p><span style=\"font-family: verdana, geneva, sans-serif\"><strong><span style=\"color: #800000\">ARAN\u017dERSKI TEHNIK: OBLIKOVANJE V ARAN\u017dERSTVU<\/span> <\/strong><\/span><\/p>\n<p><span style=\"font-family: verdana, geneva, sans-serif\">Izpit je sestavljen iz tem dveh predmetov: VIZUALNE KOMUNIKACIJE\u00a0 in \u00a0ARAN\u017dIRANJE<\/span><\/p>\n<p><span style=\"font-family: verdana, geneva, sans-serif;color: #800000\"><strong>HORTIKULTURNI TEHNIK: HORTIKULTURA<\/strong><\/span><\/p>\n<p><span style=\"font-family: verdana, geneva, sans-serif\">Izpit zajema teme iz treh obveznih strokovnih predmetov: OSNOVE VRTNARSKE TEHNOLOGIJE, <\/span><span style=\"font-family: verdana, geneva, sans-serif\">TRAJNOSTNI RAZVOJ ter PODJETNI\u0160TVO IN TR\u017dENJE<\/span><\/p>\n<p><span style=\"font-family: verdana, geneva, sans-serif;color: #800000\"><strong>FOTOGRAFSKI TEHNIK: FOTOGRAFIJA<\/strong><\/span><\/p>\n<p><span style=\"font-family: verdana, geneva, sans-serif\">Izpit zajema teme iz predmeta FOTOGRAFSKE TEHNIKE.<\/span><\/p>\n<ol start=\"3\">\n<li><span style=\"font-family: verdana, geneva, sans-serif\"><strong><u>PREDMET:<\/u><\/strong> TUJ JEZIK (angle\u0161\u010dina, nem\u0161\u010dina) <\/span><span style=\"font-family: verdana, geneva, sans-serif\">ali MATEMATIKA<\/span><\/li>\n<li><span style=\"font-family: verdana, geneva, sans-serif\"><strong><u>PREDMET:<\/u> <\/strong><\/span>\n<ul>\n<li><span style=\"font-family: verdana, geneva, sans-serif\">IZDELEK OZIROMA STORITEV IN ZAGOVOR (HORTIKULTURNI, ARAN\u017dERSKI TEHNIK)<\/span><\/li>\n<li><span style=\"font-family: verdana, geneva, sans-serif\">IZDELEK IN ZAGOVOR (FOTOGRAFSKI TEHNIK)<\/span><\/li>\n<\/ul>\n<\/li>\n<\/ol>\n<p><span style=\"font-family: verdana, geneva, sans-serif\">Dijaki posamezno ali v skupini (najve\u010d \u0161tirih dijakov) izdelajo storitev oz. izdelek, izdelajo projektno nalogo, jo predstavijo in zagovarjajo. Nalogo izdelajo pod vodstvom mentorja, ki je lahko katerikoli u\u010ditelj strokovnih predmetov. Teme lahko izberejo sami ali s pomo\u010djo mentorja s podro\u010dja enega ali ve\u010d strokovnih predmetov oz. modulov.<\/span><\/p>\n<p><span style=\"font-family: verdana, geneva, sans-serif\"><strong><u>KORISTNE POVEZAVE:<\/u><\/strong><\/span><\/p>\n<p><span style=\"font-family: verdana, geneva, sans-serif\"><strong>Predmetni izpitni katalogi:<\/strong><\/span><\/p>\n<p><span style=\"font-family: verdana, geneva, sans-serif\"><a href=\"https:\/\/eportal.mss.edus.si\/msswww\/programi2022\/programi\/PIK\/2024.htm\"><strong>https:\/\/eportal.mss.edus.si\/msswww\/programi2022\/programi\/PIK\/2024.htm<\/strong><\/a><\/span><span style=\"font-family: verdana, geneva, sans-serif\"><strong>\u00a0<\/strong><\/span><\/p>\n<p><span style=\"font-family: verdana, geneva, sans-serif\"><strong>Potek mature, predmetni izpitni katalogi, primeri izpitnih pol, predpisi:<\/strong><\/span><\/p>\n<p><span style=\"font-family: verdana, geneva, sans-serif\"><a href=\"http:\/\/www.ric.si\/poklicna_matura\/splosne_informacije\/\">http:\/\/www.ric.si\/poklicna_matura\/splosne_informacije\/<\/a><\/span><\/p>\n","protected":false},"excerpt":{"rendered":"<p>Poklicna matura se opravlja po zaklju\u010denem srednjem strokovnem ali poklicno tehni\u0161kem izobra\u017eevanju. Z opravljeno poklicno maturo pridobi posameznik srednjo strokovno izobrazbo, ki omogo\u010da zaposlitev ali nadaljevanje \u0161tudija v vi\u0161jih in visokih programih. Opravlja se v treh rokih: spomladanskem, jesenskem in zimskem. Praviloma opravlja dijak vse izpite v istem \u00a0roku. Izpiti so sestavljeni iz pisnega in [&hellip;]<\/p>\n","protected":false},"author":1,"featured_media":0,"parent":0,"menu_order":0,"comment_status":"closed","ping_status":"closed","template":"","meta":{"footnotes":""},"class_list":["post-604","page","type-page","status-publish","hentry"],"_links":{"self":[{"href":"https:\/\/www.hvu.si\/srednja\/index.php?rest_route=\/wp\/v2\/pages\/604","targetHints":{"allow":["GET"]}}],"collection":[{"href":"https:\/\/www.hvu.si\/srednja\/index.php?rest_route=\/wp\/v2\/pages"}],"about":[{"href":"https:\/\/www.hvu.si\/srednja\/index.php?rest_route=\/wp\/v2\/types\/page"}],"author":[{"embeddable":true,"href":"https:\/\/www.hvu.si\/srednja\/index.php?rest_route=\/wp\/v2\/users\/1"}],"replies":[{"embeddable":true,"href":"https:\/\/www.hvu.si\/srednja\/index.php?rest_route=%2Fwp%2Fv2%2Fcomments&post=604"}],"version-history":[{"count":7,"href":"https:\/\/www.hvu.si\/srednja\/index.php?rest_route=\/wp\/v2\/pages\/604\/revisions"}],"predecessor-version":[{"id":7689,"href":"https:\/\/www.hvu.si\/srednja\/index.php?rest_route=\/wp\/v2\/pages\/604\/revisions\/7689"}],"wp:attachment":[{"href":"https:\/\/www.hvu.si\/srednja\/index.php?rest_route=%2Fwp%2Fv2%2Fmedia&parent=604"}],"curies":[{"name":"wp","href":"https:\/\/api.w.org\/{rel}","templated":true}]}}