{"id":54,"date":"2018-01-21T20:23:42","date_gmt":"2018-01-21T19:23:42","guid":{"rendered":"http:\/\/873.gvs.arnes.si\/srednja\/?page_id=54"},"modified":"2018-11-19T18:30:27","modified_gmt":"2018-11-19T17:30:27","slug":"vrtnar-iv-stopnja","status":"publish","type":"page","link":"https:\/\/www.hvu.si\/srednja\/?page_id=54","title":{"rendered":"Vrtnar"},"content":{"rendered":"<p style=\"text-align: justify;\"><span style=\"font-family: book antiqua, palatino, serif; font-size: 14pt;\">Pridobljen poklic : <strong>VRTNAR<\/strong><\/span><\/p>\n<p style=\"text-align: justify;\"><span style=\"font-family: book antiqua, palatino, serif; font-size: 14pt;\">Program izobra\u017eevanja traja tri leta in je ovrednoten s <strong>180 KT<\/strong><\/span><\/p>\n<p style=\"text-align: justify;\"><span style=\"font-family: book antiqua, palatino, serif; font-size: 14pt;\">VPISNI POGOJI:<\/span><\/p>\n<p style=\"text-align: justify;\"><span style=\"font-family: book antiqua, palatino, serif; font-size: 14pt;\">kon\u010dana osnovno\u0161olska izobrazba oz.<\/span><br \/>\n<span style=\"font-family: book antiqua, palatino, serif; font-size: 14pt;\">kon\u010dan program ni\u017ejega poklicnega izobra\u017eevanja.<\/span><\/p>\n<p style=\"text-align: justify;\"><span style=\"font-family: book antiqua, palatino, serif; font-size: 14pt;\">KAJ SE DIJAK NAU\u010cI?<\/span><\/p>\n<p style=\"text-align: justify;\"><span style=\"font-family: book antiqua, palatino, serif; font-size: 14pt;\">Predvsem se strokovno pripravi za vrtnarski poklic in se osredoto\u010di na delo z naravo in v njej.<\/span><\/p>\n<p style=\"text-align: justify;\"><span style=\"font-family: book antiqua, palatino, serif; font-size: 14pt;\">Poleg tega se nau\u010di \u0161e:<\/span><\/p>\n<ul style=\"text-align: justify;\">\n<li><span style=\"font-family: book antiqua, palatino, serif; font-size: 14pt;\">podjetni\u0161ke miselnosti, sposobnosti komuniciranja in uporabe ra\u010dunalnika v stroki,<\/span><\/li>\n<li><span style=\"font-family: book antiqua, palatino, serif; font-size: 14pt;\">pridelovati vrtnarske oz. hortikulturne rastline in pri tem uporabljati tudi nove metode varstva rastlin,<\/span><\/li>\n<li><span style=\"font-family: book antiqua, palatino, serif; font-size: 14pt;\">oblikovati in urejati zelene povr\u0161ine,<\/span><\/li>\n<li><span style=\"font-family: book antiqua, palatino, serif; font-size: 14pt;\">soustvarjati drevesnico in trsnico,<\/span><\/li>\n<li><span style=\"font-family: book antiqua, palatino, serif; font-size: 14pt;\">pridelovati zelenjadnice,<\/span><\/li>\n<li><span style=\"font-family: book antiqua, palatino, serif; font-size: 14pt;\">vzdr\u017eevati rekreacijske in \u0161portne povr\u0161ine, kot so: golf in nogometna igri\u0161\u010da ter \u0161tevilne rekreacijske povr\u0161ine.<\/span><\/li>\n<\/ul>\n<p style=\"text-align: justify;\"><span style=\"font-family: book antiqua, palatino, serif; font-size: 14pt;\">Predmetnik programa Vrtnar:<\/span><\/p>\n<table style=\"width: 90%;\" border=\"1\" width=\"90%\" cellspacing=\"0\" cellpadding=\"3\">\n<tbody>\n<tr style=\"height: 24px;\">\n<td style=\"height: 24px;\" width=\"378\"><span style=\"font-family: book antiqua, palatino, serif; font-size: 14pt;\"><strong>Programska enota<\/strong><\/span><\/td>\n<td style=\"text-align: center; height: 24px;\" width=\"170\"><span style=\"font-family: book antiqua, palatino, serif; font-size: 14pt;\"><strong>Skupno \u0161tevilo ur<\/strong><\/span><\/td>\n<\/tr>\n<tr style=\"height: 24px;\">\n<td style=\"height: 24px; text-align: left;\" colspan=\"2\" width=\"548\"><span style=\"font-family: book antiqua, palatino, serif; font-size: 14pt;\"><strong>Splo\u0161noizobra\u017eevalni predmeti<\/strong><\/span><\/td>\n<\/tr>\n<tr style=\"height: 24px;\">\n<td style=\"height: 24px; padding-left: 30px;\" width=\"378\"><span style=\"font-family: book antiqua, palatino, serif; font-size: 14pt;\">Sloven\u0161\u010dina<\/span><\/td>\n<td style=\"text-align: center; height: 24px;\" width=\"170\"><span style=\"font-family: book antiqua, palatino, serif; font-size: 14pt;\">213<\/span><\/td>\n<\/tr>\n<tr style=\"height: 24px;\">\n<td style=\"height: 24px; padding-left: 30px;\" width=\"378\"><span style=\"font-family: book antiqua, palatino, serif; font-size: 14pt;\">Matematika<\/span><\/td>\n<td style=\"text-align: center; height: 24px;\" width=\"170\"><span style=\"font-family: book antiqua, palatino, serif; font-size: 14pt;\">213<\/span><\/td>\n<\/tr>\n<tr style=\"height: 24px;\">\n<td style=\"height: 24px; padding-left: 30px;\" width=\"378\"><span style=\"font-family: book antiqua, palatino, serif; font-size: 14pt;\">Tuji jezik<\/span><\/td>\n<td style=\"text-align: center; height: 24px;\" width=\"170\"><span style=\"font-family: book antiqua, palatino, serif; font-size: 14pt;\">164<\/span><\/td>\n<\/tr>\n<tr style=\"height: 24px;\">\n<td style=\"height: 24px; padding-left: 30px;\" width=\"378\"><span style=\"font-family: book antiqua, palatino, serif; font-size: 14pt;\">Umetnost<\/span><\/td>\n<td style=\"text-align: center; height: 24px;\" width=\"170\"><span style=\"font-family: book antiqua, palatino, serif; font-size: 14pt;\">33<\/span><\/td>\n<\/tr>\n<tr style=\"height: 24px;\">\n<td style=\"height: 24px; padding-left: 30px;\" width=\"378\"><span style=\"font-family: book antiqua, palatino, serif; font-size: 14pt;\">Naravoslovje<\/span><\/td>\n<td style=\"text-align: center; height: 24px;\" width=\"170\"><span style=\"font-family: book antiqua, palatino, serif; font-size: 14pt;\">66<\/span><\/td>\n<\/tr>\n<tr style=\"height: 24px;\">\n<td style=\"height: 24px; padding-left: 30px;\" width=\"378\"><span style=\"font-family: book antiqua, palatino, serif; font-size: 14pt;\">Dru\u017eboslovje<\/span><\/td>\n<td style=\"text-align: center; height: 24px;\" width=\"170\"><span style=\"font-family: book antiqua, palatino, serif; font-size: 14pt;\">132<\/span><\/td>\n<\/tr>\n<tr style=\"height: 24px;\">\n<td style=\"height: 24px; padding-left: 30px;\" width=\"378\"><span style=\"font-family: book antiqua, palatino, serif; font-size: 14pt;\">\u0160portna vzgoja<\/span><\/td>\n<td style=\"text-align: center; height: 24px;\" width=\"170\"><span style=\"font-family: book antiqua, palatino, serif; font-size: 14pt;\">164<\/span><\/td>\n<\/tr>\n<tr style=\"height: 24px;\">\n<td style=\"text-align: center; height: 24px;\" colspan=\"2\" width=\"548\"><span style=\"font-family: book antiqua, palatino, serif; font-size: 14pt;\"><strong>\u00a0<\/strong><\/span><\/td>\n<\/tr>\n<tr style=\"height: 24px;\">\n<td style=\"height: 24px; text-align: left;\" colspan=\"2\" width=\"548\"><span style=\"font-family: book antiqua, palatino, serif; font-size: 14pt;\"><strong>Strokovni moduli<\/strong><\/span><\/td>\n<\/tr>\n<tr style=\"height: 24px;\">\n<td style=\"height: 24px; padding-left: 30px;\" width=\"378\"><span style=\"font-family: book antiqua, palatino, serif; font-size: 14pt;\">IKT in osnove poslovnega komuniciranja<\/span><\/td>\n<td style=\"text-align: center; height: 24px;\" width=\"170\"><span style=\"font-family: book antiqua, palatino, serif; font-size: 14pt;\">98<\/span><\/td>\n<\/tr>\n<tr style=\"height: 24px;\">\n<td style=\"height: 24px; padding-left: 30px;\" width=\"378\"><span style=\"font-family: book antiqua, palatino, serif; font-size: 14pt;\">Varovanje okolja z osnovami trajnostnega razvoja<\/span><\/td>\n<td style=\"text-align: center; height: 24px;\" width=\"170\"><span style=\"font-family: book antiqua, palatino, serif; font-size: 14pt;\">66<\/span><\/td>\n<\/tr>\n<tr style=\"height: 24px;\">\n<td style=\"height: 24px; padding-left: 30px;\" width=\"378\"><span style=\"font-family: book antiqua, palatino, serif; font-size: 14pt;\">Osnove podjetni\u0161tva in prodaje<\/span><\/td>\n<td style=\"text-align: center; height: 24px;\" width=\"170\"><span style=\"font-family: book antiqua, palatino, serif; font-size: 14pt;\">98<\/span><\/td>\n<\/tr>\n<tr style=\"height: 24px;\">\n<td style=\"height: 24px; padding-left: 30px;\" width=\"378\"><span style=\"font-family: book antiqua, palatino, serif; font-size: 14pt;\">Osnove rastlinske pridelave z varstvom rastlin<\/span><\/td>\n<td style=\"text-align: center; height: 24px;\" width=\"170\"><span style=\"font-family: book antiqua, palatino, serif; font-size: 14pt;\">98<\/span><\/td>\n<\/tr>\n<tr style=\"height: 24px;\">\n<td style=\"height: 24px; padding-left: 30px;\" width=\"378\"><span style=\"font-family: book antiqua, palatino, serif; font-size: 14pt;\">Osnove upravljanja s stroji in napravami<\/span><\/td>\n<td style=\"text-align: center; height: 24px;\" width=\"170\"><span style=\"font-family: book antiqua, palatino, serif; font-size: 14pt;\">98<\/span><\/td>\n<\/tr>\n<tr style=\"height: 24px;\">\n<td style=\"height: 24px; padding-left: 30px;\" width=\"378\"><span style=\"font-family: book antiqua, palatino, serif; font-size: 14pt;\">Osnove hortikulture<\/span><\/td>\n<td style=\"text-align: center; height: 24px;\" width=\"170\"><span style=\"font-family: book antiqua, palatino, serif; font-size: 14pt;\">196<\/span><\/td>\n<\/tr>\n<tr style=\"height: 24px;\">\n<td style=\"height: 24px; padding-left: 30px;\" width=\"378\"><span style=\"font-family: book antiqua, palatino, serif; font-size: 14pt;\">Pridelava okrasnih rastlin<\/span><\/td>\n<td style=\"text-align: center; height: 24px;\" width=\"170\"><span style=\"font-family: book antiqua, palatino, serif; font-size: 14pt;\">215<\/span><\/td>\n<\/tr>\n<tr style=\"height: 24px;\">\n<td style=\"height: 24px; padding-left: 30px;\" width=\"378\"><span style=\"font-family: book antiqua, palatino, serif; font-size: 14pt;\">Pridelava zelenjadnic<\/span><\/td>\n<td style=\"text-align: center; height: 24px;\" width=\"170\"><span style=\"font-family: book antiqua, palatino, serif; font-size: 14pt;\">190<\/span><\/td>\n<\/tr>\n<tr style=\"height: 24px;\">\n<td style=\"text-align: center; height: 24px;\" colspan=\"2\" width=\"548\"><span style=\"font-family: book antiqua, palatino, serif; font-size: 14pt;\"><strong>\u00a0<\/strong><\/span><\/td>\n<\/tr>\n<tr style=\"height: 24px;\">\n<td style=\"height: 24px; text-align: left;\" colspan=\"2\" width=\"548\"><span style=\"font-family: book antiqua, palatino, serif; font-size: 14pt;\"><strong>Odprti kurikul<\/strong><\/span><\/td>\n<\/tr>\n<tr style=\"height: 24px;\">\n<td style=\"height: 24px; padding-left: 30px;\" width=\"378\"><span style=\"font-family: book antiqua, palatino, serif; font-size: 14pt;\">Tuji jezik \u2013 strokovna terminologija<\/span><\/td>\n<td style=\"text-align: center; height: 24px;\" width=\"170\"><span style=\"font-family: book antiqua, palatino, serif; font-size: 14pt;\">66<\/span><\/td>\n<\/tr>\n<tr style=\"height: 24px;\">\n<td style=\"height: 24px; padding-left: 30px;\" width=\"378\"><span style=\"font-family: book antiqua, palatino, serif; font-size: 14pt;\">Zelene povr\u0161ine<\/span><\/td>\n<td style=\"text-align: center; height: 24px;\" width=\"170\"><span style=\"font-family: book antiqua, palatino, serif; font-size: 14pt;\">181<\/span><\/td>\n<\/tr>\n<tr style=\"height: 24px;\">\n<td style=\"height: 24px; padding-left: 30px;\" width=\"378\"><span style=\"font-family: book antiqua, palatino, serif; font-size: 14pt;\">Grajene sestavine zelenih povr\u0161in z osnovami na\u010drtovanja<\/span><\/td>\n<td style=\"text-align: center; height: 24px;\" width=\"170\"><span style=\"font-family: book antiqua, palatino, serif; font-size: 14pt;\">158<\/span><\/td>\n<\/tr>\n<tr style=\"height: 24px;\">\n<td style=\"height: 24px; padding-left: 30px;\" width=\"378\"><span style=\"font-family: book antiqua, palatino, serif; font-size: 14pt;\">Ekolo\u0161ko pridelovanje hortikulturnih rastlin<\/span><\/td>\n<td style=\"text-align: center; height: 24px;\" width=\"170\"><span style=\"font-family: book antiqua, palatino, serif; font-size: 14pt;\">99<\/span><\/td>\n<\/tr>\n<tr style=\"height: 24px;\">\n<td style=\"height: 24px; padding-left: 30px;\" width=\"378\"><span style=\"font-family: book antiqua, palatino, serif; font-size: 14pt;\">Uporabna sloven\u0161\u010dina<\/span><\/td>\n<td style=\"text-align: center; height: 24px;\" width=\"170\"><span style=\"font-family: book antiqua, palatino, serif; font-size: 14pt;\">14<\/span><\/td>\n<\/tr>\n<tr style=\"height: 24px;\">\n<td style=\"height: 24px; padding-left: 30px;\" width=\"378\"><span style=\"font-family: book antiqua, palatino, serif; font-size: 14pt;\">Poslovno komuniciranje z osnovami nem\u0161\u010dine<\/span><\/td>\n<td style=\"text-align: center; height: 24px;\" width=\"170\"><span style=\"font-family: book antiqua, palatino, serif; font-size: 14pt;\">66<\/span><\/td>\n<\/tr>\n<tr style=\"height: 24px;\">\n<td style=\"text-align: center; height: 24px;\" colspan=\"2\" width=\"548\"><\/td>\n<\/tr>\n<tr style=\"height: 24px;\">\n<td style=\"height: 24px;\" width=\"378\"><span style=\"font-family: book antiqua, palatino, serif; font-size: 14pt;\"><strong>Prakti\u010dno usposabljanje z delom<\/strong><\/span><\/td>\n<td style=\"text-align: center; height: 24px;\" width=\"170\"><span style=\"font-family: book antiqua, palatino, serif; font-size: 14pt;\">912<\/span><\/td>\n<\/tr>\n<tr style=\"height: 24px;\">\n<td style=\"text-align: center; height: 24px;\" colspan=\"2\" width=\"548\"><span style=\"font-family: book antiqua, palatino, serif; font-size: 14pt;\"><strong>\u00a0<\/strong><\/span><\/td>\n<\/tr>\n<tr style=\"height: 24px;\">\n<td style=\"height: 24px;\" width=\"378\"><span style=\"font-family: book antiqua, palatino, serif; font-size: 14pt;\"><strong>Interesne dejavnosti<\/strong><\/span><\/td>\n<td style=\"text-align: center; height: 24px;\" width=\"170\"><span style=\"font-family: book antiqua, palatino, serif; font-size: 14pt;\">160<\/span><\/td>\n<\/tr>\n<\/tbody>\n<\/table>\n<p>&nbsp;<\/p>\n","protected":false},"excerpt":{"rendered":"<p>Pridobljen poklic : VRTNAR Program izobra\u017eevanja traja tri leta in je ovrednoten s 180 KT VPISNI POGOJI: kon\u010dana osnovno\u0161olska izobrazba oz. kon\u010dan program ni\u017ejega poklicnega izobra\u017eevanja. KAJ SE DIJAK NAU\u010cI? Predvsem se strokovno pripravi za vrtnarski poklic in se osredoto\u010di na delo z naravo in v njej. Poleg tega se nau\u010di \u0161e: podjetni\u0161ke miselnosti, sposobnosti [&hellip;]<\/p>\n","protected":false},"author":1,"featured_media":0,"parent":0,"menu_order":0,"comment_status":"closed","ping_status":"closed","template":"","meta":{"footnotes":""},"class_list":["post-54","page","type-page","status-publish","hentry"],"_links":{"self":[{"href":"https:\/\/www.hvu.si\/srednja\/index.php?rest_route=\/wp\/v2\/pages\/54","targetHints":{"allow":["GET"]}}],"collection":[{"href":"https:\/\/www.hvu.si\/srednja\/index.php?rest_route=\/wp\/v2\/pages"}],"about":[{"href":"https:\/\/www.hvu.si\/srednja\/index.php?rest_route=\/wp\/v2\/types\/page"}],"author":[{"embeddable":true,"href":"https:\/\/www.hvu.si\/srednja\/index.php?rest_route=\/wp\/v2\/users\/1"}],"replies":[{"embeddable":true,"href":"https:\/\/www.hvu.si\/srednja\/index.php?rest_route=%2Fwp%2Fv2%2Fcomments&post=54"}],"version-history":[{"count":33,"href":"https:\/\/www.hvu.si\/srednja\/index.php?rest_route=\/wp\/v2\/pages\/54\/revisions"}],"predecessor-version":[{"id":725,"href":"https:\/\/www.hvu.si\/srednja\/index.php?rest_route=\/wp\/v2\/pages\/54\/revisions\/725"}],"wp:attachment":[{"href":"https:\/\/www.hvu.si\/srednja\/index.php?rest_route=%2Fwp%2Fv2%2Fmedia&parent=54"}],"curies":[{"name":"wp","href":"https:\/\/api.w.org\/{rel}","templated":true}]}}