{"id":51,"date":"2018-01-21T20:12:51","date_gmt":"2018-01-21T19:12:51","guid":{"rendered":"http:\/\/873.gvs.arnes.si\/srednja\/?page_id=51"},"modified":"2026-01-14T20:41:20","modified_gmt":"2026-01-14T19:41:20","slug":"izobrazevalni-programi","status":"publish","type":"page","link":"https:\/\/www.hvu.si\/srednja\/?page_id=51","title":{"rendered":"Izobra\u017eevalni programi"},"content":{"rendered":"<p><span style=\"font-family: book antiqua, palatino, serif; font-size: 14pt;\">Ni\u017eje poklicno izobra\u017eevanje:<\/span><\/p>\n<ul>\n<li><span style=\"font-family: book antiqua, palatino, serif;\"><a href=\"https:\/\/www.hvu.si\/srednja\/?page_id=8251\"><span style=\"font-size: 14pt;\">pomo\u010dnik v biotehniki in oskrbi<\/span><\/a><\/span><\/li>\n<\/ul>\n<p><span style=\"font-family: book antiqua, palatino, serif; font-size: 14pt;\">Srednje poklicno izobra\u017eevanje:<\/span><\/p>\n<ul>\n<li><span style=\"font-family: book antiqua, palatino, serif; font-size: 14pt;\"><a href=\"https:\/\/www.hvu.si\/srednja\/?page_id=59\">cvetli\u010dar<\/a><\/span><\/li>\n<li><span style=\"font-family: book antiqua, palatino, serif; font-size: 14pt;\"><a href=\"https:\/\/www.hvu.si\/srednja\/?page_id=54\">vrtnar<\/a><\/span><\/li>\n<\/ul>\n<p><span style=\"font-family: book antiqua, palatino, serif; font-size: 14pt;\">Poklicno tehni\u0161ko izobra\u017eevanje:<\/span><\/p>\n<ul>\n<li><span style=\"font-family: book antiqua, palatino, serif; font-size: 14pt;\"><a href=\"https:\/\/www.hvu.si\/srednja\/?page_id=61\">hortikulturni tehnik PTI<\/a><\/span><\/li>\n<\/ul>\n<p><span style=\"font-family: book antiqua, palatino, serif; font-size: 14pt;\">Srednje strokovno izobra\u017eevanje:<\/span><\/p>\n<ul>\n<li><span style=\"font-family: book antiqua, palatino, serif; font-size: 14pt;\"><a href=\"https:\/\/www.hvu.si\/srednja\/?page_id=65\">aran\u017eerski tehnik<\/a><\/span><\/li>\n<li><span style=\"font-family: book antiqua, palatino, serif; font-size: 14pt;\"><a href=\"https:\/\/www.hvu.si\/srednja\/?page_id=63\">hortikulturni tehnik SSI<\/a><\/span><\/li>\n<li><span style=\"font-family: verdana, geneva, sans-serif; font-size: 14pt;\"><a href=\"https:\/\/www.hvu.si\/srednja\/?page_id=2168\"><span style=\"font-family: book antiqua, palatino, serif;\">fotografski tehnik<\/span><\/a><\/span><\/li>\n<\/ul>\n","protected":false},"excerpt":{"rendered":"<p>Ni\u017eje poklicno izobra\u017eevanje: pomo\u010dnik v biotehniki in oskrbi Srednje poklicno izobra\u017eevanje: cvetli\u010dar vrtnar Poklicno tehni\u0161ko izobra\u017eevanje: hortikulturni tehnik PTI Srednje strokovno izobra\u017eevanje: aran\u017eerski tehnik hortikulturni tehnik SSI fotografski tehnik<\/p>\n","protected":false},"author":1,"featured_media":0,"parent":0,"menu_order":0,"comment_status":"closed","ping_status":"closed","template":"","meta":{"footnotes":""},"class_list":["post-51","page","type-page","status-publish","hentry"],"_links":{"self":[{"href":"https:\/\/www.hvu.si\/srednja\/index.php?rest_route=\/wp\/v2\/pages\/51","targetHints":{"allow":["GET"]}}],"collection":[{"href":"https:\/\/www.hvu.si\/srednja\/index.php?rest_route=\/wp\/v2\/pages"}],"about":[{"href":"https:\/\/www.hvu.si\/srednja\/index.php?rest_route=\/wp\/v2\/types\/page"}],"author":[{"embeddable":true,"href":"https:\/\/www.hvu.si\/srednja\/index.php?rest_route=\/wp\/v2\/users\/1"}],"replies":[{"embeddable":true,"href":"https:\/\/www.hvu.si\/srednja\/index.php?rest_route=%2Fwp%2Fv2%2Fcomments&post=51"}],"version-history":[{"count":9,"href":"https:\/\/www.hvu.si\/srednja\/index.php?rest_route=\/wp\/v2\/pages\/51\/revisions"}],"predecessor-version":[{"id":8255,"href":"https:\/\/www.hvu.si\/srednja\/index.php?rest_route=\/wp\/v2\/pages\/51\/revisions\/8255"}],"wp:attachment":[{"href":"https:\/\/www.hvu.si\/srednja\/index.php?rest_route=%2Fwp%2Fv2%2Fmedia&parent=51"}],"curies":[{"name":"wp","href":"https:\/\/api.w.org\/{rel}","templated":true}]}}