{"id":489,"date":"2018-06-27T21:15:59","date_gmt":"2018-06-27T19:15:59","guid":{"rendered":"http:\/\/873.gvs.arnes.si\/srednja\/?page_id=489"},"modified":"2025-12-05T09:51:06","modified_gmt":"2025-12-05T08:51:06","slug":"pravilnik-o-zakljucnem-izpitu","status":"publish","type":"page","link":"https:\/\/www.hvu.si\/srednja\/?page_id=489","title":{"rendered":"Zaklju\u010dni izpiti"},"content":{"rendered":"<table style=\"width: 100%;border-collapse: collapse\" border=\"0\" cellpadding=\"3\">\n<tbody>\n<tr>\n<td style=\"width: 28.5296%;vertical-align: top\" scope=\"col\">\n<ul>\n<li><span style=\"font-size: 14pt;font-family: book antiqua, palatino, serif\"><a href=\"http:\/\/www.hvu.si\/srednja\/wp-content\/uploads\/sites\/2\/2021\/05\/Navodila-zakljucna-naloga-SPI-cvetlicar-vrtnar-maj-2021.pdf\">Navodila za pisanje zaklju\u010dne naloge<\/a> in <a href=\"http:\/\/www.hvu.si\/srednja\/wp-content\/uploads\/sites\/2\/2021\/05\/Predloga-zakljucna-naloga-SPI-cvetlicar-vrtnar-maj-2021.docx\">predloga za pisanje zaklju\u010dne naloge<\/a><\/span><\/li>\n<li><span style=\"font-family: book antiqua, palatino, serif;font-size: 14pt\">Urnik priprav na ZI<\/span><\/li>\n<li><span style=\"font-family: book antiqua, palatino, serif;font-size: 14pt\"><a href=\"https:\/\/www.uradni-list.si\/glasilo-uradni-list-rs\/vsebina\/2025-01-1092\/pravilnik-o-zakljucnem-izpitu\" target=\"_blank\" rel=\"noopener\">Pravilnik o zaklju\u010dnem izpitu<\/a><\/span><\/li>\n<li><span style=\"font-family: book antiqua, palatino, serif;font-size: 14pt\"><a href=\"http:\/\/www.hvu.si\/srednja\/?page_id=590\">\u0160olska pravila o zaklju\u010dnem izpitu<\/a><\/span><\/li>\n<li><a href=\"https:\/\/www.hvu.si\/srednja\/?page_id=8182\" target=\"_blank\" rel=\"noopener\"><span style=\"font-family: book antiqua, palatino, serif;font-size: 14pt\">Okvirni koledar opravljanja ZI 2026<\/span><\/a><\/li>\n<li><span style=\"font-family: book antiqua, palatino, serif;font-size: 14pt\">Razpored ZI<\/span><\/li>\n<li><a href=\"https:\/\/www.hvu.si\/srednja\/?page_id=8179\" target=\"_blank\" rel=\"noopener\"><span style=\"font-family: 'book antiqua', palatino, serif;font-size: 14pt\">Teme za zaklju\u010dni izpit 2026<\/span><\/a><\/li>\n<li><a href=\"http:\/\/www.hvu.si\/srednja\/wp-content\/uploads\/sites\/2\/2025\/12\/Prijava_k_zakljucnemu_izpitu.pdf\" target=\"_blank\" rel=\"noopener\"><span style=\"font-size: 14pt;font-family: 'book antiqua', palatino, serif\">Prijava k zaklju\u010dnemu izpitu<\/span><\/a><\/li>\n<\/ul>\n<p>&nbsp;<\/p>\n<p>&nbsp;<\/p>\n<p>&nbsp;<\/td>\n<\/tr>\n<\/tbody>\n<\/table>\n","protected":false},"excerpt":{"rendered":"<p>Navodila za pisanje zaklju\u010dne naloge in predloga za pisanje zaklju\u010dne naloge Urnik priprav na ZI Pravilnik o zaklju\u010dnem izpitu \u0160olska pravila o zaklju\u010dnem izpitu Okvirni koledar opravljanja ZI 2026 Razpored ZI Teme za zaklju\u010dni izpit 2026 Prijava k zaklju\u010dnemu izpitu &nbsp; &nbsp; &nbsp;<\/p>\n","protected":false},"author":1,"featured_media":0,"parent":0,"menu_order":0,"comment_status":"closed","ping_status":"closed","template":"","meta":{"footnotes":""},"class_list":["post-489","page","type-page","status-publish","hentry"],"_links":{"self":[{"href":"https:\/\/www.hvu.si\/srednja\/index.php?rest_route=\/wp\/v2\/pages\/489","targetHints":{"allow":["GET"]}}],"collection":[{"href":"https:\/\/www.hvu.si\/srednja\/index.php?rest_route=\/wp\/v2\/pages"}],"about":[{"href":"https:\/\/www.hvu.si\/srednja\/index.php?rest_route=\/wp\/v2\/types\/page"}],"author":[{"embeddable":true,"href":"https:\/\/www.hvu.si\/srednja\/index.php?rest_route=\/wp\/v2\/users\/1"}],"replies":[{"embeddable":true,"href":"https:\/\/www.hvu.si\/srednja\/index.php?rest_route=%2Fwp%2Fv2%2Fcomments&post=489"}],"version-history":[{"count":82,"href":"https:\/\/www.hvu.si\/srednja\/index.php?rest_route=\/wp\/v2\/pages\/489\/revisions"}],"predecessor-version":[{"id":8184,"href":"https:\/\/www.hvu.si\/srednja\/index.php?rest_route=\/wp\/v2\/pages\/489\/revisions\/8184"}],"wp:attachment":[{"href":"https:\/\/www.hvu.si\/srednja\/index.php?rest_route=%2Fwp%2Fv2%2Fmedia&parent=489"}],"curies":[{"name":"wp","href":"https:\/\/api.w.org\/{rel}","templated":true}]}}