{"id":403,"date":"2018-06-14T19:58:56","date_gmt":"2018-06-14T17:58:56","guid":{"rendered":"http:\/\/873.gvs.arnes.si\/srednja\/?page_id=403"},"modified":"2018-11-19T18:27:36","modified_gmt":"2018-11-19T17:27:36","slug":"porocilo-o-delu-komisije-za-kakovost-za-solsko-leto-2014-15","status":"publish","type":"page","link":"https:\/\/www.hvu.si\/srednja\/?page_id=403","title":{"rendered":"PORO\u010cILO O DELU KOMISIJE ZA KAKOVOST ZA \u0160OLSKO LETO 2014\/15"},"content":{"rendered":"<div class=\"content\">\n<p style=\"text-align: justify;\"><span style=\"font-family: book antiqua, palatino, serif; font-size: 14pt;\">Komisija za kakovost se je v \u0161olskem letu 2014\/15 sestala na petih delovnih sestankih.<\/span><\/p>\n<p style=\"text-align: justify;\"><span style=\"font-family: book antiqua, palatino, serif; font-size: 14pt;\">Da bi izbolj\u0161ali kakovost na podro\u010djih, ki smo jih presojali v \u0161olskem letu 2013\/14, smo v okviru komisije za kakovost v za\u010detku \u0161ol. leta pripravili Akcijski na\u010drt za razvoj kakovosti za \u0161olsko leto 2014\/15. Osredoto\u010dili smo se predvsem na aktivnosti za razvoj kakovosti na podro\u010dju zadovoljstva dijakov in promocije\/animacije.<\/span><\/p>\n<p style=\"text-align: justify;\"><span style=\"font-family: book antiqua, palatino, serif; font-size: 14pt;\">Med \u0161olskim letom smo na delovnih sestankih komisije spremljali uresni\u010devanje tega na\u010drta, ob koncu \u0161olskega leta pa smo pripravili pregled realizacije in u\u010dinke<\/span><\/p>\n<p style=\"text-align: justify;\"><span style=\"font-family: book antiqua, palatino, serif; font-size: 14pt;\">V okviru komisije za kakovost smo sprejeli odlo\u010ditev o podro\u010djih presojanja kakovosti za \u0161olsko leto 2014\/15, pripravili instrumentarij za presojo in izpeljali presojo.<\/span><\/p>\n<p style=\"text-align: justify;\"><span style=\"font-family: book antiqua, palatino, serif; font-size: 14pt;\">Kakovost na\u0161ega dela smo v \u0161olskem letu 2014\/15 presojali na treh podro\u010djih:<\/span><\/p>\n<ul style=\"text-align: justify;\">\n<li><span style=\"font-family: book antiqua, palatino, serif; font-size: 14pt;\">Zadovoljstvo dijakov z organizacijo in izpeljavo izobra\u017eevalnega procesa<\/span><br \/>\n<span style=\"font-family: book antiqua, palatino, serif; font-size: 14pt;\">Zanimalo nas je zadovoljstvo dijakov z informiranjem na \u0161oli, z organizacijo pouka in drugih dejavnosti, splo\u0161no zadovoljstvo z u\u010ditelji, njihova ocena sodelovanja z vodstvom \u0161ole, ocena medsebojnih odnosov med dijaki ter ocena zunanjih in notranjih prostorov \u0161ole. Sestavili smo anketni vpra\u0161alnik. Anketiranje smo izvedli s pomo\u010djo spletne aplikacije e SurveysPro v mesecih april, maj in junij 2015. Vpra\u0161alnik je izpolnilo 121 dijakov vseh letnikov in vseh programov.<\/span><\/li>\n<\/ul>\n<ul style=\"text-align: justify;\">\n<li><span style=\"font-family: book antiqua, palatino, serif; font-size: 14pt;\">Promocija\/animacija<\/span><br \/>\n<span style=\"font-family: book antiqua, palatino, serif; font-size: 14pt;\">To podro\u010dje smo presojali \u017ee v \u0161ol. letu 2013\/14. Ker smo dodatno \u017eeleli ugotoviti tudi, kako zaposleni ocenjujemo na\u010drtovanje, izvajanje in u\u010dinke promocije\/animacije, smo v tem \u0161olskem letu pripravili anketni vpra\u0161alnik na to temo in izvedli spletno anketiranje v mesecu maju 2015. Anketni vpra\u0161alnik je izpolnilo dvajset zaposlenih u\u010diteljev na na\u0161i \u0161oli.<\/span><\/li>\n<\/ul>\n<ul style=\"text-align: justify;\">\n<li><span style=\"font-family: book antiqua, palatino, serif; font-size: 14pt;\">Zadovoljstvo udele\u017eencev izobra\u017eevanja odraslih<\/span><br \/>\n<span style=\"font-family: book antiqua, palatino, serif; font-size: 14pt;\">Kot vsako leto smo tudi ob koncu leto\u0161njega \u0161ol. leta izvedli anketiranje udele\u017eencev izobra\u017eevanja odraslih. Ugotavljali smo njihovo zadovoljstvo z vsebino in na\u010dini informiranja, z u\u010dnimi gradivi, s prostori in kako so se jim uresni\u010dila pri\u010dakovanja, zaradi katerih so se vklju\u010dili v izobra\u017eevanje na na\u0161i \u0161oli. Anketni vpra\u0161alnik smo pripravili in izpeljali s pomo\u010djo spletne aplikacije e SurveysPro. Udele\u017eenci izobra\u017eevanja so vpra\u0161alnik izpolnjevali v mesecu juniju 2015.<\/span><\/li>\n<\/ul>\n<p style=\"text-align: justify;\"><span style=\"font-family: book antiqua, palatino, serif; font-size: 14pt;\">O rezultatih presoje na vseh treh podro\u010djih smo razpravljali na sestanku komisije za kakovost v mesecu juniju 2015 in tudi na pedago\u0161ko &#8211; andrago\u0161ki konferenci 6. 7. 2015. S predstavniki dijakov smo o rezultatih anketiranja o zadovoljstvu razpravljali na prvem sestanku dija\u0161ke skupnosti v \u0161ol. letu 2015\/16, ki je bil 25. 9. 2015.<\/span><\/p>\n<p style=\"text-align: justify;\"><span style=\"font-family: book antiqua, palatino, serif; font-size: 14pt;\">V primeru ugotovljenih pomanjkljivosti in slabih ocen bomo v Akcijskem na\u010drtu za \u0161olsko leto 2015\/16 pripravili aktivnosti za razvoj kakovosti.<\/span><\/p>\n<p style=\"text-align: justify;\"><span style=\"font-family: book antiqua, palatino, serif; font-size: 14pt;\">Na osnovi rezultatov samoevalvacije smo pripravili Poro\u010dilo o kakovosti za \u0161olsko leto 2014\/15. \u010clani sveta zavoda so poro\u010dilo obravnavali na seji, 29. 9. 2015 in ga potrdili.<\/span><\/p>\n<p style=\"text-align: justify;\"><span style=\"font-family: book antiqua, palatino, serif; font-size: 14pt;\">V tem \u0161olskem letu smo se dne 26. januarja 2015 udele\u017eili delavnice na BIC \u2013 u v Ljubljani, ki jo je na temo zagotavljanja in razvijanja kakovosti organiziral Konzorcij biotehni\u0161kih \u0161ol Slovenije. Na sre\u010danju so predstavniki \u0161ol, ki so \u010dlanice konzorcija, predstavili primere dobrih praks na podro\u010dju razvijanja kakovosti izobra\u017eevanja. Razprava je potekala tudi na temo Izjave o kakovosti Biotehni\u0161kih \u0161ol Slovenije, ki smo jo \u010dlanice konzorcija oblikovale v okviru projekta Biotehni\u0161ka podro\u010dja najbolj u\u010de\u010da se okolja v letu 2007. Udele\u017eenci so razpravljali o aktualnosti te izjave. Oceno primernosti in aktualnosti ter predloge popravkov in dopolnitev Izjave o kakovosti Biotehni\u0161kih \u0161ol Slovenije smo kasneje pripravili tudi v okviru komisije za kakovost na\u0161e \u0161ole in jih poslali \u0161oli koordinatorki, to je na Biotehni\u0161ki izobra\u017eevalni center v Ljubljano.<\/span><\/p>\n<p style=\"text-align: justify;\"><span style=\"font-family: book antiqua, palatino, serif; font-size: 14pt;\">V decembru 2014 smo bili z naslova Andrago\u0161kega centra Slovenije pozvani, da oddamo vlogo za odobritev podalj\u0161anja pravice do uporabe zelenega znaka kakovosti POKI (Ponudimo odraslim kakovostno izobra\u017eevanje) za leti 2015, 2016 v na\u0161i izobra\u017eevalni organizaciji. Pripravili in oddali smo vlogo in vsa potrebna dokazila o delu na kakovosti v na\u0161i izobra\u017eevalni organizaciji.<\/span><\/p>\n<p style=\"text-align: justify;\"><span style=\"font-family: book antiqua, palatino, serif; font-size: 14pt;\">11. februarja 2015 je komisija na Andrago\u0161kem centru Slovenije na\u0161i \u0161oli izdala sklep o podalj\u0161anju pravice na\u0161i do uporabe zelenega znaka kakovosti za leti 2015 in 2016.<\/span><\/p>\n<p style=\"text-align: justify;\"><span style=\"font-family: book antiqua, palatino, serif; font-size: 14pt;\">Z imenovano svetovalko za kakovost v izobra\u017eevanju odraslih na na\u0161i \u0161oli smo v letu 2014\/15 sodelovali tudi v omre\u017eju svetovalcev za kakovost, ki ga koordinira Andrago\u0161ki center Slovenije.<\/span><\/p>\n<p style=\"text-align: justify;\"><span style=\"font-family: book antiqua, palatino, serif; font-size: 14pt;\">Veliko skrbi smo namenili tudi doseganju standardov kakovosti pri javnem objavljanju informacij o izobra\u017eevanju na na\u0161i \u0161oli. Poskrbeli smo sprotno urejanje in dopolnjevanje zavihka kakovost na spletni strani \u0161ole.<\/span><\/p>\n<\/div>\n","protected":false},"excerpt":{"rendered":"<p>Komisija za kakovost se je v \u0161olskem letu 2014\/15 sestala na petih delovnih sestankih. Da bi izbolj\u0161ali kakovost na podro\u010djih, ki smo jih presojali v \u0161olskem letu 2013\/14, smo v okviru komisije za kakovost v za\u010detku \u0161ol. leta pripravili Akcijski na\u010drt za razvoj kakovosti za \u0161olsko leto 2014\/15. Osredoto\u010dili smo se predvsem na aktivnosti za [&hellip;]<\/p>\n","protected":false},"author":1,"featured_media":0,"parent":0,"menu_order":0,"comment_status":"closed","ping_status":"closed","template":"","meta":{"footnotes":""},"class_list":["post-403","page","type-page","status-publish","hentry"],"_links":{"self":[{"href":"https:\/\/www.hvu.si\/srednja\/index.php?rest_route=\/wp\/v2\/pages\/403","targetHints":{"allow":["GET"]}}],"collection":[{"href":"https:\/\/www.hvu.si\/srednja\/index.php?rest_route=\/wp\/v2\/pages"}],"about":[{"href":"https:\/\/www.hvu.si\/srednja\/index.php?rest_route=\/wp\/v2\/types\/page"}],"author":[{"embeddable":true,"href":"https:\/\/www.hvu.si\/srednja\/index.php?rest_route=\/wp\/v2\/users\/1"}],"replies":[{"embeddable":true,"href":"https:\/\/www.hvu.si\/srednja\/index.php?rest_route=%2Fwp%2Fv2%2Fcomments&post=403"}],"version-history":[{"count":2,"href":"https:\/\/www.hvu.si\/srednja\/index.php?rest_route=\/wp\/v2\/pages\/403\/revisions"}],"predecessor-version":[{"id":721,"href":"https:\/\/www.hvu.si\/srednja\/index.php?rest_route=\/wp\/v2\/pages\/403\/revisions\/721"}],"wp:attachment":[{"href":"https:\/\/www.hvu.si\/srednja\/index.php?rest_route=%2Fwp%2Fv2%2Fmedia&parent=403"}],"curies":[{"name":"wp","href":"https:\/\/api.w.org\/{rel}","templated":true}]}}