{"id":368,"date":"2018-06-14T19:07:42","date_gmt":"2018-06-14T17:07:42","guid":{"rendered":"http:\/\/873.gvs.arnes.si\/srednja\/?page_id=368"},"modified":"2018-06-14T19:21:16","modified_gmt":"2018-06-14T17:21:16","slug":"368-2","status":"publish","type":"page","link":"https:\/\/www.hvu.si\/srednja\/?page_id=368","title":{"rendered":"Projekt Biotehni\u0161ka podro\u010dja, \u0161ola za \u017eivljenje in razvoj (S\u0160)"},"content":{"rendered":"<div>\n<table class=\"aligncenter\" style=\"border-collapse: collapse; height: 214px;\" border=\"0\" width=\"626\">\n<tbody>\n<tr>\n<td style=\"width: 204px;\"><img loading=\"lazy\" decoding=\"async\" class=\"alignnone size-full wp-image-381\" src=\"http:\/\/873.gvs.arnes.si\/srednja\/wp-content\/uploads\/sites\/2\/2018\/06\/mss1.jpg\" alt=\"\" width=\"200\" height=\"87\" \/><\/td>\n<td style=\"width: 204px;\"><img loading=\"lazy\" decoding=\"async\" class=\"alignnone size-full wp-image-383\" src=\"http:\/\/873.gvs.arnes.si\/srednja\/wp-content\/uploads\/sites\/2\/2018\/06\/shvu1.jpg\" alt=\"\" width=\"105\" height=\"203\" \/><\/td>\n<td style=\"width: 204px;\"><img loading=\"lazy\" decoding=\"async\" class=\"alignnone size-full wp-image-382\" src=\"http:\/\/873.gvs.arnes.si\/srednja\/wp-content\/uploads\/sites\/2\/2018\/06\/nvp.jpg\" alt=\"\" width=\"204\" height=\"68\" \/><\/td>\n<\/tr>\n<\/tbody>\n<\/table>\n<\/div>\n<div style=\"text-align: center;\"><strong>KONZORCIJSKI PROJEKT<\/strong><br \/>\nBiotehni\u0161ka podro\u010dja, \u0161ola za \u017eivljenje in razvoj<\/div>\n<p>Spo\u0161tovani!<\/p>\n<div>\n<p style=\"text-align: justify;\">Konzorcij biotehni\u0161kih \u0161ol, katerega \u010dlan je tudi \u0160ola za hortikulturo in vizualne umetnosti Celje, je bil izbran na javnem razpisu uvajanja prenovljenih programov poklicnega in strokovnega izobra\u017eevanja za projekt, \u00bbBiotehni\u0161ka podro\u010dja, \u0161ole za \u017eivljenje in razvoj\u00ab. Projekt bo potekal od 4. 4. 2008 do 31. 12. 2012. Vodenje projekta je prevzel Grm Novo mesto-center biotehnike in turizma.\u00a0 Koordinacijo posamezne aktivnosti je prevzela posamezna \u0161ola v konzorciju.Na spletnih straneh \u0161ole, med zavihkom \u00bbKAKOVOST\u00ab boste na\u0161li vsebine, ki se nana\u0161ajo na aktivnost, Ugotavljanje in zagotavljanje kakovosti v okviru projekta. Prav tako bo \u0161ola na teh straneh objavljala samoevalvacijska poro\u010dila ter vsebine in aktivnosti, ki jih izvaja pri sistemati\u010dni skrbi za kakovost.<\/p>\n<p>Aktivnosti v okviru projekta Konzorcija biotehni\u0161kih \u0161ol 2008 \u2013 2012 in \u0161ole koordinatorice za posamezno aktivnost:<\/p>\n<\/div>\n<div><\/div>\n<table style=\"height: 240px;\" border=\"1\" cellspacing=\"0\" cellpadding=\"2\" align=\"center\">\n<tbody>\n<tr style=\"height: 24px;\">\n<td style=\"text-align: center; height: 24px;\"><strong>\u0160t. aktivnosti<\/strong><\/td>\n<td style=\"height: 24px;\"><strong>Aktivnost<\/strong><\/td>\n<td style=\"height: 24px;\"><strong>\u0160ola koordinatorica<\/strong><\/td>\n<\/tr>\n<tr style=\"height: 24px;\">\n<td style=\"text-align: center; height: 24px;\">1.<\/td>\n<td style=\"height: 24px;\">Priprava izvedbenih kurikulov<\/td>\n<td style=\"height: 24px;\">\u0160ola za hortikulturo in vizualne umetnosti Celje<\/td>\n<\/tr>\n<tr style=\"height: 24px;\">\n<td style=\"text-align: center; height: 24px;\">2.<\/td>\n<td style=\"height: 24px;\">Dolo\u010danje odprtih delov kurikula<\/td>\n<td style=\"height: 24px;\">Srednja gozdarska in lesarska \u0161ola Postojna<\/td>\n<\/tr>\n<tr style=\"height: 24px;\">\n<td style=\"text-align: center; height: 24px;\">3.<\/td>\n<td style=\"height: 24px;\">Dolo\u010danje meril ocenjevanja znanja oziroma minimalnih standardov za ocene, to\u010dkovanje ipd.<\/td>\n<td style=\"height: 24px;\">\u0160olski center \u0160entjur<\/td>\n<\/tr>\n<tr style=\"height: 24px;\">\n<td style=\"text-align: center; height: 24px;\">4.<\/td>\n<td style=\"height: 24px;\">Opredelitev meril za vrednotenje in priznavanje neformalno pridobljenega znanja<\/td>\n<td style=\"height: 24px;\">\u0160olski center Ptuj, Biotehni\u0161ka \u0161ola<\/td>\n<\/tr>\n<tr style=\"height: 24px;\">\n<td style=\"text-align: center; height: 24px;\">5.<\/td>\n<td style=\"height: 24px;\">Priprava osebnih izobra\u017eevalnih na\u010drtov za posamezne dijake na \u0161oli<\/td>\n<td style=\"height: 24px;\">Grm Novo mesto-center biotehnike in turizma<\/td>\n<\/tr>\n<tr style=\"height: 24px;\">\n<td style=\"text-align: center; height: 24px;\">6.<\/td>\n<td style=\"height: 24px;\">Vzpostavitev in vodenje map u\u010dnih dose\u017ekov<\/td>\n<td style=\"height: 24px;\">Izobra\u017eevalni center Piramida Maribor<\/td>\n<\/tr>\n<tr style=\"height: 24px;\">\n<td style=\"text-align: center; height: 24px;\">7.<\/td>\n<td style=\"height: 24px;\">Uvajanje u\u010dnih gradiv v razli\u010dnih oblikah<\/td>\n<td style=\"height: 24px;\">Biotehni\u0161ka \u0161ola Maribor<\/td>\n<\/tr>\n<tr style=\"height: 24px;\">\n<td style=\"text-align: center; height: 24px;\">8.<\/td>\n<td style=\"height: 24px;\">Ugotavljanje in zagotavljanje kakovosti<\/td>\n<td style=\"height: 24px;\">Biotehni\u0161ki izobra\u017eevalni center Ljubljana<\/td>\n<\/tr>\n<tr style=\"height: 24px;\">\n<td style=\"text-align: center; height: 24px;\">9.<\/td>\n<td style=\"height: 24px;\">Promocija poklicnega in strokovnega izobra\u017eevanja<\/td>\n<td style=\"height: 24px;\">Biotehni\u0161ki center Naklo<\/td>\n<\/tr>\n<\/tbody>\n<\/table>\n","protected":false},"excerpt":{"rendered":"<p>KONZORCIJSKI PROJEKT Biotehni\u0161ka podro\u010dja, \u0161ola za \u017eivljenje in razvoj Spo\u0161tovani! Konzorcij biotehni\u0161kih \u0161ol, katerega \u010dlan je tudi \u0160ola za hortikulturo in vizualne umetnosti Celje, je bil izbran na javnem razpisu uvajanja prenovljenih programov poklicnega in strokovnega izobra\u017eevanja za projekt, \u00bbBiotehni\u0161ka podro\u010dja, \u0161ole za \u017eivljenje in razvoj\u00ab. Projekt bo potekal od 4. 4. 2008 do 31. [&hellip;]<\/p>\n","protected":false},"author":1,"featured_media":0,"parent":0,"menu_order":0,"comment_status":"closed","ping_status":"closed","template":"","meta":{"footnotes":""},"class_list":["post-368","page","type-page","status-publish","hentry"],"_links":{"self":[{"href":"https:\/\/www.hvu.si\/srednja\/index.php?rest_route=\/wp\/v2\/pages\/368","targetHints":{"allow":["GET"]}}],"collection":[{"href":"https:\/\/www.hvu.si\/srednja\/index.php?rest_route=\/wp\/v2\/pages"}],"about":[{"href":"https:\/\/www.hvu.si\/srednja\/index.php?rest_route=\/wp\/v2\/types\/page"}],"author":[{"embeddable":true,"href":"https:\/\/www.hvu.si\/srednja\/index.php?rest_route=\/wp\/v2\/users\/1"}],"replies":[{"embeddable":true,"href":"https:\/\/www.hvu.si\/srednja\/index.php?rest_route=%2Fwp%2Fv2%2Fcomments&post=368"}],"version-history":[{"count":5,"href":"https:\/\/www.hvu.si\/srednja\/index.php?rest_route=\/wp\/v2\/pages\/368\/revisions"}],"predecessor-version":[{"id":385,"href":"https:\/\/www.hvu.si\/srednja\/index.php?rest_route=\/wp\/v2\/pages\/368\/revisions\/385"}],"wp:attachment":[{"href":"https:\/\/www.hvu.si\/srednja\/index.php?rest_route=%2Fwp%2Fv2%2Fmedia&parent=368"}],"curies":[{"name":"wp","href":"https:\/\/api.w.org\/{rel}","templated":true}]}}