{"id":366,"date":"2018-06-14T19:07:07","date_gmt":"2018-06-14T17:07:07","guid":{"rendered":"http:\/\/873.gvs.arnes.si\/srednja\/?page_id=366"},"modified":"2018-06-14T19:07:07","modified_gmt":"2018-06-14T17:07:07","slug":"izobrazevanje-in-usposabljanje-strokovnih-delavcev-v-izobrazevanju-odraslih-od-2009-do-2011","status":"publish","type":"page","link":"https:\/\/www.hvu.si\/srednja\/?page_id=366","title":{"rendered":"Izobra\u017eevanje in usposabljanje strokovnih delavcev v izobra\u017eevanju odraslih od 2009 do 2011"},"content":{"rendered":"<div class=\"mainmiddle-wrapper-1\">\n<div class=\"mainmiddle-wrapper-2\">\n<div id=\"mainmiddle\">\n<div id=\"mainmiddle-expand\">\n<div id=\"content\">\n<div id=\"content-shift\">\n<div id=\"component\" class=\"floatbox\">\n<div id=\"system\" class=\"\">\n<div class=\"item\">\n<div class=\"content\">\n<p style=\"text-align: justify;\">V ta projekt je bila na\u0161a \u0161ola vklju\u010dena pri aktivnosti Usposabljanje novih svetovalcev za kakovost. ki jo je vodil Andrago\u0161ki center Slovenije. V okviru te aktivnosti, ki se je izvajala od 1. 1. 2011 do 31. 12. 2011, se je u\u010ditelj \u2013 svetovalec za kakovost usposobil za uporabo metode kolegialnega presojanja. Opredelili smo tudi standarde kakovosti za javno objavljanje informacij o izobra\u017eevanju odraslih in o kakovosti na spletu. Na \u0161oli smo dopolnili Listino kakovosti, jo oblikovali in objavili v pisni obliki ter v elektronski obliki na spletni strani na\u0161e \u0161ole.<\/p>\n<\/div>\n<\/div>\n<\/div>\n<\/div>\n<\/div>\n<\/div>\n<\/div>\n<\/div>\n<\/div>\n<\/div>\n","protected":false},"excerpt":{"rendered":"<p>V ta projekt je bila na\u0161a \u0161ola vklju\u010dena pri aktivnosti Usposabljanje novih svetovalcev za kakovost. ki jo je vodil Andrago\u0161ki center Slovenije. V okviru te aktivnosti, ki se je izvajala od 1. 1. 2011 do 31. 12. 2011, se je u\u010ditelj \u2013 svetovalec za kakovost usposobil za uporabo metode kolegialnega presojanja. Opredelili smo tudi standarde [&hellip;]<\/p>\n","protected":false},"author":1,"featured_media":0,"parent":0,"menu_order":0,"comment_status":"closed","ping_status":"closed","template":"","meta":{"footnotes":""},"class_list":["post-366","page","type-page","status-publish","hentry"],"_links":{"self":[{"href":"https:\/\/www.hvu.si\/srednja\/index.php?rest_route=\/wp\/v2\/pages\/366","targetHints":{"allow":["GET"]}}],"collection":[{"href":"https:\/\/www.hvu.si\/srednja\/index.php?rest_route=\/wp\/v2\/pages"}],"about":[{"href":"https:\/\/www.hvu.si\/srednja\/index.php?rest_route=\/wp\/v2\/types\/page"}],"author":[{"embeddable":true,"href":"https:\/\/www.hvu.si\/srednja\/index.php?rest_route=\/wp\/v2\/users\/1"}],"replies":[{"embeddable":true,"href":"https:\/\/www.hvu.si\/srednja\/index.php?rest_route=%2Fwp%2Fv2%2Fcomments&post=366"}],"version-history":[{"count":1,"href":"https:\/\/www.hvu.si\/srednja\/index.php?rest_route=\/wp\/v2\/pages\/366\/revisions"}],"predecessor-version":[{"id":367,"href":"https:\/\/www.hvu.si\/srednja\/index.php?rest_route=\/wp\/v2\/pages\/366\/revisions\/367"}],"wp:attachment":[{"href":"https:\/\/www.hvu.si\/srednja\/index.php?rest_route=%2Fwp%2Fv2%2Fmedia&parent=366"}],"curies":[{"name":"wp","href":"https:\/\/api.w.org\/{rel}","templated":true}]}}