{"id":23,"date":"2018-01-21T19:26:11","date_gmt":"2018-01-21T18:26:11","guid":{"rendered":"http:\/\/873.gvs.arnes.si\/srednja\/?page_id=23"},"modified":"2018-11-19T18:29:29","modified_gmt":"2018-11-19T17:29:29","slug":"beseda-ravnateljice","status":"publish","type":"page","link":"https:\/\/www.hvu.si\/srednja\/?page_id=23","title":{"rendered":"Beseda ravnateljice"},"content":{"rendered":"<p style=\"text-align: justify;\"><span style=\"font-family: book antiqua, palatino, serif;\"><img loading=\"lazy\" decoding=\"async\" class=\"size-medium wp-image-426 alignright\" src=\"http:\/\/873.gvs.arnes.si\/srednja\/wp-content\/uploads\/sites\/2\/2018\/06\/DSC_6456-1-214x300.jpg\" alt=\"\" width=\"214\" height=\"300\" srcset=\"https:\/\/www.hvu.si\/srednja\/wp-content\/uploads\/sites\/2\/2018\/06\/DSC_6456-1-214x300.jpg 214w, https:\/\/www.hvu.si\/srednja\/wp-content\/uploads\/sites\/2\/2018\/06\/DSC_6456-1-768x1076.jpg 768w, https:\/\/www.hvu.si\/srednja\/wp-content\/uploads\/sites\/2\/2018\/06\/DSC_6456-1-731x1024.jpg 731w, https:\/\/www.hvu.si\/srednja\/wp-content\/uploads\/sites\/2\/2018\/06\/DSC_6456-1.jpg 1500w\" sizes=\"(max-width: 214px) 100vw, 214px\" \/><span style=\"font-size: 14pt;\">Dragi osnovno\u0161olec, osnovno\u0161olka, dragi star\u0161i, ljubitelji hortikulture in oblikovanja<\/span><\/span><\/p>\n<p style=\"text-align: justify;\"><span style=\"font-family: book antiqua, palatino, serif; font-size: 14pt;\">Pred vami je novi cilj v \u017eivljenju, pot po kateri boste stopali si morate dobre izbrati, pri tem pomislite kaj je tisto, kaj vas \u017ee od najne\u017enej\u0161ih dni dolo\u010da. Gotovo si \u017eelite, da izberete pravo \u0161olo, \u0161olo, ki vam bo poleg u\u010denja nudila tudi \u010dimve\u010d mo\u017enosti biti to kar ste.<\/span><\/p>\n<p style=\"text-align: justify;\"><span style=\"font-family: book antiqua, palatino, serif; font-size: 14pt;\">Prepri\u010dana sem, da se kmalu sre\u010damo, kajti na\u0161i dijaki vrtnarji, cvetli\u010darji, hortikulturni in aran\u017eerski tehniki ugotavljajo in vam predstavljajo \u0161olo:<\/span><\/p>\n<ul>\n<li style=\"text-align: justify;\"><span style=\"font-family: book antiqua, palatino, serif; font-size: 14pt;\">\u0161ola za kulturo bivanja,<\/span><\/li>\n<li style=\"text-align: justify;\"><span style=\"font-family: book antiqua, palatino, serif; font-size: 14pt;\">dana\u0161nji u\u010ditelji &#8211; neko\u010d dijaki \u0161ole,<\/span><\/li>\n<li style=\"text-align: justify;\"><span style=\"font-family: book antiqua, palatino, serif; font-size: 14pt;\">kjer si lahko to, kar si,<\/span><\/li>\n<li style=\"text-align: justify;\"><span style=\"font-family: book antiqua, palatino, serif; font-size: 14pt;\">kjer se u\u010dimo iz \u017eivljenja za \u017eivljenje,<\/span><\/li>\n<li style=\"text-align: justify;\"><span style=\"font-family: book antiqua, palatino, serif; font-size: 14pt;\">kjer lahko rastemo osebno in strokovno,<\/span><\/li>\n<li style=\"text-align: justify;\"><span style=\"font-family: book antiqua, palatino, serif; font-size: 14pt;\">\u0161ola z najdalj\u0161o tradicijo izobra\u017eevanja s podro\u010dja hortikulture in oblikovanja,<\/span><\/li>\n<li style=\"text-align: justify;\"><span style=\"font-family: book antiqua, palatino, serif; font-size: 14pt;\">zibelka najbolj\u0161ih slovenskih strokovnjakov vrtnarjev in cvetli\u010darjev strokovnjakov s podro\u010dja hortikulture in oblikovanja,<\/span><\/li>\n<li style=\"text-align: justify;\"><span style=\"font-family: book antiqua, palatino, serif; font-size: 14pt;\">kjer se nau\u010dimo kako urejati bivalni prostor,<\/span><\/li>\n<li style=\"text-align: justify;\"><span style=\"font-family: book antiqua, palatino, serif; font-size: 14pt;\">pridelati zdravo in okusno zelenjavo,<\/span><\/li>\n<li style=\"text-align: justify;\"><span style=\"font-family: book antiqua, palatino, serif; font-size: 14pt;\">ra\u010dunalni\u0161ko oblikovanje interiera, vrtov in parkov,<\/span><\/li>\n<li style=\"text-align: justify;\"><span style=\"font-family: book antiqua, palatino, serif; font-size: 14pt;\">va\u0161 \u010dopi\u010d &#8211; orodje za va\u0161 uspeh,<\/span><\/li>\n<li style=\"text-align: justify;\"><span style=\"font-family: book antiqua, palatino, serif; font-size: 14pt;\">labirint ustvarjanja &#8211; \u0161olski hodnik in park,<\/span><\/li>\n<li style=\"text-align: justify;\"><span style=\"font-family: book antiqua, palatino, serif; font-size: 14pt;\">\u0161olski park &#8211; ponos vseh generacij dijakov, najlep\u0161a u\u010dilnica na prostem &#8211; postani ustvarjalec in sokreator parka tudi ti.<\/span><\/li>\n<\/ul>\n<p style=\"text-align: right;\"><span style=\"font-family: book antiqua, palatino, serif; font-size: 14pt;\">\u0160tefanija Kos Zidar, ravnateljica<\/span><br \/>\n<span style=\"font-family: book antiqua, palatino, serif; font-size: 14pt;\">e-mail: <a href=\"mailto:stephanie.kos-zidar@hvu.si\">stephanie.kos-zidar@hvu.si<\/a><\/span><br \/>\n<span style=\"font-family: book antiqua, palatino, serif; font-size: 14pt;\">tel.: 03 428 5923, GSM: 041 771 061<\/span><\/p>\n","protected":false},"excerpt":{"rendered":"<p>Dragi osnovno\u0161olec, osnovno\u0161olka, dragi star\u0161i, ljubitelji hortikulture in oblikovanja Pred vami je novi cilj v \u017eivljenju, pot po kateri boste stopali si morate dobre izbrati, pri tem pomislite kaj je tisto, kaj vas \u017ee od najne\u017enej\u0161ih dni dolo\u010da. Gotovo si \u017eelite, da izberete pravo \u0161olo, \u0161olo, ki vam bo poleg u\u010denja nudila tudi \u010dimve\u010d mo\u017enosti [&hellip;]<\/p>\n","protected":false},"author":1,"featured_media":0,"parent":0,"menu_order":0,"comment_status":"closed","ping_status":"closed","template":"","meta":{"footnotes":""},"class_list":["post-23","page","type-page","status-publish","hentry"],"_links":{"self":[{"href":"https:\/\/www.hvu.si\/srednja\/index.php?rest_route=\/wp\/v2\/pages\/23","targetHints":{"allow":["GET"]}}],"collection":[{"href":"https:\/\/www.hvu.si\/srednja\/index.php?rest_route=\/wp\/v2\/pages"}],"about":[{"href":"https:\/\/www.hvu.si\/srednja\/index.php?rest_route=\/wp\/v2\/types\/page"}],"author":[{"embeddable":true,"href":"https:\/\/www.hvu.si\/srednja\/index.php?rest_route=\/wp\/v2\/users\/1"}],"replies":[{"embeddable":true,"href":"https:\/\/www.hvu.si\/srednja\/index.php?rest_route=%2Fwp%2Fv2%2Fcomments&post=23"}],"version-history":[{"count":9,"href":"https:\/\/www.hvu.si\/srednja\/index.php?rest_route=\/wp\/v2\/pages\/23\/revisions"}],"predecessor-version":[{"id":25,"href":"https:\/\/www.hvu.si\/srednja\/index.php?rest_route=\/wp\/v2\/pages\/23\/revisions\/25"}],"wp:attachment":[{"href":"https:\/\/www.hvu.si\/srednja\/index.php?rest_route=%2Fwp%2Fv2%2Fmedia&parent=23"}],"curies":[{"name":"wp","href":"https:\/\/api.w.org\/{rel}","templated":true}]}}