{"id":94,"date":"2018-02-18T22:29:12","date_gmt":"2018-02-18T21:29:12","guid":{"rendered":"http:\/\/873.gvs.arnes.si\/izobrazevalni-center\/?page_id=94"},"modified":"2018-11-19T21:40:13","modified_gmt":"2018-11-19T20:40:13","slug":"informativno-gradivo-izobrazevanje-odraslih","status":"publish","type":"page","link":"https:\/\/www.hvu.si\/izobrazevalni-center\/?page_id=94","title":{"rendered":"Informativno gradivo &#8211; Izobra\u017eevanje odraslih"},"content":{"rendered":"<div class=\"content\">\n<p><span style=\"font-family: book antiqua, palatino, serif; font-size: 14pt;\">Erika KRAMAR\u0160EK, vodja<\/span><br \/>\n<span id=\"cloak49015\" style=\"font-family: book antiqua, palatino, serif; font-size: 14pt;\"><a href=\"mailto:erika.kramarsek@gmail.com\">erika.kramarsek@hvu.si<\/a><\/span><br \/>\n<span style=\"font-family: book antiqua, palatino, serif; font-size: 14pt;\">Tel.: 03 4285911<\/span><\/p>\n<hr \/>\n<p><span style=\"font-family: book antiqua, palatino, serif; font-size: 14pt;\">\n<ul class=\"uk-accordion uk-accordion-default uk-text-left \" uk-accordion=\"\">\n\n        <li >\n\n    \n        <a href class=\"uk-accordion-title\">Uvod<span uk-accordion-icon><\/span><\/a>\n\n        <div class=\"uk-accordion-content\">\n\n            \n            \n            \n                        <div class=\"uk-margin\"><div class=\"uk-margin-medium\">\n<div class=\"content\">\n<p style=\"text-align: justify;\"><span style=\"font-family: book antiqua, palatino, serif; font-size: 14pt;\">\u017delja po znanju vas je pripeljala do nas. Ne spreglejte tega, kar vam lahko ponudimo. \u201cZnanje je mo\u010d,\u201d je zapisal Francis Bacon.<\/span><\/p>\n<p style=\"text-align: justify;\"><span style=\"font-family: book antiqua, palatino, serif; font-size: 14pt;\">Prav gotovo va\u0161e \u017eivljenje ni posuto z ro\u017eicami. Znanje o \u00bbro\u017eicah\u00ab in drugih rastlinah pa lahko dobite pri nas. Pa tudi o \u00bbdruga\u010dnem\u00ab oblikovanju prostora se lahko nau\u010dite.<\/span><\/p>\n<p style=\"text-align: justify;\"><span style=\"font-family: book antiqua, palatino, serif; font-size: 14pt;\">Prilagajanje, iskanje odgovorov na nove izzive postaja stalnica na\u0161ega izobra\u017eevalnega dela. Vsaka sprememba v \u0161olskem sistemu prina\u0161a nov na\u010din dela, pri tem pa ne smemo pozabiti, da morajo biti koraki premi\u0161ljeni, preverjeni in usmerjeni v dobrobit razvoja dijakov, slu\u0161ateljev, u\u010diteljev in \u0161ole nasploh.<\/span><\/p>\n<p style=\"text-align: justify;\"><span style=\"font-family: book antiqua, palatino, serif; font-size: 14pt;\">Poklicno in strokovno izobra\u017eevanje se od drugih podro\u010dij vzgoje in izobra\u017eevanja razlikuje v \u0161tevilnih podrobnostih. Zaradi povezovanja izobra\u017eevanja in dela ter potrebe po hitri odzivnosti na spremembe v dru\u017ebenem in gospodarskem razvoju, ki mu morajo slediti u\u010ditelji, terja od njih nenehno nadaljnje izobra\u017eevanje in usposabljanje.<\/span><\/p>\n<p style=\"text-align: justify;\"><span style=\"font-family: book antiqua, palatino, serif; font-size: 14pt;\">\u0160ola naj bo va\u0161a pomembna sopotnica. V va\u0161em \u017eivljenju naj predstavlja eno ne\u0161tetih, a neponovljivih poti. Na za\u010detku poti vedno pri\u010dakujte tudi konec. Zna\u0161li se boste v drugi izhodi\u0161\u010dni to\u010dki in za\u010deli boste novo zgodbo svojega \u017eivljenja. Zakaj \u017eelite za\u010deti novo pot? To je za vas izziv in cilj. V\u010dasih so cilji, ki si jih zastavljamo, veliki, morda celo nedosegljivi. Toda bolje je tako, kot pa biti premalo ambiciozen in pogumen. Pred vami je \u0161irno obzorje, ki vabi, da ga v prihodnosti odkrijete.<\/span><\/p>\n<p style=\"text-align: justify;\"><span style=\"font-family: book antiqua, palatino, serif; font-size: 14pt;\">Vabimo vas, da se nam pridru\u017eite, saj imamo veliko znanja, ki ga \u017eelimo deliti z vami, hkrati pa se tudi mi \u017eelimo u\u010diti iz va\u0161ih \u017eivljenjskih izku\u0161enj.<\/span><\/p>\n<p style=\"text-align: justify;\"><span style=\"font-family: book antiqua, palatino, serif; font-size: 14pt;\">Georg Simmel je zapisal: \u201cIzobra\u017een je tisti \u010dlovek, ki ve, kje bo na\u0161el tisto, \u010desar ne ve.\u201d<\/span><br \/><span style=\"font-family: book antiqua, palatino, serif; font-size: 14pt;\">Naj bo to tudi va\u0161e vodilo.<\/span><\/p>\n<p style=\"text-align: right;\"><span style=\"font-family: book antiqua, palatino, serif; font-size: 14pt;\">\u0160tefanija Kos Zidar, direktorica<\/span><\/p>\n<\/div>\n<\/div><\/div>\n            \n            \n            \n            \n        <\/div>\n\n    <\/li>\n        <li >\n\n    \n        <a href class=\"uk-accordion-title\">Predstavitev izobra\u017eevanja za odrasle<span uk-accordion-icon><\/span><\/a>\n\n        <div class=\"uk-accordion-content\">\n\n            \n            \n            \n                        <div class=\"uk-margin\"><div class=\"uk-margin-medium\">\n<div>\n<p style=\"text-align: justify;\"><span style=\"font-family: book antiqua, palatino, serif; font-size: 14pt;\">V \u010dasu, v katerem \u017eivimo, vse bolj ugotavljamo, da je izpopolnjevanje znanja in nenehno pridobivanje novih izku&scaron;enj na&scaron;a osnovna potreba. Zato \u017eelimo vam, ki se odlo\u010date dopolnjevati znanje s podro\u010dja cvetli\u010darstva, aran\u017eerstva, hortikulture na sploh in oblikovanja, podati osnovne informacije o poteku izobra\u017eevanja odraslih pri nas.<\/span><\/p>\n<h3 style=\"text-align: justify;\"><span style=\"font-family: book antiqua, palatino, serif; font-size: 18pt;\">Izobra\u017eevanje<\/span><\/h3>\n<p style=\"text-align: justify;\"><span style=\"font-family: book antiqua, palatino, serif; font-size: 14pt;\">Izobra\u017eevanje pri nas poteka predvsem v obliki samoizobra\u017eevanja. Vsak u\u010ditelj ima razpisano govorilno uro enkrat tedensko v dopoldanskem \u010dasu&nbsp; in vsak prvi torek v mesecu od 16.30 do 17.30.<\/span><\/p>\n<h3 style=\"text-align: justify;\"><span style=\"font-family: book antiqua, palatino, serif; font-size: 18pt;\">Vpis<\/span><\/h3>\n<p style=\"text-align: justify;\"><span style=\"font-family: book antiqua, palatino, serif; font-size: 14pt;\">Pogoji za vpis: uspe&scaron;no zaklju\u010dena osnovna &scaron;ola<\/span><\/p>\n<p style=\"text-align: justify;\"><span style=\"font-family: book antiqua, palatino, serif; font-size: 14pt;\">Osebni izobra\u017eevalni na\u010drt: pripravimo ga za vsakega kandidata ob vpisu na uvodnem pogovoru<\/span><\/p>\n<p style=\"text-align: justify;\"><span style=\"font-family: book antiqua, palatino, serif; font-size: 14pt;\">Dokumentacija za vpis:<\/span><\/p>\n<ul style=\"text-align: justify;\">\n<li><span style=\"font-family: book antiqua, palatino, serif; font-size: 14pt;\">vpisna prijava (DZS, obrazec 1,20),<\/span><\/li>\n<li><span style=\"font-family: book antiqua, palatino, serif; font-size: 14pt;\">osebni dokument in fotokopija,<\/span><\/li>\n<li><span style=\"font-family: book antiqua, palatino, serif; font-size: 14pt;\">spri\u010devalo&nbsp; o zaklju\u010deni osnovni &scaron;oli in fotokopija,<\/span><\/li>\n<li><span style=\"font-family: book antiqua, palatino, serif; font-size: 14pt;\">letna spri\u010devala srednje &scaron;ole in fotokopije (\u010de je kandidat \u017ee opravljal srednjo &scaron;olo),<\/span><\/li>\n<li><span style=\"font-family: book antiqua, palatino, serif; font-size: 14pt;\">spri\u010devalo zaklju\u010dnega izpita (ZI) ali poklicne mature (POM) in fotokopije (\u010de je kandidat uspe&scaron;no zaklju\u010dil srednjo &scaron;olo),<\/span><\/li>\n<li><span style=\"font-family: book antiqua, palatino, serif; font-size: 14pt;\">fotografija za v indeks.<\/span><\/li>\n<\/ul>\n<p style=\"text-align: justify;\"><span style=\"font-family: book antiqua, palatino, serif; font-size: 14pt;\"><strong>Kandidat je vpisan, ko predlo\u017ei vso zahtevano vpisno dokumentacijo, opravi postopek vpisa, z ogranizatorjem izobra\u017eevanja pripravi osebni izobra\u017eevalni na\u010drt in pla\u010da vpisnino.<\/strong><\/span><\/p>\n<h3 style=\"text-align: justify;\"><span style=\"font-family: book antiqua, palatino, serif; font-size: 18pt;\">Napredovanje v vi&scaron;ji letnik in ponavljanje letnika<\/span><\/h3>\n<p style=\"text-align: justify;\"><span style=\"font-family: book antiqua, palatino, serif; font-size: 14pt;\">Kandidat v izobra\u017eevanju odraslih napreduje v vi&scaron;ji letnik, ko opravi vse obveznosti iz prej&scaron;njega\/ni\u017ejega letnika. Kandidat se lahko ponovno vpi&scaron;e v&nbsp; izobra\u017eevanje odraslih na na&scaron;i &scaron;oli, \u010de opravi najmanj dva izpita v teko\u010dem &scaron;olskem letu.<\/span><\/p>\n<h3 style=\"text-align: justify;\"><span style=\"font-family: book antiqua, palatino, serif; font-size: 18pt;\">Preverjanje znanja<\/span><\/h3>\n<p style=\"text-align: justify;\"><span style=\"font-family: book antiqua, palatino, serif; font-size: 14pt;\">Ko se pripravite na izpit za dolo\u010den predmet, se prijavite vodji izobra\u017eevanja odraslih s prijavo na izpit (DZS, obrazec 1,49), ki ga je mo\u017eno kupiti v knjigarnah in papirnicah. Nato v roku sedmih dni dobite obvestilo z datumom opravljanja izpita. Dokazilo o pla\u010danem izpitu poka\u017eete profesorju pred samim izpitom.<\/span><\/p>\n<h3 style=\"text-align: justify;\"><span style=\"font-family: book antiqua, palatino, serif; font-size: 18pt;\">Literatura in &scaron;tudijsko gradivo<\/span><\/h3>\n<p style=\"text-align: justify;\"><span style=\"font-family: book antiqua, palatino, serif; font-size: 14pt;\">Literatura je dostopna v &scaron;olski knji\u017enici. Udele\u017eenci izobra\u017eevanja odraslih se lahko v\u010dlanijo v &scaron;olsko knji\u017enico in si literaturo ter &scaron;tudijsko gradivo v knji\u017enici izposodijo. Veliko gradiva pa so u\u010ditelji za udele\u017eence izobra\u017eevanja odraslih pripravili tudi v e-obliki.&nbsp;<\/span><\/p>\n<h3 style=\"text-align: justify;\"><span style=\"font-family: book antiqua, palatino, serif; font-size: 18pt;\">Govorilne ure<\/span><\/h3>\n<p style=\"text-align: justify;\"><span style=\"font-family: book antiqua, palatino, serif; font-size: 14pt;\">V za\u010detku meseca oktobra so objavljene govorilne ure za teko\u010de &scaron;olsko leto na oglasni deski in spletni strani www.hvu.si. Vsak u\u010ditelj ima enkrat tedensko govorilno uro v dopoldanskem \u010dasu in enkrat mese\u010dno v popoldanskem.<\/span><\/p>\n<h3 style=\"text-align: justify;\"><span style=\"font-family: book antiqua, palatino, serif; font-size: 18pt;\">Zaklju\u010dni izpiti in poklicna matura<\/span><\/h3>\n<p style=\"text-align: justify;\"><span style=\"font-family: book antiqua, palatino, serif; font-size: 14pt;\">Poklicna matura in zaklju\u010dni izpiti potekajo vsako leto v treh izpitnih rokih: v spomladanskem, jesenskem in zimskem. Ve\u010d informacij o poklicni maturi je na povezavi: <a href=\"\/srednja\/?page_id=339,\">https:\/\/www.hvu.si\/srednja\/?page_id=339<\/a>, o zaklju\u010dnih izpitih pa na povezavi: <a href=\"\/srednja\/?page_id=489\">https:\/\/www.hvu.si\/srednja\/?page_id=489 <\/a><\/span><span style=\"font-family: book antiqua, palatino, serif; font-size: 14pt;\">Podrobnej&scaron;e informacije dobite pri tajnici zaklju\u010dnih izpitov gospe Lidiji Oblak <span id=\"cloak92396\"><\/span>in tajnici &scaron;olske maturitetne komisije gospe <span id=\"cloak52482\"><a href=\"mailto:bogdana.kapitler@guest.arnes.si\">Bogdani Kapitler<\/a><\/span><\/span><\/p>\n<h3 style=\"text-align: justify;\"><span style=\"font-family: book antiqua, palatino, serif; font-size: 18pt;\">Uradne ure<\/span><\/h3>\n<p style=\"text-align: justify;\"><span style=\"font-family: book antiqua, palatino, serif; font-size: 14pt;\">Uradne ure izobra\u017eevanja odraslih bodo v &scaron;olskem letu 2025\/26 bodo vsak ponedeljek v \u010dasu od 9.00 do 12.00 ure.<\/span><\/p>\n<p style=\"text-align: justify;\"><span style=\"font-family: book antiqua, palatino, serif; font-size: 14pt;\">Ob misli ali se lotiti formalnega izobra\u017eevanja ali ne, le pogumno na pot, saj veste, da je skrb za lastno strokovno spopolnjevanje in raziskovanje naloga vsakega posameznika, ki nas bogati in osre\u010duje. Vedite, da je formalna izobrazba pogoj za opravljanje strokovnega dela, vse ostale oblike pridobivanja novih znanj, izku&scaron;enj in ve&scaron;\u010din pa pogoj za delovno uspe&scaron;nost.<\/span><\/p>\n<p style=\"text-align: justify;\"><span style=\"font-family: book antiqua, palatino, serif; font-size: 14pt;\">\u017delimo vam veliko uspeha!<\/span><\/p>\n<\/div>\n<\/div><\/div>\n            \n            \n            \n            \n        <\/div>\n\n    <\/li>\n        <li >\n\n    \n        <a href class=\"uk-accordion-title\">Srednja poklicna in strokovna \u0161ola<span uk-accordion-icon><\/span><\/a>\n\n        <div class=\"uk-accordion-content\">\n\n            \n            \n            \n                        <div class=\"uk-margin\"><p><span style=\"font-family: book antiqua, palatino, serif; font-size: 14pt;\">Erika Kramar\u0161ek, vodja<\/span><br \/><span style=\"font-family: book antiqua, palatino, serif; font-size: 14pt;\">03\/4285 911<\/span><br \/><span style=\"font-family: book antiqua, palatino, serif; font-size: 14pt;\"><a href=\"mailto:erika.kramarsek@hvu.si\">erika.kramarsek@hvu.si<\/a><\/span><\/p>\n<hr \/>\n<p><span style=\"font-family: book antiqua, palatino, serif; font-size: 14pt;\">\n\n<div>\n\n        \n<ul class=\"uk-tab\" uk-tab=\"connect: #wk-cff\" uk-margin>\n        <li><a href>Cvetli\u010dar<\/a><\/li>\n        <li><a href>Vrtnar<\/a><\/li>\n        <li><a href>Vrtnarski tehnik \/ Hortikulturni tehnik<\/a><\/li>\n        <li><a href>Aran\u017eerski tehnik<\/a><\/li>\n<\/ul>\n\n    \n    \n<ul id=\"wk-cff\" class=\"uk-switcher uk-text-left uk-margin-top\">\n\n    \n    <li>\n        <div class=\"uk-panel\">\n\n            \n            \n                        <h3 class=\"uk-h3 uk-margin-remove-top\">Cvetli\u010dar<\/h3>\n            \n            \n                        <div class=\"uk-margin\"><ul>\n<li style=\"list-style-type: none;\">\n<ul>\n<li><span style=\"font-family: book antiqua, palatino, serif; font-size: 14pt;\"><a href=\"http:\/\/www.hvu.si\/izobrazevalni-center\/?page_id=61\">Delo cvetli\u010darja<\/a><\/span><\/li>\n<li><span style=\"font-family: book antiqua, palatino, serif; font-size: 14pt;\"><a href=\"http:\/\/www.hvu.si\/izobrazevalni-center\/?page_id=61\">Mo\u009e\u017enosti zaposlitve<\/a><\/span><\/li>\n<li><span style=\"font-family: book antiqua, palatino, serif; font-size: 14pt;\"><a href=\"http:\/\/www.hvu.si\/izobrazevalni-center\/?page_id=61&amp;page=2\">Predmetnik Cvetli\u010dar<\/a><\/span><\/li>\n<\/ul>\n<\/li>\n<\/ul><\/div>\n            \n            \n            \n            \n            \n        <\/div>\n    <\/li>\n\n\n    \n    <li>\n        <div class=\"uk-panel\">\n\n            \n            \n                        <h3 class=\"uk-h3 uk-margin-remove-top\">Vrtnar<\/h3>\n            \n            \n                        <div class=\"uk-margin\"><ul>\n<li style=\"list-style-type: none;\">\n<ul>\n<li><span style=\"font-family: book antiqua, palatino, serif; font-size: 14pt;\"><a href=\"http:\/\/www.hvu.si\/izobrazevalni-center\/?page_id=59\">Delo vrtnarja<\/a><\/span><\/li>\n<li><span style=\"font-family: book antiqua, palatino, serif; font-size: 14pt;\"><a href=\"http:\/\/www.hvu.si\/izobrazevalni-center\/?page_id=59\">Mo\u009e\u017enosti zaposlitve<\/a><\/span><\/li>\n<li><span style=\"font-family: book antiqua, palatino, serif; font-size: 14pt;\"><a href=\"http:\/\/www.hvu.si\/izobrazevalni-center\/?page_id=59&amp;page=2\">Predmetnik Vrtnar<\/a><\/span><\/li>\n<\/ul>\n<\/li>\n<\/ul><\/div>\n            \n            \n            \n            \n            \n        <\/div>\n    <\/li>\n\n\n    \n    <li>\n        <div class=\"uk-panel\">\n\n            \n            \n                        <h3 class=\"uk-h3 uk-margin-remove-top\">Vrtnarski tehnik \/ Hortikulturni tehnik<\/h3>\n            \n            \n                        <div class=\"uk-margin\"><ul>\n<li style=\"list-style-type: none;\">\n<ul>\n<li><span style=\"font-family: book antiqua, palatino, serif; font-size: 14pt;\"><a href=\"http:\/\/www.hvu.si\/izobrazevalni-center\/?page_id=63\">Delo hortikulturnega tehnika<\/a><\/span><\/li>\n<li><span style=\"font-family: book antiqua, palatino, serif; font-size: 14pt;\"><a href=\"http:\/\/www.hvu.si\/izobrazevalni-center\/?page_id=63\">Mo\u017e\u009enosti zaposlitve<\/a><\/span><\/li>\n<li><span style=\"font-family: book antiqua, palatino, serif; font-size: 14pt;\"><a href=\"http:\/\/www.hvu.si\/izobrazevalni-center\/?page_id=63&amp;page=2\">Predmetnik Hortikulturni tehnik - SSI<\/a><\/span><\/li>\n<li><span style=\"font-family: book antiqua, palatino, serif; font-size: 14pt;\"><a href=\"http:\/\/www.hvu.si\/izobrazevalni-center\/?page_id=66&amp;page=2\">Predmetnik Hortikulturni tehnik \u0096 PTI<\/a><\/span><\/li>\n<\/ul>\n<\/li>\n<\/ul><\/div>\n            \n            \n            \n            \n            \n        <\/div>\n    <\/li>\n\n\n    \n    <li>\n        <div class=\"uk-panel\">\n\n            \n            \n                        <h3 class=\"uk-h3 uk-margin-remove-top\">Aran\u017eerski tehnik<\/h3>\n            \n            \n                        <div class=\"uk-margin\"><ul>\n<li style=\"list-style-type: none;\">\n<ul>\n<li><span style=\"font-family: book antiqua, palatino, serif; font-size: 14pt;\"><a href=\"http:\/\/www.hvu.si\/izobrazevalni-center\/?page_id=68\">Mo\u009e\u017enosti zaposlitve<\/a><\/span><\/li>\n<li><span style=\"font-family: book antiqua, palatino, serif; font-size: 14pt;\"><a href=\"http:\/\/www.hvu.si\/izobrazevalni-center\/?page_id=68&amp;page=2\">Predmetnik Aran\u017e\u009eerski tehnik<\/a><\/span><\/li>\n<\/ul>\n<\/li>\n<\/ul><\/div>\n            \n            \n            \n            \n            \n        <\/div>\n    <\/li>\n\n<\/ul>\n\n    \n<\/div>\n\n<\/span><\/p><\/div>\n            \n            \n            \n            \n        <\/div>\n\n    <\/li>\n        <li >\n\n    \n        <a href class=\"uk-accordion-title\">Vi\u0161ja strokovna \u0161ola<span uk-accordion-icon><\/span><\/a>\n\n        <div class=\"uk-accordion-content\">\n\n            \n            \n            \n                        <div class=\"uk-margin\"><p><span style=\"font-family: book antiqua, palatino, serif; font-size: 14pt;\">Tja&scaron;a Ogrizek, referentka<\/span><br \/><span style=\"font-family: book antiqua, palatino, serif; font-size: 14pt;\">03\/4285 908<\/span><br \/><span style=\"font-family: book antiqua, palatino, serif; font-size: 14pt;\"><a href=\"mailto:ana.sotosek@hvu.si\">tjasa.ogrizek@hvu.si<\/a><\/span><\/p>\n<hr \/>\n<ul>\n<li style=\"list-style-type: none;\">\n<ul>\n<li><span style=\"font-family: book antiqua, palatino, serif; font-size: 14pt;\"><a href=\"http:\/\/www.hvu.si\/izobrazevalni-center\/?page_id=126\">Hortikultura<\/a><\/span><\/li>\n<li><span style=\"font-family: book antiqua, palatino, serif; font-size: 14pt;\"><a href=\"http:\/\/www.hvu.si\/izobrazevalni-center\/?page_id=128\">Snovanje vizualnih komunikacij in tr\u017eenja<\/a><\/span><\/li>\n<li><a href=\"\/visja\/predmetnik-v-programu-fotografija\/\"><span style=\"font-family: book antiqua, palatino, serif; font-size: 14pt;\">Fotografija<\/span><\/a><\/li>\n<\/ul>\n<\/li>\n<\/ul><\/div>\n            \n            \n            \n            \n        <\/div>\n\n    <\/li>\n    \n<\/ul>\n<\/span><\/p>\n<\/div>\n<p>&nbsp;<\/p>\n<p>&nbsp;<\/p>\n<p>&nbsp;<\/p>\n<p>&nbsp;<\/p>\n<p>&nbsp;<\/p>\n<p>&nbsp;<\/p>\n<p>&nbsp;<\/p>\n<p>&nbsp;<\/p>\n<p>&nbsp;<\/p>\n<p>&nbsp;<\/p>\n<p>&nbsp;<\/p>\n<p>&nbsp;<\/p>\n<p>&nbsp;<\/p>\n<p>&nbsp;<\/p>\n<p>&nbsp;<\/p>\n<p>&nbsp;<\/p>\n<p>&nbsp;<\/p>\n","protected":false},"excerpt":{"rendered":"<p>Erika KRAMAR\u0160EK, vodja erika.kramarsek@hvu.si Tel.: 03 4285911 &nbsp; &nbsp; &nbsp; &nbsp; &nbsp; &nbsp; &nbsp; &nbsp; &nbsp; &nbsp; &nbsp; &nbsp; &nbsp; &nbsp; &nbsp; &nbsp; &nbsp;<\/p>\n","protected":false},"author":1,"featured_media":0,"parent":0,"menu_order":0,"comment_status":"closed","ping_status":"closed","template":"","meta":{"footnotes":""},"class_list":["post-94","page","type-page","status-publish","hentry"],"_links":{"self":[{"href":"https:\/\/www.hvu.si\/izobrazevalni-center\/index.php?rest_route=\/wp\/v2\/pages\/94","targetHints":{"allow":["GET"]}}],"collection":[{"href":"https:\/\/www.hvu.si\/izobrazevalni-center\/index.php?rest_route=\/wp\/v2\/pages"}],"about":[{"href":"https:\/\/www.hvu.si\/izobrazevalni-center\/index.php?rest_route=\/wp\/v2\/types\/page"}],"author":[{"embeddable":true,"href":"https:\/\/www.hvu.si\/izobrazevalni-center\/index.php?rest_route=\/wp\/v2\/users\/1"}],"replies":[{"embeddable":true,"href":"https:\/\/www.hvu.si\/izobrazevalni-center\/index.php?rest_route=%2Fwp%2Fv2%2Fcomments&post=94"}],"version-history":[{"count":23,"href":"https:\/\/www.hvu.si\/izobrazevalni-center\/index.php?rest_route=\/wp\/v2\/pages\/94\/revisions"}],"predecessor-version":[{"id":466,"href":"https:\/\/www.hvu.si\/izobrazevalni-center\/index.php?rest_route=\/wp\/v2\/pages\/94\/revisions\/466"}],"wp:attachment":[{"href":"https:\/\/www.hvu.si\/izobrazevalni-center\/index.php?rest_route=%2Fwp%2Fv2%2Fmedia&parent=94"}],"curies":[{"name":"wp","href":"https:\/\/api.w.org\/{rel}","templated":true}]}}