{"id":83,"date":"2018-02-18T22:03:49","date_gmt":"2018-02-18T21:03:49","guid":{"rendered":"http:\/\/873.gvs.arnes.si\/izobrazevalni-center\/?page_id=83"},"modified":"2026-03-19T11:36:35","modified_gmt":"2026-03-19T10:36:35","slug":"varno-delo-s-traktorjem-in-traktorskimi-prikljucki","status":"publish","type":"page","link":"https:\/\/www.hvu.si\/izobrazevalni-center\/?page_id=83","title":{"rendered":"Varno delo s traktorjem in traktorskimi priklju\u010dki"},"content":{"rendered":"<p style=\"text-align: justify\"><span style=\"font-family: verdana, geneva, sans-serif;font-size: 12pt\"><img loading=\"lazy\" decoding=\"async\" class=\"alignleft wp-image-85 size-full\" src=\"http:\/\/www.hvu.si\/izobrazevalni-center\/wp-content\/uploads\/sites\/6\/2018\/02\/image001t.jpeg\" alt=\"\" width=\"300\" height=\"225\" \/><\/span><\/p>\n<p><span style=\"font-family: verdana, geneva, sans-serif;font-size: 12pt\">Varno delo s traktorjem in traktorskimi priklju\u010dki:<\/span><\/p>\n<p><span style=\"font-family: verdana, geneva, sans-serif;font-size: 12pt\">Veronika Cvetko, vodja<\/span><br \/>\n<span style=\"font-family: verdana, geneva, sans-serif;font-size: 12pt\">Tel: 03 428 5900, 041 216 438<\/span><br \/>\n<span style=\"font-family: verdana, geneva, sans-serif;font-size: 12pt\"><a href=\"mailto:veronika.cvetko@hvu.si\">veronika.cvetko@hvu.si<\/a><\/span><\/p>\n<hr \/>\n<p style=\"text-align: justify\"><span style=\"font-family: verdana, geneva, sans-serif;font-size: 12pt\">Vozniki oziroma upravljalci traktorjev s priklju\u010dki potrebujejo za vpis F kategorije v vozni\u0161ko dovoljenje te\u010daj varnega dela s traktorjem in traktorskimi priklju\u010dki. To je edina kategorija v vozni\u0161kem dovoljenju, ki omogo\u010da vo\u017enjo in delo.<\/span><\/p>\n<p><span style=\"font-family: verdana, geneva, sans-serif;font-size: 12pt\"><strong><span style=\"color: #333399\">TE\u010cAJ &#8211; Varno delo s traktorjem in traktorskimi priklju\u010dki<\/span><\/strong><\/span><\/p>\n<p><span style=\"font-family: verdana, geneva, sans-serif;font-size: 12pt\"><span style=\"color: #800000\"><strong>URNIK USPOSABLJANJA<\/strong><\/span><\/span><\/p>\n<p><span style=\"color: #800000\"><strong><span style=\"font-family: verdana, geneva, sans-serif\">APRIL 2026\u00a0<\/span><\/strong><\/span><\/p>\n<table style=\"width: 890px\" border=\"3\" width=\"890\" cellspacing=\"0\" cellpadding=\"1\">\n<tbody>\n<tr>\n<td><span style=\"font-family: verdana, geneva, sans-serif\">torek\u00a0 14. 04. 2026<\/span><\/td>\n<td><span style=\"font-family: verdana, geneva, sans-serif\">\u0160HVU<\/span><\/td>\n<td><span style=\"font-family: verdana, geneva, sans-serif\">od 16.00 do 20.00<\/span><\/td>\n<\/tr>\n<tr>\n<td><span style=\"font-family: verdana, geneva, sans-serif\">sreda\u00a0 15. 04. 2026<\/span><\/td>\n<td><span style=\"font-family: verdana, geneva, sans-serif\">\u0160HVU<\/span><\/td>\n<td><span style=\"font-family: verdana, geneva, sans-serif\">od 16.00 do 20.00<\/span><\/td>\n<\/tr>\n<tr>\n<td><span style=\"font-family: verdana, geneva, sans-serif\">torek\u00a0 21. 04. 2026<\/span><\/td>\n<td><span style=\"font-family: verdana, geneva, sans-serif\">\u0160HVU &#8211; izpit<\/span><\/td>\n<td><span style=\"font-family: verdana, geneva, sans-serif\">od 15.30 do 19.30<\/span><\/td>\n<\/tr>\n<\/tbody>\n<\/table>\n<p><span style=\"font-family: verdana, geneva, sans-serif;font-size: 12pt\"><a href=\"https:\/\/forms.office.com\/Pages\/ResponsePage.aspx?id=t31NwGpCSke3j3v-MLI67GLklL_OI6tGsvXQxAChFVFUNkpSUk5WQkNLNTNJUk9LUEE0WUZUQ0xFUy4u\"><span style=\"color: #800000\">Prijavite se<\/span><strong><span style=\"color: #800000\"> TUKAJ<\/span><\/strong><\/a><\/span><\/p>\n<div class=\"\" dir=\"auto\">\n<div id=\"jsc_c_5k\" class=\"ecm0bbzt hv4rvrfc ihqw7lf3 dati1w0a\" data-ad-comet-preview=\"message\" data-ad-preview=\"message\">\n<div class=\"j83agx80 cbu4d94t ew0dbk1b irj2b8pg\">\n<div class=\"qzhwtbm6 knvmm38d\">\n<div class=\"kvgmc6g5 cxmmr5t8 oygrvhab hcukyx3x c1et5uql ii04i59q\">\n<div dir=\"auto\">\n<p><span style=\"font-size: 12pt;font-family: verdana, geneva, sans-serif\"><strong><u>Kraj usposabljanja:<\/u><\/strong><\/span><\/p>\n<p><span style=\"font-size: 12pt;font-family: verdana, geneva, sans-serif\"><strong>\u0160ola za hortikulturo in vizualne umetnosti Celje (u\u010dilnice 25, 29 in 23)<\/strong><\/span><\/p>\n<p><span style=\"font-size: 12pt;font-family: verdana, geneva, sans-serif\">Usposabljanje izvajamo po Pravilniku o usposabljanju za varno delo s traktorjem in traktorskimi priklju\u010dki (Uradni list RS, \u0161t. <a href=\"http:\/\/www.uradni-list.si\/1\/objava.jsp?sop=2017-01-3597\">75\/17<\/a> in <a href=\"http:\/\/www.uradni-list.si\/1\/objava.jsp?sop=2020-01-0015\">2\/20<\/a>).<\/span><\/p>\n<p><span style=\"font-size: 12pt;font-family: verdana, geneva, sans-serif\">K preizkusu znanja lahko pristopi le udele\u017eenec, ki je bil prisoten pri vseh vsebinah programa usposabljanja (11. \u010dlen pravilnika).<\/span><\/p>\n<p><span style=\"font-size: 12pt;font-family: verdana, geneva, sans-serif\">Cena usposabljanja je 255,00 \u20ac z DDV. <strong><span style=\"color: #800000\">Pla\u010dilo mora biti izvedeno teden pred za\u010detkom usposabljanja, da se vodi prijava kot veljavna.<\/span><\/strong><\/span><\/p>\n<p><span style=\"font-family: verdana, geneva, sans-serif;font-size: 12pt\">Od kandidatov se pri\u010dakuje zanesljiva udele\u017eba. Vsak udele\u017eenec prejme gradivo v tiskani obliki.<\/span><\/p>\n<\/div>\n<\/div>\n<\/div>\n<\/div>\n<\/div>\n<\/div>\n<p><span style=\"font-family: verdana, geneva, sans-serif;font-size: 12pt\">V primeru strokovnih vpra\u0161anj je na voljo vodja VDT ga. Veronika Cvetko 041 216 438, glede prijave, odjave in pla\u010dila je na voljo tajni\u0161tvo 03 428 59 00.<\/span><\/p>\n<p>&nbsp;<\/p>\n","protected":false},"excerpt":{"rendered":"<p>Varno delo s traktorjem in traktorskimi priklju\u010dki: Veronika Cvetko, vodja Tel: 03 428 5900, 041 216 438 veronika.cvetko@hvu.si Vozniki oziroma upravljalci traktorjev s priklju\u010dki potrebujejo za vpis F kategorije v vozni\u0161ko dovoljenje te\u010daj varnega dela s traktorjem in traktorskimi priklju\u010dki. To je edina kategorija v vozni\u0161kem dovoljenju, ki omogo\u010da vo\u017enjo in delo. TE\u010cAJ &#8211; Varno [&hellip;]<\/p>\n","protected":false},"author":1,"featured_media":0,"parent":0,"menu_order":0,"comment_status":"closed","ping_status":"closed","template":"","meta":{"footnotes":""},"class_list":["post-83","page","type-page","status-publish","hentry"],"_links":{"self":[{"href":"https:\/\/www.hvu.si\/izobrazevalni-center\/index.php?rest_route=\/wp\/v2\/pages\/83","targetHints":{"allow":["GET"]}}],"collection":[{"href":"https:\/\/www.hvu.si\/izobrazevalni-center\/index.php?rest_route=\/wp\/v2\/pages"}],"about":[{"href":"https:\/\/www.hvu.si\/izobrazevalni-center\/index.php?rest_route=\/wp\/v2\/types\/page"}],"author":[{"embeddable":true,"href":"https:\/\/www.hvu.si\/izobrazevalni-center\/index.php?rest_route=\/wp\/v2\/users\/1"}],"replies":[{"embeddable":true,"href":"https:\/\/www.hvu.si\/izobrazevalni-center\/index.php?rest_route=%2Fwp%2Fv2%2Fcomments&post=83"}],"version-history":[{"count":137,"href":"https:\/\/www.hvu.si\/izobrazevalni-center\/index.php?rest_route=\/wp\/v2\/pages\/83\/revisions"}],"predecessor-version":[{"id":2126,"href":"https:\/\/www.hvu.si\/izobrazevalni-center\/index.php?rest_route=\/wp\/v2\/pages\/83\/revisions\/2126"}],"wp:attachment":[{"href":"https:\/\/www.hvu.si\/izobrazevalni-center\/index.php?rest_route=%2Fwp%2Fv2%2Fmedia&parent=83"}],"curies":[{"name":"wp","href":"https:\/\/api.w.org\/{rel}","templated":true}]}}