{"id":684,"date":"2019-07-05T08:30:38","date_gmt":"2019-07-05T06:30:38","guid":{"rendered":"http:\/\/www.hvu.si\/izobrazevalni-center\/?page_id=684"},"modified":"2021-06-17T20:50:35","modified_gmt":"2021-06-17T18:50:35","slug":"las-razvoj-podezelja","status":"publish","type":"page","link":"https:\/\/www.hvu.si\/izobrazevalni-center\/?page_id=684","title":{"rendered":"EIP Vzpostavitev vzdr\u017eevalne selekcije \u010debulnic za pridelavo zdravega semena slovenskih sort \u010desna in \u0161alotke; Varujmo in izbolj\u0161ajmo pogoje za ohranitev pestre zdru\u017ebe opra\u0161evalcev"},"content":{"rendered":"<div data-wrapper=\"true\" aria-expanded=\"true\">\n<div class=\"wk-accordion-content wk-active\">\n<div class=\"wk-margin\">\n<table class=\" aligncenter\" style=\"width: 100%;\" border=\"0\">\n<tbody>\n<tr>\n<td style=\"width: 15.156%;\"><a href=\"https:\/\/www.las-raznolikost-podezelja.si\/\"><img loading=\"lazy\" decoding=\"async\" class=\"aligncenter wp-image-690\" src=\"http:\/\/www.hvu.si\/izobrazevalni-center\/wp-content\/uploads\/sites\/6\/2019\/07\/logospes.jpg\" alt=\"\" width=\"725\" height=\"180\" srcset=\"https:\/\/www.hvu.si\/izobrazevalni-center\/wp-content\/uploads\/sites\/6\/2019\/07\/logospes.jpg 808w, https:\/\/www.hvu.si\/izobrazevalni-center\/wp-content\/uploads\/sites\/6\/2019\/07\/logospes-300x74.jpg 300w, https:\/\/www.hvu.si\/izobrazevalni-center\/wp-content\/uploads\/sites\/6\/2019\/07\/logospes-768x190.jpg 768w\" sizes=\"(max-width: 725px) 100vw, 725px\" \/><\/a><\/td>\n<td style=\"width: 4.65577%;\"><img loading=\"lazy\" decoding=\"async\" class=\"wp-image-192 alignleft\" src=\"http:\/\/www.hvu.si\/izobrazevalni-center\/wp-content\/uploads\/sites\/6\/2018\/07\/image386.jpg\" alt=\"\" width=\"85\" height=\"156\" \/><\/td>\n<td style=\"width: 23.4274%;\"><img loading=\"lazy\" decoding=\"async\" class=\" wp-image-191 alignleft\" src=\"http:\/\/www.hvu.si\/izobrazevalni-center\/wp-content\/uploads\/sites\/6\/2018\/07\/LAS_logo.jpg\" alt=\"\" width=\"245\" height=\"153\" \/><\/td>\n<\/tr>\n<\/tbody>\n<\/table>\n<p style=\"text-align: justify;\"><span style=\"font-family: book antiqua, palatino, serif; font-size: 14pt;\"><em>Na\u0161a \u0161ola sodeluje s Centrom biotehnike in turizma Novo mesto, Kmetijskim in\u0161titutom Slovenije, In\u0161titutom za hmeljarstvo in pivovarstvo \u017dalec, Kmetijsko gozdarskim zavodom Celje, semenarsko hi\u0161o Amarant in \u0161tevilnimi kmeti-pridelovalci \u010desna in \u0161alotke.<\/em><\/span><\/p>\n<p style=\"text-align: justify;\"><span style=\"font-family: book antiqua, palatino, serif; font-size: 14pt;\"><strong>Naziv projekta:<\/strong><\/span><\/p>\n<h1>VZPOSTAVITEV VZDR\u017dEVALNE SELEKCIJE \u010cEBULNIC ZA PRIDELAVO ZDRAVEGA SEMENA SLOVENSKIH SORT \u010cESNA (Allium sativa) IN \u0160ALOTKE (Allium cepa var. aggregatum)<\/h1>\n<p style=\"text-align: justify;\"><span style=\"font-family: book antiqua, palatino, serif; font-size: 14pt;\"><strong>Povzetek <\/strong><\/span><\/p>\n<p style=\"text-align: justify;\"><span style=\"font-family: book antiqua, palatino, serif; font-size: 14pt;\">Projekt izhaja iz potrebe slovenske semenarske pridelave \u010desna in \u0161alotke, ki se soo\u010da z izjemno oku\u017eenostjo semenskega materiala slovenskih sort in vzpostavitvijo razvojno \u2013 raziskovalnega dela za permanentno odbiro in \u010di\u0161\u010denje semenskega materiala. Na\u010drtovano je, da prva faza \u010di\u0161\u010denja poteka na Kmetijskem in\u0161titutu Slovenije-u in In\u0161titutu za hmeljarstvo in pivovarstvo Slovenije, pri \u010demer se znanje prenese na Grm Novo mesto \u2013 center biotehnike in turizma (sekundarni raziskovalni nivo). Grm Novo mesto bo tako prevzel vse do certificiranega semena. Za vzpostavitev trajnostne vzdr\u017eevalne selekcije je, poleg povezanosti raziskovalno razvojnega sektorja s semenarskimi hi\u0161ami in pridelovalci, klju\u010den prenos znanja in izdelava tehnolo\u0161kih navodil za nadaljnjo pridelavo. Klju\u010dni u\u010dinki projekta so, poleg kakovostnega semenskega materiala in vzpostavitve vzdr\u017eevalne selekcije, tudi promocija semenarstva in uporabe slovenskih sort semenskega materiala. S tem se projekt naslanja na veliko te\u017eavo sodobnega, tudi slovenskega kmetijstva, to je izjemna erozija lokalnih, doma\u010dih, avtohtonih in predvsem doma\u010dim razmeram prilagojenih sort kmetijskih rastlin, popularizaciji pridelave v segmentu ekolo\u0161ke pridelave in odpiranje novih zaposlitvenih prilo\u017enosti na pode\u017eelju. Projekt se v velikem dele\u017eu nana\u0161al na, z najbolj\u0161imi eksperti s podro\u010dja semenarstva in statistike, zasnovo agrotehnolo\u0161kih poskusov na kmetijskih gospodarstvih, s ciljem izdelave in raz\u0161irjanja tehnolo\u0161kih navodil. Projekt se bo smiselno nadgrajeval z razli\u010dnimi pristopi prenosa znanj, popularizacije projekta, povezovanja pridelovalcev, javnih predstavitev na strokovnih in znanstvenih posvetih ipd. Projekt\u00a0 tako sledi dvema pomembnima pridelovalnima ciljema slovenskega semenarstva: pridobivanju in vzdr\u017eevanju semenskega materiala slovenskih sort \u010desna in \u0161alotke primernega zdravstvenega stanja ter pove\u010danju produktivnosti v pridelavi materiala slovenskih sort \u010desna.<\/span><\/p>\n<p style=\"text-align: justify;\"><span style=\"font-family: book antiqua, palatino, serif; font-size: 14pt;\"><strong>Cilji<\/strong><\/span><\/p>\n<ol style=\"text-align: justify;\">\n<li><span style=\"font-family: book antiqua, palatino, serif; font-size: 14pt;\">Vzpostavitev sistema permanentnega \u010di\u0161\u010denja semena, vklju\u010dujo\u010d ocenjevanje prisotnosti nematod in s tem povezane problematike ter razvoja brezvirusnega semenskega materiala \u010desna in \u0161alotke. Gre za funkcionalno brezvirusni material, posamezni virusi v zelo nizki koncentraciji so lahko v brezvirusnem materialu \u0161e zmeraj prisotni \u2013 znanstveno je nemogo\u010de zagotoviti 100 % brezvirusnost rastlinskega materiala, \u010deprav je ta izraz v redni uporabi) \u2013 v projektu Kmetijski in\u0161titut Slovenije prena\u0161a znanje na Grm Novo mesto, so\u010dasno poteka ista naloga na \u0161alotki na In\u0161titutu za hmeljarstvo in pivovarstvo Slovenije. V projektu se vzpostavlja sistem in ne zagotavlja ve\u010djih koli\u010din brezvirusnega semenskega materiala za trg. Metodologija od izvornega osebka do novih (za in vivo) primernih pogojev traja po predvidenem protokolu. Po preteku nekaj let se vzpostavi komercialna linija pridelave brezvirusnega semenskega materiala slovenskih sort \u010desna in \u0161alotke.<\/span><\/li>\n<li><span style=\"font-family: book antiqua, palatino, serif; font-size: 14pt;\">Prevzem znanja (prenos iz Kmetijskega in\u0161tituta Slovenije na Grm Novo mesto), materialov (donatorja oz. dobavitelja sta semenarska hi\u0161a Amarant ter Semenarna Ljubljana d.o.o.) in vzpostavitve celotnega \u017eivljenjskega cikla pridelave brezvirusnega semenskega materiala slovenskih sort \u010desna (od odbire in vivo, preko RRI dela v in vitro, do ponovne aklimatizacije in vivo ter komercialnega razmno\u017eevanja) na Grmu Novo mesto.<\/span><\/li>\n<li><span style=\"font-family: book antiqua, palatino, serif; font-size: 14pt;\">Intenzivnej\u0161e sodelovanje Kmetijskega in\u0161tituta Slovenije s komercialnimi semenarskimi hi\u0161ami za vzpostavitev trajne komercialne pridelave brezvirusnega materiala slovenskih sort \u010desna in \u0161alotke, ob so\u010dasni promociji slovenskih sort kmetijskih rastlin, semenarstva kot visoko zahtevne kmetijske panoge ter s ciljem pove\u010dati semenarsko pridelavo s Sloveniji, s poudarkom na pridelavi \u010debulnic.<\/span><\/li>\n<li><span style=\"font-family: book antiqua, palatino, serif; font-size: 14pt;\">Zasnova in obdelava agrotehnolo\u0161kih poskusov na visoki strokovni ravni, ki bodo osnova za izdelavo tehnolo\u0161kih navodil za pridelavo semenske pridelave \u010desna in \u0161alotke.<\/span><\/li>\n<li><span style=\"font-family: book antiqua, palatino, serif; font-size: 14pt;\">Prenos znanja agrotehnologije semenske pridelave \u010desna in \u0161alotke na druga kmetijska gospodarstva, med udele\u017eence v kmetijskem izobra\u017eevanju, v strokovno javnost, agrarne novinarje itd.<\/span><\/li>\n<li><span style=\"font-family: book antiqua, palatino, serif; font-size: 14pt;\">Strokovna in znanstvena objava vsebine in rezultatov projekta v \u010dasu izvajanja projekta in po njem s ciljem ve\u010d nivojske promocije projekta za doseganje njegovih vsebinskih u\u010dinkov.<\/span><\/li>\n<li><span style=\"font-family: book antiqua, palatino, serif; font-size: 14pt;\">Razvoj projektne sheme kakovosti in na\u010drta tr\u017eenja proizvodov.<\/span><\/li>\n<li><span style=\"font-family: book antiqua, palatino, serif; font-size: 14pt;\">Projektno partnerstvo nudi odli\u010dno prilo\u017enost za nadaljnje skupno razvojno \u2013 raziskovalno, pano\u017eno in poslovno sodelovanje ter daje mo\u017enost nadaljnjega razvoja podobnih vsebin, med katerimi je tudi namera Kmetijskega in\u0161tituta Slovenije, da se v dalj\u0161em \u010dasovnem obdobju o\u010disti tudi ostale populacije slovenskih sort \u010desna (tudi \u0161alotke), ki jih hrani v svojih vzdr\u017eevalnih selekcijah.<\/span><\/li>\n<\/ol>\n<p style=\"text-align: justify;\"><span style=\"font-family: book antiqua, palatino, serif; font-size: 14pt;\"><strong>Pri\u010dakovani rezultati<\/strong><\/span><\/p>\n<ol>\n<li style=\"text-align: justify;\"><span style=\"font-family: book antiqua, palatino, serif; font-size: 14pt;\">Uspe\u0161en prenos znanja za vzpostavitev sistema permanentnega \u010di\u0161\u010denja semena v postopku laboratorijskega dela, vklju\u010dujo\u010d ocenjevanje prisotnosti nematod in s tem povezane problematike ter razvoja brezvirusnega materiala semenskega materiala \u010desna in \u0161alotke iz Kmetijskega in\u0161tituta Slovenije na Grm Novo mesto.<\/span><\/li>\n<li style=\"text-align: justify;\"><span style=\"font-family: book antiqua, palatino, serif; font-size: 14pt;\">Dejanska vzpostavitev vzdr\u017eevalne selekcije \u010desna (<em>Allium sativa<\/em>) in \u0161alotke (<em>Allium cepa<\/em> <em>aggregatum<\/em>) slovenskih sort na Kmetijskem in\u0161titutu, Grmu Novo mesto in semenarskih hi\u0161ah.<\/span><\/li>\n<li style=\"text-align: justify;\"><span style=\"font-family: book antiqua, palatino, serif; font-size: 14pt;\">Izdelana tehnolo\u0161ka navodila za pridelovalce semenskega materiala \u010desna in \u0161alotke, s posebnim poudarkom na ekolo\u0161ki pridelavi, izdana v obliki priro\u010dnika (tiskana verzija in e-oblika).<\/span><\/li>\n<li style=\"text-align: justify;\"><span style=\"font-family: book antiqua, palatino, serif; font-size: 14pt;\">Izdelan in javno objavljen na\u010drt tr\u017eenja rezultatov projekta.<\/span><\/li>\n<li style=\"text-align: justify;\"><span style=\"font-family: book antiqua, palatino, serif; font-size: 14pt;\">Izdelana mre\u017ea splo\u0161nih in strokovnih promocijskih dogodkov, v okviru katerih bodo predstavljeni cilji projekta.<\/span><\/li>\n<li style=\"text-align: justify;\"><span style=\"font-family: book antiqua, palatino, serif; font-size: 14pt;\">Na osnovi \u0161tevilnih strokovnih in promocijskih aktivnosti projekta bo dose\u017eena ve\u010dja pridelava visokokakovostnega semenskega materiala, razvit trg in dose\u017een razvoj semenarstva.<\/span><\/li>\n<\/ol>\n<\/div>\n<\/div>\n<\/div>\n<table class=\" aligncenter\" style=\"width: 100%; height: 236px;\" border=\"0\">\n<tbody>\n<tr style=\"height: 180px;\">\n<td style=\"width: 14.8092%; height: 180px;\"><a href=\"https:\/\/www.las-raznolikost-podezelja.si\/\"><img loading=\"lazy\" decoding=\"async\" class=\"aligncenter wp-image-690\" src=\"http:\/\/www.hvu.si\/izobrazevalni-center\/wp-content\/uploads\/sites\/6\/2019\/07\/logospes.jpg\" alt=\"\" width=\"641\" height=\"159\" srcset=\"https:\/\/www.hvu.si\/izobrazevalni-center\/wp-content\/uploads\/sites\/6\/2019\/07\/logospes.jpg 808w, https:\/\/www.hvu.si\/izobrazevalni-center\/wp-content\/uploads\/sites\/6\/2019\/07\/logospes-300x74.jpg 300w, https:\/\/www.hvu.si\/izobrazevalni-center\/wp-content\/uploads\/sites\/6\/2019\/07\/logospes-768x190.jpg 768w\" sizes=\"(max-width: 641px) 100vw, 641px\" \/><\/a><\/td>\n<td style=\"width: 2.77363%; height: 180px;\"><span style=\"font-family: book antiqua, palatino, serif;\"><img loading=\"lazy\" decoding=\"async\" class=\"aligncenter wp-image-192\" src=\"http:\/\/www.hvu.si\/izobrazevalni-center\/wp-content\/uploads\/sites\/6\/2018\/07\/image386.jpg\" alt=\"\" width=\"91\" height=\"166\" \/><\/span><\/td>\n<td style=\"width: 29.1233%; height: 180px;\"><span style=\"font-family: book antiqua, palatino, serif;\"><a href=\"https:\/\/www.las-raznolikost-podezelja.si\/\"><img loading=\"lazy\" decoding=\"async\" class=\" wp-image-191 alignleft\" src=\"http:\/\/www.hvu.si\/izobrazevalni-center\/wp-content\/uploads\/sites\/6\/2018\/07\/LAS_logo.jpg\" alt=\"\" width=\"249\" height=\"155\" \/><\/a><\/span><\/td>\n<\/tr>\n<tr style=\"height: 56px;\">\n<td style=\"text-align: center; width: 46.7062%; height: 56px;\" colspan=\"3\"><span style=\"font-family: book antiqua, palatino, serif; font-size: 14pt;\"><a href=\"https:\/\/ec.europa.eu\/agriculture\/rural-development-2014-2020_sl\">Spletna stran Evropske komisije, namenjena razvoju pode\u017eelja<\/a><\/span><br \/>\n<span style=\"font-family: book antiqua, palatino, serif; font-size: 14pt;\"><a href=\"http:\/\/www.program-podezelja.si\">Program razvoja pode\u017eelja<\/a><\/span><\/td>\n<\/tr>\n<\/tbody>\n<\/table>\n<p><strong>Naziv projekta:<\/strong><\/p>\n<h1>Varujmo in izbolj\u0161ajmo pogoje za ohranitev pestre zdru\u017ebe opra\u0161evalcev<\/h1>\n<p style=\"text-align: justify;\"><span style=\"font-family: book antiqua, palatino, serif; font-size: 14pt;\">Agencija RS za kmetijske trge in razvoj pode\u017eelja je maja 2018 odobrila vlogo Ob\u010dine La\u0161ko za izvedbo operacije\u00a0<b>Varujmo in izbolj\u0161ajmo pogoje za ohranitev pestre zdru\u017ebe opra\u0161evalcev<\/b>. V projektu sodelujejo Ob\u010dina La\u0161ko kot vodilni partner s partnerji: \u010cebelarsko dru\u0161tvo La\u0161ko, Zavod STIK La\u0161ko, Thermana La\u0161ko, d. d., in \u0160ola za hortikulturo in vizualno umetnost. Vrednost projekta je ocenjena na 44.501,43\u20ac, od tega zna\u0161a sofinanciranje\u00a0 iz EKSRP 33.046,88\u20ac.<\/span><\/p>\n<p style=\"text-align: justify;\"><span style=\"font-family: book antiqua, palatino, serif; font-size: 14pt;\">Vloge \u0161ole v projektu je ozave\u0161\u010danje lai\u010dne in profesionalne javnosti o pomenu opra\u0161evalcev za pridelavo varne hrane in na\u010dinu urejanja urbanega okolja. V okviru projekta na\u010drtujemo izvedbo naslednjih aktivnosti: rekonstrukcija zeli\u0161\u010dnega vrta v parku Thermana La\u0161ko d.d., poimenovanje medovitih rastlin v parku, organizacija in izvedba okrogle mize, izvedba dveh delavnic za osnovno\u0161olce. Pri vseh projektnih aktivnostih bomo vklju\u010devali tudi dijake in \u0161tudente, ki obiskujejo na\u0161e izobra\u017eevalne programe.<\/span><\/p>\n<p style=\"text-align: justify;\"><span style=\"font-family: book antiqua, palatino, serif; font-size: 14pt;\">Projektne aktivnosti so aktivno naravnane in bodo predstavljene na internetnih straneh \u0161ole in pri vseh partnerjih v projektu, posamezni dogodki bodo predstavljeni tudi v lokalnih \u010dasopisih.<\/span><\/p>\n<p style=\"text-align: right;\"><span style=\"font-family: book antiqua, palatino, serif; font-size: 14pt;\">Koordinatorica projekta na \u0161oli: \u00a0<a href=\"mailto:romana.spes@hvu.si\">Romana \u0160pes<\/a><\/span><\/p>\n<hr \/>\n<p><span style=\"font-family: book antiqua, palatino, serif; font-size: 14pt;\">Aktivnosti:<\/span><\/p>\n<ul>\n<li><span style=\"font-family: book antiqua, palatino, serif; font-size: 14pt;\"><a href=\"http:\/\/www.hvu.si\/izobrazevalni-center\/?page_id=538\">Zasaditev zeli\u0161\u010dne grede<\/a><\/span><\/li>\n<li><span style=\"font-family: book antiqua, palatino, serif; font-size: 14pt;\"><a href=\"http:\/\/www.hvu.si\/izobrazevalni-center\/?p=678\" target=\"_blank\" rel=\"noopener noreferrer\">Izdelava na\u010drta zeli\u0161\u010dne grede in Zdravili\u0161kega parka La\u0161ko z vrisanimi medovitimi rastlinami<\/a><\/span><\/li>\n<li><span style=\"font-family: book antiqua, palatino, serif; font-size: 14pt;\"><a href=\"https:\/\/www.hvu.si\/izobrazevalni-center\/?p=771&amp;preview=true\">Promocijska delavnica na O\u0160 La\u0161ko<\/a><\/span><\/li>\n<li><span style=\"font-family: book antiqua, palatino, serif; font-size: 14pt;\"><a href=\"http:\/\/www.hvu.si\/izobrazevalni-center\/?p=776\">Promocijska delavnica na O\u0160 Debro<\/a><\/span><\/li>\n<li><span style=\"font-family: book antiqua, palatino, serif; font-size: 14pt;\"><a href=\"http:\/\/www.hvu.si\/izobrazevalni-center\/?p=767\">Okrogla miza<\/a><\/span><\/li>\n<\/ul>\n","protected":false},"excerpt":{"rendered":"<p>Na\u0161a \u0161ola sodeluje s Centrom biotehnike in turizma Novo mesto, Kmetijskim in\u0161titutom Slovenije, In\u0161titutom za hmeljarstvo in pivovarstvo \u017dalec, Kmetijsko gozdarskim zavodom Celje, semenarsko hi\u0161o Amarant in \u0161tevilnimi kmeti-pridelovalci \u010desna in \u0161alotke. Naziv projekta: VZPOSTAVITEV VZDR\u017dEVALNE SELEKCIJE \u010cEBULNIC ZA PRIDELAVO ZDRAVEGA SEMENA SLOVENSKIH SORT \u010cESNA (Allium sativa) IN \u0160ALOTKE (Allium cepa var. aggregatum) Povzetek Projekt [&hellip;]<\/p>\n","protected":false},"author":1,"featured_media":0,"parent":0,"menu_order":0,"comment_status":"closed","ping_status":"closed","template":"","meta":{"footnotes":""},"class_list":["post-684","page","type-page","status-publish","hentry"],"_links":{"self":[{"href":"https:\/\/www.hvu.si\/izobrazevalni-center\/index.php?rest_route=\/wp\/v2\/pages\/684","targetHints":{"allow":["GET"]}}],"collection":[{"href":"https:\/\/www.hvu.si\/izobrazevalni-center\/index.php?rest_route=\/wp\/v2\/pages"}],"about":[{"href":"https:\/\/www.hvu.si\/izobrazevalni-center\/index.php?rest_route=\/wp\/v2\/types\/page"}],"author":[{"embeddable":true,"href":"https:\/\/www.hvu.si\/izobrazevalni-center\/index.php?rest_route=\/wp\/v2\/users\/1"}],"replies":[{"embeddable":true,"href":"https:\/\/www.hvu.si\/izobrazevalni-center\/index.php?rest_route=%2Fwp%2Fv2%2Fcomments&post=684"}],"version-history":[{"count":17,"href":"https:\/\/www.hvu.si\/izobrazevalni-center\/index.php?rest_route=\/wp\/v2\/pages\/684\/revisions"}],"predecessor-version":[{"id":1061,"href":"https:\/\/www.hvu.si\/izobrazevalni-center\/index.php?rest_route=\/wp\/v2\/pages\/684\/revisions\/1061"}],"wp:attachment":[{"href":"https:\/\/www.hvu.si\/izobrazevalni-center\/index.php?rest_route=%2Fwp%2Fv2%2Fmedia&parent=684"}],"curies":[{"name":"wp","href":"https:\/\/api.w.org\/{rel}","templated":true}]}}