{"id":68,"date":"2018-02-18T21:39:14","date_gmt":"2018-02-18T20:39:14","guid":{"rendered":"http:\/\/873.gvs.arnes.si\/izobrazevalni-center\/?page_id=68"},"modified":"2018-11-19T22:31:06","modified_gmt":"2018-11-19T21:31:06","slug":"aranzerski-tehnik","status":"publish","type":"page","link":"https:\/\/www.hvu.si\/izobrazevalni-center\/?page_id=68","title":{"rendered":"Aran\u017eerski tehnik"},"content":{"rendered":"<p><span style=\"font-family: book antiqua, palatino, serif; font-size: 14pt;\">Naziv strokovne izobrazbe: aran\u017eerski tehnik\/aran\u017eerska tehnica<\/span><\/p>\n<p><span style=\"font-family: book antiqua, palatino, serif; font-size: 14pt;\">TRAJANJE IZOBRA\u017dEVANJA<\/span><\/p>\n<p><span style=\"font-family: book antiqua, palatino, serif; font-size: 14pt;\">Izobra\u017eevanje traja \u0161tiri leta.<\/span><br \/>\n<span style=\"font-family: book antiqua, palatino, serif; font-size: 14pt;\">Izobra\u017eevalni program je ovrednoten z 240 kreditnimi to\u010dkami (KT) po sistemu ECTS.<\/span><\/p>\n<p><span style=\"font-family: book antiqua, palatino, serif; font-size: 14pt;\">VPISNI POGOJI<\/span><\/p>\n<p><span style=\"font-family: book antiqua, palatino, serif; font-size: 14pt;\">V program se lahko vpi\u0161e, kdor je uspe\u0161no kon\u010dal:<\/span><\/p>\n<ul>\n<li><span style=\"font-family: book antiqua, palatino, serif; font-size: 14pt;\">osnovno\u0161olsko izobra\u017eevanje ali<\/span><\/li>\n<li><span style=\"font-family: book antiqua, palatino, serif; font-size: 14pt;\">ni\u017eje poklicno izobra\u017eevanje ali<\/span><\/li>\n<li><span style=\"font-family: book antiqua, palatino, serif; font-size: 14pt;\">enakovredno izobra\u017eevanje po prej\u0161njih predpisih.<\/span><\/li>\n<\/ul>\n<p><span style=\"font-family: book antiqua, palatino, serif; font-size: 14pt;\">O ZNA\u010cILNOSTIH POKLICA<\/span><\/p>\n<p><span style=\"font-family: book antiqua, palatino, serif; font-size: 14pt;\">Program je namenjen dijakom, ki imajo smisel za likovno ustvarjanje in podjetni\u0161tvo. Poklic aran\u017eerskega tehnika je ustvarjalen in zanimiv. Poudarek je na likovnem in estetskem izra\u017eanju, na\u010drtovanju dekoracije prostora, vizualnem komuniciranju, tr\u017eenju in pospe\u0161evanju prodaje.<\/span><br \/>\n<span style=\"font-family: book antiqua, palatino, serif; font-size: 14pt;\">POKLICNA MATURA<\/span><br \/>\n<span style=\"font-family: book antiqua, palatino, serif; font-size: 14pt;\">Dijak zaklju\u010di \u0161olanje s poklicno maturo, ki je sestavljena iz obveznega dela:<\/span><\/p>\n<ul>\n<li><span style=\"font-family: book antiqua, palatino, serif; font-size: 14pt;\">pisni in ustni izpit iz sloven\u0161\u010dine,<\/span><\/li>\n<li><span style=\"font-family: book antiqua, palatino, serif; font-size: 14pt;\">pisni in ustni izpit iz temeljnega strokovnega znanja.<\/span><\/li>\n<\/ul>\n<p><span style=\"font-family: book antiqua, palatino, serif; font-size: 14pt;\">izbirnega dela:<\/span><\/p>\n<ul>\n<li><span style=\"font-family: book antiqua, palatino, serif; font-size: 14pt;\">pisni in ustni izpit iz tujega jezika ali matematike,<\/span><\/li>\n<li><span style=\"font-family: book antiqua, palatino, serif; font-size: 14pt;\">izdelek oziroma storitev in zagovor.<\/span><\/li>\n<\/ul>\n<p><span style=\"font-family: book antiqua, palatino, serif; font-size: 14pt;\">MO\u017dNOSTI ZA NAPREJ:<\/span><\/p>\n<ul>\n<li><span style=\"font-family: book antiqua, palatino, serif; font-size: 14pt;\">takoj\u0161nja zaposlitev ali<\/span><\/li>\n<li><span style=\"font-family: book antiqua, palatino, serif; font-size: 14pt;\">nadaljevanje izobra\u017eevanja na vi\u0161jih in visokih strokovnih \u0161olah ter s pridobitvijo petega predmeta tudi na nekaterih univerzitetnih \u0161tudijskih programih prve stopnje.<\/span><\/li>\n<\/ul>\n<p><span style=\"font-family: book antiqua, palatino, serif; font-size: 14pt;\"><!--nextpage--><\/span><\/p>\n<p><span style=\"font-family: book antiqua, palatino, serif; font-size: 14pt;\">Predmetnik programa Aran\u017eerski tehnik:<\/span><\/p>\n<table style=\"height: 936px; width: 890px;\" border=\"1\" cellspacing=\"0\" cellpadding=\"3\">\n<tbody>\n<tr style=\"height: 24px;\">\n<td style=\"height: 24px;\" width=\"347\"><span style=\"font-family: book antiqua, palatino, serif; font-size: 14pt;\"><strong>Programska enota<\/strong><\/span><\/td>\n<td style=\"height: 24px; text-align: center;\" width=\"161\"><span style=\"font-family: book antiqua, palatino, serif; font-size: 14pt;\"><strong>Skupno \u0161tevilo ur<\/strong><\/span><\/td>\n<\/tr>\n<tr style=\"height: 24px;\">\n<td style=\"height: 24px; text-align: left;\" colspan=\"2\" width=\"508\"><span style=\"font-family: book antiqua, palatino, serif; font-size: 14pt;\"><strong>Splo\u0161no-izobra\u017eevalni predmeti<\/strong><\/span><\/td>\n<\/tr>\n<tr style=\"height: 24px;\">\n<td style=\"height: 24px; padding-left: 30px;\" width=\"347\"><span style=\"font-family: book antiqua, palatino, serif; font-size: 14pt;\">Sloven\u0161\u010dina<\/span><\/td>\n<td style=\"height: 24px; text-align: center;\" width=\"161\"><span style=\"font-family: book antiqua, palatino, serif; font-size: 14pt;\">487<\/span><\/td>\n<\/tr>\n<tr style=\"height: 24px;\">\n<td style=\"height: 24px; padding-left: 30px;\" width=\"347\"><span style=\"font-family: book antiqua, palatino, serif; font-size: 14pt;\">Tuji jezik I. ANG<\/span><\/td>\n<td style=\"height: 24px; text-align: center;\" width=\"161\"><span style=\"font-family: book antiqua, palatino, serif; font-size: 14pt;\">417<\/span><\/td>\n<\/tr>\n<tr style=\"height: 24px;\">\n<td style=\"height: 24px; padding-left: 30px;\" width=\"347\"><span style=\"font-family: book antiqua, palatino, serif; font-size: 14pt;\">Matematika<\/span><\/td>\n<td style=\"height: 24px; text-align: center;\" width=\"161\"><span style=\"font-family: book antiqua, palatino, serif; font-size: 14pt;\">383<\/span><\/td>\n<\/tr>\n<tr style=\"height: 24px;\">\n<td style=\"height: 24px; padding-left: 30px;\" width=\"347\"><span style=\"font-family: book antiqua, palatino, serif; font-size: 14pt;\">Umetnost<\/span><\/td>\n<td style=\"height: 24px; text-align: center;\" width=\"161\"><span style=\"font-family: book antiqua, palatino, serif; font-size: 14pt;\">68<\/span><\/td>\n<\/tr>\n<tr style=\"height: 24px;\">\n<td style=\"height: 24px; padding-left: 30px;\" width=\"347\"><span style=\"font-family: book antiqua, palatino, serif; font-size: 14pt;\">Zgodovina<\/span><\/td>\n<td style=\"height: 24px; text-align: center;\" width=\"161\"><span style=\"font-family: book antiqua, palatino, serif; font-size: 14pt;\">102<\/span><\/td>\n<\/tr>\n<tr style=\"height: 24px;\">\n<td style=\"height: 24px; padding-left: 30px;\" width=\"347\"><span style=\"font-family: book antiqua, palatino, serif; font-size: 14pt;\">Geografija<\/span><\/td>\n<td style=\"height: 24px; text-align: center;\" width=\"161\"><span style=\"font-family: book antiqua, palatino, serif; font-size: 14pt;\">68<\/span><\/td>\n<\/tr>\n<tr style=\"height: 24px;\">\n<td style=\"height: 24px; padding-left: 30px;\" width=\"347\"><span style=\"font-family: book antiqua, palatino, serif; font-size: 14pt;\">Sociologija<\/span><\/td>\n<td style=\"height: 24px; text-align: center;\" width=\"161\"><span style=\"font-family: book antiqua, palatino, serif; font-size: 14pt;\">68<\/span><\/td>\n<\/tr>\n<tr style=\"height: 24px;\">\n<td style=\"height: 24px; padding-left: 30px;\" width=\"347\"><span style=\"font-family: book antiqua, palatino, serif; font-size: 14pt;\">Psihologija<\/span><\/td>\n<td style=\"height: 24px; text-align: center;\" width=\"161\"><span style=\"font-family: book antiqua, palatino, serif; font-size: 14pt;\">68<\/span><\/td>\n<\/tr>\n<tr style=\"height: 24px;\">\n<td style=\"height: 24px; padding-left: 30px;\" width=\"347\"><span style=\"font-family: book antiqua, palatino, serif; font-size: 14pt;\">Biologija<\/span><\/td>\n<td style=\"height: 24px; text-align: center;\" width=\"161\"><span style=\"font-family: book antiqua, palatino, serif; font-size: 14pt;\">105<\/span><\/td>\n<\/tr>\n<tr style=\"height: 24px;\">\n<td style=\"height: 24px; padding-left: 30px;\" width=\"347\"><span style=\"font-family: book antiqua, palatino, serif; font-size: 14pt;\">Kemija<\/span><\/td>\n<td style=\"height: 24px; text-align: center;\" width=\"161\"><span style=\"font-family: book antiqua, palatino, serif; font-size: 14pt;\">105<\/span><\/td>\n<\/tr>\n<tr style=\"height: 24px;\">\n<td style=\"height: 24px; padding-left: 30px;\" width=\"347\"><span style=\"font-family: book antiqua, palatino, serif; font-size: 14pt;\">Tuji jezik II. NEM<\/span><\/td>\n<td style=\"height: 24px; text-align: center;\" width=\"161\"><span style=\"font-family: book antiqua, palatino, serif; font-size: 14pt;\">204<\/span><\/td>\n<\/tr>\n<tr style=\"height: 24px;\">\n<td style=\"height: 24px; padding-left: 30px;\" width=\"347\"><span style=\"font-family: book antiqua, palatino, serif; font-size: 14pt;\">\u0160portna vzgoja<\/span><\/td>\n<td style=\"height: 24px; text-align: center;\" width=\"161\"><span style=\"font-family: book antiqua, palatino, serif; font-size: 14pt;\">340<\/span><\/td>\n<\/tr>\n<tr style=\"height: 24px;\">\n<td style=\"height: 24px; text-align: center;\" colspan=\"2\" width=\"508\"><span style=\"font-family: book antiqua, palatino, serif; font-size: 14pt;\"><strong>\u00a0<\/strong><\/span><\/td>\n<\/tr>\n<tr style=\"height: 24px;\">\n<td style=\"height: 24px; text-align: left;\" colspan=\"2\" width=\"508\"><span style=\"font-family: book antiqua, palatino, serif; font-size: 14pt;\"><strong>Strokovni moduli<\/strong><\/span><\/td>\n<\/tr>\n<tr style=\"height: 24px;\">\n<td style=\"height: 24px; padding-left: 30px;\" width=\"347\"><span style=\"font-family: book antiqua, palatino, serif; font-size: 14pt;\">Podjetje na trgu<\/span><\/td>\n<td style=\"height: 24px; text-align: center;\" width=\"161\"><span style=\"font-family: book antiqua, palatino, serif; font-size: 14pt;\">374<\/span><\/td>\n<\/tr>\n<tr style=\"height: 10px;\">\n<td style=\"height: 10px; padding-left: 30px;\" width=\"347\"><span style=\"font-family: book antiqua, palatino, serif; font-size: 14pt;\">Vizualne komunikacije \u2013 likovna teorija in likovno oblikovanje<\/span><\/td>\n<td style=\"height: 10px; text-align: center;\" width=\"161\"><span style=\"font-family: book antiqua, palatino, serif; font-size: 14pt;\">374<\/span><\/td>\n<\/tr>\n<tr style=\"height: 24px;\">\n<td style=\"height: 24px; padding-left: 30px;\" width=\"347\"><span style=\"font-family: book antiqua, palatino, serif; font-size: 14pt;\">Aran\u017eerstvo<\/span><\/td>\n<td style=\"height: 24px; text-align: center;\" width=\"161\"><span style=\"font-family: book antiqua, palatino, serif; font-size: 14pt;\">340<\/span><\/td>\n<\/tr>\n<tr style=\"height: 24px;\">\n<td style=\"height: 24px; padding-left: 30px;\" width=\"347\"><span style=\"font-family: book antiqua, palatino, serif; font-size: 14pt;\">Dekoraterstvo<\/span><\/td>\n<td style=\"height: 24px; text-align: center;\" width=\"161\"><span style=\"font-family: book antiqua, palatino, serif; font-size: 14pt;\">238<\/span><\/td>\n<\/tr>\n<tr style=\"height: 24px;\">\n<td style=\"height: 24px; padding-left: 30px;\" width=\"347\"><span style=\"font-family: book antiqua, palatino, serif; font-size: 14pt;\">Multimedijsko ogla\u0161evanje<\/span><\/td>\n<td style=\"height: 24px; text-align: center;\" width=\"161\"><span style=\"font-family: book antiqua, palatino, serif; font-size: 14pt;\">136<\/span><\/td>\n<\/tr>\n<tr style=\"height: 24px;\">\n<td style=\"height: 24px; text-align: center;\" colspan=\"2\" width=\"508\"><\/td>\n<\/tr>\n<tr style=\"height: 24px;\">\n<td style=\"height: 24px; text-align: left;\" colspan=\"2\" width=\"508\"><span style=\"font-family: book antiqua, palatino, serif; font-size: 14pt;\"><strong>Odprti kurikul<\/strong><\/span><\/td>\n<\/tr>\n<tr style=\"height: 24px;\">\n<td style=\"height: 24px; padding-left: 30px;\" width=\"347\"><span style=\"font-family: book antiqua, palatino, serif; font-size: 14pt;\">Funkcionalno opismenjevanje<\/span><\/td>\n<td style=\"height: 24px; text-align: center;\" width=\"161\"><span style=\"font-family: book antiqua, palatino, serif; font-size: 14pt;\">68<\/span><\/td>\n<\/tr>\n<tr style=\"height: 24px;\">\n<td style=\"height: 24px; padding-left: 30px;\" width=\"347\"><span style=\"font-family: book antiqua, palatino, serif; font-size: 14pt;\">Uporabna matematika<\/span><\/td>\n<td style=\"height: 24px; text-align: center;\" width=\"161\"><span style=\"font-family: book antiqua, palatino, serif; font-size: 14pt;\">68<\/span><\/td>\n<\/tr>\n<tr style=\"height: 24px;\">\n<td style=\"height: 24px; padding-left: 30px;\" width=\"347\"><span style=\"font-family: book antiqua, palatino, serif; font-size: 14pt;\">Strokovna terminologija v tujem jeziku<\/span><\/td>\n<td style=\"height: 24px; text-align: center;\" width=\"161\"><span style=\"font-family: book antiqua, palatino, serif; font-size: 14pt;\">68<\/span><\/td>\n<\/tr>\n<tr style=\"height: 24px;\">\n<td style=\"height: 24px; padding-left: 30px;\" width=\"347\"><span style=\"font-family: book antiqua, palatino, serif; font-size: 14pt;\">\u0160tudijsko risanje<\/span><\/td>\n<td style=\"height: 24px; text-align: center;\" width=\"161\"><span style=\"font-family: book antiqua, palatino, serif; font-size: 14pt;\">34<\/span><\/td>\n<\/tr>\n<tr style=\"height: 24px;\">\n<td style=\"height: 24px; padding-left: 30px;\" width=\"347\"><span style=\"font-family: book antiqua, palatino, serif; font-size: 14pt;\">Vizualne komunikacije v aran\u017eerstvu<\/span><\/td>\n<td style=\"height: 24px; text-align: center;\" width=\"161\"><span style=\"font-family: book antiqua, palatino, serif; font-size: 14pt;\">136<\/span><\/td>\n<\/tr>\n<tr style=\"height: 24px;\">\n<td style=\"height: 24px; padding-left: 30px;\" width=\"347\"><span style=\"font-family: book antiqua, palatino, serif; font-size: 14pt;\">Slikarske tehnike<\/span><\/td>\n<td style=\"height: 24px; text-align: center;\" width=\"161\"><span style=\"font-family: book antiqua, palatino, serif; font-size: 14pt;\">102<\/span><\/td>\n<\/tr>\n<tr style=\"height: 24px;\">\n<td style=\"height: 24px; padding-left: 30px;\" width=\"347\"><span style=\"font-family: book antiqua, palatino, serif; font-size: 14pt;\">Umetnostna zgodovina \u2013 izbrane vsebine<\/span><\/td>\n<td style=\"height: 24px; text-align: center;\" width=\"161\"><span style=\"font-family: book antiqua, palatino, serif; font-size: 14pt;\">34<\/span><\/td>\n<\/tr>\n<tr style=\"height: 24px;\">\n<td style=\"height: 24px; padding-left: 30px;\" width=\"347\"><span style=\"font-family: book antiqua, palatino, serif; font-size: 14pt;\">Osnove filma in fotografije<\/span><\/td>\n<td style=\"height: 24px; text-align: center;\" width=\"161\"><span style=\"font-family: book antiqua, palatino, serif; font-size: 14pt;\">34<\/span><\/td>\n<\/tr>\n<tr style=\"height: 24px;\">\n<td style=\"height: 24px; padding-left: 30px;\" width=\"347\"><span style=\"font-family: book antiqua, palatino, serif; font-size: 14pt;\">Tr\u017eenjsko komuniciranje<\/span><\/td>\n<td style=\"height: 24px; text-align: center;\" width=\"161\"><span style=\"font-family: book antiqua, palatino, serif; font-size: 14pt;\">34<\/span><\/td>\n<\/tr>\n<tr style=\"height: 24px;\">\n<td style=\"height: 24px; text-align: center;\" colspan=\"2\" width=\"508\"><span style=\"font-family: book antiqua, palatino, serif; font-size: 14pt;\"><strong>\u00a0<\/strong><\/span><\/td>\n<\/tr>\n<tr style=\"height: 24px;\">\n<td style=\"height: 24px;\" width=\"347\"><span style=\"font-family: book antiqua, palatino, serif; font-size: 14pt;\"><strong>Prakti\u010dno usposabljanje z delom<\/strong><\/span><\/td>\n<td style=\"height: 24px; text-align: center;\" width=\"161\"><span style=\"font-family: book antiqua, palatino, serif; font-size: 14pt;\">152<\/span><\/td>\n<\/tr>\n<tr style=\"height: 24px;\">\n<td style=\"height: 24px; text-align: center;\" colspan=\"2\" width=\"508\"><span style=\"font-family: book antiqua, palatino, serif; font-size: 14pt;\"><strong>\u00a0<\/strong><\/span><\/td>\n<\/tr>\n<tr style=\"height: 24px;\">\n<td style=\"height: 24px;\" width=\"347\"><span style=\"font-family: book antiqua, palatino, serif; font-size: 14pt;\"><strong>Interesne dejavnosti <\/strong><\/span><\/td>\n<td style=\"height: 24px; text-align: center;\" width=\"161\"><span style=\"font-family: book antiqua, palatino, serif; font-size: 14pt;\">352<\/span><\/td>\n<\/tr>\n<tr style=\"height: 24px;\">\n<td style=\"height: 24px;\" width=\"347\"><span style=\"font-family: book antiqua, palatino, serif; font-size: 14pt;\"><strong>\u00a0<\/strong><\/span><\/td>\n<td style=\"height: 24px; text-align: center;\" width=\"161\"><\/td>\n<\/tr>\n<tr style=\"height: 24px;\">\n<td style=\"height: 24px;\" width=\"347\"><span style=\"font-family: book antiqua, palatino, serif; font-size: 14pt;\"><strong>Skupaj \u0161tevilo ur<\/strong><\/span><\/td>\n<td style=\"height: 24px; text-align: center;\" width=\"161\"><span style=\"font-family: book antiqua, palatino, serif; font-size: 14pt;\">4455<\/span><\/td>\n<\/tr>\n<\/tbody>\n<\/table>\n<p>&nbsp;<\/p>\n","protected":false},"excerpt":{"rendered":"<p>Naziv strokovne izobrazbe: aran\u017eerski tehnik\/aran\u017eerska tehnica TRAJANJE IZOBRA\u017dEVANJA Izobra\u017eevanje traja \u0161tiri leta. Izobra\u017eevalni program je ovrednoten z 240 kreditnimi to\u010dkami (KT) po sistemu ECTS. VPISNI POGOJI V program se lahko vpi\u0161e, kdor je uspe\u0161no kon\u010dal: osnovno\u0161olsko izobra\u017eevanje ali ni\u017eje poklicno izobra\u017eevanje ali enakovredno izobra\u017eevanje po prej\u0161njih predpisih. O ZNA\u010cILNOSTIH POKLICA Program je namenjen dijakom, ki [&hellip;]<\/p>\n","protected":false},"author":1,"featured_media":0,"parent":0,"menu_order":0,"comment_status":"closed","ping_status":"closed","template":"","meta":{"footnotes":""},"class_list":["post-68","page","type-page","status-publish","hentry"],"_links":{"self":[{"href":"https:\/\/www.hvu.si\/izobrazevalni-center\/index.php?rest_route=\/wp\/v2\/pages\/68","targetHints":{"allow":["GET"]}}],"collection":[{"href":"https:\/\/www.hvu.si\/izobrazevalni-center\/index.php?rest_route=\/wp\/v2\/pages"}],"about":[{"href":"https:\/\/www.hvu.si\/izobrazevalni-center\/index.php?rest_route=\/wp\/v2\/types\/page"}],"author":[{"embeddable":true,"href":"https:\/\/www.hvu.si\/izobrazevalni-center\/index.php?rest_route=\/wp\/v2\/users\/1"}],"replies":[{"embeddable":true,"href":"https:\/\/www.hvu.si\/izobrazevalni-center\/index.php?rest_route=%2Fwp%2Fv2%2Fcomments&post=68"}],"version-history":[{"count":5,"href":"https:\/\/www.hvu.si\/izobrazevalni-center\/index.php?rest_route=\/wp\/v2\/pages\/68\/revisions"}],"predecessor-version":[{"id":490,"href":"https:\/\/www.hvu.si\/izobrazevalni-center\/index.php?rest_route=\/wp\/v2\/pages\/68\/revisions\/490"}],"wp:attachment":[{"href":"https:\/\/www.hvu.si\/izobrazevalni-center\/index.php?rest_route=%2Fwp%2Fv2%2Fmedia&parent=68"}],"curies":[{"name":"wp","href":"https:\/\/api.w.org\/{rel}","templated":true}]}}