{"id":630,"date":"2019-03-09T13:23:27","date_gmt":"2019-03-09T12:23:27","guid":{"rendered":"http:\/\/www.hvu.si\/izobrazevalni-center\/?page_id=630"},"modified":"2019-03-09T13:32:19","modified_gmt":"2019-03-09T12:32:19","slug":"pridelava-in-predelava-zelisc-2","status":"publish","type":"page","link":"https:\/\/www.hvu.si\/izobrazevalni-center\/?page_id=630","title":{"rendered":"S cvetjem od pomladi do bo\u017ei\u010da"},"content":{"rendered":"<table style=\"width: 890px;\" border=\"0\">\n<tbody>\n<tr>\n<td><span style=\"font-family: book antiqua, palatino, serif;\"><img loading=\"lazy\" decoding=\"async\" class=\"aligncenter size-full wp-image-611\" src=\"https:\/\/www.hvu.si\/izobrazevalni-center\/wp-content\/uploads\/sites\/6\/2019\/03\/mizs.jpg\" alt=\"\" width=\"255\" height=\"42\" \/><\/span><\/td>\n<td><span style=\"font-family: book antiqua, palatino, serif;\"><img loading=\"lazy\" decoding=\"async\" class=\"aligncenter size-full wp-image-602\" src=\"https:\/\/www.hvu.si\/izobrazevalni-center\/wp-content\/uploads\/sites\/6\/2019\/02\/munera-3-e1552131742912.jpg\" alt=\"\" width=\"100\" height=\"124\" \/><\/span><\/td>\n<td><span style=\"font-family: book antiqua, palatino, serif;\"><img loading=\"lazy\" decoding=\"async\" class=\"aligncenter wp-image-5\" src=\"http:\/\/873.gvs.arnes.si\/izobrazevalni-center\/wp-content\/uploads\/sites\/6\/2017\/12\/Logotip_horizont_tiskovine_m.png\" sizes=\"(max-width: 213px) 100vw, 213px\" srcset=\"http:\/\/873.gvs.arnes.si\/izobrazevalni-center\/wp-content\/uploads\/sites\/6\/2017\/12\/Logotip_horizont_tiskovine_m.png 330w, http:\/\/873.gvs.arnes.si\/izobrazevalni-center\/wp-content\/uploads\/sites\/6\/2017\/12\/Logotip_horizont_tiskovine_m-300x136.png 300w\" alt=\"\" width=\"213\" height=\"97\" \/><\/span><\/td>\n<td><span style=\"font-family: book antiqua, palatino, serif;\"><img loading=\"lazy\" decoding=\"async\" class=\"size-full wp-image-359 alignleft\" src=\"http:\/\/873.gvs.arnes.si\/izobrazevalni-center\/wp-content\/uploads\/sites\/6\/2018\/09\/rast1.jpg\" alt=\"\" width=\"143\" height=\"53\" \/><\/span><\/td>\n<\/tr>\n<tr>\n<td style=\"text-align: center;\" colspan=\"4\"><span style=\"font-family: book antiqua, palatino, serif; font-size: 14pt;\"><em>\u00bbNalo\u017ebo sofinancirata Republika Slovenija in Evropska unija iz Evropskega socialnega sklada.\u00ab<\/em><\/span><\/td>\n<\/tr>\n<\/tbody>\n<\/table>\n<table style=\"width: 890px; height: 2865px;\" border=\"1\" width=\"0890\" cellspacing=\"0\" cellpadding=\"3\">\n<tbody>\n<tr style=\"height: 28px;\">\n<td style=\"height: 28px; width: 273.95px; background-color: #fffccc;\"><span style=\"font-family: book antiqua, palatino, serif; font-size: 14pt;\"><strong>Naziv programa<\/strong><\/span><\/td>\n<td style=\"height: 28px; width: 598.05px;\" colspan=\"4\"><span style=\"font-family: book antiqua, palatino, serif; font-size: 14pt;\"><strong>S cvetjem od pomladi do bo\u017ei\u010da<\/strong><\/span><\/td>\n<\/tr>\n<tr style=\"height: 28px;\">\n<td style=\"height: 28px; width: 273.95px; background-color: #fffccc;\"><span style=\"font-family: book antiqua, palatino, serif; font-size: 14pt;\"><strong>Podro\u010dje<\/strong><\/span><\/td>\n<td style=\"height: 28px; width: 598.05px;\" colspan=\"4\"><span style=\"font-family: book antiqua, palatino, serif; font-size: 14pt;\"><strong>Biotehnika<\/strong><\/span><\/td>\n<\/tr>\n<tr style=\"height: 84px;\">\n<td style=\"height: 84px; width: 273.95px; background-color: #fffccc;\"><span style=\"font-family: book antiqua, palatino, serif; font-size: 14pt;\"><strong>Predlagatelj programa<br \/>\n<\/strong>(ime \u0161ole in imena pripravljalcev programa)<\/span><\/td>\n<td style=\"height: 84px; width: 598.05px;\" colspan=\"4\"><span style=\"font-family: book antiqua, palatino, serif; font-size: 14pt;\">\u0160ola za hortikulturo in vizualne umetnosti Celje<br \/>\nMojca Sodin, Bernarda Reber\u0161ek Natek<\/span><\/td>\n<\/tr>\n<tr style=\"height: 399px;\">\n<td style=\"height: 399px; width: 273.95px; background-color: #fffccc;\"><span style=\"font-family: book antiqua, palatino, serif; font-size: 14pt;\"><strong>Kratek opis programa<br \/>\n<\/strong>(max. 150 besed)<\/span><\/td>\n<td style=\"text-align: justify; height: 399px; width: 598.05px;\" colspan=\"4\"><span style=\"font-family: book antiqua, palatino, serif; font-size: 14pt;\"><strong>Udele\u017eenci programa bodo pridobili in\/ali izbolj\u0161ali kompetence na biotehni\u0161kem podro\u010dju floristike in sicer tako, da bodo poglobili in raz\u0161irili strokovna znanja, generi\u010dna znanja in spretnosti ter poklicne zmo\u017enosti. Pridobili bodo specifi\u010dne kompetence ter razvijali znanja o <\/strong><strong>na\u010drtovanju in oblikovanju v floristiki,<\/strong><strong> kompoziciji cvetli\u010dnih vezav, zlasti poznavanje <\/strong><strong>zakonitosti in na\u010del izdelave floristi\u010dnih dekoracij in izvajanje storitev na tem podro\u010dju. Spoznali bodo, kako je potekal razvoj stroke skozi zgodovino, njeno tradicijo in najnovej\u0161e trende, tehnike dela, materiale, izvajanje storitev na tem podro\u010dju, promocijske kanale, kako gradijo svojo kariero. Razvijali bodo informacijsko pismenost.<\/strong><strong>Vsebina programa se bo prilagajala predznanju in potrebam udele\u017eencev in stalnim potrebam udele\u017eencev po posodabljanju ter razvoju znanja in spretnosti, novostim, zaradi spreminjajo\u010dih se gospodarskih in socialnih razmer.<\/strong><\/span><\/td>\n<\/tr>\n<tr style=\"height: 28px;\">\n<td style=\"height: 28px; width: 880px; background-color: #fffccc;\" colspan=\"5\"><span style=\"font-family: book antiqua, palatino, serif; font-size: 14pt;\"><strong>SPLO\u0160NI DEL<\/strong><\/span><\/td>\n<\/tr>\n<tr style=\"height: 300px;\">\n<td style=\"height: 300px; width: 273.95px; background-color: #fffccc;\"><span style=\"font-family: book antiqua, palatino, serif; font-size: 14pt;\"><strong>Utemeljenost <\/strong>(v skladu z razpisom in analizo potreb)<\/span><\/td>\n<td style=\"height: 300px; width: 598.05px;\" colspan=\"4\">\n<p style=\"text-align: justify;\"><span style=\"font-family: book antiqua, palatino, serif; font-size: 14pt;\">V skladu z Evropskim programom izobra\u017eevanja odraslih, ponujamo kakovosten program izobra\u017eevanja, ki omogo\u010da pridobivanje in razvijanje novih spretnostih in znanj in je v skladu\u00a0 z Resolucijo o Nacionalnem programu izobra\u017eevanja odraslih v Republiki Sloveniji ter je prilagojen razvojnim potrebam trga dela.<\/span><\/p>\n<p style=\"text-align: justify;\"><span style=\"font-family: book antiqua, palatino, serif; font-size: 14pt;\">Pomanjkanje delovne sile vse bolj ob\u010dutijo tudi slovenski obrtniki. Dela in povpra\u0161evanja po izdelkih in storitvah je veliko, problem pa je, ker ni dovolj usposobljenih kadrov. Tako pomanjkanje kadrov se ka\u017ee tudi na podro\u010dju floristike.<\/span><\/p>\n<\/td>\n<\/tr>\n<tr style=\"height: 344px;\">\n<td style=\"height: 344px; width: 273.95px; background-color: #fffccc;\"><span style=\"font-family: book antiqua, palatino, serif; font-size: 14pt;\"><strong>Ciljna skupina <\/strong>(v skladu z razpisom in analizo potreb)<\/span><\/td>\n<td style=\"height: 344px; width: 598.05px;\" colspan=\"4\"><span style=\"font-family: book antiqua, palatino, serif; font-size: 14pt;\">Ciljna skupina so zaposleni, ki \u017eelijo izbolj\u0161ati kompetence na podro\u010dju oblikovnaja in urejanja prostora z rastlinami v skladu z ReNPIO 2013-2020.<\/span><\/p>\n<p><span style=\"font-family: book antiqua, palatino, serif; font-size: 14pt;\">Ciljne skupine so :<\/span><\/p>\n<ul>\n<li><span style=\"font-family: book antiqua, palatino, serif; font-size: 14pt;\">zaposleni, ki delujejo\u00a0 v storitveni dejavnosti cvetli\u010darstva in vrtnarstva,<\/span><\/li>\n<li><span style=\"font-family: book antiqua, palatino, serif; font-size: 14pt;\">zaposlene osebe brez poklicne kvalifikacije oz. strokovne izobrazbe,<\/span><\/li>\n<li><span style=\"font-family: book antiqua, palatino, serif; font-size: 14pt;\">zaposleni z izobrazbo, ki zaradi prestruktuiranja in dolgoro\u010dnih razvojnih projekcij ni ve\u010d ustrezna<strong>.<\/strong><\/span><\/li>\n<\/ul>\n<\/td>\n<\/tr>\n<tr style=\"height: 56px;\">\n<td style=\"height: 56px; width: 273.95px; background-color: #fffccc;\"><span style=\"font-family: book antiqua, palatino, serif; font-size: 14pt;\"><strong>Pogoji za vklju\u010ditev v program<br \/>\n<\/strong>(v skladu z razpisom)<\/span><\/td>\n<td style=\"height: 56px; width: 598.05px;\" colspan=\"4\"><span style=\"font-family: book antiqua, palatino, serif; font-size: 14pt;\">Status zaposlenega, samostojnega podjetnika sli kmeta.<\/span><\/td>\n<\/tr>\n<tr style=\"height: 112px;\">\n<td style=\"height: 112px; width: 273.95px; background-color: #fffccc;\"><span style=\"font-family: book antiqua, palatino, serif; font-size: 14pt;\"><strong>Cilji programa<br \/>\n<\/strong>(v skladu z razpisom in analizo potreb)<\/span><\/td>\n<td style=\"text-align: justify; height: 112px; width: 598.05px;\" colspan=\"4\"><span style=\"font-family: book antiqua, palatino, serif; font-size: 14pt;\">Cilj programa je izbolj\u0161anje kompetenc zaposlenih na podro\u010dju storitvene dejavnosti floristike za zmanj\u0161anje neskladij med usposobljenostjo in potrebami trga dela ter izbolj\u0161anje u\u010dinkovitosti in kakovosti njihovega dela.<\/span><\/td>\n<\/tr>\n<tr style=\"height: 28px;\">\n<td style=\"height: 28px; width: 273.95px; background-color: #fffccc;\"><span style=\"font-family: book antiqua, palatino, serif; font-size: 14pt;\"><strong>Obseg programa <\/strong>(skupno \u0161t. ur)<\/span><\/td>\n<td style=\"height: 28px; width: 598.05px;\" colspan=\"4\"><span style=\"font-family: book antiqua, palatino, serif; font-size: 14pt;\"><strong>\u00a0<\/strong><\/span><\/td>\n<\/tr>\n<tr style=\"height: 113px;\">\n<td style=\"height: 113px; width: 273.95px; background-color: #fffccc;\"><span style=\"font-family: book antiqua, palatino, serif; font-size: 14pt;\"><strong>Oblika dela<\/strong><\/span><\/td>\n<td style=\"height: 113px; width: 132.483px; text-align: center;\"><span style=\"font-family: book antiqua, palatino, serif; font-size: 14pt;\"><strong>Kontaktne ure<\/strong><\/span><\/td>\n<td style=\"height: 113px; width: 132.467px; text-align: center;\"><span style=\"font-family: book antiqua, palatino, serif; font-size: 14pt;\"><strong>On line delo<br \/>\n<\/strong>(max 50 % celotnega programa)<\/span><\/td>\n<td style=\"height: 113px; width: 132.483px; text-align: center;\"><span style=\"font-family: book antiqua, palatino, serif; font-size: 14pt;\"><strong>Izdelek ali storitev<\/strong><\/span><\/td>\n<td style=\"height: 113px; width: 176.617px; text-align: center;\"><span style=\"font-family: book antiqua, palatino, serif; font-size: 14pt;\"><strong>Drugo<br \/>\n<\/strong>(navedite)<\/span><\/td>\n<\/tr>\n<tr style=\"height: 28px;\">\n<td style=\"height: 28px; width: 273.95px; background-color: #fffccc;\"><span style=\"font-family: book antiqua, palatino, serif; font-size: 14pt;\"><strong>Teoreti\u010dni del <\/strong>(\u0161t. ur)<\/span><\/td>\n<td style=\"height: 28px; width: 132.483px; text-align: center;\"><span style=\"font-family: book antiqua, palatino, serif; font-size: 14pt;\">25<\/span><\/td>\n<td style=\"height: 28px; width: 132.467px; text-align: center;\"><span style=\"font-family: book antiqua, palatino, serif; font-size: 14pt;\"><strong>\u00a0<\/strong><\/span><\/td>\n<td style=\"height: 28px; width: 132.483px; text-align: center;\"><span style=\"font-family: book antiqua, palatino, serif; font-size: 14pt;\"><strong>\u00a0<\/strong><\/span><\/td>\n<td style=\"height: 28px; width: 176.617px; text-align: center;\"><span style=\"font-family: book antiqua, palatino, serif; font-size: 14pt;\"><strong>\u00a0<\/strong><\/span><\/td>\n<\/tr>\n<tr style=\"height: 28px;\">\n<td style=\"height: 28px; width: 273.95px; background-color: #fffccc;\"><span style=\"font-family: book antiqua, palatino, serif; font-size: 14pt;\"><strong>Prakti\u010dni del <\/strong>(\u0161t. ur)<\/span><\/td>\n<td style=\"height: 28px; width: 132.483px; text-align: center;\"><span style=\"font-family: book antiqua, palatino, serif; font-size: 14pt;\">25<\/span><\/td>\n<td style=\"height: 28px; width: 132.467px; text-align: center;\"><span style=\"font-family: book antiqua, palatino, serif; font-size: 14pt;\"><strong>\u00a0<\/strong><\/span><\/td>\n<td style=\"height: 28px; width: 132.483px; text-align: center;\"><span style=\"font-family: book antiqua, palatino, serif; font-size: 14pt;\"><strong>\u00a0<\/strong><\/span><\/td>\n<td style=\"height: 28px; width: 176.617px; text-align: center;\"><span style=\"font-family: book antiqua, palatino, serif; font-size: 14pt;\"><strong>\u00a0<\/strong><\/span><\/td>\n<\/tr>\n<tr style=\"height: 84px;\">\n<td style=\"height: 84px; width: 273.95px; background-color: #fffccc;\"><span style=\"font-family: book antiqua, palatino, serif; font-size: 14pt;\"><strong>Na\u010din evidentiranja <\/strong>(lista prisotnosti, podpisana izjava \u2013 izdelek, storitev \u2026)<\/span><\/td>\n<td style=\"height: 84px; width: 132.483px; text-align: center;\"><span style=\"font-family: book antiqua, palatino, serif; font-size: 14pt;\">Lista prisotnosti<\/span><\/td>\n<td style=\"height: 84px; width: 132.467px; text-align: center;\"><span style=\"font-family: book antiqua, palatino, serif; font-size: 14pt;\"><strong>\u00a0<\/strong><\/span><\/td>\n<td style=\"height: 84px; width: 132.483px; text-align: center;\"><span style=\"font-family: book antiqua, palatino, serif; font-size: 14pt;\"><strong>\u00a0<\/strong><\/span><\/td>\n<td style=\"height: 84px; width: 176.617px; text-align: center;\"><span style=\"font-family: book antiqua, palatino, serif; font-size: 14pt;\"><strong>\u00a0<\/strong><\/span><\/td>\n<\/tr>\n<tr style=\"height: 56px;\">\n<td style=\"height: 56px; width: 273.95px; background-color: #fffccc;\"><span style=\"font-family: book antiqua, palatino, serif; font-size: 14pt;\"><strong>Pogoji za kon\u010danje programa<\/strong><\/span><\/td>\n<td style=\"height: 56px; width: 598.05px;\" colspan=\"4\">\n<ul>\n<li><span style=\"font-family: book antiqua, palatino, serif; font-size: 14pt;\">80% prisotnost v programu<\/span><\/li>\n<li><span style=\"font-family: book antiqua, palatino, serif; font-size: 14pt;\">Priprava ideje, skice za izdelek v merilu in samostojna izdelava izdelka<\/span><\/li>\n<\/ul>\n<\/td>\n<\/tr>\n<tr style=\"height: 28px;\">\n<td style=\"height: 28px; width: 880px; background-color: #fffccc;\" colspan=\"5\"><span style=\"font-family: book antiqua, palatino, serif; font-size: 14pt;\"><strong>POSEBNI DEL<\/strong><\/span><\/td>\n<\/tr>\n<tr style=\"height: 168px;\">\n<td style=\"height: 168px; width: 273.95px; background-color: #fffccc;\"><span style=\"font-family: book antiqua, palatino, serif; font-size: 14pt;\"><strong>Vsebine programa<\/strong><\/span><\/td>\n<td style=\"height: 168px; width: 598.05px;\" colspan=\"4\">\n<ul>\n<li><span style=\"font-family: book antiqua, palatino, serif; font-size: 14pt;\">Zna\u010dilnosti floristike.<\/span><\/li>\n<li><span style=\"font-family: book antiqua, palatino, serif; font-size: 14pt;\">Na\u010dela oblikovanja<\/span><\/li>\n<li><span style=\"font-family: book antiqua, palatino, serif; font-size: 14pt;\">Materiali, pripomo\u010dki, orodja in tehnike dela.<\/span><\/li>\n<li><span style=\"font-family: book antiqua, palatino, serif; font-size: 14pt;\">Na\u010drtovanje, priprava, izvedba in kontrola kakovosti na\u010drtovanega dela, racionalne porabe materialov, \u010dasa, energije ter oskrba materialov in floristi\u010dnih \u00a0izdelkov od pomladi do bo\u017ei\u010da.<\/span><\/li>\n<li><span style=\"font-family: book antiqua, palatino, serif; font-size: 14pt;\">Kalkulacije izdelkov.<\/span><\/li>\n<li><span style=\"font-family: book antiqua, palatino, serif; font-size: 14pt;\">Varovanje zdravja in okolja.<\/span><\/li>\n<li><span style=\"font-family: book antiqua, palatino, serif; font-size: 14pt;\">Komunikacija s sodelavci, naro\u010dniki in strankami.<\/span><\/li>\n<\/ul>\n<\/td>\n<\/tr>\n<tr style=\"height: 280px;\">\n<td style=\"height: 280px; width: 273.95px; background-color: #fffccc;\"><span style=\"font-family: book antiqua, palatino, serif; font-size: 14pt;\"><strong>Kompetence, <\/strong>pridobljene s programom<\/span><\/td>\n<td style=\"height: 280px; width: 598.05px;\" colspan=\"4\"><span style=\"font-family: book antiqua, palatino, serif; font-size: 14pt;\">Udele\u017eenec:<\/span><\/p>\n<ul>\n<li><span style=\"font-family: book antiqua, palatino, serif; font-size: 14pt;\">Na\u010drtuje, organizira, pripravi in izbere ustrezne materiale za izbrane izdelke.<\/span><\/li>\n<li><span style=\"font-family: book antiqua, palatino, serif; font-size: 14pt;\">Pripravi in uporabi materiale, pripomo\u010dke, orodja, tehnike dela za izvedbo floristi\u010dnih izdelkov.<\/span><\/li>\n<li><span style=\"font-family: book antiqua, palatino, serif; font-size: 14pt;\">Pozna na\u010dela oblikovanja in kompozicije v floristiki.<\/span><\/li>\n<li><span style=\"font-family: book antiqua, palatino, serif; font-size: 14pt;\">Izvede celoten potek dela od pogovora s stranko, ideje za izdelek, izbire materialov in tehnik dela do izdelave.<\/span><\/li>\n<li><span style=\"font-family: book antiqua, palatino, serif; font-size: 14pt;\">Upo\u0161teva predpise varnosti, po\u017earne varnosti in zdravja pri delu.<\/span><\/li>\n<li><span style=\"font-family: book antiqua, palatino, serif; font-size: 14pt;\">Izvede kalkulacijo porabe materialov, dela energije.<\/span><\/li>\n<li><span style=\"font-family: book antiqua, palatino, serif; font-size: 14pt;\">Zna zagotoviti kakovost.<\/span><\/li>\n<li><span style=\"font-family: book antiqua, palatino, serif; font-size: 14pt;\">Zna komunicirati s strankami, naro\u010dniki in s sodelavci,<\/span><\/li>\n<li><span style=\"font-family: book antiqua, palatino, serif; font-size: 14pt;\">Zna uporabljati splet in druge medijske mo\u017enosti za osebni in strokovni razvoj.<\/span><\/li>\n<\/ul>\n<\/td>\n<\/tr>\n<tr style=\"height: 252px;\">\n<td style=\"height: 252px; width: 273.95px; background-color: #fffccc;\"><span style=\"font-family: book antiqua, palatino, serif; font-size: 14pt;\"><strong>Spretnosti, <\/strong>pridobljene s programom<\/span><\/td>\n<td style=\"height: 252px; width: 598.05px;\" colspan=\"4\"><span style=\"font-family: book antiqua, palatino, serif; font-size: 14pt;\">Udele\u017eenec:<\/span><\/p>\n<ul>\n<li><span style=\"font-family: book antiqua, palatino, serif; font-size: 14pt;\">Dnevno izdeluje cvetli\u010dne dekoracije \/ storitve oblikovanja z rastlinami v prostoru.<\/span><\/li>\n<li><span style=\"font-family: book antiqua, palatino, serif; font-size: 14pt;\">Pripravi, uporabi, neguje, skladi\u0161\u010di materiale, orodja, pripomo\u010dke za izdelavo cvetli\u010dnih dekoracij \/ storitev oblikovanja z rastlinami v prostoru.<\/span><\/li>\n<li><span style=\"font-family: book antiqua, palatino, serif; font-size: 14pt;\">Na\u010drtuje in organizira nabavo materialov, potek dela, promocijo izdelkov in storitev v skladu s trendi, trajnostnim razvojem, kulturno dedi\u0161\u010dino, slogi v prostoru.<\/span><\/li>\n<li><span style=\"font-family: book antiqua, palatino, serif; font-size: 14pt;\">Uporabi sodobno informacijsko tehnologijo in ostale medijske mo\u017enosti za svoj osebni in strokovni razvoj.<\/span><\/li>\n<li><span style=\"font-family: book antiqua, palatino, serif; font-size: 14pt;\">Komunicira s strankami, naro\u010dniki in s sodelavci.<\/span><\/li>\n<\/ul>\n<\/td>\n<\/tr>\n<tr style=\"height: 112px;\">\n<td style=\"height: 112px; width: 273.95px; background-color: #fffccc;\"><span style=\"font-family: book antiqua, palatino, serif; font-size: 14pt;\"><strong>Splo\u0161ne kompetence, <\/strong>dopolnjene s programom<\/span><\/td>\n<td style=\"height: 112px; width: 598.05px;\" colspan=\"4\"><span style=\"font-family: book antiqua, palatino, serif; font-size: 14pt;\">Udele\u017eenec:<\/span><\/p>\n<ul>\n<li><span style=\"font-family: book antiqua, palatino, serif; font-size: 14pt;\">Skrbi za osebni razvoj.<\/span><\/li>\n<li><span style=\"font-family: book antiqua, palatino, serif; font-size: 14pt;\">Pozna pomen vse \u017eivljenjskega u\u010denja.<\/span><\/li>\n<li><span style=\"font-family: book antiqua, palatino, serif; font-size: 14pt;\">Upo\u0161teva pravila\u00a0 o varovanju okolja, predpise o zdravju, varstvu pri delu, po\u017earni varnosti.<\/span><\/li>\n<li><span style=\"font-family: book antiqua, palatino, serif; font-size: 14pt;\">Komunicira in sodeluje z udele\u017eenci.<\/span><\/li>\n<li><span style=\"font-family: book antiqua, palatino, serif; font-size: 14pt;\">Racionalno uporablja materiale, energijo.<\/span><\/li>\n<\/ul>\n<\/td>\n<\/tr>\n<tr style=\"height: 196px;\">\n<td style=\"height: 196px; width: 273.95px; background-color: #fffccc;\"><span style=\"font-family: book antiqua, palatino, serif; font-size: 14pt;\"><strong>Organizacija izobra\u017eevanja <\/strong>(navedba vsebinskih sklopov \u2013modulov, \u010dasovni obseg)<\/span><\/td>\n<td style=\"height: 196px; width: 598.05px;\" colspan=\"4\">\n<ul>\n<li><span style=\"font-family: book antiqua, palatino, serif; font-size: 14pt;\">Zna\u010dilnosti floristike \u2013 5h.<\/span><\/li>\n<li><span style=\"font-family: book antiqua, palatino, serif; font-size: 14pt;\">Na\u010dela oblikovanja \u00a0\u2013 10h.<\/span><\/li>\n<li><span style=\"font-family: book antiqua, palatino, serif; font-size: 14pt;\">Materiali za oblikovanje prostora z rastlinami, pripomo\u010dki, orodja in tehnike dela\u00a0 &#8211; 5 h<\/span><\/li>\n<li><span style=\"font-family: book antiqua, palatino, serif; font-size: 14pt;\">Na\u010drtovanje, priprava, izvedba in kontrola kakovosti na\u010drtovanega dela, racionalne porabe materialov, \u010dasa, energije ter oskrba materialov in izdelkov \u2013 20h.<\/span><\/li>\n<li><span style=\"font-family: book antiqua, palatino, serif; font-size: 14pt;\">Kalkulacije izdelkov \u2013 2h.<\/span><\/li>\n<li><span style=\"font-family: book antiqua, palatino, serif; font-size: 14pt;\">Varovanje zdravja in okolja \u2013 3h.<\/span><\/li>\n<li><span style=\"font-family: book antiqua, palatino, serif; font-size: 14pt;\">Komunikacija s sodelavci, naro\u010dniki in strankami \u2013 5h.<\/span><\/li>\n<\/ul>\n<\/td>\n<\/tr>\n<tr style=\"height: 113px;\">\n<td style=\"height: 113px; width: 273.95px; background-color: #fffccc;\"><span style=\"font-family: book antiqua, palatino, serif; font-size: 14pt;\"><strong>Izobrazba in kompetence izvajalca(ev) programa <\/strong>(stopnja in smer izobrazbe)<\/span><\/td>\n<td style=\"height: 113px; width: 598.05px;\" colspan=\"4\">\n<ul>\n<li><span style=\"font-family: book antiqua, palatino, serif; font-size: 14pt;\"><strong>Teoreti\u010dni del:<\/strong> najmanj VII stopnja izobrazbe iz kmetijstva, agronomije, krajinske arhitekture, vrtnarstva, hortikulture.<\/span><\/li>\n<li><span style=\"font-family: book antiqua, palatino, serif; font-size: 14pt;\"><strong>Prakti\u010dne del<\/strong>: najmanj V stopnja s podro\u010dja cvetli\u010darstva in hortikulture.<\/span><\/li>\n<\/ul>\n<\/td>\n<\/tr>\n<\/tbody>\n<\/table>\n<p>&nbsp;<\/p>\n<table border=\"1\" width=\"0890\" cellspacing=\"0\" cellpadding=\"3\">\n<tbody>\n<tr>\n<td width=\"189\"><span style=\"font-family: book antiqua, palatino, serif; font-size: 12pt;\">Program<\/span><\/td>\n<td style=\"text-align: center;\" width=\"109\"><span style=\"font-family: book antiqua, palatino, serif; font-size: 12pt;\">Datum<\/span><\/td>\n<td style=\"text-align: center;\" width=\"109\"><span style=\"font-family: book antiqua, palatino, serif; font-size: 12pt;\">Odobril<\/span><\/td>\n<td style=\"text-align: center;\" width=\"235\"><span style=\"font-family: book antiqua, palatino, serif; font-size: 12pt;\">Zavrnil \u2013 Opombe<\/span><\/td>\n<\/tr>\n<tr>\n<td width=\"189\"><span style=\"font-family: book antiqua, palatino, serif; font-size: 12pt;\">Programski odbor<\/span><\/td>\n<td style=\"text-align: center;\" width=\"109\"><span style=\"font-family: book antiqua, palatino, serif; font-size: 12pt;\">20. 2. 2019<\/span><\/td>\n<td style=\"text-align: center;\" width=\"109\"><span style=\"font-family: book antiqua, palatino, serif; font-size: 12pt;\">da<\/span><\/td>\n<td style=\"text-align: center;\" width=\"235\"><span style=\"font-family: book antiqua, palatino, serif; font-size: 12pt;\">\/<\/span><\/td>\n<\/tr>\n<tr>\n<td width=\"189\"><span style=\"font-family: book antiqua, palatino, serif; font-size: 12pt;\">Svet zavoda potrdil<\/span><\/td>\n<td style=\"text-align: center;\" width=\"109\"><span style=\"font-family: book antiqua, palatino, serif; font-size: 12pt;\">27. 2. 2019<\/span><\/td>\n<td style=\"text-align: center;\" width=\"109\"><span style=\"font-family: book antiqua, palatino, serif; font-size: 12pt;\">da<\/span><\/td>\n<td style=\"text-align: center;\" width=\"235\"><span style=\"font-family: book antiqua, palatino, serif; font-size: 12pt;\">\/<\/span><\/td>\n<\/tr>\n<\/tbody>\n<\/table>\n","protected":false},"excerpt":{"rendered":"<p>\u00bbNalo\u017ebo sofinancirata Republika Slovenija in Evropska unija iz Evropskega socialnega sklada.\u00ab Naziv programa S cvetjem od pomladi do bo\u017ei\u010da Podro\u010dje Biotehnika Predlagatelj programa (ime \u0161ole in imena pripravljalcev programa) \u0160ola za hortikulturo in vizualne umetnosti Celje Mojca Sodin, Bernarda Reber\u0161ek Natek Kratek opis programa (max. 150 besed) Udele\u017eenci programa bodo pridobili in\/ali izbolj\u0161ali kompetence na [&hellip;]<\/p>\n","protected":false},"author":1,"featured_media":0,"parent":0,"menu_order":0,"comment_status":"closed","ping_status":"closed","template":"","meta":{"footnotes":""},"class_list":["post-630","page","type-page","status-publish","hentry"],"_links":{"self":[{"href":"https:\/\/www.hvu.si\/izobrazevalni-center\/index.php?rest_route=\/wp\/v2\/pages\/630","targetHints":{"allow":["GET"]}}],"collection":[{"href":"https:\/\/www.hvu.si\/izobrazevalni-center\/index.php?rest_route=\/wp\/v2\/pages"}],"about":[{"href":"https:\/\/www.hvu.si\/izobrazevalni-center\/index.php?rest_route=\/wp\/v2\/types\/page"}],"author":[{"embeddable":true,"href":"https:\/\/www.hvu.si\/izobrazevalni-center\/index.php?rest_route=\/wp\/v2\/users\/1"}],"replies":[{"embeddable":true,"href":"https:\/\/www.hvu.si\/izobrazevalni-center\/index.php?rest_route=%2Fwp%2Fv2%2Fcomments&post=630"}],"version-history":[{"count":3,"href":"https:\/\/www.hvu.si\/izobrazevalni-center\/index.php?rest_route=\/wp\/v2\/pages\/630\/revisions"}],"predecessor-version":[{"id":633,"href":"https:\/\/www.hvu.si\/izobrazevalni-center\/index.php?rest_route=\/wp\/v2\/pages\/630\/revisions\/633"}],"wp:attachment":[{"href":"https:\/\/www.hvu.si\/izobrazevalni-center\/index.php?rest_route=%2Fwp%2Fv2%2Fmedia&parent=630"}],"curies":[{"name":"wp","href":"https:\/\/api.w.org\/{rel}","templated":true}]}}