{"id":63,"date":"2018-02-18T21:37:07","date_gmt":"2018-02-18T20:37:07","guid":{"rendered":"http:\/\/873.gvs.arnes.si\/izobrazevalni-center\/?page_id=63"},"modified":"2018-11-19T22:29:54","modified_gmt":"2018-11-19T21:29:54","slug":"hortikulturni-tehnik-ssi","status":"publish","type":"page","link":"https:\/\/www.hvu.si\/izobrazevalni-center\/?page_id=63","title":{"rendered":"Hortikulturni tehnik (SSI)"},"content":{"rendered":"<p><span style=\"font-family: book antiqua, palatino, serif; font-size: 14pt;\">Pridobljen poklic: <strong>HORTIKULTURNI TEHNIK<\/strong><\/span><br \/>\n<span style=\"font-family: book antiqua, palatino, serif; font-size: 14pt;\">Program traja \u0161tiri leta in je ovrednoten z <strong>240KT<\/strong><\/span><\/p>\n<p><span style=\"font-family: book antiqua, palatino, serif; font-size: 14pt;\">VPISNI POGOJI:<\/span><\/p>\n<ul>\n<li><span style=\"font-family: book antiqua, palatino, serif; font-size: 14pt;\">kon\u010dana osnovno\u0161olska izobrazba ali<\/span><\/li>\n<li><span style=\"font-family: book antiqua, palatino, serif; font-size: 14pt;\">kon\u010dano ni\u017eje poklicno izobra\u017eevanje ali<\/span><\/li>\n<li><span style=\"font-family: book antiqua, palatino, serif; font-size: 14pt;\">kon\u010dano enakovredno izobra\u017eevanje po prej\u0161njih predpisih.<\/span><\/li>\n<\/ul>\n<p><span style=\"font-family: book antiqua, palatino, serif; font-size: 14pt;\">KAJ SE DIJAK NAU\u010cI<\/span><\/p>\n<p><span style=\"font-family: book antiqua, palatino, serif; font-size: 14pt;\">Poiskati smisel in pomen izobrazbe s podro\u010dja hortikulture.<\/span><\/p>\n<p><span style=\"font-family: book antiqua, palatino, serif; font-size: 14pt;\">Poleg tega pa \u0161e:<\/span><\/p>\n<ul>\n<li><span style=\"font-family: book antiqua, palatino, serif; font-size: 14pt;\">na\u010drtovati, organizirati in voditi dela v vrtnarstvu in hortikulturi,<\/span><\/li>\n<li><span style=\"font-family: book antiqua, palatino, serif; font-size: 14pt;\">poiskati mo\u017enosti in prilo\u017enosti za zaposlitev v vrtnarstvu oz. hortikulturi,<\/span><\/li>\n<li><span style=\"font-family: book antiqua, palatino, serif; font-size: 14pt;\">uporabljati na\u010dela trajnostnega razvoja,<\/span><\/li>\n<li><span style=\"font-family: book antiqua, palatino, serif; font-size: 14pt;\">promovirati in tr\u017eiti vrtnarske, cvetli\u010darske in hortikulturne proizvode in storitve,<\/span><\/li>\n<li><span style=\"font-family: book antiqua, palatino, serif; font-size: 14pt;\">spoznati logistiko in logisti\u010dne modele v hortikulturi,<\/span><\/li>\n<li><span style=\"font-family: book antiqua, palatino, serif; font-size: 14pt;\">spoznati tehnologije v vrtnarstvu in hortikulturi,<\/span><\/li>\n<li><span style=\"font-family: book antiqua, palatino, serif; font-size: 14pt;\">sooblikovati in urejati kulturno in urbano krajino ter ohranjati naravno krajino,<\/span><\/li>\n<li><span style=\"font-family: book antiqua, palatino, serif; font-size: 14pt;\">oblikovati bivalni in poslovni prostor s cvetjem,<\/span><\/li>\n<li><span style=\"font-family: book antiqua, palatino, serif; font-size: 14pt;\">oblikovati in urejati okolje z rastlinami.<\/span><\/li>\n<\/ul>\n<p><span style=\"font-family: book antiqua, palatino, serif; font-size: 14pt;\">KAJ NUDI PROGRAM HORTIKULTURNI TEHNIK?<\/span><\/p>\n<p><span style=\"font-family: book antiqua, palatino, serif; font-size: 14pt;\">Prakti\u010dno izobra\u017eevanje je v prenovljenih programih vklju\u010deno v tako imenovane module (biv\u0161e predmete).<\/span><\/p>\n<p><span style=\"font-family: book antiqua, palatino, serif; font-size: 14pt;\">Dijaki lahko izbirajo posamezne module glede na svoje interese in interese delovnega okolja, iz katerega prihajajo.<\/span><\/p>\n<p><span style=\"font-family: book antiqua, palatino, serif; font-size: 14pt;\">Prakti\u010dno usposabljanje z delom se lahko izvaja pri delodajalcih in omogo\u010da povezovanje dijakov z delovnim in poslovnim procesom ter doseganje ciljev in poklicnih kompetenc, ki jih \u0161ola ne more zagotoviti.<\/span><\/p>\n<p><span style=\"font-family: book antiqua, palatino, serif; font-size: 14pt;\">Prakti\u010dno usposabljanje z delom v delovnem procesu poteka na podlagi sklenjene:<\/span><\/p>\n<ul>\n<li><span style=\"font-family: book antiqua, palatino, serif; font-size: 14pt;\">individualne u\u010dne pogodbe med delodajalcem in dijakom ali<\/span><\/li>\n<\/ul>\n<ul>\n<li><span style=\"font-family: book antiqua, palatino, serif; font-size: 14pt;\">kolektivne u\u010dne pogodbe med delodajalcem in \u0161olo.<\/span><\/li>\n<\/ul>\n<p><span style=\"font-family: book antiqua, palatino, serif; font-size: 14pt;\">Odprti kurikulum omogo\u010da povezovanje interesov delovnega okolja v regiji s \u0161olo. V odprtem kurikulumu \u0161ola lahko ponudi najrazli\u010dnej\u0161e strokovne module, ki bogatijo poklic hortikulturnega tehnika in so v interesu dolo\u010dene regije ali lokalnega okolja.<\/span><\/p>\n<p><span style=\"font-family: book antiqua, palatino, serif; font-size: 14pt;\">KON\u010cANJE PROGRAMA: poklicna matura.<\/span><\/p>\n<p><span style=\"font-family: book antiqua, palatino, serif; font-size: 14pt;\">MO\u017dNOSTI ZA NAPREJ:<\/span><\/p>\n<ul>\n<li><span style=\"font-family: book antiqua, palatino, serif; font-size: 14pt;\">takoj\u0161nja zaposlitev ali<\/span><\/li>\n<li><span style=\"font-family: book antiqua, palatino, serif; font-size: 14pt;\">nadaljevanje izobra\u017eevanja na vi\u0161jih in visokih strokovnih \u0161olah ter s pridobitvijo petega predmeta tudi na nekaterih univerzitetnih \u0161tudijskih programih prve stopnje.<\/span><\/li>\n<\/ul>\n<p><span style=\"font-family: book antiqua, palatino, serif; font-size: 14pt;\"><!--nextpage--><\/span><\/p>\n<p><span style=\"font-family: book antiqua, palatino, serif; font-size: 14pt;\">Predmetnik programa Hortikulturni tehnik SSI:<\/span><\/p>\n<table style=\"height: 1032px; width: 890px;\" border=\"1\" cellspacing=\"0\" cellpadding=\"3\">\n<tbody>\n<tr style=\"height: 24px;\">\n<td style=\"height: 24px;\" width=\"395\"><span style=\"font-family: book antiqua, palatino, serif; font-size: 14pt;\"><strong>Programska enota<\/strong><\/span><\/td>\n<td style=\"height: 24px; text-align: center;\" width=\"151\"><span style=\"font-family: book antiqua, palatino, serif; font-size: 14pt;\"><strong>Skupno \u0161tevilo ur<\/strong><\/span><\/td>\n<\/tr>\n<tr style=\"height: 24px;\">\n<td style=\"height: 24px; text-align: left;\" colspan=\"2\" width=\"546\"><span style=\"font-family: book antiqua, palatino, serif; font-size: 14pt;\"><strong>Splo\u0161noizobra\u017eevalni predmeti<\/strong><\/span><\/td>\n<\/tr>\n<tr style=\"height: 24px;\">\n<td style=\"height: 24px; padding-left: 30px;\" width=\"395\"><span style=\"font-family: book antiqua, palatino, serif; font-size: 14pt;\">Sloven\u0161\u010dina<\/span><\/td>\n<td style=\"height: 24px; text-align: center;\" width=\"151\"><span style=\"font-family: book antiqua, palatino, serif; font-size: 14pt;\">476<\/span><\/td>\n<\/tr>\n<tr style=\"height: 24px;\">\n<td style=\"height: 24px; padding-left: 30px;\" width=\"395\"><span style=\"font-family: book antiqua, palatino, serif; font-size: 14pt;\">Tuji jezik<\/span><\/td>\n<td style=\"height: 24px; text-align: center;\" width=\"151\"><span style=\"font-family: book antiqua, palatino, serif; font-size: 14pt;\">408<\/span><\/td>\n<\/tr>\n<tr style=\"height: 24px;\">\n<td style=\"height: 24px; padding-left: 30px;\" width=\"395\"><span style=\"font-family: book antiqua, palatino, serif; font-size: 14pt;\">Matematika<\/span><\/td>\n<td style=\"height: 24px; text-align: center;\" width=\"151\"><span style=\"font-family: book antiqua, palatino, serif; font-size: 14pt;\">374<\/span><\/td>\n<\/tr>\n<tr style=\"height: 24px;\">\n<td style=\"height: 24px; padding-left: 30px;\" width=\"395\"><span style=\"font-family: book antiqua, palatino, serif; font-size: 14pt;\">Umetnost<\/span><\/td>\n<td style=\"height: 24px; text-align: center;\" width=\"151\"><span style=\"font-family: book antiqua, palatino, serif; font-size: 14pt;\">68<\/span><\/td>\n<\/tr>\n<tr style=\"height: 24px;\">\n<td style=\"height: 24px; padding-left: 30px;\" width=\"395\"><span style=\"font-family: book antiqua, palatino, serif; font-size: 14pt;\">Zgodovina *<\/span><\/td>\n<td style=\"height: 24px; text-align: center;\" width=\"151\"><span style=\"font-family: book antiqua, palatino, serif; font-size: 14pt;\">102<\/span><\/td>\n<\/tr>\n<tr style=\"height: 24px;\">\n<td style=\"height: 24px; padding-left: 30px;\" width=\"395\"><span style=\"font-family: book antiqua, palatino, serif; font-size: 14pt;\">Geografija<\/span><\/td>\n<td style=\"height: 24px; text-align: center;\" width=\"151\"><span style=\"font-family: book antiqua, palatino, serif; font-size: 14pt;\">68<\/span><\/td>\n<\/tr>\n<tr style=\"height: 24px;\">\n<td style=\"height: 24px; padding-left: 30px;\" width=\"395\"><span style=\"font-family: book antiqua, palatino, serif; font-size: 14pt;\">Sociologija<\/span><\/td>\n<td style=\"height: 24px; text-align: center;\" width=\"151\"><span style=\"font-family: book antiqua, palatino, serif; font-size: 14pt;\">68<\/span><\/td>\n<\/tr>\n<tr style=\"height: 24px;\">\n<td style=\"height: 24px; padding-left: 30px;\" width=\"395\"><span style=\"font-family: book antiqua, palatino, serif; font-size: 14pt;\">Fizika<\/span><\/td>\n<td style=\"height: 24px; text-align: center;\" width=\"151\"><span style=\"font-family: book antiqua, palatino, serif; font-size: 14pt;\">68<\/span><\/td>\n<\/tr>\n<tr style=\"height: 24px;\">\n<td style=\"height: 24px; padding-left: 30px;\" width=\"395\"><span style=\"font-family: book antiqua, palatino, serif; font-size: 14pt;\">Biologija<\/span><\/td>\n<td style=\"height: 24px; text-align: center;\" width=\"151\"><span style=\"font-family: book antiqua, palatino, serif; font-size: 14pt;\">170<\/span><\/td>\n<\/tr>\n<tr style=\"height: 24px;\">\n<td style=\"height: 24px; padding-left: 30px;\" width=\"395\"><span style=\"font-family: book antiqua, palatino, serif; font-size: 14pt;\">Kemija<\/span><\/td>\n<td style=\"height: 24px; text-align: center;\" width=\"151\"><span style=\"font-family: book antiqua, palatino, serif; font-size: 14pt;\">170<\/span><\/td>\n<\/tr>\n<tr style=\"height: 24px;\">\n<td style=\"height: 24px; padding-left: 30px;\" width=\"395\"><span style=\"font-family: book antiqua, palatino, serif; font-size: 14pt;\">\u0160portna vzgoja<\/span><\/td>\n<td style=\"height: 24px; text-align: center;\" width=\"151\"><span style=\"font-family: book antiqua, palatino, serif; font-size: 14pt;\">340<\/span><\/td>\n<\/tr>\n<tr style=\"height: 24px;\">\n<td style=\"height: 24px; text-align: center;\" colspan=\"2\" width=\"546\"><span style=\"font-family: book antiqua, palatino, serif; font-size: 14pt;\"><strong>\u00a0<\/strong><\/span><\/td>\n<\/tr>\n<tr style=\"height: 24px;\">\n<td style=\"height: 24px; text-align: left;\" colspan=\"2\" width=\"546\"><span style=\"font-family: book antiqua, palatino, serif; font-size: 14pt;\"><strong>Strokovni moduli<\/strong><\/span><\/td>\n<\/tr>\n<tr style=\"height: 24px;\">\n<td style=\"height: 24px; padding-left: 30px;\" width=\"395\"><span style=\"font-family: book antiqua, palatino, serif; font-size: 14pt;\">Informatika in poslovno komuniciranje<\/span><\/td>\n<td style=\"height: 24px; text-align: center;\" width=\"151\"><span style=\"font-family: book antiqua, palatino, serif; font-size: 14pt;\">102<\/span><\/td>\n<\/tr>\n<tr style=\"height: 24px;\">\n<td style=\"height: 24px; padding-left: 30px;\" width=\"395\"><span style=\"font-family: book antiqua, palatino, serif; font-size: 14pt;\">Trajnostni razvoj<\/span><\/td>\n<td style=\"height: 24px; text-align: center;\" width=\"151\"><span style=\"font-family: book antiqua, palatino, serif; font-size: 14pt;\">102<\/span><\/td>\n<\/tr>\n<tr style=\"height: 24px;\">\n<td style=\"height: 24px; padding-left: 30px;\" width=\"395\"><span style=\"font-family: book antiqua, palatino, serif; font-size: 14pt;\">Podjetni\u0161tvo in tr\u017eenje<\/span><\/td>\n<td style=\"height: 24px; text-align: center;\" width=\"151\"><span style=\"font-family: book antiqua, palatino, serif; font-size: 14pt;\">102<\/span><\/td>\n<\/tr>\n<tr style=\"height: 24px;\">\n<td style=\"height: 24px; padding-left: 30px;\" width=\"395\"><span style=\"font-family: book antiqua, palatino, serif; font-size: 14pt;\">Pridelava okrasnih rastlin<\/span><\/td>\n<td style=\"height: 24px; text-align: center;\" width=\"151\"><span style=\"font-family: book antiqua, palatino, serif; font-size: 14pt;\">102<\/span><\/td>\n<\/tr>\n<tr style=\"height: 24px;\">\n<td style=\"height: 24px; padding-left: 30px;\" width=\"395\"><span style=\"font-family: book antiqua, palatino, serif; font-size: 14pt;\">Vrtnarska mehanizacija<\/span><\/td>\n<td style=\"height: 24px; text-align: center;\" width=\"151\"><span style=\"font-family: book antiqua, palatino, serif; font-size: 14pt;\">102<\/span><\/td>\n<\/tr>\n<tr style=\"height: 24px;\">\n<td style=\"height: 24px; padding-left: 30px;\" width=\"395\"><span style=\"font-family: book antiqua, palatino, serif; font-size: 14pt;\">Osnove krajinarstva<\/span><\/td>\n<td style=\"height: 24px; text-align: center;\" width=\"151\"><span style=\"font-family: book antiqua, palatino, serif; font-size: 14pt;\">136<\/span><\/td>\n<\/tr>\n<tr style=\"height: 24px;\">\n<td style=\"height: 24px; padding-left: 30px;\" width=\"395\"><span style=\"font-family: book antiqua, palatino, serif; font-size: 14pt;\">Logistika v vrtnarstvu<\/span><\/td>\n<td style=\"height: 24px; text-align: center;\" width=\"151\"><span style=\"font-family: book antiqua, palatino, serif; font-size: 14pt;\">102<\/span><\/td>\n<\/tr>\n<tr style=\"height: 24px;\">\n<td style=\"height: 24px; padding-left: 30px;\" width=\"395\"><span style=\"font-family: book antiqua, palatino, serif; font-size: 14pt;\">Specialno varstvo rastlin<\/span><\/td>\n<td style=\"height: 24px; text-align: center;\" width=\"151\"><span style=\"font-family: book antiqua, palatino, serif; font-size: 14pt;\">102<\/span><\/td>\n<\/tr>\n<tr style=\"height: 24px;\">\n<td style=\"height: 24px; padding-left: 30px;\" width=\"395\"><span style=\"font-family: book antiqua, palatino, serif; font-size: 14pt;\">Osnove hortikulturnega oblikovanja<\/span><\/td>\n<td style=\"height: 24px; text-align: center;\" width=\"151\"><span style=\"font-family: book antiqua, palatino, serif; font-size: 14pt;\">102<\/span><\/td>\n<\/tr>\n<tr style=\"height: 24px;\">\n<td style=\"height: 24px; padding-left: 30px;\" width=\"395\"><span style=\"font-family: book antiqua, palatino, serif; font-size: 14pt;\">Tr\u017eenje in prom. slovenskih proizvodov in storitev<\/span><\/td>\n<td style=\"height: 24px; text-align: center;\" width=\"151\"><span style=\"font-family: book antiqua, palatino, serif; font-size: 14pt;\">102<\/span><\/td>\n<\/tr>\n<tr style=\"height: 24px;\">\n<td style=\"height: 24px; padding-left: 30px;\" width=\"395\"><span style=\"font-family: book antiqua, palatino, serif; font-size: 14pt;\">Osnove vrtnarske tehnologije<\/span><\/td>\n<td style=\"height: 24px; text-align: center;\" width=\"151\"><span style=\"font-family: book antiqua, palatino, serif; font-size: 14pt;\">136<\/span><\/td>\n<\/tr>\n<tr style=\"height: 24px;\">\n<td style=\"height: 24px; padding-left: 30px;\" width=\"395\"><span style=\"font-family: book antiqua, palatino, serif; font-size: 14pt;\">Tehnologija v hortikulturi<\/span><\/td>\n<td style=\"height: 24px; text-align: center;\" width=\"151\"><span style=\"font-family: book antiqua, palatino, serif; font-size: 14pt;\">306<\/span><\/td>\n<\/tr>\n<tr style=\"height: 24px;\">\n<td style=\"height: 24px; text-align: center;\" colspan=\"2\" width=\"546\"><span style=\"font-family: book antiqua, palatino, serif; font-size: 14pt;\"><strong>\u00a0<\/strong><\/span><\/td>\n<\/tr>\n<tr style=\"height: 24px;\">\n<td style=\"height: 24px; text-align: left;\" colspan=\"2\" width=\"546\"><span style=\"font-family: book antiqua, palatino, serif; font-size: 14pt;\"><strong>Odprti kurikul<\/strong><\/span><\/td>\n<\/tr>\n<tr style=\"height: 24px;\">\n<td style=\"height: 24px; padding-left: 30px;\" width=\"395\"><span style=\"font-family: book antiqua, palatino, serif; font-size: 14pt;\">Ekolo\u0161ko pridelovanje hortikulturnih rastlin<\/span><\/td>\n<td style=\"height: 24px; text-align: center;\" width=\"151\"><span style=\"font-family: book antiqua, palatino, serif; font-size: 14pt;\">102<\/span><\/td>\n<\/tr>\n<tr style=\"height: 24px;\">\n<td style=\"height: 24px; padding-left: 30px;\" width=\"395\"><span style=\"font-family: book antiqua, palatino, serif; font-size: 14pt;\">Poslovno komuniciranje z osnovami nem\u0161\u010dine<\/span><\/td>\n<td style=\"height: 24px; text-align: center;\" width=\"151\"><span style=\"font-family: book antiqua, palatino, serif; font-size: 14pt;\">68<\/span><\/td>\n<\/tr>\n<tr style=\"height: 24px;\">\n<td style=\"height: 24px; padding-left: 30px;\" width=\"395\"><span style=\"font-family: book antiqua, palatino, serif; font-size: 14pt;\">Sloven\u0161\u010dina \u2013 funkcionalno opismenjevanje<\/span><\/td>\n<td style=\"height: 24px; text-align: center;\" width=\"151\"><span style=\"font-family: book antiqua, palatino, serif; font-size: 14pt;\">68<\/span><\/td>\n<\/tr>\n<tr style=\"height: 24px;\">\n<td style=\"height: 24px; padding-left: 30px;\" width=\"395\"><span style=\"font-family: book antiqua, palatino, serif; font-size: 14pt;\">Uporabna matematika<\/span><\/td>\n<td style=\"height: 24px; text-align: center;\" width=\"151\"><span style=\"font-family: book antiqua, palatino, serif; font-size: 14pt;\">68<\/span><\/td>\n<\/tr>\n<tr style=\"height: 24px;\">\n<td style=\"height: 24px; padding-left: 30px;\" width=\"395\"><span style=\"font-family: book antiqua, palatino, serif; font-size: 14pt;\">Strokovna terminologija v tujem jeziku<\/span><\/td>\n<td style=\"height: 24px; text-align: center;\" width=\"151\"><span style=\"font-family: book antiqua, palatino, serif; font-size: 14pt;\">68<\/span><\/td>\n<\/tr>\n<tr style=\"height: 24px;\">\n<td style=\"height: 24px; padding-left: 30px;\" width=\"395\"><span style=\"font-family: book antiqua, palatino, serif; font-size: 14pt;\">Osebne finance<\/span><\/td>\n<td style=\"height: 24px; text-align: center;\" width=\"151\"><span style=\"font-family: book antiqua, palatino, serif; font-size: 14pt;\">32<\/span><\/td>\n<\/tr>\n<tr style=\"height: 24px;\">\n<td style=\"height: 24px; padding-left: 30px;\" width=\"395\"><span style=\"font-family: book antiqua, palatino, serif; font-size: 14pt;\">Na\u010drtovanje in oblikovanje vrtov<\/span><\/td>\n<td style=\"height: 24px; text-align: center;\" width=\"151\"><span style=\"font-family: book antiqua, palatino, serif; font-size: 14pt;\">65<\/span><\/td>\n<\/tr>\n<tr style=\"height: 24px;\">\n<td style=\"height: 24px; padding-left: 30px;\" width=\"395\"><span style=\"font-family: book antiqua, palatino, serif; font-size: 14pt;\">Trendi v floristiki in aran\u017eerstvu<\/span><\/td>\n<td style=\"height: 24px; text-align: center;\" width=\"151\"><span style=\"font-family: book antiqua, palatino, serif; font-size: 14pt;\">70<\/span><\/td>\n<\/tr>\n<tr style=\"height: 24px;\">\n<td style=\"height: 24px; padding-left: 30px;\" width=\"395\"><span style=\"font-family: book antiqua, palatino, serif; font-size: 14pt;\">Zeli\u0161\u010da in di\u0161avnice<\/span><\/td>\n<td style=\"height: 24px; text-align: center;\" width=\"151\"><span style=\"font-family: book antiqua, palatino, serif; font-size: 14pt;\">53<\/span><\/td>\n<\/tr>\n<tr style=\"height: 24px;\">\n<td style=\"height: 24px; padding-left: 30px;\" width=\"395\"><span style=\"font-family: book antiqua, palatino, serif; font-size: 14pt;\">Bioti\u010dno varstvo rastlin<\/span><\/td>\n<td style=\"height: 24px; text-align: center;\" width=\"151\"><span style=\"font-family: book antiqua, palatino, serif; font-size: 14pt;\">52<\/span><\/td>\n<\/tr>\n<tr style=\"height: 24px;\">\n<td style=\"height: 24px; text-align: center;\" colspan=\"2\" width=\"546\"><span style=\"font-family: book antiqua, palatino, serif; font-size: 14pt;\"><strong>\u00a0<\/strong><\/span><\/td>\n<\/tr>\n<tr style=\"height: 24px;\">\n<td style=\"height: 24px;\" width=\"395\"><span style=\"font-family: book antiqua, palatino, serif; font-size: 14pt;\"><strong>Prakti\u010dno usposabljanje z delom<\/strong><\/span><\/td>\n<td style=\"height: 24px; text-align: center;\" width=\"151\"><span style=\"font-family: book antiqua, palatino, serif; font-size: 14pt;\">152<\/span><\/td>\n<\/tr>\n<tr style=\"height: 24px;\">\n<td style=\"height: 24px; text-align: center;\" colspan=\"2\" width=\"546\"><span style=\"font-family: book antiqua, palatino, serif; font-size: 14pt;\"><strong>\u00a0<\/strong><\/span><\/td>\n<\/tr>\n<tr style=\"height: 24px;\">\n<td style=\"height: 24px;\" width=\"395\"><span style=\"font-family: book antiqua, palatino, serif; font-size: 14pt;\"><strong>Interesne dejavnosti<\/strong><\/span><\/td>\n<td style=\"height: 24px; text-align: center;\" width=\"151\"><span style=\"font-family: book antiqua, palatino, serif; font-size: 14pt;\">352<\/span><\/td>\n<\/tr>\n<\/tbody>\n<\/table>\n<p>&nbsp;<\/p>\n","protected":false},"excerpt":{"rendered":"<p>Pridobljen poklic: HORTIKULTURNI TEHNIK Program traja \u0161tiri leta in je ovrednoten z 240KT VPISNI POGOJI: kon\u010dana osnovno\u0161olska izobrazba ali kon\u010dano ni\u017eje poklicno izobra\u017eevanje ali kon\u010dano enakovredno izobra\u017eevanje po prej\u0161njih predpisih. KAJ SE DIJAK NAU\u010cI Poiskati smisel in pomen izobrazbe s podro\u010dja hortikulture. Poleg tega pa \u0161e: na\u010drtovati, organizirati in voditi dela v vrtnarstvu in hortikulturi, [&hellip;]<\/p>\n","protected":false},"author":1,"featured_media":0,"parent":0,"menu_order":0,"comment_status":"closed","ping_status":"closed","template":"","meta":{"footnotes":""},"class_list":["post-63","page","type-page","status-publish","hentry"],"_links":{"self":[{"href":"https:\/\/www.hvu.si\/izobrazevalni-center\/index.php?rest_route=\/wp\/v2\/pages\/63","targetHints":{"allow":["GET"]}}],"collection":[{"href":"https:\/\/www.hvu.si\/izobrazevalni-center\/index.php?rest_route=\/wp\/v2\/pages"}],"about":[{"href":"https:\/\/www.hvu.si\/izobrazevalni-center\/index.php?rest_route=\/wp\/v2\/types\/page"}],"author":[{"embeddable":true,"href":"https:\/\/www.hvu.si\/izobrazevalni-center\/index.php?rest_route=\/wp\/v2\/users\/1"}],"replies":[{"embeddable":true,"href":"https:\/\/www.hvu.si\/izobrazevalni-center\/index.php?rest_route=%2Fwp%2Fv2%2Fcomments&post=63"}],"version-history":[{"count":5,"href":"https:\/\/www.hvu.si\/izobrazevalni-center\/index.php?rest_route=\/wp\/v2\/pages\/63\/revisions"}],"predecessor-version":[{"id":488,"href":"https:\/\/www.hvu.si\/izobrazevalni-center\/index.php?rest_route=\/wp\/v2\/pages\/63\/revisions\/488"}],"wp:attachment":[{"href":"https:\/\/www.hvu.si\/izobrazevalni-center\/index.php?rest_route=%2Fwp%2Fv2%2Fmedia&parent=63"}],"curies":[{"name":"wp","href":"https:\/\/api.w.org\/{rel}","templated":true}]}}