{"id":624,"date":"2019-03-09T13:09:14","date_gmt":"2019-03-09T12:09:14","guid":{"rendered":"http:\/\/www.hvu.si\/izobrazevalni-center\/?page_id=624"},"modified":"2019-03-09T13:14:59","modified_gmt":"2019-03-09T12:14:59","slug":"pridelava-in-predelava-zelisc","status":"publish","type":"page","link":"https:\/\/www.hvu.si\/izobrazevalni-center\/?page_id=624","title":{"rendered":"Pridelava in predelava zeli\u0161\u010d"},"content":{"rendered":"<table style=\"width: 890px;\" border=\"0\">\n<tbody>\n<tr>\n<td><span style=\"font-family: book antiqua, palatino, serif;\"><img loading=\"lazy\" decoding=\"async\" class=\"aligncenter size-full wp-image-611\" src=\"http:\/\/www.hvu.si\/izobrazevalni-center\/wp-content\/uploads\/sites\/6\/2019\/03\/mizs.jpg\" alt=\"\" width=\"255\" height=\"42\" \/><\/span><\/td>\n<td><span style=\"font-family: book antiqua, palatino, serif;\"><img loading=\"lazy\" decoding=\"async\" class=\"aligncenter size-full wp-image-602\" src=\"http:\/\/www.hvu.si\/izobrazevalni-center\/wp-content\/uploads\/sites\/6\/2019\/02\/munera-3-e1552131742912.jpg\" alt=\"\" width=\"100\" height=\"124\" \/><\/span><\/td>\n<td><span style=\"font-family: book antiqua, palatino, serif;\"><img loading=\"lazy\" decoding=\"async\" class=\"aligncenter wp-image-5\" src=\"http:\/\/873.gvs.arnes.si\/izobrazevalni-center\/wp-content\/uploads\/sites\/6\/2017\/12\/Logotip_horizont_tiskovine_m.png\" sizes=\"(max-width: 213px) 100vw, 213px\" srcset=\"http:\/\/873.gvs.arnes.si\/izobrazevalni-center\/wp-content\/uploads\/sites\/6\/2017\/12\/Logotip_horizont_tiskovine_m.png 330w, http:\/\/873.gvs.arnes.si\/izobrazevalni-center\/wp-content\/uploads\/sites\/6\/2017\/12\/Logotip_horizont_tiskovine_m-300x136.png 300w\" alt=\"\" width=\"213\" height=\"97\" \/><\/span><\/td>\n<td><span style=\"font-family: book antiqua, palatino, serif;\"><img loading=\"lazy\" decoding=\"async\" class=\"size-full wp-image-359 alignleft\" src=\"http:\/\/873.gvs.arnes.si\/izobrazevalni-center\/wp-content\/uploads\/sites\/6\/2018\/09\/rast1.jpg\" alt=\"\" width=\"143\" height=\"53\" \/><\/span><\/td>\n<\/tr>\n<tr>\n<td style=\"text-align: center;\" colspan=\"4\"><span style=\"font-family: book antiqua, palatino, serif; font-size: 14pt;\"><em>\u00bbNalo\u017ebo sofinancirata Republika Slovenija in Evropska unija iz Evropskega socialnega sklada.\u00ab<\/em><\/span><\/td>\n<\/tr>\n<\/tbody>\n<\/table>\n<table style=\"height: 1804px; width: 890px;\" border=\"1\" width=\"890\" cellspacing=\"0\" cellpadding=\"3\">\n<tbody>\n<tr style=\"height: 24px;\">\n<td style=\"height: 24px; width: 282.983px; background-color: #fffccc;\" scope=\"col\"><span style=\"font-family: book antiqua, palatino, serif; font-size: 14pt;\"><strong>Naziv programa<\/strong><\/span><\/td>\n<td style=\"height: 24px; width: 591.017px;\" colspan=\"4\"><span style=\"font-family: book antiqua, palatino, serif; font-size: 14pt;\"><strong>PRIDELAVA IN PREDELAVA ZELI\u0160\u010c<\/strong><\/span><\/td>\n<\/tr>\n<tr style=\"height: 24px;\">\n<td style=\"height: 24px; width: 282.983px; background-color: #fffccc;\"><span style=\"font-family: book antiqua, palatino, serif; font-size: 14pt;\"><strong>Podro\u010dje<\/strong><\/span><\/td>\n<td style=\"height: 24px; width: 591.017px;\" colspan=\"4\"><span style=\"font-family: book antiqua, palatino, serif; font-size: 14pt;\"><strong>Biotehnika<\/strong><\/span><\/td>\n<\/tr>\n<tr style=\"height: 72px;\">\n<td style=\"height: 72px; width: 282.983px; background-color: #fffccc;\"><span style=\"font-family: book antiqua, palatino, serif; font-size: 14pt;\"><strong>Predlagatelj programa<br \/>\n<\/strong>(ime \u0161ole in imena pripravljalcev programa)<\/span><\/td>\n<td style=\"height: 72px; width: 591.017px;\" colspan=\"4\"><span style=\"font-family: book antiqua, palatino, serif; font-size: 14pt;\">\u0160ola za hortkulturo in vizualne umetnosti Celje<\/span><br \/>\n<span style=\"font-family: book antiqua, palatino, serif; font-size: 14pt;\">Erika Kramar\u0161ek<\/span><\/td>\n<\/tr>\n<tr style=\"height: 144px;\">\n<td style=\"height: 144px; width: 282.983px; background-color: #fffccc;\"><span style=\"font-family: book antiqua, palatino, serif; font-size: 14pt;\"><strong>Kratek opis programa<\/strong>(max. 150 besed)<\/span><\/td>\n<td style=\"height: 144px; width: 591.017px; text-align: justify;\" colspan=\"4\"><span style=\"font-family: book antiqua, palatino, serif; font-size: 14pt;\"><strong>Udele\u017eenci programa bodo pridobili in\/ali izbolj\u0161ali kompetence na podro\u010dju zeli\u0161\u010darstva, s katerimi bodo izbolj\u0161ali kakovost svojega dela tako pri svetovanju ob prodaji zeli\u0161\u010d in izdelkov iz zeli\u0161\u010d, kakor tudi pri njihovi pridelavi, oskrbi, nabiranju in pripravi tradicionalnih izdelkov iz zeli\u0161\u010d.<\/strong><\/span><\/td>\n<\/tr>\n<tr style=\"height: 24px;\">\n<td style=\"height: 24px; width: 880px; background-color: #fffccc;\" colspan=\"5\"><span style=\"font-family: book antiqua, palatino, serif; font-size: 14pt;\"><strong>SPLO\u0160NI DEL<\/strong><\/span><\/td>\n<\/tr>\n<tr style=\"height: 124px;\">\n<td style=\"height: 124px; width: 282.983px; background-color: #fffccc;\"><span style=\"font-family: book antiqua, palatino, serif; font-size: 14pt;\"><strong>Utemeljenost <\/strong>(v skladu z razpisom in analizo potreb)<\/span><\/td>\n<td style=\"height: 124px; width: 591.017px;\" colspan=\"4\">\n<p style=\"text-align: justify;\"><span style=\"font-family: book antiqua, palatino, serif; font-size: 14pt;\">V skladu z Resolucijo o Nacionalnem programuizobra\u017eevanja odraslih v Republiki Sloveniji za obdobje2013\u20132020 je potrebno v okviru tretjega prednostnegapodro\u010dja \u2013 usposabljanje in izpopolnjevanje za potrebe dela \u2013 spodbujati razvoj in izvajanje izobra\u017eevalnih programov in dejavnosti, ki bodo prilagojene razvojnimpotrebam trga dela.<\/span><\/p>\n<p style=\"text-align: justify;\"><span style=\"font-family: book antiqua, palatino, serif; font-size: 14pt;\">Opa\u017eamo, da je vedno bolj\u00a0 prisoten trend uporabe zeli\u0161\u010d ter izdelkov iz zeli\u0161\u010d in\u00a0 povpra\u0161evanje po njih nara\u0161\u010da. Ocenjujemo, da \u0161tevilni zaposleni odrasli, ki delajo kot prodajalci v vrtnarijah, vrtnih centrih,\u00a0 kmetijskih zadrugah, cvetli\u010darnah, u\u010ditelji in vzgojitelji pri pouku naravoslovnih vsebin in drugi nimajo dovolj spretnosti in kompetenc na podro\u010dju pridelave, oskrbe, nabiranja, predelave in priprave tradicionalnih izdelkov iz zeli\u0161\u010d. Ocenjujemo, da bo izvajanje kraj\u0161ih usposabljanj na zgoraj navedene teme bistveno pripomoglo k izbolj\u0161anju u\u010dinkovitosti in kakovosti dela zaposlenih na teh in drugih podro\u010djih.<\/span><\/p>\n<\/td>\n<\/tr>\n<tr style=\"height: 168px;\">\n<td style=\"height: 168px; width: 282.983px; background-color: #fffccc;\"><span style=\"font-family: book antiqua, palatino, serif; font-size: 14pt;\"><strong>Ciljna skupina <\/strong>(v skladu z razpisom in analizo potreb)<\/span><\/td>\n<td style=\"height: 168px; width: 591.017px;\" colspan=\"4\"><span style=\"font-family: book antiqua, palatino, serif; font-size: 14pt;\">Ciljne skupine bodo\u00a0:<\/span><\/p>\n<ul>\n<li><span style=\"font-family: book antiqua, palatino, serif; font-size: 14pt;\">zaposleni, ki delajo kot prodajalci v kmetijskih zadrugah, vrtnarijah, cvetli\u010darnah,<\/span><\/li>\n<li><span style=\"font-family: book antiqua, palatino, serif; font-size: 14pt;\">zaposleni, ki delajo v pridelavi zeli\u0161\u010d in predelavi zeli\u0161\u010d,<\/span><\/li>\n<li><span style=\"font-family: book antiqua, palatino, serif; font-size: 14pt;\">u\u010ditelji v osnovnih \u0161olah, vzgojitelji v vrtcih,<\/span><\/li>\n<li><span style=\"font-family: book antiqua, palatino, serif; font-size: 14pt;\">zaposlene osebe brez poklicne oziroma strokovne izobrazbe,<\/span><\/li>\n<li><span style=\"font-family: book antiqua, palatino, serif; font-size: 14pt;\">zaposleni z izobrazbo, ki zaradi prestrukturiranja in dolgoro\u010dnih razvojnih projekcij ni ve\u010d ustrezna,<\/span><\/li>\n<li><span style=\"font-family: book antiqua, palatino, serif; font-size: 14pt;\">zaposleni na lastni kmetiji.<\/span><\/li>\n<\/ul>\n<\/td>\n<\/tr>\n<tr style=\"height: 72px;\">\n<td style=\"height: 72px; width: 282.983px; background-color: #fffccc;\"><span style=\"font-family: book antiqua, palatino, serif; font-size: 14pt;\"><strong>Pogoji za vklju\u010ditev v program<br \/>\n<\/strong>(v skladu z razpisom)<\/span><\/td>\n<td style=\"height: 72px; width: 591.017px;\" colspan=\"4\"><span style=\"font-family: book antiqua, palatino, serif; font-size: 14pt;\">Status zaposlenega, samostojnega podjetnika ali kmeta<strong>.<\/strong><\/span><\/td>\n<\/tr>\n<tr style=\"height: 120px;\">\n<td style=\"height: 120px; width: 282.983px; background-color: #fffccc;\"><span style=\"font-family: book antiqua, palatino, serif; font-size: 14pt;\"><strong>Cilji programa <\/strong>(v skladu z razpisom in analizo potreb)<\/span><\/td>\n<td style=\"height: 120px; width: 591.017px;\" colspan=\"4\"><span style=\"font-family: book antiqua, palatino, serif; font-size: 14pt;\">Cilj programa je izbolj\u0161anje kompetenc zaposlenih, ki se ukvarjajo s pridelavo ter predelavo zeli\u0161\u010d ter prodajalcev zeli\u0161\u010d in izdelkov iz zeli\u0161\u010d za zmanj\u0161anje neskladij med usposobljenostjo in potrebami trga dela ter izbolj\u0161anje u\u010dinkovitosti in kakovosti njihovega dela.<\/span><\/td>\n<\/tr>\n<tr style=\"height: 48px;\">\n<td style=\"height: 48px; width: 282.983px; background-color: #fffccc;\"><span style=\"font-family: book antiqua, palatino, serif; font-size: 14pt;\"><strong>Obseg programa <\/strong>(skupno \u0161t. ur)<\/span><\/td>\n<td style=\"height: 48px; width: 591.017px;\" colspan=\"4\"><span style=\"font-family: book antiqua, palatino, serif; font-size: 14pt;\"><strong>50<\/strong><\/span><\/td>\n<\/tr>\n<tr style=\"height: 96px;\">\n<td style=\"height: 96px; width: 282.983px; background-color: #fffccc;\"><span style=\"font-family: book antiqua, palatino, serif; font-size: 14pt;\"><strong>Oblika dela<\/strong><\/span><\/td>\n<td style=\"height: 96px; width: 137.483px; text-align: center;\"><span style=\"font-family: book antiqua, palatino, serif; font-size: 14pt;\"><strong>Kontaktne ure<\/strong><\/span><\/td>\n<td style=\"height: 96px; width: 135.483px; text-align: center;\"><span style=\"font-family: book antiqua, palatino, serif; font-size: 14pt;\"><strong>On line delo<\/strong>(max 50 % celotnega programa)<\/span><\/td>\n<td style=\"height: 96px; width: 136.483px; text-align: center;\"><span style=\"font-family: book antiqua, palatino, serif; font-size: 14pt;\"><strong>Izdelek ali storitev<\/strong><\/span><\/td>\n<td style=\"height: 96px; width: 163.567px; text-align: center;\"><span style=\"font-family: book antiqua, palatino, serif; font-size: 14pt;\"><strong>Drugo<\/strong>(navedite)<\/span><\/td>\n<\/tr>\n<tr style=\"height: 24px;\">\n<td style=\"height: 24px; width: 282.983px; background-color: #fffccc;\"><span style=\"font-family: book antiqua, palatino, serif; font-size: 14pt;\"><strong>Teoreti\u010dni del <\/strong>(\u0161t. ur)<\/span><\/td>\n<td style=\"height: 24px; width: 137.483px; text-align: center;\"><span style=\"font-family: book antiqua, palatino, serif; font-size: 14pt;\">10<\/span><\/td>\n<td style=\"height: 24px; width: 135.483px; text-align: center;\"><span style=\"font-family: book antiqua, palatino, serif; font-size: 14pt;\">0<\/span><\/td>\n<td style=\"height: 24px; width: 136.483px; text-align: center;\"><span style=\"font-family: book antiqua, palatino, serif; font-size: 14pt;\">0<\/span><\/td>\n<td style=\"height: 24px; width: 163.567px; text-align: center;\"><span style=\"font-family: book antiqua, palatino, serif; font-size: 14pt;\">0<\/span><\/td>\n<\/tr>\n<tr style=\"height: 24px;\">\n<td style=\"height: 24px; width: 282.983px; background-color: #fffccc;\"><span style=\"font-family: book antiqua, palatino, serif; font-size: 14pt;\"><strong>Prakti\u010dni del <\/strong>(\u0161t. ur)<\/span><\/td>\n<td style=\"height: 24px; width: 137.483px; text-align: center;\"><span style=\"font-family: book antiqua, palatino, serif; font-size: 14pt;\">40<\/span><\/td>\n<td style=\"height: 24px; width: 135.483px; text-align: center;\"><span style=\"font-family: book antiqua, palatino, serif; font-size: 14pt;\">0<\/span><\/td>\n<td style=\"height: 24px; width: 136.483px; text-align: center;\"><span style=\"font-family: book antiqua, palatino, serif; font-size: 14pt;\">0<\/span><\/td>\n<td style=\"height: 24px; width: 163.567px; text-align: center;\"><span style=\"font-family: book antiqua, palatino, serif; font-size: 14pt;\">0<\/span><\/td>\n<\/tr>\n<tr style=\"height: 72px;\">\n<td style=\"height: 72px; width: 282.983px; background-color: #fffccc;\"><span style=\"font-family: book antiqua, palatino, serif; font-size: 14pt;\"><strong>Na\u010din evidentiranja <\/strong>(lista prisotnosti, podpisana izjava \u2013 izdelek, storitev \u2026)<\/span><\/td>\n<td style=\"height: 72px; width: 137.483px; text-align: center;\"><span style=\"font-family: book antiqua, palatino, serif; font-size: 14pt;\">Lista prisotnosti<\/span><\/td>\n<td style=\"height: 72px; width: 135.483px; text-align: center;\"><span style=\"font-family: book antiqua, palatino, serif; font-size: 14pt;\">\/<\/span><\/td>\n<td style=\"height: 72px; width: 136.483px; text-align: center;\"><span style=\"font-family: book antiqua, palatino, serif; font-size: 14pt;\"><strong>\/<\/strong><\/span><\/td>\n<td style=\"height: 72px; width: 163.567px; text-align: center;\"><span style=\"font-family: book antiqua, palatino, serif; font-size: 14pt;\"><strong>\/<\/strong><\/span><\/td>\n<\/tr>\n<tr style=\"height: 48px;\">\n<td style=\"height: 48px; width: 282.983px; background-color: #fffccc;\"><span style=\"font-family: book antiqua, palatino, serif; font-size: 14pt;\"><strong>Pogoji za kon\u010danje programa<\/strong><\/span><\/td>\n<td style=\"height: 48px; width: 591.017px;\" colspan=\"4\">\n<ul>\n<li><span style=\"font-family: book antiqua, palatino, serif; font-size: 14pt;\">80% prisotnost na kontaktnih urah,<\/span><\/li>\n<li><span style=\"font-family: book antiqua, palatino, serif; font-size: 14pt;\">opravljen preizkus znanja po usposabljanju<\/span><\/li>\n<\/ul>\n<\/td>\n<\/tr>\n<tr style=\"height: 24px;\">\n<td style=\"height: 24px; width: 880px; background-color: #fffccc;\" colspan=\"5\"><span style=\"font-family: book antiqua, palatino, serif; font-size: 14pt;\"><strong>POSEBNI DEL<\/strong><\/span><\/td>\n<\/tr>\n<tr style=\"height: 144px;\">\n<td style=\"height: 144px; width: 282.983px; background-color: #fffccc;\"><span style=\"font-family: book antiqua, palatino, serif; font-size: 14pt;\"><strong>Vsebine programa<\/strong><\/span><\/td>\n<td style=\"height: 144px; width: 591.017px;\" colspan=\"4\">\n<ul>\n<li><span style=\"font-family: book antiqua, palatino, serif; font-size: 14pt;\">Pridelovanje sadilnega materiala in zeli\u0161\u010d v zavarovanih prostorih<\/span><\/li>\n<li><span style=\"font-family: book antiqua, palatino, serif; font-size: 14pt;\">Pridelovanje zeli\u0161\u010d na prostem<\/span><\/li>\n<li><span style=\"font-family: book antiqua, palatino, serif; font-size: 14pt;\">Nabiranje zeli\u0161\u010d v naravi<\/span><\/li>\n<li><span style=\"font-family: book antiqua, palatino, serif; font-size: 14pt;\">Predelava zeli\u0161\u010d in dodelava zeli\u0161\u010d<\/span><\/li>\n<li><span style=\"font-family: book antiqua, palatino, serif; font-size: 14pt;\">Izdelovanje tradicionalnih izdelkov iz zeli\u0161\u010d<\/span><\/li>\n<li><span style=\"font-family: book antiqua, palatino, serif; font-size: 14pt;\">Tr\u017eenje zeli\u0161\u010d<\/span><\/li>\n<li><span style=\"font-family: book antiqua, palatino, serif; font-size: 14pt;\">Zakonodaja na podro\u010dju pridelave, predelave in tr\u017eenja zeli\u0161\u010d<\/span><\/li>\n<\/ul>\n<\/td>\n<\/tr>\n<tr style=\"height: 72px;\">\n<td style=\"height: 72px; width: 282.983px; background-color: #fffccc;\"><span style=\"font-family: book antiqua, palatino, serif; font-size: 14pt;\"><strong>Kompetence, <\/strong>pridobljene s programom<\/span><\/td>\n<td style=\"height: 72px; width: 591.017px;\" colspan=\"4\"><span style=\"font-family: book antiqua, palatino, serif; font-size: 14pt;\">Udele\u017eenec:<\/span><\/p>\n<ul>\n<li><span style=\"font-family: book antiqua, palatino, serif; font-size: 14pt;\">izvede vse postopke pri pridelavi in predelavi zeli\u0161\u010d,<\/span><\/li>\n<li><span style=\"font-family: book antiqua, palatino, serif; font-size: 14pt;\">svetuje kupcem pri nakupu sadik zeli\u0161\u010d o tehnologiji pridelave.<\/span><\/li>\n<\/ul>\n<\/td>\n<\/tr>\n<tr style=\"height: 120px;\">\n<td style=\"height: 120px; width: 282.983px; background-color: #fffccc;\"><span style=\"font-family: book antiqua, palatino, serif; font-size: 14pt;\"><strong>Spretnosti, <\/strong>pridobljene s programom<\/span><\/td>\n<td style=\"height: 120px; width: 591.017px;\" colspan=\"4\"><span style=\"font-family: book antiqua, palatino, serif; font-size: 14pt;\">Udele\u017eenec:<\/span><\/p>\n<ul>\n<li><span style=\"font-family: book antiqua, palatino, serif; font-size: 14pt;\">seje zeli\u0161\u010da in izvede oskrbo sadik,<\/span><\/li>\n<li><span style=\"font-family: book antiqua, palatino, serif; font-size: 14pt;\">sadi in oskrbuje zeli\u0161\u010da v zavarovanem prostoru in na prostem,<\/span><\/li>\n<li><span style=\"font-family: book antiqua, palatino, serif; font-size: 14pt;\">opravi spravilo zeli\u0161\u010d,<\/span><\/li>\n<li><span style=\"font-family: book antiqua, palatino, serif; font-size: 14pt;\">nabira zeli\u0161\u010da v naravi,<\/span><\/li>\n<li><span style=\"font-family: book antiqua, palatino, serif; font-size: 14pt;\">su\u0161i zeli\u0161\u010da,<\/span><\/li>\n<li><span style=\"font-family: book antiqua, palatino, serif; font-size: 14pt;\">predeluje zeli\u0161\u010da in jih pakira,<\/span><\/li>\n<li><span style=\"font-family: book antiqua, palatino, serif; font-size: 14pt;\">izdeluje pripravke iz zeli\u0161\u010d,<\/span><\/li>\n<li><span style=\"font-family: book antiqua, palatino, serif; font-size: 14pt;\">tr\u017ei zeli\u0161\u010da.<\/span><\/li>\n<\/ul>\n<\/td>\n<\/tr>\n<tr style=\"height: 120px;\">\n<td style=\"height: 120px; width: 282.983px; background-color: #fffccc;\"><span style=\"font-family: book antiqua, palatino, serif; font-size: 14pt;\"><strong>Splo\u0161ne kompetence, <\/strong>dopolnjene s programom<\/span><\/td>\n<td style=\"height: 120px; width: 591.017px;\" colspan=\"4\">\n<ul>\n<li><span style=\"font-family: book antiqua, palatino, serif; font-size: 14pt;\">na\u010drtuje, pripravi in kontrolira lastno delo,<\/span><\/li>\n<li><span style=\"font-family: book antiqua, palatino, serif; font-size: 14pt;\">sporazumeva se s sodelavci in kupci,<\/span><\/li>\n<li><span style=\"font-family: book antiqua, palatino, serif; font-size: 14pt;\">racionalno uporablja material, energijo in \u010das,<\/span><\/li>\n<li><span style=\"font-family: book antiqua, palatino, serif; font-size: 14pt;\">varuje zdravje in okolje,<\/span><\/li>\n<li><span style=\"font-family: book antiqua, palatino, serif; font-size: 14pt;\">uporablja ustrezno IKT tehnologijo,<\/span><\/li>\n<li><span style=\"font-family: book antiqua, palatino, serif; font-size: 14pt;\">spremlja spremembe na podro\u010dju zakonodaje.<\/span><\/li>\n<\/ul>\n<\/td>\n<\/tr>\n<tr style=\"height: 144px;\">\n<td style=\"height: 144px; width: 282.983px; background-color: #fffccc;\"><span style=\"font-family: book antiqua, palatino, serif; font-size: 14pt;\"><strong>Organizacija izobra\u017eevanja <\/strong>(navedba vsebinskih sklopov \u2013modulov, \u010dasovni obseg)<\/span><\/td>\n<td style=\"height: 144px; width: 591.017px;\" colspan=\"4\">\n<ul>\n<li><span style=\"font-family: book antiqua, palatino, serif; font-size: 14pt;\">Pridelovanje sadilnega materiala in zeli\u0161\u010d v zavarovanih prostorih &#8211; 12 ur<\/span><\/li>\n<li><span style=\"font-family: book antiqua, palatino, serif; font-size: 14pt;\">Pridelovanje zeli\u0161\u010d na prostem \u00a0&#8211; 16 ur<\/span><\/li>\n<li><span style=\"font-family: book antiqua, palatino, serif; font-size: 14pt;\">Nabiranje zeli\u0161\u010d v naravi &#8211; 6ur<\/span><\/li>\n<li><span style=\"font-family: book antiqua, palatino, serif; font-size: 14pt;\">Predelava in dodelava zeli\u0161\u010d &#8211; 5ur<\/span><\/li>\n<li><span style=\"font-family: book antiqua, palatino, serif; font-size: 14pt;\">Izdelovanje tradicionalnih izdelkov iz zeli\u0161\u010d &#8211; 7ur<\/span><\/li>\n<li><span style=\"font-family: book antiqua, palatino, serif; font-size: 14pt;\">Tr\u017eenje zeli\u0161\u010d &#8211; 2 uri<\/span><\/li>\n<li><span style=\"font-family: book antiqua, palatino, serif; font-size: 14pt;\">Zakonodaja na podro\u010dju pridelave, predelave in tr\u017eenja zeli\u0161\u010d &#8211; 2 uri<\/span><\/li>\n<\/ul>\n<\/td>\n<\/tr>\n<tr style=\"height: 96px;\">\n<td style=\"height: 96px; width: 282.983px; background-color: #fffccc;\"><span style=\"font-family: book antiqua, palatino, serif; font-size: 14pt;\"><strong>Izobrazba in kompetence izvajalca(ev) programa <\/strong>(stopnja in smer izobrazbe)<\/span><\/td>\n<td style=\"height: 96px; width: 591.017px;\" colspan=\"4\">\n<ul>\n<li><span style=\"font-family: book antiqua, palatino, serif; font-size: 14pt;\">VII stopnja izobrazbe smer rastlinska proizvodnja, kmetijstvo, vrtnarstvo, hortikultura<\/span><\/li>\n<li><span style=\"font-family: book antiqua, palatino, serif; font-size: 14pt;\">VII stopnja izobrazbe razli\u010dnih smeri in vsaj pet let delovnih izku\u0161enj na podro\u010dju zeli\u0161\u010darstva<\/span><\/li>\n<\/ul>\n<\/td>\n<\/tr>\n<\/tbody>\n<\/table>\n<p>&nbsp;<\/p>\n<table style=\"width: 0890px;\" border=\"1\" width=\"0890\" cellspacing=\"0\" cellpadding=\"3\">\n<tbody>\n<tr>\n<td width=\"189\"><span style=\"font-family: book antiqua, palatino, serif; font-size: 12pt;\">Program<\/span><\/td>\n<td style=\"text-align: center;\" width=\"109\"><span style=\"font-family: book antiqua, palatino, serif; font-size: 12pt;\">Datum<\/span><\/td>\n<td style=\"text-align: center;\" width=\"109\"><span style=\"font-family: book antiqua, palatino, serif; font-size: 12pt;\">Odobril<\/span><\/td>\n<td style=\"text-align: center;\" width=\"235\"><span style=\"font-family: book antiqua, palatino, serif; font-size: 12pt;\">Zavrnil \u2013 Opombe<\/span><\/td>\n<\/tr>\n<tr>\n<td width=\"189\"><span style=\"font-family: book antiqua, palatino, serif; font-size: 12pt;\">Programski odbor<\/span><\/td>\n<td style=\"text-align: center;\" width=\"109\"><span style=\"font-family: book antiqua, palatino, serif; font-size: 12pt;\">20. 2. 2019<\/span><\/td>\n<td style=\"text-align: center;\" width=\"109\"><span style=\"font-family: book antiqua, palatino, serif; font-size: 12pt;\">da<\/span><\/td>\n<td style=\"text-align: center;\" width=\"235\"><span style=\"font-family: book antiqua, palatino, serif; font-size: 12pt;\">\/<\/span><\/td>\n<\/tr>\n<tr>\n<td width=\"189\"><span style=\"font-family: book antiqua, palatino, serif; font-size: 12pt;\">Svet zavoda potrdil<\/span><\/td>\n<td style=\"text-align: center;\" width=\"109\"><span style=\"font-family: book antiqua, palatino, serif; font-size: 12pt;\">27. 2. 2019<\/span><\/td>\n<td style=\"text-align: center;\" width=\"109\"><span style=\"font-family: book antiqua, palatino, serif; font-size: 12pt;\">da<\/span><\/td>\n<td style=\"text-align: center;\" width=\"235\"><span style=\"font-family: book antiqua, palatino, serif; font-size: 12pt;\">\/<\/span><\/td>\n<\/tr>\n<\/tbody>\n<\/table>\n","protected":false},"excerpt":{"rendered":"<p>\u00bbNalo\u017ebo sofinancirata Republika Slovenija in Evropska unija iz Evropskega socialnega sklada.\u00ab Naziv programa PRIDELAVA IN PREDELAVA ZELI\u0160\u010c Podro\u010dje Biotehnika Predlagatelj programa (ime \u0161ole in imena pripravljalcev programa) \u0160ola za hortkulturo in vizualne umetnosti Celje Erika Kramar\u0161ek Kratek opis programa(max. 150 besed) Udele\u017eenci programa bodo pridobili in\/ali izbolj\u0161ali kompetence na podro\u010dju zeli\u0161\u010darstva, s katerimi bodo izbolj\u0161ali [&hellip;]<\/p>\n","protected":false},"author":1,"featured_media":0,"parent":0,"menu_order":0,"comment_status":"closed","ping_status":"closed","template":"","meta":{"footnotes":""},"class_list":["post-624","page","type-page","status-publish","hentry"],"_links":{"self":[{"href":"https:\/\/www.hvu.si\/izobrazevalni-center\/index.php?rest_route=\/wp\/v2\/pages\/624","targetHints":{"allow":["GET"]}}],"collection":[{"href":"https:\/\/www.hvu.si\/izobrazevalni-center\/index.php?rest_route=\/wp\/v2\/pages"}],"about":[{"href":"https:\/\/www.hvu.si\/izobrazevalni-center\/index.php?rest_route=\/wp\/v2\/types\/page"}],"author":[{"embeddable":true,"href":"https:\/\/www.hvu.si\/izobrazevalni-center\/index.php?rest_route=\/wp\/v2\/users\/1"}],"replies":[{"embeddable":true,"href":"https:\/\/www.hvu.si\/izobrazevalni-center\/index.php?rest_route=%2Fwp%2Fv2%2Fcomments&post=624"}],"version-history":[{"count":5,"href":"https:\/\/www.hvu.si\/izobrazevalni-center\/index.php?rest_route=\/wp\/v2\/pages\/624\/revisions"}],"predecessor-version":[{"id":629,"href":"https:\/\/www.hvu.si\/izobrazevalni-center\/index.php?rest_route=\/wp\/v2\/pages\/624\/revisions\/629"}],"wp:attachment":[{"href":"https:\/\/www.hvu.si\/izobrazevalni-center\/index.php?rest_route=%2Fwp%2Fv2%2Fmedia&parent=624"}],"curies":[{"name":"wp","href":"https:\/\/api.w.org\/{rel}","templated":true}]}}