{"id":61,"date":"2018-02-18T21:36:30","date_gmt":"2018-02-18T20:36:30","guid":{"rendered":"http:\/\/873.gvs.arnes.si\/izobrazevalni-center\/?page_id=61"},"modified":"2018-11-19T22:29:19","modified_gmt":"2018-11-19T21:29:19","slug":"cvetlicar-iv-stopnja","status":"publish","type":"page","link":"https:\/\/www.hvu.si\/izobrazevalni-center\/?page_id=61","title":{"rendered":"Cvetli\u010dar (IV. stopnja)"},"content":{"rendered":"<p><span style=\"font-family: book antiqua, palatino, serif; font-size: 14pt;\">Pridobljen poklic: <strong>CVETLI\u010cAR<\/strong><\/span><\/p>\n<p><span style=\"font-family: book antiqua, palatino, serif; font-size: 14pt;\">Program izobra\u017eevanja traja tri leta in je ovrednoten s <strong>180 KT<\/strong><\/span><\/p>\n<p><span style=\"font-family: book antiqua, palatino, serif; font-size: 14pt;\">VPISNI POGOJI:<\/span><\/p>\n<ul>\n<li><span style=\"font-family: book antiqua, palatino, serif; font-size: 14pt;\">kon\u010dana osnovno\u0161olska izobrazba oz.<\/span><\/li>\n<li><span style=\"font-family: book antiqua, palatino, serif; font-size: 14pt;\">kon\u010dan program ni\u017ejega poklicnega izobra\u017eevanja.<\/span><\/li>\n<\/ul>\n<p><span style=\"font-family: book antiqua, palatino, serif; font-size: 14pt;\">KAJ SE DIJAK NAU\u010cI?<\/span><\/p>\n<p><span style=\"font-family: book antiqua, palatino, serif; font-size: 14pt;\">Predvsem se strokovno pripravi na cvetli\u010darski poklic in z njim povezanim delom s cvetjem.<\/span><\/p>\n<p><span style=\"font-family: book antiqua, palatino, serif; font-size: 14pt;\">Poleg tega se nau\u010di \u0161e:<\/span><\/p>\n<ul>\n<li><span style=\"font-family: book antiqua, palatino, serif; font-size: 14pt;\">podjetni\u0161ke miselnosti, sposobnosti komuniciranja in uporabe ra\u010dunalnika v stroki,<\/span><\/li>\n<li><span style=\"font-family: book antiqua, palatino, serif; font-size: 14pt;\">ustvarjalnosti in inovativnosti pri oblikovanj najrazli\u010dnej\u0161ih cvetli\u010dnih vezav in dekoracij,<\/span><\/li>\n<li><span style=\"font-family: book antiqua, palatino, serif; font-size: 14pt;\">prodajati svoje ideje in izdelke,<\/span><\/li>\n<li><span style=\"font-family: book antiqua, palatino, serif; font-size: 14pt;\">izdelovati aran\u017eerski material.<\/span><\/li>\n<\/ul>\n<p><span style=\"font-family: book antiqua, palatino, serif; font-size: 14pt;\">KAJ NUDITA PRENOVLJENA PROGRAMA CVETLI\u010cAR IN VRTNAR?<\/span><\/p>\n<p><span style=\"font-family: book antiqua, palatino, serif; font-size: 14pt;\"><strong>Prakti\u010dno izobra\u017eevanje<\/strong> je v prenovljenih programih vklju\u010deno v module (biv\u0161e predmete).<\/span><\/p>\n<p><span style=\"font-family: book antiqua, palatino, serif; font-size: 14pt;\">Dijaki lahko<strong> izbirajo posamezne module<\/strong> glede na svoje interese in interese delovnega okolja, iz katerega prihajajo.<\/span><\/p>\n<p><span style=\"font-family: book antiqua, palatino, serif; font-size: 14pt;\"><strong>Prakti\u010dno usposabljanje z delom<\/strong> se lahko izvaja pri delodajalcih in omogo\u010da povezovanje dijakov z delovnim in poslovnim procesom ter doseganje ciljev in poklicnih kompetenc, ki jih \u0161ola ne more zagotoviti.<\/span><\/p>\n<p><span style=\"font-family: book antiqua, palatino, serif; font-size: 14pt;\">Prakti\u010dno usposabljanje z delom v delovnem procesu poteka na podlagi sklenjene:<\/span><\/p>\n<ul>\n<li><span style=\"font-family: book antiqua, palatino, serif; font-size: 14pt;\">individualne u\u010dne pogodbe med delodajalcem in dijakom ali<\/span><\/li>\n<li><span style=\"font-family: book antiqua, palatino, serif; font-size: 14pt;\">kolektivne u\u010dne pogodbe med delodajalcem in \u0161olo.<\/span><\/li>\n<\/ul>\n<p><span style=\"font-family: book antiqua, palatino, serif; font-size: 14pt;\">Odprti kurikulum omogo\u010da povezovanje interesov delovnega okolja v regiji s \u0161olo. V odprtem kurikulumu \u0161ola lahko ponudi najrazli\u010dnej\u0161e strokovne module, ki bogatijo poklic cvetli\u010darja in vrtnarja in so v interesu dolo\u010dene regije ali lokalnega okolja.<\/span><\/p>\n<p><span style=\"font-family: book antiqua, palatino, serif; font-size: 14pt;\">KON\u010cANJE IZOBRA\u017dEVANJA:<\/span><\/p>\n<ul>\n<li><span style=\"font-family: book antiqua, palatino, serif; font-size: 14pt;\">z zaklju\u010dnim izpitom.<\/span><\/li>\n<\/ul>\n<p><span style=\"font-family: book antiqua, palatino, serif; font-size: 14pt;\">MO\u017dNOSTI ZA NAPREJ:<\/span><\/p>\n<ul>\n<li><span style=\"font-family: book antiqua, palatino, serif; font-size: 14pt;\">takoj\u0161nja zaposlitev ali<\/span><\/li>\n<li><span style=\"font-family: book antiqua, palatino, serif; font-size: 14pt;\">nadaljevanje izobra\u017eevanja v prav tako prenovljenem programu hortikulturni tehnik PTI<\/span><\/li>\n<\/ul>\n<p><span style=\"font-family: book antiqua, palatino, serif; font-size: 14pt;\"><!--nextpage--><\/span><\/p>\n<p><span style=\"font-family: book antiqua, palatino, serif; font-size: 14pt;\"><a id=\"pre\"><\/a>Predmetnik programa Cvetli\u010dar:<\/span><\/p>\n<table style=\"width: 890px;\" border=\"1\" width=\"890\" cellspacing=\"0\" cellpadding=\"3\">\n<tbody>\n<tr>\n<td width=\"359\"><span style=\"font-family: book antiqua, palatino, serif; font-size: 14pt;\"><strong>Programska enota<\/strong><\/span><\/td>\n<td style=\"text-align: center;\" width=\"161\"><span style=\"font-family: book antiqua, palatino, serif; font-size: 14pt;\"><strong>Skupno \u0161tevilo ur<\/strong><\/span><\/td>\n<\/tr>\n<tr>\n<td style=\"text-align: left;\" colspan=\"2\" width=\"519\"><span style=\"font-family: book antiqua, palatino, serif; font-size: 14pt;\"><strong>Splo\u0161noizobra\u017eevalni predmeti<\/strong><\/span><\/td>\n<\/tr>\n<tr>\n<td style=\"padding-left: 30px;\" width=\"359\"><span style=\"font-family: book antiqua, palatino, serif; font-size: 14pt;\">Sloven\u0161\u010dina<\/span><\/td>\n<td style=\"text-align: center;\" width=\"161\"><span style=\"font-family: book antiqua, palatino, serif; font-size: 14pt;\">213<\/span><\/td>\n<\/tr>\n<tr>\n<td style=\"padding-left: 30px;\" width=\"359\"><span style=\"font-family: book antiqua, palatino, serif; font-size: 14pt;\">Matematika<\/span><\/td>\n<td style=\"text-align: center;\" width=\"161\"><span style=\"font-family: book antiqua, palatino, serif; font-size: 14pt;\">213<\/span><\/td>\n<\/tr>\n<tr>\n<td style=\"padding-left: 30px;\" width=\"359\"><span style=\"font-family: book antiqua, palatino, serif; font-size: 14pt;\">Tuji jezik<\/span><\/td>\n<td style=\"text-align: center;\" width=\"161\"><span style=\"font-family: book antiqua, palatino, serif; font-size: 14pt;\">164<\/span><\/td>\n<\/tr>\n<tr>\n<td style=\"padding-left: 30px;\" width=\"359\"><span style=\"font-family: book antiqua, palatino, serif; font-size: 14pt;\">Umetnost<\/span><\/td>\n<td style=\"text-align: center;\" width=\"161\"><span style=\"font-family: book antiqua, palatino, serif; font-size: 14pt;\">33<\/span><\/td>\n<\/tr>\n<tr>\n<td style=\"padding-left: 30px;\" width=\"359\"><span style=\"font-family: book antiqua, palatino, serif; font-size: 14pt;\">Naravoslovje<\/span><\/td>\n<td style=\"text-align: center;\" width=\"161\"><span style=\"font-family: book antiqua, palatino, serif; font-size: 14pt;\">66<\/span><\/td>\n<\/tr>\n<tr>\n<td style=\"padding-left: 30px;\" width=\"359\"><span style=\"font-family: book antiqua, palatino, serif; font-size: 14pt;\">Dru\u017eboslovje<\/span><\/td>\n<td style=\"text-align: center;\" width=\"161\"><span style=\"font-family: book antiqua, palatino, serif; font-size: 14pt;\">102<\/span><\/td>\n<\/tr>\n<tr>\n<td style=\"padding-left: 30px;\" width=\"359\"><span style=\"font-family: book antiqua, palatino, serif; font-size: 14pt;\">\u0160portna vzgoja<\/span><\/td>\n<td style=\"text-align: center;\" width=\"161\"><span style=\"font-family: book antiqua, palatino, serif; font-size: 14pt;\">164<\/span><\/td>\n<\/tr>\n<tr>\n<td style=\"text-align: center;\" colspan=\"2\" width=\"519\"><span style=\"font-family: book antiqua, palatino, serif; font-size: 14pt;\"><strong>\u00a0<\/strong><\/span><\/td>\n<\/tr>\n<tr>\n<td style=\"text-align: left;\" colspan=\"2\" width=\"519\"><span style=\"font-family: book antiqua, palatino, serif; font-size: 14pt;\"><strong>Strokovni moduli<\/strong><\/span><\/td>\n<\/tr>\n<tr>\n<td style=\"padding-left: 30px;\" width=\"359\"><span style=\"font-family: book antiqua, palatino, serif; font-size: 14pt;\">IKT in osnove poslovnega komuniciranja<\/span><\/td>\n<td style=\"text-align: center;\" width=\"161\"><span style=\"font-family: book antiqua, palatino, serif; font-size: 14pt;\">98<\/span><\/td>\n<\/tr>\n<tr>\n<td style=\"padding-left: 30px;\" width=\"359\"><span style=\"font-family: book antiqua, palatino, serif; font-size: 14pt;\">Varovanje okolja z osnovami trajnostnega razvoja<\/span><\/td>\n<td style=\"text-align: center;\" width=\"161\"><span style=\"font-family: book antiqua, palatino, serif; font-size: 14pt;\">66<\/span><\/td>\n<\/tr>\n<tr>\n<td style=\"padding-left: 30px;\" width=\"359\"><span style=\"font-family: book antiqua, palatino, serif; font-size: 14pt;\">Osnove podjetni\u0161tva in prodaje<\/span><\/td>\n<td style=\"text-align: center;\" width=\"161\"><span style=\"font-family: book antiqua, palatino, serif; font-size: 14pt;\">98<\/span><\/td>\n<\/tr>\n<tr>\n<td style=\"padding-left: 30px;\" width=\"359\"><span style=\"font-family: book antiqua, palatino, serif; font-size: 14pt;\">Osnove rastlinske pridelave z varstvom rastlin<\/span><\/td>\n<td style=\"text-align: center;\" width=\"161\"><span style=\"font-family: book antiqua, palatino, serif; font-size: 14pt;\">98<\/span><\/td>\n<\/tr>\n<tr>\n<td style=\"padding-left: 30px;\" width=\"359\"><span style=\"font-family: book antiqua, palatino, serif; font-size: 14pt;\">Osnove hortikulture<\/span><\/td>\n<td style=\"text-align: center;\" width=\"161\"><span style=\"font-family: book antiqua, palatino, serif; font-size: 14pt;\">196<\/span><\/td>\n<\/tr>\n<tr>\n<td style=\"padding-left: 30px;\" width=\"359\"><span style=\"font-family: book antiqua, palatino, serif; font-size: 14pt;\">Oblikovanje cvetli\u010dnih vezav in dekoracij<\/span><\/td>\n<td style=\"text-align: center;\" width=\"161\"><span style=\"font-family: book antiqua, palatino, serif; font-size: 14pt;\">218<\/span><\/td>\n<\/tr>\n<tr>\n<td style=\"padding-left: 30px;\" width=\"359\"><span style=\"font-family: book antiqua, palatino, serif; font-size: 14pt;\">Pridelava in izdelava aran\u017eerskega materiala<\/span><\/td>\n<td style=\"text-align: center;\" width=\"161\"><span style=\"font-family: book antiqua, palatino, serif; font-size: 14pt;\">190<\/span><\/td>\n<\/tr>\n<tr>\n<td style=\"padding-left: 30px;\" width=\"359\"><span style=\"font-family: book antiqua, palatino, serif; font-size: 14pt;\">Poro\u010dna floristika<\/span><\/td>\n<td style=\"text-align: center;\" width=\"161\"><span style=\"font-family: book antiqua, palatino, serif; font-size: 14pt;\">95<\/span><\/td>\n<\/tr>\n<tr>\n<td style=\"text-align: center;\" colspan=\"2\" width=\"519\"><span style=\"font-family: book antiqua, palatino, serif; font-size: 14pt;\"><strong>\u00a0<\/strong><\/span><\/td>\n<\/tr>\n<tr>\n<td style=\"text-align: left;\" colspan=\"2\" width=\"519\"><span style=\"font-family: book antiqua, palatino, serif; font-size: 14pt;\"><strong>Odprti kurikulum<\/strong><\/span><\/td>\n<\/tr>\n<tr>\n<td style=\"padding-left: 30px;\" width=\"359\"><span style=\"font-family: book antiqua, palatino, serif; font-size: 14pt;\">Tuji jezik \u2013 strokovna terminologija<\/span><\/td>\n<td style=\"text-align: center;\" width=\"161\"><span style=\"font-family: book antiqua, palatino, serif; font-size: 14pt;\">66<\/span><\/td>\n<\/tr>\n<tr>\n<td style=\"padding-left: 30px;\" width=\"359\"><span style=\"font-family: book antiqua, palatino, serif; font-size: 14pt;\">Poslovno komuniciranje z osnovami nem\u0161\u010dine<\/span><\/td>\n<td style=\"text-align: center;\" width=\"161\"><span style=\"font-family: book antiqua, palatino, serif; font-size: 14pt;\">66<\/span><\/td>\n<\/tr>\n<tr>\n<td style=\"padding-left: 30px;\" width=\"359\"><span style=\"font-family: book antiqua, palatino, serif; font-size: 14pt;\">Ekolo\u0161ko pridelovanje hortikulturnih rastlin<\/span><\/td>\n<td style=\"text-align: center;\" width=\"161\"><span style=\"font-family: book antiqua, palatino, serif; font-size: 14pt;\">99<\/span><\/td>\n<\/tr>\n<tr>\n<td style=\"padding-left: 30px;\" width=\"359\"><span style=\"font-family: book antiqua, palatino, serif; font-size: 14pt;\">Priprava in izdelava aran\u017emajev, \u0161opkov nasadov<\/span><\/td>\n<td style=\"text-align: center;\" width=\"161\"><span style=\"font-family: book antiqua, palatino, serif; font-size: 14pt;\">95<\/span><\/td>\n<\/tr>\n<tr>\n<td style=\"padding-left: 30px;\" width=\"359\"><span style=\"font-family: book antiqua, palatino, serif; font-size: 14pt;\">\u017dalna floristika<\/span><\/td>\n<td style=\"text-align: center;\" width=\"161\"><span style=\"font-family: book antiqua, palatino, serif; font-size: 14pt;\">95<\/span><\/td>\n<\/tr>\n<tr>\n<td style=\"padding-left: 30px;\" width=\"359\"><span style=\"font-family: book antiqua, palatino, serif; font-size: 14pt;\">Vizualizacija v floristiki<\/span><\/td>\n<td style=\"text-align: center;\" width=\"161\"><span style=\"font-family: book antiqua, palatino, serif; font-size: 14pt;\">116<\/span><\/td>\n<\/tr>\n<tr>\n<td style=\"padding-left: 30px;\" width=\"359\"><span style=\"font-family: book antiqua, palatino, serif; font-size: 14pt;\">Uporabna sloven\u0161\u010dina<\/span><\/td>\n<td style=\"text-align: center;\" width=\"161\"><span style=\"font-family: book antiqua, palatino, serif; font-size: 14pt;\">14<\/span><\/td>\n<\/tr>\n<tr>\n<td width=\"359\"><span style=\"font-family: book antiqua, palatino, serif; font-size: 14pt;\">Umetnost za cvetli\u010darje<\/span><\/td>\n<td style=\"text-align: center;\" width=\"161\"><span style=\"font-family: book antiqua, palatino, serif; font-size: 14pt;\">33<\/span><\/td>\n<\/tr>\n<tr>\n<td style=\"text-align: center;\" colspan=\"2\" width=\"519\"><span style=\"font-family: book antiqua, palatino, serif; font-size: 14pt;\"><strong>\u00a0<\/strong><\/span><\/td>\n<\/tr>\n<tr>\n<td width=\"359\"><span style=\"font-family: book antiqua, palatino, serif; font-size: 14pt;\"><strong>Prakti\u010dno usposabljanje z delom<\/strong><\/span><\/td>\n<td style=\"text-align: center;\" width=\"161\"><span style=\"font-family: book antiqua, palatino, serif; font-size: 14pt;\">912<\/span><\/td>\n<\/tr>\n<tr>\n<td style=\"text-align: center;\" colspan=\"2\" width=\"519\"><span style=\"font-family: book antiqua, palatino, serif; font-size: 14pt;\"><strong>\u00a0<\/strong><\/span><\/td>\n<\/tr>\n<tr>\n<td width=\"359\"><span style=\"font-family: book antiqua, palatino, serif; font-size: 14pt;\"><strong>Interesne dejavnosti<\/strong><\/span><\/td>\n<td style=\"text-align: center;\" width=\"161\"><span style=\"font-family: book antiqua, palatino, serif; font-size: 14pt;\">160<\/span><\/td>\n<\/tr>\n<\/tbody>\n<\/table>\n","protected":false},"excerpt":{"rendered":"<p>Pridobljen poklic: CVETLI\u010cAR Program izobra\u017eevanja traja tri leta in je ovrednoten s 180 KT VPISNI POGOJI: kon\u010dana osnovno\u0161olska izobrazba oz. kon\u010dan program ni\u017ejega poklicnega izobra\u017eevanja. KAJ SE DIJAK NAU\u010cI? Predvsem se strokovno pripravi na cvetli\u010darski poklic in z njim povezanim delom s cvetjem. Poleg tega se nau\u010di \u0161e: podjetni\u0161ke miselnosti, sposobnosti komuniciranja in uporabe ra\u010dunalnika [&hellip;]<\/p>\n","protected":false},"author":1,"featured_media":0,"parent":0,"menu_order":0,"comment_status":"closed","ping_status":"closed","template":"","meta":{"footnotes":""},"class_list":["post-61","page","type-page","status-publish","hentry"],"_links":{"self":[{"href":"https:\/\/www.hvu.si\/izobrazevalni-center\/index.php?rest_route=\/wp\/v2\/pages\/61","targetHints":{"allow":["GET"]}}],"collection":[{"href":"https:\/\/www.hvu.si\/izobrazevalni-center\/index.php?rest_route=\/wp\/v2\/pages"}],"about":[{"href":"https:\/\/www.hvu.si\/izobrazevalni-center\/index.php?rest_route=\/wp\/v2\/types\/page"}],"author":[{"embeddable":true,"href":"https:\/\/www.hvu.si\/izobrazevalni-center\/index.php?rest_route=\/wp\/v2\/users\/1"}],"replies":[{"embeddable":true,"href":"https:\/\/www.hvu.si\/izobrazevalni-center\/index.php?rest_route=%2Fwp%2Fv2%2Fcomments&post=61"}],"version-history":[{"count":6,"href":"https:\/\/www.hvu.si\/izobrazevalni-center\/index.php?rest_route=\/wp\/v2\/pages\/61\/revisions"}],"predecessor-version":[{"id":487,"href":"https:\/\/www.hvu.si\/izobrazevalni-center\/index.php?rest_route=\/wp\/v2\/pages\/61\/revisions\/487"}],"wp:attachment":[{"href":"https:\/\/www.hvu.si\/izobrazevalni-center\/index.php?rest_route=%2Fwp%2Fv2%2Fmedia&parent=61"}],"curies":[{"name":"wp","href":"https:\/\/api.w.org\/{rel}","templated":true}]}}