{"id":44,"date":"2018-02-18T21:09:31","date_gmt":"2018-02-18T20:09:31","guid":{"rendered":"http:\/\/873.gvs.arnes.si\/izobrazevalni-center\/?page_id=44"},"modified":"2023-05-31T07:55:59","modified_gmt":"2023-05-31T05:55:59","slug":"kakovost","status":"publish","type":"page","link":"https:\/\/www.hvu.si\/izobrazevalni-center\/?page_id=44","title":{"rendered":"Kakovost"},"content":{"rendered":"<p style=\"text-align: justify;\"><span style=\"font-family: book antiqua, palatino, serif; font-size: 14pt;\">Na \u0160oli za hortikulturo in vizualne umetnosti Celje se zavedamo, da smo za celovito kakovostno delovanje na\u0161e ustanove odgovorni vsi zaposleni, zato veliko skrb namenjamo razvijanju kakovosti lastnega dela. Skrb pa namenjamo tudi presojanju in razvijanju kakovosti na vseh drugih podro\u010djih delovanja na\u0161e \u0161ole, za katere menimo, da prispevajo k zadovoljstvu udele\u017eencev izobra\u017eevanja in zadovoljstvu na\u0161ih partnerjev v okolju.<\/span><\/p>\n<h5><span style=\"font-family: book antiqua, palatino, serif; font-size: 14pt;\">Ve\u010d o aktivnostih na podro\u010dju kakovosti na:<br \/>\n<a href=\"http:\/\/www.hvu.si\/srednja\/?page_id=360\">srednje\u0161olskem<\/a><br \/>\nin<br \/>\n<a href=\"http:\/\/www.hvu.si\/visja\/?page_id=161\">vi\u0161je\u0161olskem<\/a><br \/>\nizobra\u017eevanju.<\/span><\/h5>\n","protected":false},"excerpt":{"rendered":"<p>Na \u0160oli za hortikulturo in vizualne umetnosti Celje se zavedamo, da smo za celovito kakovostno delovanje na\u0161e ustanove odgovorni vsi zaposleni, zato veliko skrb namenjamo razvijanju kakovosti lastnega dela. Skrb pa namenjamo tudi presojanju in razvijanju kakovosti na vseh drugih podro\u010djih delovanja na\u0161e \u0161ole, za katere menimo, da prispevajo k zadovoljstvu udele\u017eencev izobra\u017eevanja in zadovoljstvu [&hellip;]<\/p>\n","protected":false},"author":1,"featured_media":0,"parent":0,"menu_order":0,"comment_status":"closed","ping_status":"closed","template":"","meta":{"footnotes":""},"class_list":["post-44","page","type-page","status-publish","hentry"],"_links":{"self":[{"href":"https:\/\/www.hvu.si\/izobrazevalni-center\/index.php?rest_route=\/wp\/v2\/pages\/44","targetHints":{"allow":["GET"]}}],"collection":[{"href":"https:\/\/www.hvu.si\/izobrazevalni-center\/index.php?rest_route=\/wp\/v2\/pages"}],"about":[{"href":"https:\/\/www.hvu.si\/izobrazevalni-center\/index.php?rest_route=\/wp\/v2\/types\/page"}],"author":[{"embeddable":true,"href":"https:\/\/www.hvu.si\/izobrazevalni-center\/index.php?rest_route=\/wp\/v2\/users\/1"}],"replies":[{"embeddable":true,"href":"https:\/\/www.hvu.si\/izobrazevalni-center\/index.php?rest_route=%2Fwp%2Fv2%2Fcomments&post=44"}],"version-history":[{"count":6,"href":"https:\/\/www.hvu.si\/izobrazevalni-center\/index.php?rest_route=\/wp\/v2\/pages\/44\/revisions"}],"predecessor-version":[{"id":1573,"href":"https:\/\/www.hvu.si\/izobrazevalni-center\/index.php?rest_route=\/wp\/v2\/pages\/44\/revisions\/1573"}],"wp:attachment":[{"href":"https:\/\/www.hvu.si\/izobrazevalni-center\/index.php?rest_route=%2Fwp%2Fv2%2Fmedia&parent=44"}],"curies":[{"name":"wp","href":"https:\/\/api.w.org\/{rel}","templated":true}]}}