{"id":40,"date":"2018-02-18T21:03:12","date_gmt":"2018-02-18T20:03:12","guid":{"rendered":"http:\/\/873.gvs.arnes.si\/izobrazevalni-center\/?page_id=40"},"modified":"2018-02-18T21:03:12","modified_gmt":"2018-02-18T20:03:12","slug":"nacionalne-poklicne-kvalifikacije","status":"publish","type":"page","link":"https:\/\/www.hvu.si\/izobrazevalni-center\/?page_id=40","title":{"rendered":"Nacionalne poklicne kvalifikacije"},"content":{"rendered":"<h3>Na na\u0161i \u0161oli lahko v postoku preverjanja in potrjevanja pridobite certifikate za\u00a0 naslednje nacionalne poklicne kvalifikacije:<\/h3>\n<div>\n<ul type=\"disc\">\n<li>zelenjadar\/zelenjadarka,<\/li>\n<li>upravljalec\/upravljalka kmetijskih in vrtnarskih strojev in naprav,<\/li>\n<li>drevesni\u010dar trsni\u010dar\/drevesni\u010darka trsni\u010darka,<\/li>\n<li>parkovni vrtnar\/parkovna vrtnarica,<\/li>\n<li>vrtnar pridelovalec\/ vrtnarica pridelovalka,<\/li>\n<li>oblikovalec\/oblikovalka cvetli\u010dnih vezav in dekoracij,<\/li>\n<li>oblikovalec\/oblikovalka prostora z rastlinami,<\/li>\n<li>vzdr\u017eevalec\/vzdr\u017eevalka zelenih povr\u0161in za \u0161port in\u00a0 prosti \u010das,<\/li>\n<li>zeli\u0161\u010dar pridelovalec\/zeli\u0161\u010darka pridelovalka.<\/li>\n<\/ul>\n<\/div>\n<p>Okvirni stro\u0161ki za pridobitev certifikata za eno nacionalno poklicno kvalifikacijo zna\u0161ajo:<\/p>\n<ul>\n<li>potrjevanje na podlagi listin: 112,00 EUR<\/li>\n<li>potrjevanje na podlagi listin in preverjanje: 188,00 EUR<\/li>\n<\/ul>\n<p><strong>IZVAJAMO USPOSABLJANJA ZA PRIDOBITEV VSEH ZGORAJ NA\u0160TETIH NACIONALNIH POKLICNIH KVALIFIKACIJ.<\/strong><\/p>\n<hr \/>\n<p>KAJ JE NACIONALNA POKLICNA KVALIFIKACIJA?<\/p>\n<p>Je delovna poklicna ali strokovna usposobljenost, ki je potrebna za opravljanje poklica ali posameznih sklopov zadol\u017eitev v okviru poklica na dolo\u010deni ravni zahtevnosti. Pridobljena je v skladu z Zakonom o nacionalnih poklicnih kvalifikacijah, Ur. l. RS, \u0161t. 1\/07 in 85\/09. Ve\u010d informacij o nacionalnih poklicnih kvalifikacijah lahko najdete na spletni strani: <a href=\"http:\/\/zakonodaja.gov.si\/rpsi\/r06\/predpis_ZAKO1626.html\">http:\/\/zakonodaja.gov.si\/rpsi\/r06\/predpis_ZAKO1626.html<\/a><\/p>\n<p>Nacionalna poklicna kvalifikacija se izkazuje z javno listino <strong>CERTIFIKATOM<\/strong>.<\/p>\n<p>KAKO LAHKO POSAMEZNIK PRIDOBI CERTIFIKAT?<\/p>\n<p>Pridobi ga v postopku preverjanja in potrjevanja poklicnih kvalifikacij:<\/p>\n<div>\n<ul>\n<li>z neposrednim preverjanjem strokovnih znanj, spretnosti in sposobnosti, dolo\u010denih s katalogom,<\/li>\n<li>na podlagi listin, pridobljenih po izobra\u017eevalnih programih ali na drug na\u010din.<\/li>\n<\/ul>\n<\/div>\n<p><strong>Postopek preverjanja in potrjevanja poklicnih kvalifikacij za pridobitev certifikata je namenjen:<\/strong><\/p>\n<div>\n<ul type=\"disc\">\n<li>odraslim, ki imajo znanja, spretnosti in sposobnosti na dolo\u010denem podro\u010dju, nimajo pa javnoveljavne listine o poklicni ali strokovni izobrazbi,<\/li>\n<li>tistim, ki \u017eelijo napredovati v poklicni karieri, ne da bi morali za to pridobiti tudi vi\u0161jo raven poklicne izobrazbe.<\/li>\n<\/ul>\n<\/div>\n<p>Pogoj za pridobitev certifikata za posamezne poklicne kvalifikacije je najmanj 18 let.<\/p>\n<div style=\"text-align: right;\">Ve\u010d informacij:<\/div>\n<p style=\"text-align: right;\">Erika Kramar\u0161ek, tel: 034285911<br \/>\ne-po\u0161ta: <span id=\"cloak33216\"><a href=\"mailto:erika.kramarsek@hvu.si\">erika.kramarsek@hvu.si<\/a><\/span><\/p>\n","protected":false},"excerpt":{"rendered":"<p>Na na\u0161i \u0161oli lahko v postoku preverjanja in potrjevanja pridobite certifikate za\u00a0 naslednje nacionalne poklicne kvalifikacije: zelenjadar\/zelenjadarka, upravljalec\/upravljalka kmetijskih in vrtnarskih strojev in naprav, drevesni\u010dar trsni\u010dar\/drevesni\u010darka trsni\u010darka, parkovni vrtnar\/parkovna vrtnarica, vrtnar pridelovalec\/ vrtnarica pridelovalka, oblikovalec\/oblikovalka cvetli\u010dnih vezav in dekoracij, oblikovalec\/oblikovalka prostora z rastlinami, vzdr\u017eevalec\/vzdr\u017eevalka zelenih povr\u0161in za \u0161port in\u00a0 prosti \u010das, zeli\u0161\u010dar pridelovalec\/zeli\u0161\u010darka pridelovalka. Okvirni [&hellip;]<\/p>\n","protected":false},"author":1,"featured_media":0,"parent":0,"menu_order":0,"comment_status":"closed","ping_status":"closed","template":"","meta":{"footnotes":""},"class_list":["post-40","page","type-page","status-publish","hentry"],"_links":{"self":[{"href":"https:\/\/www.hvu.si\/izobrazevalni-center\/index.php?rest_route=\/wp\/v2\/pages\/40","targetHints":{"allow":["GET"]}}],"collection":[{"href":"https:\/\/www.hvu.si\/izobrazevalni-center\/index.php?rest_route=\/wp\/v2\/pages"}],"about":[{"href":"https:\/\/www.hvu.si\/izobrazevalni-center\/index.php?rest_route=\/wp\/v2\/types\/page"}],"author":[{"embeddable":true,"href":"https:\/\/www.hvu.si\/izobrazevalni-center\/index.php?rest_route=\/wp\/v2\/users\/1"}],"replies":[{"embeddable":true,"href":"https:\/\/www.hvu.si\/izobrazevalni-center\/index.php?rest_route=%2Fwp%2Fv2%2Fcomments&post=40"}],"version-history":[{"count":1,"href":"https:\/\/www.hvu.si\/izobrazevalni-center\/index.php?rest_route=\/wp\/v2\/pages\/40\/revisions"}],"predecessor-version":[{"id":41,"href":"https:\/\/www.hvu.si\/izobrazevalni-center\/index.php?rest_route=\/wp\/v2\/pages\/40\/revisions\/41"}],"wp:attachment":[{"href":"https:\/\/www.hvu.si\/izobrazevalni-center\/index.php?rest_route=%2Fwp%2Fv2%2Fmedia&parent=40"}],"curies":[{"name":"wp","href":"https:\/\/api.w.org\/{rel}","templated":true}]}}