{"id":387,"date":"2018-10-04T19:00:13","date_gmt":"2018-10-04T17:00:13","guid":{"rendered":"http:\/\/873.gvs.arnes.si\/izobrazevalni-center\/?page_id=387"},"modified":"2020-12-06T15:04:15","modified_gmt":"2020-12-06T14:04:15","slug":"raziskovalni-center-v-hortikulturi-in-oblikovanju","status":"publish","type":"page","link":"https:\/\/www.hvu.si\/izobrazevalni-center\/?page_id=387","title":{"rendered":"Raziskovalni center v hortikulturi in oblikovanju"},"content":{"rendered":"<p style=\"text-align: justify;\"><span style=\"font-family: book antiqua, palatino, serif; font-size: 14pt;\">V letu 2020\/2021 na\u010drtujemo poskuse, ki bodo prilagojeni na\u0161im materialnim in kadrovskim pogojem, delno pa so v skladu z u\u010dnimi vsebinami, ki jih moramo upo\u0161tevati.<\/span><\/p>\n<p style=\"text-align: justify;\"><span style=\"font-family: book antiqua, palatino, serif; font-size: 14pt;\">V delo na\u0161e poskusno pridelovalne postaje so vklju\u010deni tudi dijaki in \u0161tudentje \u0161ole. Prepri\u010dana sem, da \u0161irok team sodelujo\u010dih u\u010diteljev, dijakov in \u0161tudentov \u0161ole ter zunanjih strokovnih sodelavcev pri izvedbi poskusov omogo\u010da uspe\u0161no realizacijo ciljev raziskovanja. Dokaz za to so raziskovalne in diplomske naloge, ki so plod u\u010denja ob pristnem stiku z naravo.<\/span><\/p>\n<p style=\"text-align: justify;\"><span style=\"font-family: book antiqua, palatino, serif; font-size: 14pt;\">Program dela obsega:<\/span><\/p>\n<ul style=\"text-align: justify;\">\n<li><span style=\"font-family: book antiqua, palatino, serif; font-size: 14pt;\">vrtnine: vrste oz. sorte solat, kislega zelja, nizkega fi\u017eola ter manj poznane vrtnine oz. vrtnine starih kme\u010dkih vrtov \u2013 bob, le\u010do, hren, \u010drni koren, ara\u0161ide \u2026 po tehnologiji, ki je izvedljiva tudi kasneje, ko se proizvajalci odlo\u010dajo za pridelovanje posameznih priporo\u010denih sort iz poskusa.<\/span><\/li>\n<li><span style=\"font-family: book antiqua, palatino, serif; font-size: 14pt;\">trajni vrtnine: nasad \u0161pargljev<\/span><\/li>\n<\/ul>\n<p style=\"text-align: justify;\"><span style=\"font-family: book antiqua, palatino, serif; font-size: 14pt;\">Zasnova novega nasada \u0161pargljev \u2013 pomlad 2019. Obstoje\u010di nasad \u0161pargljev iz leta 1997 bomo obdr\u017eali in ga bomo uporabljali kot mati\u010dnjak.<\/span><\/p>\n<ul style=\"text-align: justify;\">\n<li><span style=\"font-family: book antiqua, palatino, serif; font-size: 14pt;\">dokon\u010dna vzpostavitev raziskovalnega centra za hortikulturo<\/span><\/li>\n<\/ul>\n<p style=\"text-align: justify;\"><span style=\"font-family: book antiqua, palatino, serif; font-size: 14pt;\">Postopoma bomo pri\u010deli z vzpostavitvijo raziskovalnega centra za hortikulturo, kjer bo poudarek na okrasnih rastlinah in razvoju hortikulture v Sloveniji, kjer predvidevamo naslednje aktivnosti:<\/span><\/p>\n<ul style=\"text-align: justify;\">\n<li><span style=\"font-family: book antiqua, palatino, serif; font-size: 14pt;\">preizku\u0161anje zelenjadnic za Savinjsko regijo,<\/span><\/li>\n<li><span style=\"font-family: book antiqua, palatino, serif; font-size: 14pt;\">preizku\u0161anje prezimnosti kaktej in so\u010dnic,<\/span><\/li>\n<li><span style=\"font-family: book antiqua, palatino, serif; font-size: 14pt;\">zasnova nasada zdravilnih rastlin in zeli\u0161\u010d, ki so jih uporabljali v preteklosti,<\/span><\/li>\n<li><span style=\"font-family: book antiqua, palatino, serif; font-size: 14pt;\">zasnova genske banke okrasnih rastlin za urejanje pode\u017eelja,<\/span><\/li>\n<li><span style=\"font-family: book antiqua, palatino, serif; font-size: 14pt;\">raziskovalne in projektne naloge dijakov, diplomske naloge \u0161tudentov,<\/span><\/li>\n<li><span style=\"font-family: book antiqua, palatino, serif; font-size: 14pt;\">organizacija strokovnih posvetov in promocija dejavnosti,<\/span><\/li>\n<li><span style=\"font-family: book antiqua, palatino, serif; font-size: 14pt;\">sodelovanje z raziskovalnim in\u0161titucijami doma in v tujini.<\/span><\/li>\n<\/ul>\n<p style=\"text-align: justify;\"><span style=\"font-family: book antiqua, palatino, serif; font-size: 14pt;\">Predstavitev dejavnosti<\/span><\/p>\n<ul style=\"text-align: justify;\">\n<li><span style=\"font-family: book antiqua, palatino, serif; font-size: 14pt;\">V prvi polovici meseca maja 2020 bomo organizirali Dan \u0161pargljev v sodelovanju z dru\u0161tvom Ajda \u0160tajerska.<\/span><\/li>\n<\/ul>\n<p style=\"text-align: justify;\">\n","protected":false},"excerpt":{"rendered":"<p>V letu 2020\/2021 na\u010drtujemo poskuse, ki bodo prilagojeni na\u0161im materialnim in kadrovskim pogojem, delno pa so v skladu z u\u010dnimi vsebinami, ki jih moramo upo\u0161tevati. V delo na\u0161e poskusno pridelovalne postaje so vklju\u010deni tudi dijaki in \u0161tudentje \u0161ole. Prepri\u010dana sem, da \u0161irok team sodelujo\u010dih u\u010diteljev, dijakov in \u0161tudentov \u0161ole ter zunanjih strokovnih sodelavcev pri izvedbi [&hellip;]<\/p>\n","protected":false},"author":1,"featured_media":0,"parent":0,"menu_order":0,"comment_status":"closed","ping_status":"closed","template":"","meta":{"footnotes":""},"class_list":["post-387","page","type-page","status-publish","hentry"],"_links":{"self":[{"href":"https:\/\/www.hvu.si\/izobrazevalni-center\/index.php?rest_route=\/wp\/v2\/pages\/387","targetHints":{"allow":["GET"]}}],"collection":[{"href":"https:\/\/www.hvu.si\/izobrazevalni-center\/index.php?rest_route=\/wp\/v2\/pages"}],"about":[{"href":"https:\/\/www.hvu.si\/izobrazevalni-center\/index.php?rest_route=\/wp\/v2\/types\/page"}],"author":[{"embeddable":true,"href":"https:\/\/www.hvu.si\/izobrazevalni-center\/index.php?rest_route=\/wp\/v2\/users\/1"}],"replies":[{"embeddable":true,"href":"https:\/\/www.hvu.si\/izobrazevalni-center\/index.php?rest_route=%2Fwp%2Fv2%2Fcomments&post=387"}],"version-history":[{"count":3,"href":"https:\/\/www.hvu.si\/izobrazevalni-center\/index.php?rest_route=\/wp\/v2\/pages\/387\/revisions"}],"predecessor-version":[{"id":958,"href":"https:\/\/www.hvu.si\/izobrazevalni-center\/index.php?rest_route=\/wp\/v2\/pages\/387\/revisions\/958"}],"wp:attachment":[{"href":"https:\/\/www.hvu.si\/izobrazevalni-center\/index.php?rest_route=%2Fwp%2Fv2%2Fmedia&parent=387"}],"curies":[{"name":"wp","href":"https:\/\/api.w.org\/{rel}","templated":true}]}}