{"id":38,"date":"2018-02-18T20:56:54","date_gmt":"2018-02-18T19:56:54","guid":{"rendered":"http:\/\/873.gvs.arnes.si\/izobrazevalni-center\/?page_id=38"},"modified":"2026-02-23T10:18:58","modified_gmt":"2026-02-23T09:18:58","slug":"srednjesolsko-izobrazavanje-odraslih","status":"publish","type":"page","link":"https:\/\/www.hvu.si\/izobrazevalni-center\/?page_id=38","title":{"rendered":"Srednje\u0161olsko izobra\u017eevanje odraslih"},"content":{"rendered":"<p><span style=\"font-family: verdana, geneva, sans-serif;font-size: 12pt\">Erika KRAMAR\u0160EK, vodja<\/span><br \/>\n<span id=\"cloak49015\" style=\"font-family: verdana, geneva, sans-serif;font-size: 12pt\"><a href=\"mailto:erika.kramarsek@gmail.com\">erika.kramarsek@hvu.si<\/a><\/span><br \/>\n<span style=\"font-family: verdana, geneva, sans-serif;font-size: 12pt\">Tel.: 03 4285911<\/span><\/p>\n<p><span style=\"font-family: verdana, geneva, sans-serif;font-size: 12pt\"><strong>Obvestilo: Zimske po\u010ditnice od 23. 2. 2026 do 27. 2. 2026<\/strong><\/span><\/p>\n<p><span style=\"font-family: verdana, geneva, sans-serif\">Obve\u0161\u010damo vas, da imamo v \u010dasu od 23. 2. 2026 do 27. 2. 2026 zimske po\u010ditnice. Zato govorilnih ur in izpitov za udele\u017eence izobra\u017eevanja odraslih v tem tednu ne bomo izvajali.\u00a0 \u00a0\u00a0<\/span><\/p>\n<p>&nbsp;<\/p>\n<hr \/>\n<p><span style=\"font-family: book antiqua, palatino, serif;font-size: 14pt\">\n<ul class=\"uk-accordion uk-accordion-default uk-text-left \" uk-accordion=\"\">\n\n        <li >\n\n    \n        <a href class=\"uk-accordion-title\">Izobra\u017eevalni programi<span uk-accordion-icon><\/span><\/a>\n\n        <div class=\"uk-accordion-content\">\n\n            \n            \n            \n                        <div class=\"uk-margin\"><p>Na na&scaron;i &scaron;oli se lahko kot udele\u017eenci izobra\u017eevanja odraslih izobra\u017eujete v naslednjih srednje&scaron;olskih izobra\u017eevalnih programih:<\/p>\n<table border=\"1\" cellspacing=\"0\" cellpadding=\"5\">\n<tbody>\n<tr>\n<td valign=\"top\"><strong>Vrsta izobra\u017eevalnega programa<\/strong><\/td>\n<td valign=\"top\"><strong>Pridobljen poklic<\/strong><\/td>\n<\/tr>\n<tr>\n<td valign=\"top\">Program srednjega poklicnega izobra\u017eevanja &ndash; vrtnar<\/td>\n<td valign=\"top\"><a href=\"\/izobrazevalni-center\/?page_id=59\">vrtnar<\/a><\/td>\n<\/tr>\n<tr>\n<td valign=\"top\">Program srednjega poklicnega izobra\u017eevanja &ndash; cvetli\u010dar<\/td>\n<td valign=\"top\"><a href=\"\/izobrazevalni-center\/?page_id=61\">cvetli\u010dar<\/a><\/td>\n<\/tr>\n<tr>\n<td valign=\"top\">Program srednjega strokovnega izobra\u017eevanja &ndash; hortikulturni tehnik<\/td>\n<td valign=\"top\"><a href=\"\/izobrazevalni-center\/?page_id=63\">hortikulturni tehnik<\/a><\/td>\n<\/tr>\n<tr>\n<td valign=\"top\">Program poklicno-tehni&scaron;kega izobra\u017eevanja &ndash; hortikulturni tehnik<\/td>\n<td valign=\"top\"><a href=\"\/izobrazevalni-center\/?page_id=66\">hortikulturni tehnik<\/a><\/td>\n<\/tr>\n<tr>\n<td valign=\"top\">Program srednjega strokovnega izobra\u017eevanja &ndash; aran\u017eerski tehnik<\/td>\n<td valign=\"top\"><a href=\"\/izobrazevalni-center\/?page_id=68\">aran\u017eerski tehnik<\/a><\/td>\n<\/tr>\n<tr>\n<td>Program srednjega strokovnega izobra\u017eevanja &ndash; fotografski tehnik<\/td>\n<td><a title=\"Fotografski tehnik\" href=\"\/izobrazevalni-center\/?page_id=1333\">fotografski tehnik<\/a><\/td>\n<\/tr>\n<\/tbody>\n<\/table>\n<p>Natan\u010dnej&scaron;o predstavitev programov in pogojev za vpis najdete na zgornjih povezavah.<\/p>\n<p><strong>Trajanje &scaron;olskega leta:<\/strong> 1. 9. 2025&nbsp; &ndash; 31. 8. 2026<\/p>\n<p><strong>Na\u010din izobra\u017eevanja<\/strong><\/p>\n<p>Izobra\u017eevanje pri nas poteka predvsem v obliki samoizobra\u017eevanja.<\/p>\n<p>V \u010dasu govorilnih ur u\u010ditelji kandidatom posredujejo potrebne informacije za pripravo na izpit, jim predstavijo u\u010dne vsebine predmeta ter predlagajo vire in literaturo za pripravo na izpit. Seznanijo jih tudi z obsegom in zahtevnostjo izpita, na\u010dinom opravljanja izpita ter s primeri izpitnih vpra&scaron;anj.<\/p>\n<p><strong>Svetovanje v zvezi z izobra\u017eevanjem <\/strong>je organizirano v \u010dasu uradnih ur za udele\u017eence izobra\u017eevanja odraslih.<\/p><\/div>\n            \n            \n            \n            \n        <\/div>\n\n    <\/li>\n        <li >\n\n    \n        <a href class=\"uk-accordion-title\">Razpis za prvi vpis<span uk-accordion-icon><\/span><\/a>\n\n        <div class=\"uk-accordion-content\">\n\n            \n            \n            \n                        <div class=\"uk-margin\"><p><a href=\"http:\/\/www.hvu.si\/izobrazevalni-center\/wp-content\/uploads\/sites\/6\/2024\/06\/Soglasje-k-obsegu-razpisa-2024_2025.pdf\">Soglasje k obsegu razpisa za vpis 2025\/26<\/a><\/p>\n<p>Razpis za vpis:<\/p>\n<ul>\n<li><a href=\"\/izobrazevalni-center\/?p=1306\">cvetli\u010dar<\/a><\/li>\n<li><a href=\"\/izobrazevalni-center\/?p=1312\">vrtnar<\/a><\/li>\n<li><a href=\"\/izobrazevalni-center\/?p=1314\">aran\u017eerski tehnik<\/a><\/li>\n<li><a href=\"\/izobrazevalni-center\/?p=1625\">fotografski tehnik<\/a><\/li>\n<li><a href=\"\/izobrazevalni-center\/?p=1322\">hortikulturni tehnik SSI<\/a><\/li>\n<li><a href=\"\/izobrazevalni-center\/?p=1618\">hortikulturni tehnik PTI<\/a><\/li>\n<\/ul><\/div>\n            \n            \n            \n            \n        <\/div>\n\n    <\/li>\n        <li >\n\n    \n        <a href class=\"uk-accordion-title\">Govorilne ure u\u010diteljev v izobra\u017eevanju odraslih<span uk-accordion-icon><\/span><\/a>\n\n        <div class=\"uk-accordion-content\">\n\n            \n            \n            \n                        <div class=\"uk-margin\"><p style=\"text-align: justify;\"><span style=\"font-family: book antiqua, palatino, serif; font-size: 14pt;\">U\u010ditelji, ki sodelujejo pri izobra\u017eevanju odraslih, imajo govorilne ure enkrat na teden v dopoldanskem \u010dasu. V popoldanskem \u010dasu pa so govorilne ure z vsemi u\u010ditelji mo\u017ene <strong>vsak prvi torek v mesecu od 16.30 do 17.30<\/strong>.<\/span><\/p>\n<p style=\"text-align: justify;\"><span style=\"font-family: book antiqua, palatino, serif; font-size: 14pt;\">Razpored govorilnih ur v dopoldanskem \u010dasu&nbsp; je objavljen na oglasni deski &scaron;ole in na&nbsp;<a href=\"\/izobrazevalni-center\/?page_id=42\">https:\/\/www.hvu.si\/izobrazevalni-center\/?page_id=42<\/a> <\/span><\/p><\/div>\n            \n            \n            \n            \n        <\/div>\n\n    <\/li>\n        <li >\n\n    \n        <a href class=\"uk-accordion-title\">Zaklju\u010dni izpiti in poklicna matura<span uk-accordion-icon><\/span><\/a>\n\n        <div class=\"uk-accordion-content\">\n\n            \n            \n            \n                        <div class=\"uk-margin\"><h4><strong>Poklicna matura in zaklju\u010dni izpiti za kandidate v izobra\u017eevanju odraslih potekajo vsako leto v treh izpitnih rokih: v spomladanskem, jesenskem in zimskem. <\/strong><\/h4>\n<h4><strong>Podrobnej&scaron;e informacije o zaklju\u010dnih izpitih so na povezavah:<\/strong><\/h4>\n<ul>\n<li>\n<h4><strong><a href=\"http:\/\/www.hvu.si\/srednja\/wp-content\/uploads\/sites\/2\/2021\/05\/Navodila-zakljucna-naloga-SPI-cvetlicar-vrtnar-maj-2021.pdf\">Navodila za pisanje zaklju\u010dne naloge&nbsp;<\/a><\/strong><\/h4>\n<\/li>\n<li>\n<h4><strong><a href=\"http:\/\/www.hvu.si\/srednja\/wp-content\/uploads\/sites\/2\/2021\/05\/Predloga-zakljucna-naloga-SPI-cvetlicar-vrtnar-maj-2021.docx\">Predloga za pisanje zaklju\u010dne naloge<\/a><\/strong><\/h4>\n<\/li>\n<li>\n<h4><strong>Urnik priprav na ZI<\/strong><\/h4>\n<\/li>\n<li>\n<h4><strong><a href=\"http:\/\/www.hvu.si\/srednja\/?page_id=587\">Pravilnik o zaklju\u010dnem izpitu<\/a><\/strong><\/h4>\n<\/li>\n<li>\n<h4><strong><a href=\"http:\/\/www.hvu.si\/srednja\/?page_id=590\">&Scaron;olska pravila o zaklju\u010dnem izpitu<\/a><\/strong><\/h4>\n<\/li>\n<li>\n<h4><strong><a href=\"http:\/\/www.hvu.si\/srednja\/wp-content\/uploads\/sites\/2\/2023\/02\/20230206093258273.pdf\">Okvirni koledar opravljanja ZI 2023<\/a><\/strong><\/h4>\n<\/li>\n<\/ul>\n<h4><strong>Tajnica zaklju\u010dnih izpitov je gospa <a href=\"mailto:lidija.oblak@hvu.si\">Lidija Oblak<\/a>. <\/strong><\/h4>\n<h4><strong>Podrobnej&scaron;e informacije o poklicni maturi so na povezavah:<\/strong><\/h4>\n<ul>\n<li>\n<h4><strong><a href=\"http:\/\/www.hvu.si\/srednja\/?page_id=604\">Splo&scaron;ne informacije<\/a><\/strong><\/h4>\n<\/li>\n<li>\n<h4><strong><a href=\"http:\/\/www.hvu.si\/srednja\/wp-content\/uploads\/sites\/2\/2018\/10\/Navodila_za_izdelavo_projektne_naloge.pdf\">Navodila za izdelavo projektne naloge za<br \/>4. predmet poklicne mature - hortikulturni tehnik<\/a><\/strong><\/h4>\n<\/li>\n<li>\n<h4><strong><a href=\"http:\/\/www.hvu.si\/srednja\/wp-content\/uploads\/sites\/2\/2018\/11\/navodila_at.pdf\">Navodila za izdelavo projektne naloge za<br \/>4. predmet poklicne mature - aran\u017eerski tehnik<\/a><\/strong><\/h4>\n<\/li>\n<li>\n<h4><strong><a href=\"http:\/\/www.hvu.si\/srednja\/wp-content\/uploads\/sites\/2\/2023\/02\/PRILAGODITVE-NA-USTNIH-IZPITIH-2023.pdf\">Prilagoditve ustnih izpitov poklicne mature 2023<\/a><\/strong><\/h4>\n<\/li>\n<li>\n<h4><strong><a href=\"https:\/\/e-uprava.gov.si\/podrocja\/vloge\/vloga.html?id=231\">PRIJAVNICA K POKLICNI MATURI<\/a><\/strong><\/h4>\n<\/li>\n<\/ul>\n<h4><strong>Tajnica &scaron;olske maturitetne komisije je gospa <a href=\"mailto:bogdana.kapitler@gmail.com\">Bogdana Kapitler<\/a><\/strong><\/h4><\/div>\n            \n            \n            \n            \n        <\/div>\n\n    <\/li>\n        <li >\n\n    \n        <a href class=\"uk-accordion-title\">Uradne ure<span uk-accordion-icon><\/span><\/a>\n\n        <div class=\"uk-accordion-content\">\n\n            \n            \n            \n                        <div class=\"uk-margin\"><p style=\"text-align: justify;\"><span style=\"font-family: book antiqua, palatino, serif; font-size: 14pt;\">Uradne ure izobra\u017eevanja odraslih so v &scaron;olskem letu 2025\/26 <b>vsak ponedeljek<\/b> v \u010dasu od <b>09.00 do 12.00.<br \/><\/b>Ve\u010d o izobra\u017eevanju odraslih in o stro&scaron;kih izobra\u017eevanja najdete v <a href=\"\/izobrazevalni-center\/?page_id=94\">informativnem gradivu &ndash; IZOBRA\u017dEVANJE ODRASLIH.<\/a><\/span><\/p><\/div>\n            \n            \n            \n            \n        <\/div>\n\n    <\/li>\n    \n<\/ul>\n<\/span><\/p>\n","protected":false},"excerpt":{"rendered":"<p>Erika KRAMAR\u0160EK, vodja erika.kramarsek@hvu.si Tel.: 03 4285911 Obvestilo: Zimske po\u010ditnice od 23. 2. 2026 do 27. 2. 2026 Obve\u0161\u010damo vas, da imamo v \u010dasu od 23. 2. 2026 do 27. 2. 2026 zimske po\u010ditnice. Zato govorilnih ur in izpitov za udele\u017eence izobra\u017eevanja odraslih v tem tednu ne bomo izvajali.\u00a0 \u00a0\u00a0 &nbsp;<\/p>\n","protected":false},"author":1,"featured_media":0,"parent":0,"menu_order":0,"comment_status":"closed","ping_status":"closed","template":"","meta":{"footnotes":""},"class_list":["post-38","page","type-page","status-publish","hentry"],"_links":{"self":[{"href":"https:\/\/www.hvu.si\/izobrazevalni-center\/index.php?rest_route=\/wp\/v2\/pages\/38","targetHints":{"allow":["GET"]}}],"collection":[{"href":"https:\/\/www.hvu.si\/izobrazevalni-center\/index.php?rest_route=\/wp\/v2\/pages"}],"about":[{"href":"https:\/\/www.hvu.si\/izobrazevalni-center\/index.php?rest_route=\/wp\/v2\/types\/page"}],"author":[{"embeddable":true,"href":"https:\/\/www.hvu.si\/izobrazevalni-center\/index.php?rest_route=\/wp\/v2\/users\/1"}],"replies":[{"embeddable":true,"href":"https:\/\/www.hvu.si\/izobrazevalni-center\/index.php?rest_route=%2Fwp%2Fv2%2Fcomments&post=38"}],"version-history":[{"count":31,"href":"https:\/\/www.hvu.si\/izobrazevalni-center\/index.php?rest_route=\/wp\/v2\/pages\/38\/revisions"}],"predecessor-version":[{"id":2107,"href":"https:\/\/www.hvu.si\/izobrazevalni-center\/index.php?rest_route=\/wp\/v2\/pages\/38\/revisions\/2107"}],"wp:attachment":[{"href":"https:\/\/www.hvu.si\/izobrazevalni-center\/index.php?rest_route=%2Fwp%2Fv2%2Fmedia&parent=38"}],"curies":[{"name":"wp","href":"https:\/\/api.w.org\/{rel}","templated":true}]}}