{"id":373,"date":"2018-10-02T15:50:04","date_gmt":"2018-10-02T13:50:04","guid":{"rendered":"http:\/\/873.gvs.arnes.si\/izobrazevalni-center\/?page_id=373"},"modified":"2019-03-09T12:57:09","modified_gmt":"2019-03-09T11:57:09","slug":"hortikultura-v-tujem-jeziku-nemscina","status":"publish","type":"page","link":"https:\/\/www.hvu.si\/izobrazevalni-center\/?page_id=373","title":{"rendered":"Hortikultura v tujem jeziku &#8211; nem\u0161\u010dina"},"content":{"rendered":"<table style=\"width: 890px;\" border=\"0\">\n<tbody>\n<tr>\n<td style=\"width: 291.683px;\"><span style=\"font-family: book antiqua, palatino, serif;\"><img loading=\"lazy\" decoding=\"async\" class=\"aligncenter size-full wp-image-611\" src=\"https:\/\/www.hvu.si\/izobrazevalni-center\/wp-content\/uploads\/sites\/6\/2019\/03\/mizs.jpg\" alt=\"\" width=\"255\" height=\"42\" \/><\/span><\/td>\n<td style=\"width: 85.2px;\"><img loading=\"lazy\" decoding=\"async\" class=\"aligncenter size-full wp-image-602\" src=\"https:\/\/www.hvu.si\/izobrazevalni-center\/wp-content\/uploads\/sites\/6\/2019\/02\/munera-3-e1552131742912.jpg\" alt=\"\" width=\"100\" height=\"124\" \/><\/td>\n<td style=\"width: 274.65px;\"><span style=\"font-family: book antiqua, palatino, serif;\"><img loading=\"lazy\" decoding=\"async\" class=\"aligncenter wp-image-5\" src=\"http:\/\/873.gvs.arnes.si\/izobrazevalni-center\/wp-content\/uploads\/sites\/6\/2017\/12\/Logotip_horizont_tiskovine_m.png\" sizes=\"(max-width: 213px) 100vw, 213px\" srcset=\"http:\/\/873.gvs.arnes.si\/izobrazevalni-center\/wp-content\/uploads\/sites\/6\/2017\/12\/Logotip_horizont_tiskovine_m.png 330w, http:\/\/873.gvs.arnes.si\/izobrazevalni-center\/wp-content\/uploads\/sites\/6\/2017\/12\/Logotip_horizont_tiskovine_m-300x136.png 300w\" alt=\"\" width=\"213\" height=\"97\" \/><\/span><\/td>\n<td style=\"width: 199.467px;\"><span style=\"font-family: book antiqua, palatino, serif;\"><img loading=\"lazy\" decoding=\"async\" class=\"size-full wp-image-359\" src=\"http:\/\/873.gvs.arnes.si\/izobrazevalni-center\/wp-content\/uploads\/sites\/6\/2018\/09\/rast1.jpg\" alt=\"\" width=\"143\" height=\"53\" \/><\/span><\/td>\n<\/tr>\n<tr>\n<td style=\"text-align: center; width: 869px;\" colspan=\"4\"><span style=\"font-family: book antiqua, palatino, serif; font-size: 14pt;\"><em>\u00bbNalo\u017ebo sofinancirata Republika Slovenija in Evropska unija iz Evropskega socialnega sklada.\u00ab<\/em><\/span><\/td>\n<\/tr>\n<\/tbody>\n<\/table>\n<table style=\"width: 890px;\" border=\"1\" width=\"890\" cellspacing=\"0\" cellpadding=\"3\">\n<tbody>\n<tr>\n<td style=\"background-color: #fffccc;\" width=\"216\"><span style=\"font-family: book antiqua, palatino, serif; font-size: 14pt;\"><strong>Naziv programa<\/strong><\/span><\/td>\n<td colspan=\"4\" width=\"418\"><span style=\"font-family: book antiqua, palatino, serif; font-size: 14pt;\"><strong>HORTIKULTURA V TUJEM JEZIKU &#8211; NEM\u0160\u010cINA<\/strong><\/span><\/td>\n<\/tr>\n<tr>\n<td style=\"background-color: #fffccc;\" width=\"216\"><span style=\"font-family: book antiqua, palatino, serif; font-size: 14pt;\"><strong>Podro\u010dje<\/strong><\/span><\/td>\n<td colspan=\"4\" width=\"418\"><span style=\"font-family: book antiqua, palatino, serif; font-size: 14pt;\"><strong>Biotehnika<\/strong><\/span><\/td>\n<\/tr>\n<tr>\n<td style=\"background-color: #fffccc;\" width=\"216\"><span style=\"font-family: book antiqua, palatino, serif; font-size: 14pt;\"><strong>Predlagatelj programa <\/strong>(ime \u0161ole in imena pripravljalcev programa<\/span><\/td>\n<td colspan=\"4\" width=\"418\"><span style=\"font-family: book antiqua, palatino, serif; font-size: 14pt;\"><strong>\u0160ola za hortikulturo in vizualne umetnosti Celje<\/strong><strong>Lidija Oblak<\/strong><\/span><\/td>\n<\/tr>\n<tr>\n<td style=\"background-color: #fffccc;\" width=\"216\"><span style=\"font-family: book antiqua, palatino, serif; font-size: 14pt;\"><strong>Kratek opis programa<\/strong>(max. 150 besed)<\/span><\/td>\n<td style=\"text-align: justify;\" colspan=\"4\" width=\"418\"><span style=\"font-family: book antiqua, palatino, serif; font-size: 14pt;\"><strong>Udele\u017eenci programa bodo pridobili znanja in kompetence v rabi tujega jezika in sicer s podro\u010dja hortikulture. S pridobljenim znanjem bodo la\u017eje komunicirali o strokovnih temah s tujimi partnerji, dijaki in drugimi sogovorniki ter sledili novostim s podro\u010dja hortikulture v tuji literaturi in medijih.<\/strong><\/span><\/td>\n<\/tr>\n<tr>\n<td style=\"background-color: #fffccc;\" colspan=\"5\" width=\"633\"><span style=\"font-family: book antiqua, palatino, serif; font-size: 14pt;\"><strong>SPLO\u0160NI DEL<\/strong><\/span><\/td>\n<\/tr>\n<tr>\n<td style=\"background-color: #fffccc;\" width=\"216\"><span style=\"font-family: book antiqua, palatino, serif; font-size: 14pt;\"><strong>Utemeljenost <\/strong>(v skladu z razpisom in analizo potreb)<\/span><\/td>\n<td style=\"text-align: justify;\" colspan=\"4\" width=\"418\"><span style=\"font-family: book antiqua, palatino, serif; font-size: 14pt;\">Da bodo zaposleni uspe\u0161ni na trgu dela, potrebujejo dodatne kompetence s podro\u010dja poznavanja jezika stroke. Te kompetence bodo udele\u017eencem omogo\u010dale la\u017ejo prilagoditev trgu, sklepanje bolj\u0161ih pogodb o sodelovanju s tujimi partnerji, la\u017eje vklju\u010devanje v mobilnosti, konkuren\u010dnost in kredibilnost na podro\u010dju stroke. Zaposleni se pri opravljanju svojega dela doma in v tujini sre\u010dujejo s tujimi partnerji in z njimi na\u010drtujejo raznovrstne strokovne projekte. Pri tem je znanje tujega jezika bistvenega pomena, poznavanje strokovnega izrazoslovja pa sporazumevanje olaj\u0161a in nadgradi.<\/span><\/td>\n<\/tr>\n<tr>\n<td style=\"background-color: #fffccc;\" width=\"216\"><span style=\"font-family: book antiqua, palatino, serif; font-size: 14pt;\"><strong>Ciljna skupina <\/strong>(v skladu z razpisom in analizo potreb)<\/span><\/td>\n<td style=\"text-align: justify;\" colspan=\"4\" width=\"418\"><span style=\"font-family: book antiqua, palatino, serif; font-size: 14pt;\">Ciljna skupina so zaposleni, ki \u017eelijo nadgraditi in posodobiti svoje kompetence na podro\u010dju rabe tujega jezika v hortikulturi.<\/span><\/td>\n<\/tr>\n<tr>\n<td style=\"background-color: #fffccc;\" width=\"216\"><span style=\"font-family: book antiqua, palatino, serif; font-size: 14pt;\"><strong>Pogoji za vklju\u010ditev v program<br \/>\n<\/strong>(v skladu z razpisom)<\/span><\/td>\n<td style=\"text-align: justify;\" colspan=\"4\" width=\"418\"><span style=\"font-family: book antiqua, palatino, serif; font-size: 14pt;\">Status zaposlenega in dose\u017eena osnovna raven poznavanja jezika<\/span><\/td>\n<\/tr>\n<tr>\n<td style=\"background-color: #fffccc;\" width=\"216\"><span style=\"font-family: book antiqua, palatino, serif; font-size: 14pt;\"><strong>Cilji programa <\/strong>(v skladu z razpisom in analizo potreb)<\/span><\/td>\n<td style=\"text-align: justify;\" colspan=\"4\" width=\"418\"><span style=\"font-family: book antiqua, palatino, serif; font-size: 14pt;\">Udele\u017eenci usposabljanja bodo svoje delo lahko samozavestnej\u0161e in kakovostnej\u0161e opravljali tudi v tujem jeziku stroke.<\/span><\/td>\n<\/tr>\n<tr>\n<td style=\"background-color: #fffccc;\" width=\"216\"><span style=\"font-family: book antiqua, palatino, serif; font-size: 14pt;\"><strong>Obseg programa <\/strong>(skupno \u0161t. ur)<\/span><\/td>\n<td colspan=\"4\" width=\"418\"><span style=\"font-family: book antiqua, palatino, serif; font-size: 14pt;\">50<\/span><\/td>\n<\/tr>\n<tr>\n<td style=\"background-color: #fffccc;\" width=\"216\"><span style=\"font-family: book antiqua, palatino, serif; font-size: 14pt;\"><strong>Oblika dela<\/strong><\/span><\/td>\n<td width=\"104\"><span style=\"font-family: book antiqua, palatino, serif; font-size: 14pt;\"><strong>Kontaktne ure<\/strong><\/span><\/td>\n<td width=\"104\"><span style=\"font-family: book antiqua, palatino, serif; font-size: 14pt;\"><strong>On line delo<\/strong>(max 50 % celotnega programa)<\/span><\/td>\n<td width=\"104\"><span style=\"font-family: book antiqua, palatino, serif; font-size: 14pt;\"><strong>Izdelek ali storitev<\/strong><\/span><\/td>\n<td width=\"104\"><span style=\"font-family: book antiqua, palatino, serif; font-size: 14pt;\"><strong>Drugo<\/strong>(navedite)<\/span><\/td>\n<\/tr>\n<tr>\n<td style=\"background-color: #fffccc;\" width=\"216\"><span style=\"font-family: book antiqua, palatino, serif; font-size: 14pt;\"><strong>Teoreti\u010dni del <\/strong>(\u0161t. ur)<\/span><\/td>\n<td width=\"104\"><span style=\"font-family: book antiqua, palatino, serif; font-size: 14pt;\">21<\/span><\/td>\n<td width=\"104\"><span style=\"font-family: book antiqua, palatino, serif; font-size: 14pt;\">5<\/span><\/td>\n<td width=\"104\"><span style=\"font-family: book antiqua, palatino, serif; font-size: 14pt;\">5<\/span><\/td>\n<td width=\"104\"><span style=\"font-family: book antiqua, palatino, serif; font-size: 14pt;\"><strong>\u00a0<\/strong><\/span><\/td>\n<\/tr>\n<tr>\n<td style=\"background-color: #fffccc;\" width=\"216\"><span style=\"font-family: book antiqua, palatino, serif; font-size: 14pt;\"><strong>Prakti\u010dni del <\/strong>(\u0161t. ur)<\/span><\/td>\n<td width=\"104\"><span style=\"font-family: book antiqua, palatino, serif; font-size: 14pt;\">9<\/span><\/td>\n<td width=\"104\"><span style=\"font-family: book antiqua, palatino, serif; font-size: 14pt;\">10<\/span><\/td>\n<td width=\"104\"><\/td>\n<td width=\"104\"><span style=\"font-family: book antiqua, palatino, serif; font-size: 14pt;\"><strong>\u00a0<\/strong><\/span><\/td>\n<\/tr>\n<tr>\n<td style=\"background-color: #fffccc;\" width=\"216\"><span style=\"font-family: book antiqua, palatino, serif; font-size: 14pt;\"><strong>Na\u010din evidentiranja <\/strong>(lista prisotnosti, podpisana izjava \u2013 izdelek, storitev \u2026)<\/span><\/td>\n<td width=\"104\"><span style=\"font-family: book antiqua, palatino, serif; font-size: 14pt;\">Lista prisotnosti<\/span><\/td>\n<td width=\"104\"><span style=\"font-family: book antiqua, palatino, serif; font-size: 14pt;\">Oddaja gradiva po e-po\u0161ti predavatelju<\/span><\/td>\n<td width=\"104\"><span style=\"font-family: book antiqua, palatino, serif; font-size: 14pt;\">Opravljena predstavitev izdelka<\/span><\/td>\n<td width=\"104\"><span style=\"font-family: book antiqua, palatino, serif; font-size: 14pt;\"><strong>\u00a0<\/strong><\/span><\/td>\n<\/tr>\n<tr>\n<td style=\"background-color: #fffccc;\" width=\"216\"><span style=\"font-family: book antiqua, palatino, serif; font-size: 14pt;\"><strong>Pogoji za kon\u010danje programa<\/strong><\/span><\/td>\n<td colspan=\"4\" width=\"418\"><span style=\"font-family: book antiqua, palatino, serif; font-size: 14pt;\">80% prisotnost<\/span><\/td>\n<\/tr>\n<tr>\n<td style=\"background-color: #fffccc;\" colspan=\"5\" width=\"633\"><span style=\"font-family: book antiqua, palatino, serif; font-size: 14pt;\"><strong>POSEBNI DEL<\/strong><\/span><\/td>\n<\/tr>\n<tr>\n<td style=\"background-color: #fffccc;\" width=\"216\"><span style=\"font-family: book antiqua, palatino, serif; font-size: 14pt;\"><strong>Vsebine programa<\/strong><\/span><\/td>\n<td colspan=\"4\" width=\"418\">\n<ul>\n<li style=\"text-align: justify;\"><span style=\"font-family: book antiqua, palatino, serif; font-size: 14pt;\">Predstavitev sebe in svojega poklica<\/span><\/li>\n<li style=\"text-align: justify;\"><span style=\"font-family: book antiqua, palatino, serif; font-size: 14pt;\">Predstavitev \u0161ole, slovenskega \u0161olskega sistema<\/span><\/li>\n<li style=\"text-align: justify;\"><span style=\"font-family: book antiqua, palatino, serif; font-size: 14pt;\">Strokovna terminologija s podro\u010dja hortikulture (rastline, deli rastlin, prst, varovanje okolja, \u0161kodljivci, bolezni, materiali,orodja in pripomo\u010dki, varstvo pri delu)<\/span><\/li>\n<li style=\"text-align: justify;\"><span style=\"font-family: book antiqua, palatino, serif; font-size: 14pt;\">Predstavitev \u0161olskega parka<\/span><\/li>\n<li style=\"text-align: justify;\"><span style=\"font-family: book antiqua, palatino, serif; font-size: 14pt;\">\u017divljenjepis<\/span><\/li>\n<li style=\"text-align: justify;\"><span style=\"font-family: book antiqua, palatino, serif; font-size: 14pt;\">Uradna pisma in obrazci (prijava za slu\u017ebo, prito\u017eba, poizvedba, naro\u010dilo, reklamacija\u2026)<\/span><\/li>\n<li style=\"text-align: justify;\"><span style=\"font-family: book antiqua, palatino, serif; font-size: 14pt;\">Poslovna nem\u0161\u010dina (telefonski pogovor, razgovor na delovnem mestu, komunikacija na sejmih, razstavah\u2026)<\/span><\/li>\n<\/ul>\n<\/td>\n<\/tr>\n<tr>\n<td style=\"background-color: #fffccc;\" width=\"216\"><span style=\"font-family: book antiqua, palatino, serif; font-size: 14pt;\"><strong>Kompetence, <\/strong>pridobljene s programom<\/span><\/td>\n<td style=\"text-align: justify;\" colspan=\"4\" width=\"418\"><span style=\"font-family: book antiqua, palatino, serif; font-size: 14pt;\">Udele\u017eenec:<\/span><\/p>\n<ul>\n<li><span style=\"font-family: book antiqua, palatino, serif; font-size: 14pt;\">Razume strokovno besedilo, temo v tujem jeziku<\/span><\/li>\n<li><span style=\"font-family: book antiqua, palatino, serif; font-size: 14pt;\">Aktivno in samozavestno sodeluje v pogovoru o strokovni temi v tujem jeziku<\/span><\/li>\n<li><span style=\"font-family: book antiqua, palatino, serif; font-size: 14pt;\">Ustrezno napi\u0161e \u017eivljenjepis in uradno pismo o strokovni temi<\/span><\/li>\n<li><span style=\"font-family: book antiqua, palatino, serif; font-size: 14pt;\">Uporablja splet in spletne slovarje<\/span><\/li>\n<\/ul>\n<\/td>\n<\/tr>\n<tr>\n<td style=\"background-color: #fffccc;\" width=\"216\"><span style=\"font-family: book antiqua, palatino, serif; font-size: 14pt;\"><strong>Spretnosti, <\/strong>pridobljene s programom<\/span><\/td>\n<td style=\"text-align: justify;\" colspan=\"4\" width=\"418\"><span style=\"font-family: book antiqua, palatino, serif; font-size: 14pt;\">Udele\u017eenec:<\/span><\/p>\n<ul>\n<li><span style=\"font-family: book antiqua, palatino, serif; font-size: 14pt;\">Komunicira v tujem jeziku o splo\u0161nih temah in strokovnih temah s podro\u010dja hortikulture<\/span><\/li>\n<li><span style=\"font-family: book antiqua, palatino, serif; font-size: 14pt;\">Razume vsebine strokovnih predavanj na sejmih, razstavah, tekmovanjih, idr.<\/span><\/li>\n<li><span style=\"font-family: book antiqua, palatino, serif; font-size: 14pt;\">Izpolni obrazec v tujem jeziku (naro\u010dilo, prijava na tekmovanje, idr.)<\/span><\/li>\n<li><span style=\"font-family: book antiqua, palatino, serif; font-size: 14pt;\">Uporablja splet in spletne slovarje za iskanje in razlago strokovnih pojmov v tujem jeziku<\/span><\/li>\n<li><span style=\"font-family: book antiqua, palatino, serif; font-size: 14pt;\">Pripravi predstavitev strokovne teme v tujem jeziku<\/span><\/li>\n<\/ul>\n<\/td>\n<\/tr>\n<tr>\n<td style=\"background-color: #fffccc;\" width=\"216\"><span style=\"font-family: book antiqua, palatino, serif; font-size: 14pt;\"><strong>Splo\u0161ne kompetence, <\/strong>dopolnjene s programom<\/span><\/td>\n<td style=\"text-align: justify;\" colspan=\"4\" width=\"418\"><span style=\"font-family: book antiqua, palatino, serif; font-size: 14pt;\">Udele\u017eenec:<\/span><\/p>\n<ul>\n<li><span style=\"font-family: book antiqua, palatino, serif; font-size: 14pt;\">Razume, interpretira, izraz\u030ca misli, c\u030custva, dejstva, mnenja, tako v govorni kot pisni obliki<\/span><\/li>\n<li><span style=\"font-family: book antiqua, palatino, serif; font-size: 14pt;\">Razume prebrane tekste, slovnic\u030cno pravilno pi\u0161e, slus\u030cno razume in se pogovarja z drugimi ljudmi v tujem jeziku na podro\u010dju hortikulture<\/span><\/li>\n<li><span style=\"font-family: book antiqua, palatino, serif; font-size: 14pt;\">Kriti\u010dno sprejema nove informacije na podro\u010dju hortikulture<\/span><\/li>\n<\/ul>\n<\/td>\n<\/tr>\n<tr>\n<td style=\"background-color: #fffccc;\" width=\"216\"><span style=\"font-family: book antiqua, palatino, serif; font-size: 14pt;\"><strong>Organizacija izobra\u017eevanja <\/strong>(navedba vsebinskih sklopov \u2013modulov, \u010dasovni obseg)<\/span><\/td>\n<td style=\"text-align: justify;\" colspan=\"4\" width=\"418\">\n<ul>\n<li><span style=\"font-family: book antiqua, palatino, serif; font-size: 14pt;\">Ponovitev osnovnih slovni\u010dnih struktur (3 ure)<\/span><\/li>\n<li><span style=\"font-family: book antiqua, palatino, serif; font-size: 14pt;\">Predstavitev sebe, svojega poklica, \u0161ole, slovenskega \u0161olskega sistema (3 ure)<\/span><\/li>\n<li><span style=\"font-family: book antiqua, palatino, serif; font-size: 14pt;\">Strokovna terminologija s podro\u010dja hortikulture (rastline, deli rastlin, prst, varovanje okolja, \u0161kodljivci, bolezni, materiali,orodja in pripomo\u010dki, varstvo pri delu) (6 ur)<\/span><\/li>\n<li><span style=\"font-family: book antiqua, palatino, serif; font-size: 14pt;\">Predstavitev \u0161olskega parka (3 ure)<\/span><\/li>\n<li><span style=\"font-family: book antiqua, palatino, serif; font-size: 14pt;\">\u017divljenjepis in uradna pisma (prijava za slu\u017ebo, prito\u017eba, poizvedba, naro\u010dilo, reklamacija\u2026) (3 ure)<\/span><\/li>\n<li><span style=\"font-family: book antiqua, palatino, serif; font-size: 14pt;\">Poslovna angle\u0161\u010dina\/nem\u0161\u010dina (telefonski pogovor, razgovor na delovnem mestu, komunikacija na sejmih, razstavah\u2026) (3 ure)<\/span><\/li>\n<li><span style=\"font-family: book antiqua, palatino, serif; font-size: 14pt;\">Strokovna ekskurzija in drugo (9 ur)<\/span><\/li>\n<\/ul>\n<\/td>\n<\/tr>\n<tr>\n<td style=\"background-color: #fffccc;\" width=\"216\"><span style=\"font-family: book antiqua, palatino, serif; font-size: 14pt;\"><strong>Izobrazba in kompetence izvajalca(ev) programa <\/strong>(stopnja in smer izobrazbe)<\/span><\/td>\n<td colspan=\"4\" width=\"418\"><span style=\"font-family: book antiqua, palatino, serif; font-size: 14pt;\">Kadrovski pogoji:<\/span><\/p>\n<ul>\n<li><span style=\"font-family: book antiqua, palatino, serif; font-size: 14pt;\">Profesor nem\u0161\u010dine<\/span><\/li>\n<\/ul>\n<\/td>\n<\/tr>\n<\/tbody>\n<\/table>\n","protected":false},"excerpt":{"rendered":"<p>\u00bbNalo\u017ebo sofinancirata Republika Slovenija in Evropska unija iz Evropskega socialnega sklada.\u00ab Naziv programa HORTIKULTURA V TUJEM JEZIKU &#8211; NEM\u0160\u010cINA Podro\u010dje Biotehnika Predlagatelj programa (ime \u0161ole in imena pripravljalcev programa \u0160ola za hortikulturo in vizualne umetnosti CeljeLidija Oblak Kratek opis programa(max. 150 besed) Udele\u017eenci programa bodo pridobili znanja in kompetence v rabi tujega jezika in sicer [&hellip;]<\/p>\n","protected":false},"author":1,"featured_media":0,"parent":0,"menu_order":0,"comment_status":"closed","ping_status":"closed","template":"","meta":{"footnotes":""},"class_list":["post-373","page","type-page","status-publish","hentry"],"_links":{"self":[{"href":"https:\/\/www.hvu.si\/izobrazevalni-center\/index.php?rest_route=\/wp\/v2\/pages\/373","targetHints":{"allow":["GET"]}}],"collection":[{"href":"https:\/\/www.hvu.si\/izobrazevalni-center\/index.php?rest_route=\/wp\/v2\/pages"}],"about":[{"href":"https:\/\/www.hvu.si\/izobrazevalni-center\/index.php?rest_route=\/wp\/v2\/types\/page"}],"author":[{"embeddable":true,"href":"https:\/\/www.hvu.si\/izobrazevalni-center\/index.php?rest_route=\/wp\/v2\/users\/1"}],"replies":[{"embeddable":true,"href":"https:\/\/www.hvu.si\/izobrazevalni-center\/index.php?rest_route=%2Fwp%2Fv2%2Fcomments&post=373"}],"version-history":[{"count":5,"href":"https:\/\/www.hvu.si\/izobrazevalni-center\/index.php?rest_route=\/wp\/v2\/pages\/373\/revisions"}],"predecessor-version":[{"id":620,"href":"https:\/\/www.hvu.si\/izobrazevalni-center\/index.php?rest_route=\/wp\/v2\/pages\/373\/revisions\/620"}],"wp:attachment":[{"href":"https:\/\/www.hvu.si\/izobrazevalni-center\/index.php?rest_route=%2Fwp%2Fv2%2Fmedia&parent=373"}],"curies":[{"name":"wp","href":"https:\/\/api.w.org\/{rel}","templated":true}]}}