{"id":348,"date":"2018-09-30T20:39:18","date_gmt":"2018-09-30T18:39:18","guid":{"rendered":"http:\/\/873.gvs.arnes.si\/izobrazevalni-center\/?page_id=348"},"modified":"2018-11-19T21:44:52","modified_gmt":"2018-11-19T20:44:52","slug":"solski-park","status":"publish","type":"page","link":"https:\/\/www.hvu.si\/izobrazevalni-center\/?page_id=348","title":{"rendered":"\u0160olski park"},"content":{"rendered":"<p style=\"text-align: justify;\"><span style=\"font-family: book antiqua, palatino, serif; font-size: 14pt;\"><strong>Strokovno vodenje po \u0161olskem parku<\/strong><\/span><\/p>\n<p style=\"text-align: justify;\"><span style=\"font-family: book antiqua, palatino, serif; font-size: 14pt;\">Ogled \u0161olskega parka s strokovnim vodenjem (ro\u017eni vrt, kolekcijski nasad trajnic, zbirka kaktej in so\u010dnic, sadni vrt, \u010debelnjak z medonosnimi rastlinami, zeli\u0161\u010dni vrt, kme\u010dki vrt, nasad \u0161pargljev, kolekcijski nasad vrtnin, primeri okrasnih zasaditev, \u017eive meje \u2026);<\/span><\/p>\n<p style=\"text-align: justify;\"><span style=\"font-family: book antiqua, palatino, serif; font-size: 14pt;\">Sezonsko vodeni ogledi \u0161olskega parka so mo\u017eni po predhodni najavi \u010dez celo leto &#8211; <u><a href=\"mailto:stephanie.kos-zidar@hvu.si\">stephanie.kos-zidar@hvu.si<\/a><\/u><\/span><\/p>\n<p style=\"text-align: justify;\"><span style=\"font-family: book antiqua, palatino, serif; font-size: 14pt;\">Cenik ogleda \u0161olskega parka:<\/span><\/p>\n<p style=\"text-align: justify;\"><span style=\"font-family: book antiqua, palatino, serif; font-size: 14pt;\">U\u010denci O\u0160, S\u0160 in vrtcev:<\/span><\/p>\n<ul style=\"text-align: justify;\">\n<li><span style=\"font-family: book antiqua, palatino, serif; font-size: 14pt;\">1.00 \u20ac brez delavnice<\/span><\/li>\n<li><span style=\"font-family: book antiqua, palatino, serif; font-size: 14pt;\">3,5 \u20ac z delavnico<\/span><\/li>\n<\/ul>\n<p style=\"text-align: justify;\"><span style=\"font-family: book antiqua, palatino, serif; font-size: 14pt;\">Odrasli &#8211; dru\u0161tva:<\/span><\/p>\n<ul>\n<li style=\"text-align: justify;\"><span style=\"font-family: book antiqua, palatino, serif; font-size: 14pt;\">2,5 \u20ac brez delavnice<\/span><\/li>\n<li style=\"text-align: justify;\"><span style=\"font-family: book antiqua, palatino, serif; font-size: 14pt;\">z delavnico \u2013 dogovor<\/span><\/li>\n<\/ul>\n<p style=\"text-align: right;\"><span style=\"font-family: book antiqua, palatino, serif; font-size: 14pt;\">\u0160tefanija Kos Zidar<\/span><\/p>\n","protected":false},"excerpt":{"rendered":"<p>Strokovno vodenje po \u0161olskem parku Ogled \u0161olskega parka s strokovnim vodenjem (ro\u017eni vrt, kolekcijski nasad trajnic, zbirka kaktej in so\u010dnic, sadni vrt, \u010debelnjak z medonosnimi rastlinami, zeli\u0161\u010dni vrt, kme\u010dki vrt, nasad \u0161pargljev, kolekcijski nasad vrtnin, primeri okrasnih zasaditev, \u017eive meje \u2026); Sezonsko vodeni ogledi \u0161olskega parka so mo\u017eni po predhodni najavi \u010dez celo leto &#8211; [&hellip;]<\/p>\n","protected":false},"author":1,"featured_media":0,"parent":0,"menu_order":0,"comment_status":"closed","ping_status":"closed","template":"","meta":{"footnotes":""},"class_list":["post-348","page","type-page","status-publish","hentry"],"_links":{"self":[{"href":"https:\/\/www.hvu.si\/izobrazevalni-center\/index.php?rest_route=\/wp\/v2\/pages\/348","targetHints":{"allow":["GET"]}}],"collection":[{"href":"https:\/\/www.hvu.si\/izobrazevalni-center\/index.php?rest_route=\/wp\/v2\/pages"}],"about":[{"href":"https:\/\/www.hvu.si\/izobrazevalni-center\/index.php?rest_route=\/wp\/v2\/types\/page"}],"author":[{"embeddable":true,"href":"https:\/\/www.hvu.si\/izobrazevalni-center\/index.php?rest_route=\/wp\/v2\/users\/1"}],"replies":[{"embeddable":true,"href":"https:\/\/www.hvu.si\/izobrazevalni-center\/index.php?rest_route=%2Fwp%2Fv2%2Fcomments&post=348"}],"version-history":[{"count":2,"href":"https:\/\/www.hvu.si\/izobrazevalni-center\/index.php?rest_route=\/wp\/v2\/pages\/348\/revisions"}],"predecessor-version":[{"id":477,"href":"https:\/\/www.hvu.si\/izobrazevalni-center\/index.php?rest_route=\/wp\/v2\/pages\/348\/revisions\/477"}],"wp:attachment":[{"href":"https:\/\/www.hvu.si\/izobrazevalni-center\/index.php?rest_route=%2Fwp%2Fv2%2Fmedia&parent=348"}],"curies":[{"name":"wp","href":"https:\/\/api.w.org\/{rel}","templated":true}]}}