{"id":340,"date":"2018-09-30T20:32:26","date_gmt":"2018-09-30T18:32:26","guid":{"rendered":"http:\/\/873.gvs.arnes.si\/izobrazevalni-center\/?page_id=340"},"modified":"2018-11-19T21:45:17","modified_gmt":"2018-11-19T20:45:17","slug":"urejanje-okolja-z-rastlinami","status":"publish","type":"page","link":"https:\/\/www.hvu.si\/izobrazevalni-center\/?page_id=340","title":{"rendered":"Urejanje okolja z rastlinami"},"content":{"rendered":"<p style=\"text-align: justify;\"><span style=\"font-family: book antiqua, palatino, serif; font-size: 14pt;\">Dijaki opravljajo pri vajah &#8211; prakti\u010dnem pouku\u00a0 pod vodstvom u\u010ditelja \u2013 mentorja razli\u010dna dela po naro\u010dilu in na\u0161i ponudbi tudi izven \u0161olskih objektov: urejanje okolja, vzdr\u017eevanje in urejanje zelenih povr\u0161in, dekoracija notranjih prostorov, izdelovanje aran\u017emajev in ostalih cvetli\u010darskih storitev.<\/span><\/p>\n<p style=\"text-align: justify;\"><span style=\"font-family: book antiqua, palatino, serif; font-size: 14pt;\">Tako so vaje strokovno obse\u017enej\u0161e in zanimivej\u0161e, s pridobljenim dohodkom pa se lahko delno krijejo veliki materialni stro\u0161ki.<\/span><\/p>\n<p style=\"text-align: justify;\"><span style=\"font-family: book antiqua, palatino, serif; font-size: 14pt;\">Delo zajema:<\/span><\/p>\n<ul style=\"text-align: justify;\">\n<li><span style=\"font-family: book antiqua, palatino, serif; font-size: 14pt;\">razgovor s stranko,<\/span><\/li>\n<li><span style=\"font-family: book antiqua, palatino, serif; font-size: 14pt;\">izdelavo zasaditvenega na\u010drta in predra\u010duna za zasajevanje,<\/span><\/li>\n<li><span style=\"font-family: book antiqua, palatino, serif; font-size: 14pt;\">urejanje notranjih prostorov: dvorane, poslovnih prostorov, sakralnega objekta, prilo\u017enostne prireditve, ipd.,<\/span><\/li>\n<li><span style=\"font-family: book antiqua, palatino, serif; font-size: 14pt;\">oblikovanje in izdelavo prilo\u017enostnih cvetli\u010dnih vezav in dekoracij.<\/span><\/li>\n<\/ul>\n<p style=\"text-align: justify;\"><span style=\"font-family: book antiqua, palatino, serif; font-size: 14pt;\">Izvajalci: izmenoma u\u010ditelji strokovnih modulov.<\/span><\/p>\n<p style=\"text-align: justify;\"><span style=\"font-family: book antiqua, palatino, serif; font-size: 14pt;\">Veseli bomo va\u0161ega povpra\u0161evanja na: <a href=\"mailto:emil.spes@hvu.si\">emil.spes@hvu.si<\/a><\/span><\/p>\n<p style=\"text-align: right;\"><span style=\"font-family: book antiqua, palatino, serif; font-size: 14pt;\">\u0160tefanija Kos Zidar<\/span><\/p>\n","protected":false},"excerpt":{"rendered":"<p>Dijaki opravljajo pri vajah &#8211; prakti\u010dnem pouku\u00a0 pod vodstvom u\u010ditelja \u2013 mentorja razli\u010dna dela po naro\u010dilu in na\u0161i ponudbi tudi izven \u0161olskih objektov: urejanje okolja, vzdr\u017eevanje in urejanje zelenih povr\u0161in, dekoracija notranjih prostorov, izdelovanje aran\u017emajev in ostalih cvetli\u010darskih storitev. Tako so vaje strokovno obse\u017enej\u0161e in zanimivej\u0161e, s pridobljenim dohodkom pa se lahko delno krijejo veliki [&hellip;]<\/p>\n","protected":false},"author":1,"featured_media":0,"parent":0,"menu_order":0,"comment_status":"closed","ping_status":"closed","template":"","meta":{"footnotes":""},"class_list":["post-340","page","type-page","status-publish","hentry"],"_links":{"self":[{"href":"https:\/\/www.hvu.si\/izobrazevalni-center\/index.php?rest_route=\/wp\/v2\/pages\/340","targetHints":{"allow":["GET"]}}],"collection":[{"href":"https:\/\/www.hvu.si\/izobrazevalni-center\/index.php?rest_route=\/wp\/v2\/pages"}],"about":[{"href":"https:\/\/www.hvu.si\/izobrazevalni-center\/index.php?rest_route=\/wp\/v2\/types\/page"}],"author":[{"embeddable":true,"href":"https:\/\/www.hvu.si\/izobrazevalni-center\/index.php?rest_route=\/wp\/v2\/users\/1"}],"replies":[{"embeddable":true,"href":"https:\/\/www.hvu.si\/izobrazevalni-center\/index.php?rest_route=%2Fwp%2Fv2%2Fcomments&post=340"}],"version-history":[{"count":2,"href":"https:\/\/www.hvu.si\/izobrazevalni-center\/index.php?rest_route=\/wp\/v2\/pages\/340\/revisions"}],"predecessor-version":[{"id":478,"href":"https:\/\/www.hvu.si\/izobrazevalni-center\/index.php?rest_route=\/wp\/v2\/pages\/340\/revisions\/478"}],"wp:attachment":[{"href":"https:\/\/www.hvu.si\/izobrazevalni-center\/index.php?rest_route=%2Fwp%2Fv2%2Fmedia&parent=340"}],"curies":[{"name":"wp","href":"https:\/\/api.w.org\/{rel}","templated":true}]}}