{"id":29,"date":"2018-02-18T20:44:04","date_gmt":"2018-02-18T19:44:04","guid":{"rendered":"http:\/\/873.gvs.arnes.si\/izobrazevalni-center\/?page_id=29"},"modified":"2018-06-29T17:42:05","modified_gmt":"2018-06-29T15:42:05","slug":"kontakt","status":"publish","type":"page","link":"https:\/\/www.hvu.si\/izobrazevalni-center\/?page_id=29","title":{"rendered":"Kontakt"},"content":{"rendered":"\n\n    <div id=\"wk-gride1d\" class=\"uk-child-width-1-4 uk-grid-small uk-grid-match uk-text-left \" uk-height-match=\"target: &gt; div &gt; .uk-panel, &gt; div &gt; .uk-card; row: true\" uk-grid  uk-scrollspy=\"cls: uk-animation-fade; target: &gt; div &gt; .uk-panel, &gt; div &gt; .uk-card; delay: 200\">\n\n    \n        <div >\n            <div class=\"uk-card uk-card-primary\">\n\n                \n                \n                \n                \n                                        <div class=\"uk-card-body\">\n                    \n                        \n                                                <h3 class=\"uk-h3 uk-margin-remove-top\">\n\n                                                            Izobra\u017eevanje odraslih, NPK                            \n                            \n                        <\/h3>\n                        \n                        \n                        \n                                                <div class=\"uk-margin\"><hr \/>\n<p><span style=\"font-family: book antiqua, palatino, serif;\">Erika Kramar\u0161ek, vodja<\/span><br \/><span style=\"font-family: book antiqua, palatino, serif;\">03\/4285 911<\/span><br \/><span style=\"font-family: book antiqua, palatino, serif;\"><a href=\"mailto:erika.kramarsek@hvu.si\">erika.kramarsek@hvu.si<\/a><\/span><\/p><\/div>\n                        \n                        \n                        \n                                        <\/div>\n                    \n                \n            <\/div>\n        <\/div>\n\n    \n        <div >\n            <div class=\"uk-card uk-card-primary\">\n\n                \n                \n                \n                \n                                        <div class=\"uk-card-body\">\n                    \n                        \n                                                <h3 class=\"uk-h3 uk-margin-remove-top\">\n\n                                                            Te\u010daji s podro\u010dja hortikulture in oblikovanja, ogled \u0161olskega parka                            \n                            \n                        <\/h3>\n                        \n                        \n                        \n                                                <div class=\"uk-margin\"><hr \/>\n<p><span style=\"font-family: book antiqua, palatino, serif;\">\u0160tefanija Kos Zidar<\/span><br \/><span style=\"font-family: book antiqua, palatino, serif;\">03\/4285 923, <\/span><br \/><span style=\"font-family: book antiqua, palatino, serif;\">041\/771 061<\/span><br \/><span style=\"font-family: book antiqua, palatino, serif;\"><a href=\"mailto:stephanie.kos-zidar@hvu.si\">stephanie.kos-zidar@hvu.si<\/a><\/span><\/p><\/div>\n                        \n                        \n                        \n                                        <\/div>\n                    \n                \n            <\/div>\n        <\/div>\n\n    \n        <div >\n            <div class=\"uk-card uk-card-primary\">\n\n                \n                \n                \n                \n                                        <div class=\"uk-card-body\">\n                    \n                        \n                                                <h3 class=\"uk-h3 uk-margin-remove-top\">\n\n                                                            FFS te\u010daji                            \n                            \n                        <\/h3>\n                        \n                        \n                        \n                                                <div class=\"uk-margin\"><hr \/>\n<p><span style=\"font-family: book antiqua, palatino, serif;\">Bogdana Kapitler, vodja<\/span><br \/><span style=\"font-family: book antiqua, palatino, serif;\">03\/4285 900<\/span><br \/><span style=\"font-family: book antiqua, palatino, serif;\"><a href=\"mailto:bogdana.kapitler@hvu.si\">bogdana.kapitler@hvu.si<\/a><\/span><\/p><\/div>\n                        \n                        \n                        \n                                        <\/div>\n                    \n                \n            <\/div>\n        <\/div>\n\n    \n        <div >\n            <div class=\"uk-card uk-card-primary\">\n\n                \n                \n                \n                \n                                        <div class=\"uk-card-body\">\n                    \n                        \n                                                <h3 class=\"uk-h3 uk-margin-remove-top\">\n\n                                                            Varno delo s traktorjem in traktorskimi priklju\u010dki                            \n                            \n                        <\/h3>\n                        \n                        \n                        \n                                                <div class=\"uk-margin\"><hr \/>\n<p><span style=\"font-family: book antiqua, palatino, serif;\">Veronika Cvetko, vodja<\/span><br \/><span style=\"font-family: book antiqua, palatino, serif;\">03\/4285 900, <\/span><br \/><span style=\"font-family: book antiqua, palatino, serif;\">041\/216 438<\/span><br \/><span style=\"font-family: book antiqua, palatino, serif;\"><a href=\"mailto:veronika.cvetko@hvu.si\">veronika.cvetko@hvu.si<\/a><\/span><\/p><\/div>\n                        \n                        \n                        \n                                        <\/div>\n                    \n                \n            <\/div>\n        <\/div>\n\n    \n        <div >\n            <div class=\"uk-card uk-card-primary\">\n\n                \n                \n                \n                \n                                        <div class=\"uk-card-body\">\n                    \n                        \n                                                <h3 class=\"uk-h3 uk-margin-remove-top\">\n\n                                                            Raziskovanje v hortikulturi                            \n                            \n                        <\/h3>\n                        \n                        \n                        \n                                                <div class=\"uk-margin\"><hr \/>\n<p><span style=\"font-family: book antiqua, palatino, serif;\">Romana \u0160pes, vodja<\/span><br \/><span style=\"font-family: book antiqua, palatino, serif;\">03\/4285 900, <\/span><br \/><span style=\"font-family: book antiqua, palatino, serif;\">040\/641 672<\/span><br \/><span style=\"font-family: book antiqua, palatino, serif;\"><a href=\"mailto:romana.spes@hvu.si\">romana.spes@hvu.si<\/a><\/span><\/p><\/div>\n                        \n                        \n                        \n                                        <\/div>\n                    \n                \n            <\/div>\n        <\/div>\n\n    \n        <div >\n            <div class=\"uk-card uk-card-primary\">\n\n                \n                \n                \n                \n                                        <div class=\"uk-card-body\">\n                    \n                        \n                                                <h3 class=\"uk-h3 uk-margin-remove-top\">\n\n                                                            Urejanje okolja z rastlinami                            \n                            \n                        <\/h3>\n                        \n                        \n                        \n                                                <div class=\"uk-margin\"><hr \/>\n<p><span style=\"font-family: book antiqua, palatino, serif;\">Emil \u0160pes, vodja<\/span><br \/><span style=\"font-family: book antiqua, palatino, serif;\">03\/4285 900, <\/span><br \/><span style=\"font-family: book antiqua, palatino, serif;\">040\/641 669<\/span><br \/><span style=\"font-family: book antiqua, palatino, serif;\"><a href=\"mailto:emil.spes@hvu.si\">emil.spes@hvu.si<\/a><\/span><\/p><\/div>\n                        \n                        \n                        \n                                        <\/div>\n                    \n                \n            <\/div>\n        <\/div>\n\n    \n    <\/div>\n\n\n","protected":false},"excerpt":{"rendered":"","protected":false},"author":1,"featured_media":0,"parent":0,"menu_order":0,"comment_status":"closed","ping_status":"closed","template":"","meta":{"footnotes":""},"class_list":["post-29","page","type-page","status-publish","hentry"],"_links":{"self":[{"href":"https:\/\/www.hvu.si\/izobrazevalni-center\/index.php?rest_route=\/wp\/v2\/pages\/29","targetHints":{"allow":["GET"]}}],"collection":[{"href":"https:\/\/www.hvu.si\/izobrazevalni-center\/index.php?rest_route=\/wp\/v2\/pages"}],"about":[{"href":"https:\/\/www.hvu.si\/izobrazevalni-center\/index.php?rest_route=\/wp\/v2\/types\/page"}],"author":[{"embeddable":true,"href":"https:\/\/www.hvu.si\/izobrazevalni-center\/index.php?rest_route=\/wp\/v2\/users\/1"}],"replies":[{"embeddable":true,"href":"https:\/\/www.hvu.si\/izobrazevalni-center\/index.php?rest_route=%2Fwp%2Fv2%2Fcomments&post=29"}],"version-history":[{"count":2,"href":"https:\/\/www.hvu.si\/izobrazevalni-center\/index.php?rest_route=\/wp\/v2\/pages\/29\/revisions"}],"predecessor-version":[{"id":157,"href":"https:\/\/www.hvu.si\/izobrazevalni-center\/index.php?rest_route=\/wp\/v2\/pages\/29\/revisions\/157"}],"wp:attachment":[{"href":"https:\/\/www.hvu.si\/izobrazevalni-center\/index.php?rest_route=%2Fwp%2Fv2%2Fmedia&parent=29"}],"curies":[{"name":"wp","href":"https:\/\/api.w.org\/{rel}","templated":true}]}}