{"id":27,"date":"2018-02-18T20:39:30","date_gmt":"2018-02-18T19:39:30","guid":{"rendered":"http:\/\/873.gvs.arnes.si\/izobrazevalni-center\/?page_id=27"},"modified":"2020-12-06T15:03:13","modified_gmt":"2020-12-06T14:03:13","slug":"raziskovalni-center-v-hortikulturi","status":"publish","type":"page","link":"https:\/\/www.hvu.si\/izobrazevalni-center\/?page_id=27","title":{"rendered":"Raziskovalni center v hortikulturi in oblikovanju"},"content":{"rendered":"<table style=\"width: 100%; border-collapse: collapse;\" border=\"0\" cellpadding=\"3\">\n<tbody>\n<tr>\n<td style=\"width: 220px; vertical-align: top;\">\n<ul>\n<li><span style=\"font-family: book antiqua, palatino, serif; font-size: 14pt;\"><a href=\"http:\/\/www.hvu.si\/izobrazevalni-center\/?page_id=334\">Certifikati<\/a><\/span><\/li>\n<li><span style=\"font-family: book antiqua, palatino, serif; font-size: 14pt;\"><a href=\"http:\/\/www.hvu.si\/izobrazevalni-center\/?page_id=387\">Program 2020\/21<\/a><\/span><\/li>\n<li><span style=\"font-family: book antiqua, palatino, serif; font-size: 14pt;\"><a href=\"http:\/\/www.hvu.si\/izobrazevalni-center\/wp-content\/uploads\/sites\/6\/2018\/09\/sparglji.pdf\">Priro\u010dnik o gojenju \u0161pargljev<\/a><\/span><\/li>\n<li><span style=\"font-family: book antiqua, palatino, serif; font-size: 14pt;\"><a href=\"http:\/\/www.hvu.si\/izobrazevalni-center\/?page_id=348\">Ogled \u0161olskega parka<\/a><\/span><\/li>\n<li><span style=\"font-family: book antiqua, palatino, serif; font-size: 14pt;\"><a href=\"http:\/\/www.hvu.si\/izobrazevalni-center\/?page_id=340\">Urejanje okolja z rastlinami<\/a><\/span><\/li>\n<li><span style=\"font-family: book antiqua, palatino, serif; font-size: 14pt;\"><a href=\"http:\/\/www.hvu.si\/izobrazevalni-center\/?page_id=352\">Vrtnarjev koledar<\/a><\/span><\/li>\n<\/ul>\n<\/td>\n<td style=\"width: 70.8251%; vertical-align: top;\">\n<p style=\"text-align: justify;\"><span style=\"font-family: book antiqua, palatino, serif; font-size: 14pt;\">Vzpostavitev raziskovalnega centra za hortikulturo in oblikovanje pomeni velik korak naprej v razvoju na\u0161ega zavoda.<\/span><\/p>\n<p style=\"text-align: justify;\"><span style=\"font-family: book antiqua, palatino, serif; font-size: 14pt;\">Poudarek je razvoju hortikulture in unikatnega oblikovanja v Sloveniji, kjer predvidevamo naslednje aktivnosti:<\/span><\/p>\n<ul style=\"text-align: justify;\">\n<li><span style=\"font-family: book antiqua, palatino, serif; font-size: 14pt;\">preizku\u0161anje zelenjadnic in zeli\u0161\u010d za Savinjsko regijo,<\/span><\/li>\n<li><span style=\"font-family: book antiqua, palatino, serif; font-size: 14pt;\">preizku\u0161anje prezimnosti kaktej in so\u010dnic,<\/span><\/li>\n<li><span style=\"font-family: book antiqua, palatino, serif; font-size: 14pt;\">zasnova nasada zdravilnih rastlin in zeli\u0161\u010d, ki so jih uporabljali v preteklosti,<\/span><\/li>\n<li><span style=\"font-family: book antiqua, palatino, serif; font-size: 14pt;\">zasnova genske banke okrasnih rastlin za urejanje pode\u017eelja,<\/span><\/li>\n<li><span style=\"font-family: book antiqua, palatino, serif; font-size: 14pt;\">razvijanje unikatnega oblikovanja,<\/span><\/li>\n<li><span style=\"font-family: book antiqua, palatino, serif; font-size: 14pt;\">raziskovalne in projektne naloge dijakov in \u0161tudentov,<\/span><\/li>\n<li><span style=\"font-family: book antiqua, palatino, serif; font-size: 14pt;\">organizacija strokovnih posvetov in promocija dejavnosti,<\/span><\/li>\n<li><span style=\"font-family: book antiqua, palatino, serif; font-size: 14pt;\">sodelovanje z raziskovalnim in\u0161titucijami doma in v tujini.<\/span><\/li>\n<\/ul>\n<p style=\"text-align: justify;\"><span style=\"font-family: book antiqua, palatino, serif; font-size: 14pt;\"><em>Predstavitev dejavnosti<\/em><\/span><\/p>\n<p style=\"text-align: justify;\"><span style=\"font-family: book antiqua, palatino, serif; font-size: 14pt;\">V prvi polovici meseca maja 2019 bomo organizirali Dan \u0161pargljev v sodelovanju z dru\u0161tvom Ajda \u0160tajerska ter institucijami.<\/span><\/p>\n<p style=\"text-align: justify;\"><span style=\"font-family: book antiqua, palatino, serif; font-size: 14pt;\">Javnosti se bomo predstavljali s pisanjem strokovnih \u010dlankov in sodelovanjem v medijih.<\/span><\/p>\n<\/td>\n<\/tr>\n<\/tbody>\n<\/table>\n","protected":false},"excerpt":{"rendered":"<p>Certifikati Program 2020\/21 Priro\u010dnik o gojenju \u0161pargljev Ogled \u0161olskega parka Urejanje okolja z rastlinami Vrtnarjev koledar Vzpostavitev raziskovalnega centra za hortikulturo in oblikovanje pomeni velik korak naprej v razvoju na\u0161ega zavoda. Poudarek je razvoju hortikulture in unikatnega oblikovanja v Sloveniji, kjer predvidevamo naslednje aktivnosti: preizku\u0161anje zelenjadnic in zeli\u0161\u010d za Savinjsko regijo, preizku\u0161anje prezimnosti kaktej in [&hellip;]<\/p>\n","protected":false},"author":1,"featured_media":0,"parent":0,"menu_order":0,"comment_status":"closed","ping_status":"closed","template":"","meta":{"footnotes":""},"class_list":["post-27","page","type-page","status-publish","hentry"],"_links":{"self":[{"href":"https:\/\/www.hvu.si\/izobrazevalni-center\/index.php?rest_route=\/wp\/v2\/pages\/27","targetHints":{"allow":["GET"]}}],"collection":[{"href":"https:\/\/www.hvu.si\/izobrazevalni-center\/index.php?rest_route=\/wp\/v2\/pages"}],"about":[{"href":"https:\/\/www.hvu.si\/izobrazevalni-center\/index.php?rest_route=\/wp\/v2\/types\/page"}],"author":[{"embeddable":true,"href":"https:\/\/www.hvu.si\/izobrazevalni-center\/index.php?rest_route=\/wp\/v2\/users\/1"}],"replies":[{"embeddable":true,"href":"https:\/\/www.hvu.si\/izobrazevalni-center\/index.php?rest_route=%2Fwp%2Fv2%2Fcomments&post=27"}],"version-history":[{"count":16,"href":"https:\/\/www.hvu.si\/izobrazevalni-center\/index.php?rest_route=\/wp\/v2\/pages\/27\/revisions"}],"predecessor-version":[{"id":957,"href":"https:\/\/www.hvu.si\/izobrazevalni-center\/index.php?rest_route=\/wp\/v2\/pages\/27\/revisions\/957"}],"wp:attachment":[{"href":"https:\/\/www.hvu.si\/izobrazevalni-center\/index.php?rest_route=%2Fwp%2Fv2%2Fmedia&parent=27"}],"curies":[{"name":"wp","href":"https:\/\/api.w.org\/{rel}","templated":true}]}}