{"id":23,"date":"2018-02-18T20:36:51","date_gmt":"2018-02-18T19:36:51","guid":{"rendered":"http:\/\/873.gvs.arnes.si\/izobrazevalni-center\/?page_id=23"},"modified":"2025-02-13T10:22:32","modified_gmt":"2025-02-13T09:22:32","slug":"tecaji-in-usposabljanja","status":"publish","type":"page","link":"https:\/\/www.hvu.si\/izobrazevalni-center\/?page_id=23","title":{"rendered":"Te\u010daji in usposabljanja"},"content":{"rendered":"<ul>\n<li><span style=\"font-family: verdana, geneva, sans-serif; font-size: 14pt;\"><a href=\"http:\/\/www.hvu.si\/izobrazevalni-center\/?page_id=56\">Rokovnik te\u010dajev s podro\u010dja hortikulture, oblikovanja in fotografije 2024\/2025<\/a><\/span><\/li>\n<li><span style=\"font-family: verdana, geneva, sans-serif; font-size: 14pt;\"><a href=\"http:\/\/www.hvu.si\/izobrazevalni-center\/?page_id=169\">FFS te\u010daji<\/a><\/span><\/li>\n<li><span style=\"font-family: verdana, geneva, sans-serif; font-size: 14pt;\"><a href=\"http:\/\/www.hvu.si\/izobrazevalni-center\/?page_id=75\">\u0160ola vo\u017enje<\/a><\/span><\/li>\n<li><span style=\"font-family: verdana, geneva, sans-serif; font-size: 14pt;\"><a href=\"http:\/\/www.hvu.si\/izobrazevalni-center\/?page_id=83\">Varno delo s traktorjem<\/a><\/span><\/li>\n<li><a href=\"\/izobrazevalni-center\/?p=1486\"><span style=\"font-family: verdana, geneva, sans-serif; font-size: 14pt;\">Usposabljanje Pridelava in predelava zeli\u0161\u010d<\/span><\/a><\/li>\n<\/ul>\n","protected":false},"excerpt":{"rendered":"<p>Rokovnik te\u010dajev s podro\u010dja hortikulture, oblikovanja in fotografije 2024\/2025 FFS te\u010daji \u0160ola vo\u017enje Varno delo s traktorjem Usposabljanje Pridelava in predelava zeli\u0161\u010d<\/p>\n","protected":false},"author":1,"featured_media":0,"parent":0,"menu_order":0,"comment_status":"closed","ping_status":"closed","template":"","meta":{"footnotes":""},"class_list":["post-23","page","type-page","status-publish","hentry"],"_links":{"self":[{"href":"https:\/\/www.hvu.si\/izobrazevalni-center\/index.php?rest_route=\/wp\/v2\/pages\/23","targetHints":{"allow":["GET"]}}],"collection":[{"href":"https:\/\/www.hvu.si\/izobrazevalni-center\/index.php?rest_route=\/wp\/v2\/pages"}],"about":[{"href":"https:\/\/www.hvu.si\/izobrazevalni-center\/index.php?rest_route=\/wp\/v2\/types\/page"}],"author":[{"embeddable":true,"href":"https:\/\/www.hvu.si\/izobrazevalni-center\/index.php?rest_route=\/wp\/v2\/users\/1"}],"replies":[{"embeddable":true,"href":"https:\/\/www.hvu.si\/izobrazevalni-center\/index.php?rest_route=%2Fwp%2Fv2%2Fcomments&post=23"}],"version-history":[{"count":19,"href":"https:\/\/www.hvu.si\/izobrazevalni-center\/index.php?rest_route=\/wp\/v2\/pages\/23\/revisions"}],"predecessor-version":[{"id":1930,"href":"https:\/\/www.hvu.si\/izobrazevalni-center\/index.php?rest_route=\/wp\/v2\/pages\/23\/revisions\/1930"}],"wp:attachment":[{"href":"https:\/\/www.hvu.si\/izobrazevalni-center\/index.php?rest_route=%2Fwp%2Fv2%2Fmedia&parent=23"}],"curies":[{"name":"wp","href":"https:\/\/api.w.org\/{rel}","templated":true}]}}