{"id":21,"date":"2018-02-18T20:35:32","date_gmt":"2018-02-18T19:35:32","guid":{"rendered":"http:\/\/873.gvs.arnes.si\/izobrazevalni-center\/?page_id=21"},"modified":"2018-11-19T21:39:13","modified_gmt":"2018-11-19T20:39:13","slug":"npk","status":"publish","type":"page","link":"https:\/\/www.hvu.si\/izobrazevalni-center\/?page_id=21","title":{"rendered":"NPK"},"content":{"rendered":"<p><span style=\"font-family: book antiqua, palatino, serif; font-size: 14pt;\">Erika KRAMAR\u0160EK, vodja<\/span><br \/>\n<span id=\"cloak49015\" style=\"font-family: book antiqua, palatino, serif; font-size: 14pt;\"><a href=\"mailto:erika.kramarsek@gmail.com\">erika.kramarsek@hvu.si<\/a><\/span><br \/>\n<span style=\"font-family: book antiqua, palatino, serif; font-size: 14pt;\">Tel.: 03 4285911<\/span><\/p>\n<hr \/>\n<p><span style=\"font-family: book antiqua, palatino, serif; font-size: 14pt;\">\n<ul class=\"uk-accordion uk-accordion-default uk-text-left \" uk-accordion=\"\">\n\n        <li >\n\n    \n        <a href class=\"uk-accordion-title\">Predstavitev<span uk-accordion-icon><\/span><\/a>\n\n        <div class=\"uk-accordion-content\">\n\n            \n            \n                        <h3 class=\"uk-h3 uk-margin-remove-top\">\n\n                                    Predstavitev                \n            <\/h3>\n            \n                        <div class=\"uk-margin\"><p style=\"text-align: justify;\"><span style=\"font-family: book antiqua, palatino, serif; font-size: 14pt;\">Na &scaron;oli izvajamo<strong> <u>usposabljanja<\/u> in <u>postopke preverjanja in potrjevanja<\/u> <\/strong>za naslednje nacionalne poklicne kvalifikacije<strong>: <\/strong><\/span><\/p>\n<ul style=\"text-align: justify;\">\n<li><span style=\"font-family: book antiqua, palatino, serif; font-size: 14pt;\">zelenjadar\/zelenjadarka,<\/span><\/li>\n<li><span style=\"font-family: book antiqua, palatino, serif; font-size: 14pt;\">upravljalec\/upravljalka kmetijskih in vrtnarskih strojev in naprav,<\/span><\/li>\n<li><span style=\"font-family: book antiqua, palatino, serif; font-size: 14pt;\">drevesni\u010dar trsni\u010dar\/drevesni\u010darka trsni\u010darka,<\/span><\/li>\n<li><span style=\"font-family: book antiqua, palatino, serif; font-size: 14pt;\">parkovni vrtnar\/parkovna vrtnarica,<\/span><\/li>\n<li><span style=\"font-family: book antiqua, palatino, serif; font-size: 14pt;\">vrtnar pridelovalec\/ vrtnarica pridelovalka,<\/span><\/li>\n<li><span style=\"font-family: book antiqua, palatino, serif; font-size: 14pt;\">oblikovalec\/oblikovalka cvetli\u010dnih vezav in dekoracij,<\/span><\/li>\n<li><span style=\"font-family: book antiqua, palatino, serif; font-size: 14pt;\">oblikovalec\/oblikovalka prostora z rastlinami,<\/span><\/li>\n<li><span style=\"font-family: book antiqua, palatino, serif; font-size: 14pt;\">vzdr\u017eevalec\/vzdr\u017eevalka zelenih povr&scaron;in za &scaron;port in&nbsp; prosti \u010das,<\/span><\/li>\n<li><span style=\"font-family: book antiqua, palatino, serif; font-size: 14pt;\">zeli&scaron;\u010dar pridelovalec\/zeli&scaron;\u010darka pridelovalka.<\/span><\/li>\n<\/ul>\n<p style=\"text-align: justify;\"><span style=\"font-family: book antiqua, palatino, serif; font-size: 14pt;\"><strong>Kaj je nacionalna poklicna kvalifikacija?<\/strong><\/span><\/p>\n<p style=\"text-align: justify;\"><span style=\"font-family: book antiqua, palatino, serif; font-size: 14pt;\">Je delovna poklicna ali strokovna usposobljenost, ki je potrebna za opravljanje poklica ali posameznih sklopov zadol\u017eitev v okviru poklica na dolo\u010deni ravni zahtevnosti. Pridobljena je v skladu z Zakonom o nacionalnih poklicnih kvalifikacijah, Ur. l. RS, &scaron;t. 1\/07 in 85\/09. Ve\u010d informacij o nacionalnih poklicnih kvalifikacijah lahko najdete na spletni strani: <a href=\"http:\/\/zakonodaja.gov.si\/rpsi\/r06\/predpis_ZAKO1626.html\">http:\/\/zakonodaja.gov.si\/rpsi\/r06\/predpis_ZAKO1626.html<\/a><\/span><\/p>\n<p style=\"text-align: justify;\"><span style=\"font-family: book antiqua, palatino, serif; font-size: 14pt;\">Nacionalna poklicna kvalifikacija se izkazuje z javno listino - <strong>CERTIFIKATOM<\/strong>.<\/span><\/p>\n<p><span style=\"font-family: book antiqua, palatino, serif; font-size: 14pt;\">Razpisan rok za izvedbo postopka preverjanja in potrjevanja NPK v letu 2026 na &scaron;oli:<\/span><\/p>\n<p><span style=\"font-size: 14pt;\">-9. junij 2026<\/span><\/p>\n<p><span style=\"font-family: book antiqua, palatino, serif; font-size: 14pt;\">&nbsp;<\/span><\/p>\n<p><span style=\"font-size: 14pt;\">Dodatni rok za NPK zeli&scaron;\u010dar pridelovalec\/zeli&scaron;\u010darka pridelovalka: 15. september 2026<\/span><\/p>\n<p>&nbsp;<\/p>\n<p>&nbsp;<\/p>\n<p>&nbsp;<\/p><\/div>\n            \n            \n            \n            \n        <\/div>\n\n    <\/li>\n        <li >\n\n    \n        <a href class=\"uk-accordion-title\">Pridobitev certifikata NPK<span uk-accordion-icon><\/span><\/a>\n\n        <div class=\"uk-accordion-content\">\n\n            \n            \n                        <h3 class=\"uk-h3 uk-margin-remove-top\">\n\n                                    Pridobitev certifikata NPK                \n            <\/h3>\n            \n                        <div class=\"uk-margin\"><p style=\"text-align: justify;\"><span style=\"font-family: book antiqua, palatino, serif; font-size: 14pt;\">Posameznik lahko pridobi certifikat v postopku preverjanja in potrjevanja poklicnih kvalifikacij:<\/span><\/p>\n<ul style=\"text-align: justify;\">\n<li><span style=\"font-family: book antiqua, palatino, serif; font-size: 14pt;\">z neposrednim preverjanjem strokovnih znanj, spretnosti in sposobnosti, dolo\u010denih s katalogom,<\/span><\/li>\n<li><span style=\"font-family: book antiqua, palatino, serif; font-size: 14pt;\">na podlagi listin, pridobljenih po izobra\u017eevalnih programih ali na drug na\u010din.<\/span><\/li>\n<\/ul>\n<p style=\"text-align: justify;\"><span style=\"font-family: book antiqua, palatino, serif; font-size: 14pt;\"><strong>Postopek preverjanja in potrjevanja poklicnih kvalifikacij za pridobitev certifikata je namenjen: <\/strong><\/span><\/p>\n<ul style=\"text-align: justify;\">\n<li><span style=\"font-family: book antiqua, palatino, serif; font-size: 14pt;\">odraslim, ki imajo znanja, spretnosti in sposobnosti na dolo\u010denem podro\u010dju, nimajo pa javnoveljavne listine o poklicni ali strokovni izobrazbi,<\/span><\/li>\n<li><span style=\"font-family: book antiqua, palatino, serif; font-size: 14pt;\">tistim, ki \u017eelijo napredovati v poklicni karieri, ne da bi morali za to pridobiti tudi vi&scaron;jo raven poklicne izobrazbe.<\/span><\/li>\n<\/ul>\n<p style=\"text-align: justify;\"><span style=\"font-family: book antiqua, palatino, serif; font-size: 14pt;\">Pogoj za pridobitev certifikata za posamezne poklicne kvalifikacije je najmanj 18 let.<\/span><\/p>\n<p style=\"text-align: justify;\"><span style=\"font-family: book antiqua, palatino, serif; font-size: 14pt;\">Stro&scaron;ki za pridobitev certifikata za eno nacionalno poklicno kvalifikacijo zna&scaron;ajo:<\/span><\/p>\n<ul>\n<li style=\"text-align: justify;\"><span style=\"font-family: book antiqua, palatino, serif; font-size: 14pt;\">&nbsp; &nbsp; pregled osebne zbirne mape s potrditvijo NPK: 215,00 EUR<\/span><\/li>\n<li style=\"text-align: justify;\"><span style=\"font-family: book antiqua, palatino, serif; font-size: 14pt;\">&nbsp;&nbsp;&nbsp; pregled osebne zbirne mape in neposredno preverjanje: 267,00 EUR<\/span><\/li>\n<\/ul>\n<p><span style=\"font-family: book antiqua, palatino, serif; font-size: 14pt;\">Razpisan rok za izvedbo postopka preverjanja in potrjevanja NPK v letu 2026 na &scaron;oli:<\/span><\/p>\n<p><span style=\"font-family: book antiqua, palatino, serif; font-size: 14pt;\">- 9. junij 2026<\/span><\/p>\n<p><span style=\"font-family: book antiqua, palatino, serif; font-size: 14pt;\">Dodatni rok za NPk zeli&scaron;\u010dar pridelovalec\/zeli&scaron;\u010darka pridelovalka: 15. september 2026<\/span><\/p><\/div>\n            \n            \n            \n            \n        <\/div>\n\n    <\/li>\n        <li >\n\n    \n        <a href class=\"uk-accordion-title\">Dokumentacija za sodelovanje v postopku preverjanja in potrjevanja NPK<span uk-accordion-icon><\/span><\/a>\n\n        <div class=\"uk-accordion-content\">\n\n            \n            \n                        <h3 class=\"uk-h3 uk-margin-remove-top\">\n\n                                    Dokumentacija za sodelovanje v postopku preverjanja in potrjevanja NPK                \n            <\/h3>\n            \n                        <div class=\"uk-margin\"><ol>\n<li><span style=\"font-family: book antiqua, palatino, serif; font-size: 14pt;\">Prijava v postopek preverejanja in potrjevanja NPK&nbsp;&nbsp;&nbsp;&nbsp; <\/span><\/li>\n<\/ol>\n<p><span style=\"font-family: book antiqua, palatino, serif; font-size: 14pt;\">Za prijavo v postopek preverjanja in potrjevanja NPK je na &scaron;oli potrebno oddati:<\/span><\/p>\n<ul>\n<li><span style=\"font-family: book antiqua, palatino, serif; font-size: 14pt;\">obrazec <a href=\"http:\/\/www.hvu.si\/izobrazevalni-center\/wp-content\/uploads\/sites\/6\/2021\/01\/Vloga-za-pridobitev-NPK.doc\" target=\"_blank\" rel=\"noopener\"><strong>Vloga za pridobitev nacionalne poklicne kvalifikacije<\/strong><\/a>, ki je dostopen tudi na spletni strani : <a href=\"https:\/\/www.nrpslo.org\/za-izvajalce\/portfolijo-kandidata\">https:\/\/www.nrpslo.org\/za-izvajalce\/portfolijo-kandidata<\/a><\/span><span style=\"font-family: book antiqua, palatino, serif; font-size: 14pt;\">&nbsp; <em>Va&scaron;o vlogo bomo upo&scaron;tevali kot popolno, v kolikor boste vnesli vse zahtevane podatke. &Scaron;e posebej bodite pozorni na izpolnjevanje posebnih (vstopnih) pogojev, v kolikor so zahtevani za pridobitev va&scaron;ega NPK.<\/em><br \/><strong>V<\/strong><\/span><span style=\"font-family: book antiqua, palatino, serif; font-size: 14pt;\"><strong>logo je na &scaron;oli potrebno oddati vsaj en mesec pred datumom postopka preverjanja in potrjevanja NPK.<\/strong><\/span><\/li>\n<li><span style=\"font-family: book antiqua, palatino, serif; font-size: 14pt;\">dokazila o izpolnjevanju posebnih pogojev, ki so zapisani v Katalogu strokovnih znanj in spretnosti za posamezen NPK. <\/span><\/li>\n<\/ul>\n<p><span style=\"font-family: book antiqua, palatino, serif; font-size: 14pt;\">Posebni pogoji, ki jih mora izpolnjevati oseba, ki \u017eeli pridobiti poklicno kvalifikacijo:<\/span><\/p>\n<table style=\"height: 1441px; width: 890px;\" border=\"1\" cellspacing=\"0\" cellpadding=\"3\">\n<tbody>\n<tr>\n<td width=\"281\">\n<div><span style=\"font-family: book antiqua, palatino, serif; font-size: 14pt;\">Drevesni\u010dar trsni\u010dar\/drevesni\u010darka trsni\u010darka<\/span><\/div>\n<\/td>\n<td width=\"275\">\n<div>\n<ul>\n<li><span style=\"font-family: book antiqua, palatino, serif; font-size: 14pt;\">najmanj osnovno&scaron;olska izobrazba,<\/span><\/li>\n<li><span style=\"font-family: book antiqua, palatino, serif; font-size: 14pt;\">vozni&scaron;ki izpit F-kategorije,<\/span><\/li>\n<li><span style=\"font-family: book antiqua, palatino, serif; font-size: 14pt;\">potrdilo o pridobitvi znanj iz fitomedicine za izvajalca ukrepov varstva rastlin<\/span><\/li>\n<\/ul>\n<\/div>\n<\/td>\n<\/tr>\n<tr>\n<td width=\"281\">\n<div><span style=\"font-family: book antiqua, palatino, serif; font-size: 14pt;\">Oblikovalec\/oblikovalka cvetli\u010dnih vezav in dekoracij<\/span><\/div>\n<\/td>\n<td width=\"275\">\n<div><span style=\"font-family: book antiqua, palatino, serif; font-size: 14pt;\">&middot;&nbsp;&nbsp;&nbsp;&nbsp;&nbsp; najmanj osnovno&scaron;olska izobrazba<\/span><\/div>\n<\/td>\n<\/tr>\n<tr>\n<td width=\"281\">\n<div><span style=\"font-family: book antiqua, palatino, serif; font-size: 14pt;\">Oblikovalec\/oblikovalka prostora z rastlinami<\/span><\/div>\n<\/td>\n<td width=\"275\">\n<div><span style=\"font-family: book antiqua, palatino, serif; font-size: 14pt;\">&middot;&nbsp;&nbsp;&nbsp;&nbsp;&nbsp; najmanj osnovno&scaron;olska izobrazba<\/span><\/div>\n<\/td>\n<\/tr>\n<tr>\n<td width=\"281\">\n<div><span style=\"font-family: book antiqua, palatino, serif; font-size: 14pt;\">Parkovni vrtnar\/parkovna vrtnarica<\/span><\/div>\n<\/td>\n<td width=\"275\">\n<div>\n<ul>\n<li><span style=\"font-family: book antiqua, palatino, serif; font-size: 14pt;\">najmanj osnovno&scaron;olska izobrazba,<\/span><\/li>\n<li><span style=\"font-family: book antiqua, palatino, serif; font-size: 14pt;\">vozni&scaron;ki izpit F-kategorije,<\/span><\/li>\n<li><span style=\"font-family: book antiqua, palatino, serif; font-size: 14pt;\">potrdilo o pridobitvi znanj iz fitomedicine za izvajalca ukrepov varstva rastlin<\/span><\/li>\n<\/ul>\n<\/div>\n<\/td>\n<\/tr>\n<tr>\n<td width=\"281\">\n<div><span style=\"font-family: book antiqua, palatino, serif; font-size: 14pt;\">Upravljalec\/upravljalka kmetijskih in vrtnarskih strojev in naprav<\/span><\/div>\n<\/td>\n<td width=\"275\">\n<div>\n<ul>\n<li><span style=\"font-family: book antiqua, palatino, serif; font-size: 14pt;\">dokon\u010dana osnovna &scaron;ola<\/span><\/li>\n<li><span style=\"font-family: book antiqua, palatino, serif; font-size: 14pt;\">opravljen izpit F-kategorije<\/span><\/li>\n<\/ul>\n<\/div>\n<\/td>\n<\/tr>\n<tr>\n<td width=\"281\">\n<div><span style=\"font-family: book antiqua, palatino, serif; font-size: 14pt;\">Vzdr\u017eevalec\/vzdr\u017eevalka zelenih povr&scaron;in za &scaron;port in prosti \u010das<\/span><\/div>\n<\/td>\n<td width=\"275\">\n<div>\n<ul>\n<li><span style=\"font-family: book antiqua, palatino, serif; font-size: 14pt;\">najmanj osnovno&scaron;olska izobrazba<\/span><\/li>\n<li><span style=\"font-family: book antiqua, palatino, serif; font-size: 14pt;\">vozni&scaron;ki izpit F-kategorije,<\/span><\/li>\n<li><span style=\"font-family: book antiqua, palatino, serif; font-size: 14pt;\">potrdilo o pridobitvi znanj iz fitomedicine za izvajalca, ukrepov varstva rastlin<\/span><\/li>\n<\/ul>\n<\/div>\n<\/td>\n<\/tr>\n<tr>\n<td width=\"281\">\n<div><span style=\"font-family: book antiqua, palatino, serif; font-size: 14pt;\">Vrtnar pridelovalec\/vrtnarica pridelovalka<\/span><\/div>\n<\/td>\n<td width=\"275\">\n<div>\n<ul>\n<li><span style=\"font-family: book antiqua, palatino, serif; font-size: 14pt;\">najmanj osnovno&scaron;olska izobrazba,<\/span><\/li>\n<li><span style=\"font-family: book antiqua, palatino, serif; font-size: 14pt;\">vozni&scaron;ki izpit F-kategorije,<\/span><\/li>\n<li><span style=\"font-family: book antiqua, palatino, serif; font-size: 14pt;\">potrdilo o pridobitvi znanj iz fitomedicine za izvajalca ukrepov varstva rastlin<\/span><\/li>\n<\/ul>\n<\/div>\n<\/td>\n<\/tr>\n<tr>\n<td width=\"281\">\n<div><span style=\"font-family: book antiqua, palatino, serif; font-size: 14pt;\">Zelenjadar\/zelenjadarica<\/span><\/div>\n<\/td>\n<td width=\"275\">\n<div>\n<ul>\n<li><span style=\"font-family: book antiqua, palatino, serif; font-size: 14pt;\">kon\u010dana osnovna &scaron;ola,<\/span><\/li>\n<li><span style=\"font-family: book antiqua, palatino, serif; font-size: 14pt;\">opravljen vozni&scaron;ki izpit F-kategorije<\/span><\/li>\n<\/ul>\n<\/div>\n<\/td>\n<\/tr>\n<tr>\n<td width=\"281\">\n<div><span style=\"font-family: book antiqua, palatino, serif; font-size: 14pt;\">Zeli&scaron;\u010dar pridelovalec\/zeli&scaron;\u010darka pridelovalka<\/span><\/div>\n<\/td>\n<td width=\"275\">\n<ul>\n<li><span style=\"font-family: book antiqua, palatino, serif; font-size: 14pt;\">&middot;&nbsp;&nbsp;&nbsp;&nbsp; najmanj osnovno&scaron;olska izobrazba<\/span><\/li>\n<\/ul>\n<\/td>\n<\/tr>\n<\/tbody>\n<\/table>\n<p>2. Osebna zbirna mapa kandidata<\/p>\n<p><strong>Izdelano osebno zbirno mapo mora kandidat oddati vsaj 7 dni pred datumom postopka preverjanja in potrjevanja NPK, na katerega se je prijavil.<\/strong><\/p><\/div>\n            \n            \n            \n            \n        <\/div>\n\n    <\/li>\n        <li >\n\n    \n        <a href class=\"uk-accordion-title\">Usposabljanja za NPK<span uk-accordion-icon><\/span><\/a>\n\n        <div class=\"uk-accordion-content\">\n\n            \n            \n                        <h3 class=\"uk-h3 uk-margin-remove-top\">\n\n                                    Usposabljanja za NPK                \n            <\/h3>\n            \n                        <div class=\"uk-margin\"><p style=\"text-align: justify;\"><span style=\"font-family: book antiqua, palatino, serif; font-size: 14pt;\">Izvajamo usposabljanja za vse NPK, za katere smo vpisani v register izvajalcev postopkov preverjanja in potrjevanja NPK:<\/span><\/p>\n<ul style=\"text-align: justify;\">\n<li><span style=\"font-family: book antiqua, palatino, serif; font-size: 14pt;\">zelenjadar\/zelenjadarka,<\/span><\/li>\n<li><span style=\"font-family: book antiqua, palatino, serif; font-size: 14pt;\">upravljalec\/upravljalka kmetijskih in vrtnarskih strojev in naprav,<\/span><\/li>\n<li><span style=\"font-family: book antiqua, palatino, serif; font-size: 14pt;\">drevesni\u010dar trsni\u010dar\/drevesni\u010darka trsni\u010darka,<\/span><\/li>\n<li><span style=\"font-family: book antiqua, palatino, serif; font-size: 14pt;\">parkovni vrtnar\/parkovna vrtnarica,<\/span><\/li>\n<li><span style=\"font-family: book antiqua, palatino, serif; font-size: 14pt;\">vrtnar pridelovalec\/ vrtnarica pridelovalka,<\/span><\/li>\n<li><span style=\"font-family: book antiqua, palatino, serif; font-size: 14pt;\">oblikovalec\/oblikovalka cvetli\u010dnih vezav in dekoracij,<\/span><\/li>\n<li><span style=\"font-family: book antiqua, palatino, serif; font-size: 14pt;\">oblikovalec\/oblikovalka prostora z rastlinami,<\/span><\/li>\n<li><span style=\"font-family: book antiqua, palatino, serif; font-size: 14pt;\">vzdr\u017eevalec\/vzdr\u017eevalka zelenih povr&scaron;in za &scaron;port in&nbsp; prosti \u010das,<\/span><\/li>\n<li><span style=\"font-family: book antiqua, palatino, serif; font-size: 14pt;\">zeli&scaron;\u010dar pridelovalec\/zeli&scaron;\u010darka pridelovalka.<\/span><\/li>\n<\/ul>\n<p style=\"text-align: justify;\"><span style=\"font-family: book antiqua, palatino, serif; font-size: 14pt;\"><strong>Usposabljanje za NPK zeli&scaron;\u010dar pridelovalec\/zeli&scaron;\u010darka pridelovalka<\/strong><\/span><\/p>\n<p style=\"text-align: justify;\"><span style=\"font-family: book antiqua, palatino, serif; font-size: 14pt;\">Usposabljanje je namenjeno kandidatom, ki \u017eelijo pridobiti nova znanja in spretnosti na podro\u010dju pridelave, predelave in tr\u017eenja zeli&scaron;\u010d in tistim, ki \u017eelijo znanja in spretnosti na podro\u010dju zeli&scaron;\u010darstva &scaron;e nadgraditi.<\/span><\/p>\n<p style=\"text-align: justify;\"><span style=\"font-family: book antiqua, palatino, serif; font-size: 14pt;\"><strong>\u010cas usposabljanja:<\/strong><\/span><\/p>\n<ul style=\"text-align: justify;\">\n<li><span style=\"font-family: book antiqua, palatino, serif; font-size: 14pt;\">spomladi (marec, april, maj)<\/span><\/li>\n<li><span style=\"font-family: book antiqua, palatino, serif; font-size: 14pt;\">jeseni (september, oktober, november)<\/span><\/li>\n<\/ul>\n<p style=\"text-align: justify;\"><span style=\"font-family: book antiqua, palatino, serif; font-size: 14pt;\">Usposabljanje poteka med tednom v popoldanskem \u010dasu med 16.00 in 19.10.<\/span><\/p>\n<p style=\"text-align: justify;\"><span style=\"font-family: book antiqua, palatino, serif; font-size: 14pt;\"><strong>Vsebine usposabljanja:<\/strong><\/span><\/p>\n<ul style=\"text-align: justify;\">\n<li><span style=\"font-family: book antiqua, palatino, serif; font-size: 14pt;\">pridelovanje sadik zeli&scaron;\u010d in zeli&scaron;\u010d v zavarovanem prostoru<\/span><\/li>\n<li><span style=\"font-family: book antiqua, palatino, serif; font-size: 14pt;\">pridelovanje zeli&scaron;\u010d na prostem<\/span><\/li>\n<li><span style=\"font-family: book antiqua, palatino, serif; font-size: 14pt;\">spravilo zeli&scaron;\u010d<\/span><\/li>\n<li><span style=\"font-family: book antiqua, palatino, serif; font-size: 14pt;\">nabiranje zeli&scaron;\u010d v naravi<\/span><\/li>\n<li><span style=\"font-family: book antiqua, palatino, serif; font-size: 14pt;\">su&scaron;enje zeli&scaron;\u010d<\/span><\/li>\n<li><span style=\"font-family: book antiqua, palatino, serif; font-size: 14pt;\">izdelava tradicionalnih izdelkov iz zeli&scaron;\u010d<\/span><\/li>\n<li><span style=\"font-family: book antiqua, palatino, serif; font-size: 14pt;\">tr\u017eenje zeli&scaron;\u010d in izdelkov iz zeli&scaron;\u010d<\/span><\/li>\n<\/ul>\n<p style=\"text-align: justify;\"><span style=\"font-family: book antiqua, palatino, serif; font-size: 14pt;\">Vsebine usposabljanja so v skladu s Katalogom strokovnih znanj in spretnosti za NPK zeli&scaron;\u010dar pridelovalec\/zeli&scaron;\u010darka pridelovalka: <a href=\"http:\/\/www.nrpslo.org\/katalog.aspx\/24018801\">http:\/\/www.nrpslo.org\/katalog.aspx\/24018801<\/a> .<\/span><\/p><\/div>\n            \n            \n            \n            \n        <\/div>\n\n    <\/li>\n    \n<\/ul>\n<\/span><\/p>\n<p>&nbsp;<\/p>\n<p>&nbsp;<\/p>\n<p>&nbsp;<\/p>\n<p>&nbsp;<\/p>\n","protected":false},"excerpt":{"rendered":"<p>Erika KRAMAR\u0160EK, vodja erika.kramarsek@hvu.si Tel.: 03 4285911 &nbsp; &nbsp; &nbsp; &nbsp;<\/p>\n","protected":false},"author":1,"featured_media":0,"parent":0,"menu_order":0,"comment_status":"closed","ping_status":"closed","template":"","meta":{"footnotes":""},"class_list":["post-21","page","type-page","status-publish","hentry"],"_links":{"self":[{"href":"https:\/\/www.hvu.si\/izobrazevalni-center\/index.php?rest_route=\/wp\/v2\/pages\/21","targetHints":{"allow":["GET"]}}],"collection":[{"href":"https:\/\/www.hvu.si\/izobrazevalni-center\/index.php?rest_route=\/wp\/v2\/pages"}],"about":[{"href":"https:\/\/www.hvu.si\/izobrazevalni-center\/index.php?rest_route=\/wp\/v2\/types\/page"}],"author":[{"embeddable":true,"href":"https:\/\/www.hvu.si\/izobrazevalni-center\/index.php?rest_route=\/wp\/v2\/users\/1"}],"replies":[{"embeddable":true,"href":"https:\/\/www.hvu.si\/izobrazevalni-center\/index.php?rest_route=%2Fwp%2Fv2%2Fcomments&post=21"}],"version-history":[{"count":6,"href":"https:\/\/www.hvu.si\/izobrazevalni-center\/index.php?rest_route=\/wp\/v2\/pages\/21\/revisions"}],"predecessor-version":[{"id":464,"href":"https:\/\/www.hvu.si\/izobrazevalni-center\/index.php?rest_route=\/wp\/v2\/pages\/21\/revisions\/464"}],"wp:attachment":[{"href":"https:\/\/www.hvu.si\/izobrazevalni-center\/index.php?rest_route=%2Fwp%2Fv2%2Fmedia&parent=21"}],"curies":[{"name":"wp","href":"https:\/\/api.w.org\/{rel}","templated":true}]}}