{"id":1878,"date":"2024-11-21T14:55:02","date_gmt":"2024-11-21T13:55:02","guid":{"rendered":"https:\/\/www.hvu.si\/izobrazevalni-center\/?page_id=1878"},"modified":"2024-11-21T14:55:02","modified_gmt":"2024-11-21T13:55:02","slug":"zeliscna-mavrica","status":"publish","type":"page","link":"https:\/\/www.hvu.si\/izobrazevalni-center\/?page_id=1878","title":{"rendered":"Zeli\u0161\u010dna mavrica"},"content":{"rendered":"<p style=\"text-align: justify\"><span style=\"font-family: 'book antiqua', palatino, serif\">Seminar, z naslovom Zeli\u0161\u010dna mavrica, ki je potekal v okviru projekta Erasmus+ Inovativne metode pou\u010devanja, je ponudil udele\u017eencem pestro izbiro tem, kar simbolizira \u017ee sam naslov. Seminar je potekal od ponedeljka, 8. 10.2018 do sobote, 13.10.2018. Udele\u017eili so se ga dijaki in mentorji vseh partnerskih \u0161ol in tudi posamezniki nekaterih zainteresiranih \u0161ol, ki so vklju\u010dene v evropsko zvezo u\u010diteljev vrtnarskih \u0161ol. Tako je imel seminar tudi vseevropsko noto, saj so udele\u017eenci prihajali iz Avstrije, Belgije, Latvije, Nem\u010dije in Nizozemske. Seveda pa so bili v samo izvedbo seminarja aktivno vklju\u010deni tudi na\u0161i dijaki, ki so uspe\u0161no navezali stike z vrstniki in zatrli tan\u010dico strahu v sporazumevanju v tujem jeziku.<\/span><\/p>\n<p style=\"text-align: justify\"><span style=\"font-family: 'book antiqua', palatino, serif\">S seminarjem smo \u017eeleli poudariti razli\u010dne metode in na\u010dine pou\u010devanja pri spoznavanju uporabnosti zeli\u0161\u010d in u\u010denju jezikov. \u017de prvi dan, takoj po uvodnih nagovorih in predstavitvi na\u0161e \u0161ole ostalim udele\u017eencem, smo se posvetili prvi nalogi: spoznavanju zeli\u0161\u010d po tipu, okusu in vonju. Udele\u017eence smo naklju\u010dno razporedili v 3 ve\u010dje skupine, kjer so morali sodelovati pri prepoznavanju zeli\u0161\u010d in jih poimenovati z botani\u010dnimi imeni, kakor tudi v svojem jeziku.<\/span><\/p>\n<p style=\"text-align: justify\"><span style=\"font-family: 'book antiqua', palatino, serif\">V torek, 9.10.2018, je sledila delavnica oblikovanja zeli\u0161\u010dnega vrta z ra\u010dunalni\u0161kimi orodji. V popoldanskih urah smo dijake znova naklju\u010dno razdelili v manj\u0161e skupine, kjer je imel vlogo vodi\u010da dijak na\u0161e \u0161ole. Skupaj so raziskovali zgodovino mesta Celje, na koncu pa je sledil \u0161e obisk Pokrajinskega muzeja v Celju, kjer so si ogledali stalno razstavo Mesto pod mestom.<\/span><\/p>\n<p style=\"text-align: justify\"><span style=\"font-family: 'book antiqua', palatino, serif\">Sreda je bila namenjena celodnevni ekskurziji, kjer smo dopoldan namenili ogledu najstarej\u0161e lekarne pri nas, ki deluje pod okriljem menihov v Olimju. Ogledali smo si tudi njihov vrt zdravilnih in zeli\u0161\u010dnih rastlin ter v popoldanskih urah obiskali \u0161e zdravili\u0161\u010de Pod\u010detrtek.<\/span><\/p>\n<p style=\"text-align: justify\"><span style=\"font-family: 'book antiqua', palatino, serif\">V \u010detrtek, 11.10.2018, je potekala na \u0161oli delavnica o uporabnosti zeli\u0161\u010d v kulinariki in kozmetiki. Udele\u017eenci so pripravili malico, dekorirali prostor, izdelali vsak svojo kremo in pripravili \u010dajno me\u0161anico. Po kosilu smo si ogledali \u0161e ekolo\u0161ki \u00bbZeli\u0161\u010dni vrt Majnika\u00ab v \u017di\u010dah. Udele\u017eencem smo \u017eeleli pokazati, da je mogo\u010de uspeti tudi z manj\u0161o kmetijo, \u010de je le ideja dobra in ima dolo\u010deno zgodbo. Na kmetiji sta zaposleni mati in h\u010di\u00a0 in \u0161ele pred kratkim sta dokupili \u0161e 5 ha povr\u0161in; torej na skupno 6 ha pridelujeta zeli\u0161\u010da za razli\u010dne zeli\u0161\u010dne izdelke. Za zeli\u0161\u010dno sol sta letos prejeli tudi bronasto priznanje.<\/span><\/p>\n<p style=\"text-align: justify\"><span style=\"font-family: 'book antiqua', palatino, serif\">V petek dopoldan so udele\u017eenci spoznavali zeli\u0161\u010da v svetu teme, v svetu kot ga \u017eivijo slab\u0161e vide\u010di ali popolnoma slepi ljudje. Po tak\u0161ni izku\u0161nji je sledila delovna akcija, ko smo skupaj pripravili zeli\u0161\u010da na prezimovanje: zeli\u0161\u010da smo izkopali, porezali nadzemni del, dodali dobro preperel kompost, jih posadili na dolo\u010deno mesto in ustrezno ozna\u010dili.<\/span><\/p>\n<p style=\"text-align: justify\"><span style=\"font-family: 'book antiqua', palatino, serif\">Ves \u010das seminarja je posamezne utrinke iz delavnic ujela s 3D kamero ga. Veronika Cvetko, ki je nato novo tehnologijo predstavila tudi v petek ob zaklju\u010dni evalvaciji seminarja. Posnetki so dostopni na facebookovi strani na\u0161e \u0161ole.<\/span><\/p>\n<p style=\"text-align: justify\"><span style=\"font-family: 'book antiqua', palatino, serif\">Organizatorki seminarja in koordinatorici projekta se zahvaljujeva kolegicam za odli\u010dno izpeljane delavnice, poleg zgoraj omenjene se zahvaljujeva \u0161e Mojci Sodin, Katji Funtek in Barbari Pajk.<\/span><\/p>\n<p style=\"text-align: justify\"><span style=\"font-family: 'book antiqua', palatino, serif\">Organizacija in izvedba seminarja je bila zadnja aktivnost na\u0161e \u0161ole in zahteva veliko priprav ter predstavlja veliko odgovornost. Kot je ve\u010d barv v mavrici, toliko je tudi razli\u010dnih interesov in pri\u010dakovanj, tako med udele\u017eenci kot izvajalci. \u00a0Z razli\u010dnimi temami, razli\u010dnimi pristopi, smo odstirali skrivnosti zeli\u0161\u010d za uporabo v vsakdanjem \u017eivljenju. Seminar je potekal na pragu jeseni in ta nas je ves teden razvajala s prekrasnimi odtenki narave, o\u017earjene v soncu. V zeli\u0161\u010dno mavrico smo speli vseh 30 prijetnih spominov na skupno dru\u017eenje.<\/span><\/p>\n<p style=\"text-align: justify\">\n<p style=\"text-align: justify\"><span style=\"font-family: 'book antiqua', palatino, serif\">Koordinatorici projekta: Romana \u0160pes in Lidija Oblak<\/span><\/p>\n","protected":false},"excerpt":{"rendered":"<p>Seminar, z naslovom Zeli\u0161\u010dna mavrica, ki je potekal v okviru projekta Erasmus+ Inovativne metode pou\u010devanja, je ponudil udele\u017eencem pestro izbiro tem, kar simbolizira \u017ee sam naslov. Seminar je potekal od ponedeljka, 8. 10.2018 do sobote, 13.10.2018. Udele\u017eili so se ga dijaki in mentorji vseh partnerskih \u0161ol in tudi posamezniki nekaterih zainteresiranih \u0161ol, ki so vklju\u010dene [&hellip;]<\/p>\n","protected":false},"author":6,"featured_media":0,"parent":0,"menu_order":0,"comment_status":"closed","ping_status":"closed","template":"","meta":{"footnotes":""},"class_list":["post-1878","page","type-page","status-publish","hentry"],"_links":{"self":[{"href":"https:\/\/www.hvu.si\/izobrazevalni-center\/index.php?rest_route=\/wp\/v2\/pages\/1878","targetHints":{"allow":["GET"]}}],"collection":[{"href":"https:\/\/www.hvu.si\/izobrazevalni-center\/index.php?rest_route=\/wp\/v2\/pages"}],"about":[{"href":"https:\/\/www.hvu.si\/izobrazevalni-center\/index.php?rest_route=\/wp\/v2\/types\/page"}],"author":[{"embeddable":true,"href":"https:\/\/www.hvu.si\/izobrazevalni-center\/index.php?rest_route=\/wp\/v2\/users\/6"}],"replies":[{"embeddable":true,"href":"https:\/\/www.hvu.si\/izobrazevalni-center\/index.php?rest_route=%2Fwp%2Fv2%2Fcomments&post=1878"}],"version-history":[{"count":1,"href":"https:\/\/www.hvu.si\/izobrazevalni-center\/index.php?rest_route=\/wp\/v2\/pages\/1878\/revisions"}],"predecessor-version":[{"id":1879,"href":"https:\/\/www.hvu.si\/izobrazevalni-center\/index.php?rest_route=\/wp\/v2\/pages\/1878\/revisions\/1879"}],"wp:attachment":[{"href":"https:\/\/www.hvu.si\/izobrazevalni-center\/index.php?rest_route=%2Fwp%2Fv2%2Fmedia&parent=1878"}],"curies":[{"name":"wp","href":"https:\/\/api.w.org\/{rel}","templated":true}]}}